{"id":5508,"date":"2020-09-15T15:32:22","date_gmt":"2020-09-15T15:32:22","guid":{"rendered":"https:\/\/mup-stg.wd40.be\/product\/nettoyant-velo\/"},"modified":"2025-07-15T16:41:59","modified_gmt":"2025-07-15T14:41:59","slug":"nettoyant-velo","status":"publish","type":"product","link":"https:\/\/wd40.be\/fr\/produit\/nettoyant-velo\/","title":{"rendered":"WD-40 Specialist<sub class=\"registration-mark\">&reg;<\/sub> Nettoyant V\u00e9lo"},"content":{"rendered":"<p>Le Nettoyant WD-40 Specialist V\u00e9lo est un nettoyant polyvalent con\u00e7u pour \u00e9liminer boue, poussi\u00e8re, goudron, et autres salet\u00e9s tenaces de votre v\u00e9lo, le laissant propre et \u00e9tincelant. Sa formule est adapt\u00e9e pour \u00eatre utilis\u00e9e sans risque sur la fibre de carbone, le titane, l\u2019aluminium, l\u2019acier, le chrome, le caoutchouc, le plastique et les surfaces peintes.<\/p>\n<p><strong>Conseils d&#8217;utilisation :<\/strong><\/p>\n<p>Pour bien nettoyer votre v\u00e9lo et obtenir un r\u00e9sultat optimal, rincez-le d\u2019abord puis pulv\u00e9risez le Nettoyant WD-40 Specialist V\u00e9lo non dilu\u00e9. Frottez les r\u00e9sidus tenaces et la salet\u00e9 avec un chiffon propre ou une \u00e9ponge, puis rincez abondamment \u00e0 l\u2019eau claire. Ne laissez jamais ce produit s\u00e9cher sur la surface car il pourrait la tacher.<\/p>\n","protected":false},"excerpt":{"rendered":"<p>Nettoie le v\u00e9lo en int\u00e9gralit\u00e9 facilement et rapidement.<\/p>\n","protected":false},"featured_media":10098,"comment_status":"open","ping_status":"closed","template":"","product_category":[111],"product_tag":[],"class_list":["post-5508","product","type-product","status-publish","has-post-thumbnail","hentry","product_category-wd-40-specialist-velo"],"acf":[],"title_raw":"WD-40 Specialist Nettoyant V\u00e9lo","yoast_head":"<!-- This site is optimized with the Yoast SEO Premium plugin v27.3 (Yoast SEO v27.3) - https:\/\/yoast.com\/product\/yoast-seo-premium-wordpress\/ -->\n<title>WD-40 Specialist Nettoyant V\u00e9lo - WD-40 Belgi\u00eb<\/title>\n<meta name=\"description\" content=\"Le nettoyant pour v\u00e9lo WD-40 SPECIALIST s&#039;utilise imm\u00e9diatement et \u00e9limine la salet\u00e9, l&#039;huile et la suie tout en assurant une finition parfaite.\" \/>\n<meta name=\"robots\" content=\"index, follow, max-snippet:-1, max-image-preview:large, max-video-preview:-1\" \/>\n<link rel=\"canonical\" href=\"https:\/\/wd40.be\/fr\/produit\/nettoyant-velo\/\" \/>\n<meta property=\"og:locale\" content=\"fr_FR\" \/>\n<meta property=\"og:type\" content=\"article\" \/>\n<meta property=\"og:title\" content=\"WD-40 Specialist Nettoyant V\u00e9lo\" \/>\n<meta property=\"og:description\" content=\"Le nettoyant pour v\u00e9lo WD-40 SPECIALIST s&#039;utilise imm\u00e9diatement et \u00e9limine la salet\u00e9, l&#039;huile et la suie tout en assurant une finition parfaite.\" \/>\n<meta property=\"og:url\" content=\"https:\/\/wd40.be\/fr\/produit\/nettoyant-velo\/\" \/>\n<meta property=\"og:site_name\" content=\"WD-40 Belgi\u00eb\" \/>\n<meta property=\"article:modified_time\" content=\"2025-07-15T14:41:59+00:00\" \/>\n<meta property=\"og:image\" content=\"https:\/\/media.wd40.be\/app\/uploads\/2021\/03\/25165343\/Web_Size-WD-40-Specialist-Bike-Cleaner-500ml-1.jpeg\" \/>\n\t<meta property=\"og:image:width\" content=\"1000\" \/>\n\t<meta property=\"og:image:height\" content=\"1000\" \/>\n\t<meta property=\"og:image:type\" content=\"image\/jpeg\" \/>\n<meta name=\"twitter:card\" content=\"summary_large_image\" \/>\n<script type=\"application\/ld+json\" class=\"yoast-schema-graph\">{\"@context\":\"https:\\\/\\\/schema.org\",\"@graph\":[[],{\"@type\":\"ImageObject\",\"inLanguage\":\"fr-FR\",\"@id\":\"https:\\\/\\\/wd40.be\\\/fr\\\/produit\\\/nettoyant-velo\\\/#primaryimage\",\"url\":\"https:\\\/\\\/media.wd40.be\\\/app\\\/uploads\\\/2021\\\/03\\\/25165343\\\/Web_Size-WD-40-Specialist-Bike-Cleaner-500ml-1.jpeg\",\"contentUrl\":\"https:\\\/\\\/media.wd40.be\\\/app\\\/uploads\\\/2021\\\/03\\\/25165343\\\/Web_Size-WD-40-Specialist-Bike-Cleaner-500ml-1.jpeg\",\"width\":1000,\"height\":1000},{\"@type\":\"BreadcrumbList\",\"@id\":\"https:\\\/\\\/wd40.be\\\/fr\\\/produit\\\/nettoyant-velo\\\/#breadcrumb\",\"itemListElement\":[{\"@type\":\"ListItem\",\"position\":1,\"name\":\"Home\",\"item\":\"https:\\\/\\\/wd40.be\\\/fr\\\/\"},{\"@type\":\"ListItem\",\"position\":2,\"name\":\"Produits\",\"item\":\"https:\\\/\\\/wd40.be\\\/fr\\\/produit\\\/\"},{\"@type\":\"ListItem\",\"position\":3,\"name\":\"WD-40 SPECIALIST V\u00c9LO\",\"item\":\"https:\\\/\\\/wd40.be\\\/fr\\\/produits\\\/wd-40-specialist-velo\\\/\"},{\"@type\":\"ListItem\",\"position\":4,\"name\":\"WD-40 Specialist Nettoyant V\u00e9lo\"}]},{\"@type\":\"WebSite\",\"@id\":\"https:\\\/\\\/wd40.be\\\/fr\\\/#website\",\"url\":\"https:\\\/\\\/wd40.be\\\/fr\\\/\",\"name\":\"WD-40 Belgi\u00eb\",\"description\":\"WD-40 BE\",\"publisher\":{\"@id\":\"https:\\\/\\\/wd40.be\\\/fr\\\/#organization\"},\"potentialAction\":[{\"@type\":\"SearchAction\",\"target\":{\"@type\":\"EntryPoint\",\"urlTemplate\":\"https:\\\/\\\/wd40.be\\\/fr\\\/?s={search_term_string}\"},\"query-input\":{\"@type\":\"PropertyValueSpecification\",\"valueRequired\":true,\"valueName\":\"search_term_string\"}}],\"inLanguage\":\"fr-FR\"},{\"@type\":\"Organization\",\"@id\":\"https:\\\/\\\/wd40.be\\\/fr\\\/#organization\",\"name\":\"WD-40 Belgi\u00eb\",\"url\":\"https:\\\/\\\/wd40.be\\\/fr\\\/\",\"logo\":{\"@type\":\"ImageObject\",\"inLanguage\":\"fr-FR\",\"@id\":\"https:\\\/\\\/wd40.be\\\/fr\\\/#\\\/schema\\\/logo\\\/image\\\/\",\"url\":\"https:\\\/\\\/media.wd40.be\\\/app\\\/uploads\\\/2021\\\/03\\\/27082226\\\/WD40_social_media_1024x1024-1.png\",\"contentUrl\":\"https:\\\/\\\/media.wd40.be\\\/app\\\/uploads\\\/2021\\\/03\\\/27082226\\\/WD40_social_media_1024x1024-1.png\",\"width\":1024,\"height\":1024,\"caption\":\"WD-40 Belgi\u00eb\"},\"image\":{\"@id\":\"https:\\\/\\\/wd40.be\\\/fr\\\/#\\\/schema\\\/logo\\\/image\\\/\"}}]}<\/script>\n<!-- \/ Yoast SEO Premium plugin. -->","yoast_head_json":{"title":"WD-40 Specialist Nettoyant V\u00e9lo - WD-40 Belgi\u00eb","description":"Le nettoyant pour v\u00e9lo WD-40 SPECIALIST s'utilise imm\u00e9diatement et \u00e9limine la salet\u00e9, l'huile et la suie tout en assurant une finition parfaite.","robots":{"index":"index","follow":"follow","max-snippet":"max-snippet:-1","max-image-preview":"max-image-preview:large","max-video-preview":"max-video-preview:-1"},"canonical":"https:\/\/wd40.be\/fr\/produit\/nettoyant-velo\/","og_locale":"fr_FR","og_type":"article","og_title":"WD-40 Specialist Nettoyant V\u00e9lo","og_description":"Le nettoyant pour v\u00e9lo WD-40 SPECIALIST s'utilise imm\u00e9diatement et \u00e9limine la salet\u00e9, l'huile et la suie tout en assurant une finition parfaite.","og_url":"https:\/\/wd40.be\/fr\/produit\/nettoyant-velo\/","og_site_name":"WD-40 Belgi\u00eb","article_modified_time":"2025-07-15T14:41:59+00:00","og_image":[{"width":1000,"height":1000,"url":"https:\/\/media.wd40.be\/app\/uploads\/2021\/03\/25165343\/Web_Size-WD-40-Specialist-Bike-Cleaner-500ml-1.jpeg","type":"image\/jpeg"}],"twitter_card":"summary_large_image","schema":{"@context":"https:\/\/schema.org","@graph":[[],{"@type":"ImageObject","inLanguage":"fr-FR","@id":"https:\/\/wd40.be\/fr\/produit\/nettoyant-velo\/#primaryimage","url":"https:\/\/media.wd40.be\/app\/uploads\/2021\/03\/25165343\/Web_Size-WD-40-Specialist-Bike-Cleaner-500ml-1.jpeg","contentUrl":"https:\/\/media.wd40.be\/app\/uploads\/2021\/03\/25165343\/Web_Size-WD-40-Specialist-Bike-Cleaner-500ml-1.jpeg","width":1000,"height":1000},{"@type":"BreadcrumbList","@id":"https:\/\/wd40.be\/fr\/produit\/nettoyant-velo\/#breadcrumb","itemListElement":[{"@type":"ListItem","position":1,"name":"Home","item":"https:\/\/wd40.be\/fr\/"},{"@type":"ListItem","position":2,"name":"Produits","item":"https:\/\/wd40.be\/fr\/produit\/"},{"@type":"ListItem","position":3,"name":"WD-40 SPECIALIST V\u00c9LO","item":"https:\/\/wd40.be\/fr\/produits\/wd-40-specialist-velo\/"},{"@type":"ListItem","position":4,"name":"WD-40 Specialist Nettoyant V\u00e9lo"}]},{"@type":"WebSite","@id":"https:\/\/wd40.be\/fr\/#website","url":"https:\/\/wd40.be\/fr\/","name":"WD-40 Belgi\u00eb","description":"WD-40 BE","publisher":{"@id":"https:\/\/wd40.be\/fr\/#organization"},"potentialAction":[{"@type":"SearchAction","target":{"@type":"EntryPoint","urlTemplate":"https:\/\/wd40.be\/fr\/?s={search_term_string}"},"query-input":{"@type":"PropertyValueSpecification","valueRequired":true,"valueName":"search_term_string"}}],"inLanguage":"fr-FR"},{"@type":"Organization","@id":"https:\/\/wd40.be\/fr\/#organization","name":"WD-40 Belgi\u00eb","url":"https:\/\/wd40.be\/fr\/","logo":{"@type":"ImageObject","inLanguage":"fr-FR","@id":"https:\/\/wd40.be\/fr\/#\/schema\/logo\/image\/","url":"https:\/\/media.wd40.be\/app\/uploads\/2021\/03\/27082226\/WD40_social_media_1024x1024-1.png","contentUrl":"https:\/\/media.wd40.be\/app\/uploads\/2021\/03\/27082226\/WD40_social_media_1024x1024-1.png","width":1024,"height":1024,"caption":"WD-40 Belgi\u00eb"},"image":{"@id":"https:\/\/wd40.be\/fr\/#\/schema\/logo\/image\/"}}]}},"yoast-key-phrase":"","yoast-key-phrase-score":"","yoast-readability":"90","_links":{"self":[{"href":"https:\/\/wd40.be\/fr\/wp-json\/wp\/v2\/product\/5508","targetHints":{"allow":["GET"]}}],"collection":[{"href":"https:\/\/wd40.be\/fr\/wp-json\/wp\/v2\/product"}],"about":[{"href":"https:\/\/wd40.be\/fr\/wp-json\/wp\/v2\/types\/product"}],"replies":[{"embeddable":true,"href":"https:\/\/wd40.be\/fr\/wp-json\/wp\/v2\/comments?post=5508"}],"version-history":[{"count":3,"href":"https:\/\/wd40.be\/fr\/wp-json\/wp\/v2\/product\/5508\/revisions"}],"predecessor-version":[{"id":19406,"href":"https:\/\/wd40.be\/fr\/wp-json\/wp\/v2\/product\/5508\/revisions\/19406"}],"wp:featuredmedia":[{"embeddable":true,"href":"https:\/\/wd40.be\/fr\/wp-json\/wp\/v2\/media\/10098"}],"wp:attachment":[{"href":"https:\/\/wd40.be\/fr\/wp-json\/wp\/v2\/media?parent=5508"}],"wp:term":[{"taxonomy":"product_category","embeddable":true,"href":"https:\/\/wd40.be\/fr\/wp-json\/wp\/v2\/product_category?post=5508"},{"taxonomy":"product_tag","embeddable":true,"href":"https:\/\/wd40.be\/fr\/wp-json\/wp\/v2\/product_tag?post=5508"}],"curies":[{"name":"wp","href":"https:\/\/api.w.org\/{rel}","templated":true}]}}