{"id":5487,"date":"2020-09-15T15:32:22","date_gmt":"2020-09-15T15:32:22","guid":{"rendered":"https:\/\/mup-stg.wd40.be\/product\/degraissant-velo\/"},"modified":"2025-01-08T16:49:29","modified_gmt":"2025-01-08T15:49:29","slug":"degraissant-velo","status":"publish","type":"product","link":"https:\/\/wd40.be\/fr\/produit\/degraissant-velo\/","title":{"rendered":"WD-40 Specialist<sub class=\"registration-mark\">&reg;<\/sub> D\u00e9graissant V\u00e9lo"},"content":{"rendered":"<p>Le D\u00e9graissant WD-40 SPECIALIST\u00ae V\u00c9LO s\u00e8che rapidement et est id\u00e9al pour \u00e9liminer la graisse, la salet\u00e9 et l\u2019huile de toutes les pi\u00e8ces mobiles de votre v\u00e9lo, y compris la cha\u00eene. Il aide \u00e0 prolonger la dur\u00e9e d\u2019utilisation de votre v\u00e9lo afin que vous passiez moins de temps \u00e0 r\u00e9parer, et plus de temps \u00e0 p\u00e9daler !<\/p>\n<p><strong>Conseils d&#8217;utilisation : <\/strong><\/p>\n<p>Pour d\u00e9graisser proprement votre v\u00e9lo, mettez-le sur un pied d\u2019atelier. Tenez-vous \u00e0 15-30 cm de la cha\u00eene et vaporisez le D\u00e9graissant WD-40 SPECIALIST\u00ae V\u00c9LO g\u00e9n\u00e9reusement sur son int\u00e9gralit\u00e9. Utilisez un chiffon pour essuyer les r\u00e9sidus de cambouis ou une brosse pour retirer les d\u00e9p\u00f4ts de salet\u00e9s, et r\u00e9p\u00e9tez l\u2019op\u00e9ration autant que n\u00e9cessaire. Lubrifiez votre cha\u00eene apr\u00e8s nettoyage. Utilisez toujours dans un endroit bien ventil\u00e9. Evitez d\u2019inhaler les vapeurs.<\/p>\n","protected":false},"excerpt":{"rendered":"<p>Nettoie et d\u00e9graisse la cha\u00eene de v\u00e9lo sans besoin de rincer.<\/p>\n","protected":false},"featured_media":10137,"comment_status":"open","ping_status":"closed","template":"","product_category":[111],"product_tag":[],"class_list":["post-5487","product","type-product","status-publish","has-post-thumbnail","hentry","product_category-wd-40-specialist-velo"],"acf":[],"title_raw":"WD-40 Specialist D\u00e9graissant V\u00e9lo","yoast_head":"<!-- This site is optimized with the Yoast SEO Premium plugin v27.3 (Yoast SEO v27.3) - https:\/\/yoast.com\/product\/yoast-seo-premium-wordpress\/ -->\n<title>WD-40 Specialist D\u00e9graissant V\u00e9lo - WD-40 Belgi\u00eb<\/title>\n<meta name=\"description\" content=\"Le D\u00e9graissant WD-40 SPECIALIST\u00ae V\u00c9LO \u00e9limine rapidement graisse et salet\u00e9, prolongeant la dur\u00e9e de vie de votre v\u00e9lo.\" \/>\n<meta name=\"robots\" content=\"index, follow, max-snippet:-1, max-image-preview:large, max-video-preview:-1\" \/>\n<link rel=\"canonical\" href=\"https:\/\/wd40.be\/fr\/produit\/degraissant-velo\/\" \/>\n<meta property=\"og:locale\" content=\"fr_FR\" \/>\n<meta property=\"og:type\" content=\"article\" \/>\n<meta property=\"og:title\" content=\"WD-40 Specialist D\u00e9graissant V\u00e9lo\" \/>\n<meta property=\"og:description\" content=\"Le D\u00e9graissant WD-40 SPECIALIST\u00ae V\u00c9LO \u00e9limine rapidement graisse et salet\u00e9, prolongeant la dur\u00e9e de vie de votre v\u00e9lo.\" \/>\n<meta property=\"og:url\" content=\"https:\/\/wd40.be\/fr\/produit\/degraissant-velo\/\" \/>\n<meta property=\"og:site_name\" content=\"WD-40 Belgi\u00eb\" \/>\n<meta property=\"article:modified_time\" content=\"2025-01-08T15:49:29+00:00\" \/>\n<meta property=\"og:image\" content=\"https:\/\/media.wd40.be\/app\/uploads\/2020\/09\/25171015\/WD-40-Specialist-Bike-Degreaser-500ml.png\" \/>\n\t<meta property=\"og:image:width\" content=\"2048\" \/>\n\t<meta property=\"og:image:height\" content=\"2048\" \/>\n\t<meta property=\"og:image:type\" content=\"image\/png\" \/>\n<meta name=\"twitter:card\" content=\"summary_large_image\" \/>\n<script type=\"application\/ld+json\" class=\"yoast-schema-graph\">{\"@context\":\"https:\\\/\\\/schema.org\",\"@graph\":[[],{\"@type\":\"ImageObject\",\"inLanguage\":\"fr-FR\",\"@id\":\"https:\\\/\\\/wd40.be\\\/fr\\\/produit\\\/degraissant-velo\\\/#primaryimage\",\"url\":\"https:\\\/\\\/media.wd40.be\\\/app\\\/uploads\\\/2020\\\/09\\\/25171015\\\/WD-40-Specialist-Bike-Degreaser-500ml.png\",\"contentUrl\":\"https:\\\/\\\/media.wd40.be\\\/app\\\/uploads\\\/2020\\\/09\\\/25171015\\\/WD-40-Specialist-Bike-Degreaser-500ml.png\",\"width\":2048,\"height\":2048,\"caption\":\"wd 40 specialist bike degreaser 500ml\"},{\"@type\":\"BreadcrumbList\",\"@id\":\"https:\\\/\\\/wd40.be\\\/fr\\\/produit\\\/degraissant-velo\\\/#breadcrumb\",\"itemListElement\":[{\"@type\":\"ListItem\",\"position\":1,\"name\":\"Home\",\"item\":\"https:\\\/\\\/wd40.be\\\/fr\\\/\"},{\"@type\":\"ListItem\",\"position\":2,\"name\":\"Produits\",\"item\":\"https:\\\/\\\/wd40.be\\\/fr\\\/produit\\\/\"},{\"@type\":\"ListItem\",\"position\":3,\"name\":\"WD-40 SPECIALIST V\u00c9LO\",\"item\":\"https:\\\/\\\/wd40.be\\\/fr\\\/produits\\\/wd-40-specialist-velo\\\/\"},{\"@type\":\"ListItem\",\"position\":4,\"name\":\"WD-40 Specialist&reg; D\u00e9graissant V\u00e9lo\"}]},{\"@type\":\"WebSite\",\"@id\":\"https:\\\/\\\/wd40.be\\\/fr\\\/#website\",\"url\":\"https:\\\/\\\/wd40.be\\\/fr\\\/\",\"name\":\"WD-40 Belgi\u00eb\",\"description\":\"WD-40 BE\",\"publisher\":{\"@id\":\"https:\\\/\\\/wd40.be\\\/fr\\\/#organization\"},\"potentialAction\":[{\"@type\":\"SearchAction\",\"target\":{\"@type\":\"EntryPoint\",\"urlTemplate\":\"https:\\\/\\\/wd40.be\\\/fr\\\/?s={search_term_string}\"},\"query-input\":{\"@type\":\"PropertyValueSpecification\",\"valueRequired\":true,\"valueName\":\"search_term_string\"}}],\"inLanguage\":\"fr-FR\"},{\"@type\":\"Organization\",\"@id\":\"https:\\\/\\\/wd40.be\\\/fr\\\/#organization\",\"name\":\"WD-40 Belgi\u00eb\",\"url\":\"https:\\\/\\\/wd40.be\\\/fr\\\/\",\"logo\":{\"@type\":\"ImageObject\",\"inLanguage\":\"fr-FR\",\"@id\":\"https:\\\/\\\/wd40.be\\\/fr\\\/#\\\/schema\\\/logo\\\/image\\\/\",\"url\":\"https:\\\/\\\/media.wd40.be\\\/app\\\/uploads\\\/2021\\\/03\\\/27082226\\\/WD40_social_media_1024x1024-1.png\",\"contentUrl\":\"https:\\\/\\\/media.wd40.be\\\/app\\\/uploads\\\/2021\\\/03\\\/27082226\\\/WD40_social_media_1024x1024-1.png\",\"width\":1024,\"height\":1024,\"caption\":\"WD-40 Belgi\u00eb\"},\"image\":{\"@id\":\"https:\\\/\\\/wd40.be\\\/fr\\\/#\\\/schema\\\/logo\\\/image\\\/\"}}]}<\/script>\n<!-- \/ Yoast SEO Premium plugin. -->","yoast_head_json":{"title":"WD-40 Specialist D\u00e9graissant V\u00e9lo - WD-40 Belgi\u00eb","description":"Le D\u00e9graissant WD-40 SPECIALIST\u00ae V\u00c9LO \u00e9limine rapidement graisse et salet\u00e9, prolongeant la dur\u00e9e de vie de votre v\u00e9lo.","robots":{"index":"index","follow":"follow","max-snippet":"max-snippet:-1","max-image-preview":"max-image-preview:large","max-video-preview":"max-video-preview:-1"},"canonical":"https:\/\/wd40.be\/fr\/produit\/degraissant-velo\/","og_locale":"fr_FR","og_type":"article","og_title":"WD-40 Specialist D\u00e9graissant V\u00e9lo","og_description":"Le D\u00e9graissant WD-40 SPECIALIST\u00ae V\u00c9LO \u00e9limine rapidement graisse et salet\u00e9, prolongeant la dur\u00e9e de vie de votre v\u00e9lo.","og_url":"https:\/\/wd40.be\/fr\/produit\/degraissant-velo\/","og_site_name":"WD-40 Belgi\u00eb","article_modified_time":"2025-01-08T15:49:29+00:00","og_image":[{"width":2048,"height":2048,"url":"https:\/\/media.wd40.be\/app\/uploads\/2020\/09\/25171015\/WD-40-Specialist-Bike-Degreaser-500ml.png","type":"image\/png"}],"twitter_card":"summary_large_image","schema":{"@context":"https:\/\/schema.org","@graph":[[],{"@type":"ImageObject","inLanguage":"fr-FR","@id":"https:\/\/wd40.be\/fr\/produit\/degraissant-velo\/#primaryimage","url":"https:\/\/media.wd40.be\/app\/uploads\/2020\/09\/25171015\/WD-40-Specialist-Bike-Degreaser-500ml.png","contentUrl":"https:\/\/media.wd40.be\/app\/uploads\/2020\/09\/25171015\/WD-40-Specialist-Bike-Degreaser-500ml.png","width":2048,"height":2048,"caption":"wd 40 specialist bike degreaser 500ml"},{"@type":"BreadcrumbList","@id":"https:\/\/wd40.be\/fr\/produit\/degraissant-velo\/#breadcrumb","itemListElement":[{"@type":"ListItem","position":1,"name":"Home","item":"https:\/\/wd40.be\/fr\/"},{"@type":"ListItem","position":2,"name":"Produits","item":"https:\/\/wd40.be\/fr\/produit\/"},{"@type":"ListItem","position":3,"name":"WD-40 SPECIALIST V\u00c9LO","item":"https:\/\/wd40.be\/fr\/produits\/wd-40-specialist-velo\/"},{"@type":"ListItem","position":4,"name":"WD-40 Specialist&reg; D\u00e9graissant V\u00e9lo"}]},{"@type":"WebSite","@id":"https:\/\/wd40.be\/fr\/#website","url":"https:\/\/wd40.be\/fr\/","name":"WD-40 Belgi\u00eb","description":"WD-40 BE","publisher":{"@id":"https:\/\/wd40.be\/fr\/#organization"},"potentialAction":[{"@type":"SearchAction","target":{"@type":"EntryPoint","urlTemplate":"https:\/\/wd40.be\/fr\/?s={search_term_string}"},"query-input":{"@type":"PropertyValueSpecification","valueRequired":true,"valueName":"search_term_string"}}],"inLanguage":"fr-FR"},{"@type":"Organization","@id":"https:\/\/wd40.be\/fr\/#organization","name":"WD-40 Belgi\u00eb","url":"https:\/\/wd40.be\/fr\/","logo":{"@type":"ImageObject","inLanguage":"fr-FR","@id":"https:\/\/wd40.be\/fr\/#\/schema\/logo\/image\/","url":"https:\/\/media.wd40.be\/app\/uploads\/2021\/03\/27082226\/WD40_social_media_1024x1024-1.png","contentUrl":"https:\/\/media.wd40.be\/app\/uploads\/2021\/03\/27082226\/WD40_social_media_1024x1024-1.png","width":1024,"height":1024,"caption":"WD-40 Belgi\u00eb"},"image":{"@id":"https:\/\/wd40.be\/fr\/#\/schema\/logo\/image\/"}}]}},"yoast-key-phrase":"","yoast-key-phrase-score":"","yoast-readability":"90","_links":{"self":[{"href":"https:\/\/wd40.be\/fr\/wp-json\/wp\/v2\/product\/5487","targetHints":{"allow":["GET"]}}],"collection":[{"href":"https:\/\/wd40.be\/fr\/wp-json\/wp\/v2\/product"}],"about":[{"href":"https:\/\/wd40.be\/fr\/wp-json\/wp\/v2\/types\/product"}],"replies":[{"embeddable":true,"href":"https:\/\/wd40.be\/fr\/wp-json\/wp\/v2\/comments?post=5487"}],"version-history":[{"count":2,"href":"https:\/\/wd40.be\/fr\/wp-json\/wp\/v2\/product\/5487\/revisions"}],"predecessor-version":[{"id":18880,"href":"https:\/\/wd40.be\/fr\/wp-json\/wp\/v2\/product\/5487\/revisions\/18880"}],"wp:featuredmedia":[{"embeddable":true,"href":"https:\/\/wd40.be\/fr\/wp-json\/wp\/v2\/media\/10137"}],"wp:attachment":[{"href":"https:\/\/wd40.be\/fr\/wp-json\/wp\/v2\/media?parent=5487"}],"wp:term":[{"taxonomy":"product_category","embeddable":true,"href":"https:\/\/wd40.be\/fr\/wp-json\/wp\/v2\/product_category?post=5487"},{"taxonomy":"product_tag","embeddable":true,"href":"https:\/\/wd40.be\/fr\/wp-json\/wp\/v2\/product_tag?post=5487"}],"curies":[{"name":"wp","href":"https:\/\/api.w.org\/{rel}","templated":true}]}}