{"id":5468,"date":"2020-09-15T15:32:22","date_gmt":"2020-09-15T15:32:22","guid":{"rendered":"https:\/\/mup-stg.wd40.be\/product\/lubrifiant-chaine-toutes-conditions-velo\/"},"modified":"2025-01-08T17:04:31","modified_gmt":"2025-01-08T16:04:31","slug":"lubrifiant-chaine-toutes-conditions-velo","status":"publish","type":"product","link":"https:\/\/wd40.be\/fr\/produit\/lubrifiant-chaine-toutes-conditions-velo\/","title":{"rendered":"WD-40 Specialist<sub class=\"registration-mark\">&reg;<\/sub> Lubrifiant Cha\u00eene V\u00e9lo"},"content":{"rendered":"<p>Le WD-40 Specialist\u00ae Lubrifiant Cha\u00eene V\u00e9lo est parfait pour ceux qui aiment \u00eatre dehors en toutes circonstances. Le PTFE haute qualit\u00e9 garantit une lubrification maximale et r\u00e9duit l\u2019usure. Il s\u2019introduit profond\u00e9ment dans les m\u00e9canismes et d\u00e9pose un rev\u00eatement longue dur\u00e9e qui prot\u00e8ge toutes les pi\u00e8ces mobiles de la corrosion. Ainsi, vous profitez davantage de vos sorties !<\/p>\n<p><strong>Conseils d&#8217;utilisation :<\/strong><\/p>\n<p>Pour un r\u00e9sultat optimal, nettoyez d\u2019abord votre cha\u00eene avec le D\u00e9graissant WD-40 SPECIALIST\u00ae V\u00c9LO afin d\u2019\u00e9liminer la salet\u00e9, l\u2019huile et le cambouis. Bien secouer le r\u00e9cipient avant utilisation. Prot\u00e9ger disques et plaquettes de frein de toutes projections. Gr\u00e2ce \u00e0 son tube pr\u00e9-ins\u00e9r\u00e9, appliquez pr\u00e9cis\u00e9ment sur toute la longueur \u00e0 l\u2019int\u00e9rieur de la cha\u00eene ou de l\u2019endroit souhait\u00e9 (distance d\u2019application de 5 \u00e0 10 cm). Utiliser la manivelle du p\u00e9dalier pour faire tourner la cha\u00eene pour permettre au produit de mieux p\u00e9n\u00e9trer, puis laisser s\u00e9cher.<\/p>\n","protected":false},"excerpt":{"rendered":"<p>Lubrifie la cha\u00eene de v\u00e9lo en toute conditions m\u00e9t\u00e9o.<\/p>\n","protected":false},"featured_media":10131,"comment_status":"open","ping_status":"closed","template":"","product_category":[111],"product_tag":[],"class_list":["post-5468","product","type-product","status-publish","has-post-thumbnail","hentry","product_category-wd-40-specialist-velo"],"acf":[],"title_raw":"WD-40 Specialist Lubrifiant Cha\u00eene V\u00e9lo","yoast_head":"<!-- This site is optimized with the Yoast SEO Premium plugin v27.6 (Yoast SEO v27.6) - https:\/\/yoast.com\/product\/yoast-seo-premium-wordpress\/ -->\n<title>WD-40 Specialist Lubrifiant Cha\u00eene V\u00e9lo - WD-40 Belgi\u00eb<\/title>\n<meta name=\"description\" content=\"Lubrifiant Cha\u00eene WD-40 SPECIALIST\u00ae V\u00c9LO: lubrification maximale, protection anticorrosion, sorties sans souci.\" \/>\n<meta name=\"robots\" content=\"index, follow, max-snippet:-1, max-image-preview:large, max-video-preview:-1\" \/>\n<link rel=\"canonical\" href=\"https:\/\/wd40.be\/fr\/produit\/lubrifiant-chaine-toutes-conditions-velo\/\" \/>\n<meta property=\"og:locale\" content=\"fr_FR\" \/>\n<meta property=\"og:type\" content=\"article\" \/>\n<meta property=\"og:title\" content=\"WD-40 Specialist Lubrifiant Cha\u00eene V\u00e9lo\" \/>\n<meta property=\"og:description\" content=\"Lubrifiant Cha\u00eene WD-40 SPECIALIST\u00ae V\u00c9LO: lubrification maximale, protection anticorrosion, sorties sans souci.\" \/>\n<meta property=\"og:url\" content=\"https:\/\/wd40.be\/fr\/produit\/lubrifiant-chaine-toutes-conditions-velo\/\" \/>\n<meta property=\"og:site_name\" content=\"WD-40 Belgi\u00eb\" \/>\n<meta property=\"article:modified_time\" content=\"2025-01-08T16:04:31+00:00\" \/>\n<meta property=\"og:image\" content=\"https:\/\/media.wd40.be\/app\/uploads\/2020\/09\/25170947\/WD-40-Specialist-Bike-Fietskettingspray-250ml.png\" \/>\n\t<meta property=\"og:image:width\" content=\"2048\" \/>\n\t<meta property=\"og:image:height\" content=\"2048\" \/>\n\t<meta property=\"og:image:type\" content=\"image\/png\" \/>\n<meta name=\"twitter:card\" content=\"summary_large_image\" \/>\n<script type=\"application\/ld+json\" class=\"yoast-schema-graph\">{\"@context\":\"https:\\\/\\\/schema.org\",\"@graph\":[[],{\"@type\":\"ImageObject\",\"inLanguage\":\"fr-FR\",\"@id\":\"https:\\\/\\\/wd40.be\\\/fr\\\/produit\\\/lubrifiant-chaine-toutes-conditions-velo\\\/#primaryimage\",\"url\":\"https:\\\/\\\/media.wd40.be\\\/app\\\/uploads\\\/2020\\\/09\\\/25170947\\\/WD-40-Specialist-Bike-Fietskettingspray-250ml.png\",\"contentUrl\":\"https:\\\/\\\/media.wd40.be\\\/app\\\/uploads\\\/2020\\\/09\\\/25170947\\\/WD-40-Specialist-Bike-Fietskettingspray-250ml.png\",\"width\":2048,\"height\":2048,\"caption\":\"wd 40 specialist bike fietskettingspray 250ml\"},{\"@type\":\"BreadcrumbList\",\"@id\":\"https:\\\/\\\/wd40.be\\\/fr\\\/produit\\\/lubrifiant-chaine-toutes-conditions-velo\\\/#breadcrumb\",\"itemListElement\":[{\"@type\":\"ListItem\",\"position\":1,\"name\":\"Home\",\"item\":\"https:\\\/\\\/wd40.be\\\/fr\\\/\"},{\"@type\":\"ListItem\",\"position\":2,\"name\":\"Produits\",\"item\":\"https:\\\/\\\/wd40.be\\\/fr\\\/produit\\\/\"},{\"@type\":\"ListItem\",\"position\":3,\"name\":\"WD-40 SPECIALIST V\u00c9LO\",\"item\":\"https:\\\/\\\/wd40.be\\\/fr\\\/produits\\\/wd-40-specialist-velo\\\/\"},{\"@type\":\"ListItem\",\"position\":4,\"name\":\"WD-40 Specialist&reg; Lubrifiant Cha\u00eene V\u00e9lo\"}]},{\"@type\":\"WebSite\",\"@id\":\"https:\\\/\\\/wd40.be\\\/fr\\\/#website\",\"url\":\"https:\\\/\\\/wd40.be\\\/fr\\\/\",\"name\":\"WD-40 Belgi\u00eb\",\"description\":\"WD-40 BE\",\"publisher\":{\"@id\":\"https:\\\/\\\/wd40.be\\\/fr\\\/#organization\"},\"potentialAction\":[{\"@type\":\"SearchAction\",\"target\":{\"@type\":\"EntryPoint\",\"urlTemplate\":\"https:\\\/\\\/wd40.be\\\/fr\\\/?s={search_term_string}\"},\"query-input\":{\"@type\":\"PropertyValueSpecification\",\"valueRequired\":true,\"valueName\":\"search_term_string\"}}],\"inLanguage\":\"fr-FR\"},{\"@type\":\"Organization\",\"@id\":\"https:\\\/\\\/wd40.be\\\/fr\\\/#organization\",\"name\":\"WD-40 Belgi\u00eb\",\"url\":\"https:\\\/\\\/wd40.be\\\/fr\\\/\",\"logo\":{\"@type\":\"ImageObject\",\"inLanguage\":\"fr-FR\",\"@id\":\"https:\\\/\\\/wd40.be\\\/fr\\\/#\\\/schema\\\/logo\\\/image\\\/\",\"url\":\"https:\\\/\\\/media.wd40.be\\\/app\\\/uploads\\\/2021\\\/03\\\/27082226\\\/WD40_social_media_1024x1024-1.png\",\"contentUrl\":\"https:\\\/\\\/media.wd40.be\\\/app\\\/uploads\\\/2021\\\/03\\\/27082226\\\/WD40_social_media_1024x1024-1.png\",\"width\":1024,\"height\":1024,\"caption\":\"WD-40 Belgi\u00eb\"},\"image\":{\"@id\":\"https:\\\/\\\/wd40.be\\\/fr\\\/#\\\/schema\\\/logo\\\/image\\\/\"}}]}<\/script>\n<!-- \/ Yoast SEO Premium plugin. -->","yoast_head_json":{"title":"WD-40 Specialist Lubrifiant Cha\u00eene V\u00e9lo - WD-40 Belgi\u00eb","description":"Lubrifiant Cha\u00eene WD-40 SPECIALIST\u00ae V\u00c9LO: lubrification maximale, protection anticorrosion, sorties sans souci.","robots":{"index":"index","follow":"follow","max-snippet":"max-snippet:-1","max-image-preview":"max-image-preview:large","max-video-preview":"max-video-preview:-1"},"canonical":"https:\/\/wd40.be\/fr\/produit\/lubrifiant-chaine-toutes-conditions-velo\/","og_locale":"fr_FR","og_type":"article","og_title":"WD-40 Specialist Lubrifiant Cha\u00eene V\u00e9lo","og_description":"Lubrifiant Cha\u00eene WD-40 SPECIALIST\u00ae V\u00c9LO: lubrification maximale, protection anticorrosion, sorties sans souci.","og_url":"https:\/\/wd40.be\/fr\/produit\/lubrifiant-chaine-toutes-conditions-velo\/","og_site_name":"WD-40 Belgi\u00eb","article_modified_time":"2025-01-08T16:04:31+00:00","og_image":[{"width":2048,"height":2048,"url":"https:\/\/media.wd40.be\/app\/uploads\/2020\/09\/25170947\/WD-40-Specialist-Bike-Fietskettingspray-250ml.png","type":"image\/png"}],"twitter_card":"summary_large_image","schema":{"@context":"https:\/\/schema.org","@graph":[[],{"@type":"ImageObject","inLanguage":"fr-FR","@id":"https:\/\/wd40.be\/fr\/produit\/lubrifiant-chaine-toutes-conditions-velo\/#primaryimage","url":"https:\/\/media.wd40.be\/app\/uploads\/2020\/09\/25170947\/WD-40-Specialist-Bike-Fietskettingspray-250ml.png","contentUrl":"https:\/\/media.wd40.be\/app\/uploads\/2020\/09\/25170947\/WD-40-Specialist-Bike-Fietskettingspray-250ml.png","width":2048,"height":2048,"caption":"wd 40 specialist bike fietskettingspray 250ml"},{"@type":"BreadcrumbList","@id":"https:\/\/wd40.be\/fr\/produit\/lubrifiant-chaine-toutes-conditions-velo\/#breadcrumb","itemListElement":[{"@type":"ListItem","position":1,"name":"Home","item":"https:\/\/wd40.be\/fr\/"},{"@type":"ListItem","position":2,"name":"Produits","item":"https:\/\/wd40.be\/fr\/produit\/"},{"@type":"ListItem","position":3,"name":"WD-40 SPECIALIST V\u00c9LO","item":"https:\/\/wd40.be\/fr\/produits\/wd-40-specialist-velo\/"},{"@type":"ListItem","position":4,"name":"WD-40 Specialist&reg; Lubrifiant Cha\u00eene V\u00e9lo"}]},{"@type":"WebSite","@id":"https:\/\/wd40.be\/fr\/#website","url":"https:\/\/wd40.be\/fr\/","name":"WD-40 Belgi\u00eb","description":"WD-40 BE","publisher":{"@id":"https:\/\/wd40.be\/fr\/#organization"},"potentialAction":[{"@type":"SearchAction","target":{"@type":"EntryPoint","urlTemplate":"https:\/\/wd40.be\/fr\/?s={search_term_string}"},"query-input":{"@type":"PropertyValueSpecification","valueRequired":true,"valueName":"search_term_string"}}],"inLanguage":"fr-FR"},{"@type":"Organization","@id":"https:\/\/wd40.be\/fr\/#organization","name":"WD-40 Belgi\u00eb","url":"https:\/\/wd40.be\/fr\/","logo":{"@type":"ImageObject","inLanguage":"fr-FR","@id":"https:\/\/wd40.be\/fr\/#\/schema\/logo\/image\/","url":"https:\/\/media.wd40.be\/app\/uploads\/2021\/03\/27082226\/WD40_social_media_1024x1024-1.png","contentUrl":"https:\/\/media.wd40.be\/app\/uploads\/2021\/03\/27082226\/WD40_social_media_1024x1024-1.png","width":1024,"height":1024,"caption":"WD-40 Belgi\u00eb"},"image":{"@id":"https:\/\/wd40.be\/fr\/#\/schema\/logo\/image\/"}}]}},"yoast-key-phrase":"WD-40 Specialist Lubrifiant Cha\u00eene V\u00e9lo","yoast-key-phrase-score":"48","yoast-readability":"90","_links":{"self":[{"href":"https:\/\/wd40.be\/fr\/wp-json\/wp\/v2\/product\/5468","targetHints":{"allow":["GET"]}}],"collection":[{"href":"https:\/\/wd40.be\/fr\/wp-json\/wp\/v2\/product"}],"about":[{"href":"https:\/\/wd40.be\/fr\/wp-json\/wp\/v2\/types\/product"}],"replies":[{"embeddable":true,"href":"https:\/\/wd40.be\/fr\/wp-json\/wp\/v2\/comments?post=5468"}],"version-history":[{"count":3,"href":"https:\/\/wd40.be\/fr\/wp-json\/wp\/v2\/product\/5468\/revisions"}],"predecessor-version":[{"id":18957,"href":"https:\/\/wd40.be\/fr\/wp-json\/wp\/v2\/product\/5468\/revisions\/18957"}],"wp:featuredmedia":[{"embeddable":true,"href":"https:\/\/wd40.be\/fr\/wp-json\/wp\/v2\/media\/10131"}],"wp:attachment":[{"href":"https:\/\/wd40.be\/fr\/wp-json\/wp\/v2\/media?parent=5468"}],"wp:term":[{"taxonomy":"product_category","embeddable":true,"href":"https:\/\/wd40.be\/fr\/wp-json\/wp\/v2\/product_category?post=5468"},{"taxonomy":"product_tag","embeddable":true,"href":"https:\/\/wd40.be\/fr\/wp-json\/wp\/v2\/product_tag?post=5468"}],"curies":[{"name":"wp","href":"https:\/\/api.w.org\/{rel}","templated":true}]}}