{"id":5267,"date":"2020-09-15T15:31:52","date_gmt":"2020-09-15T13:31:52","guid":{"rendered":"https:\/\/mup-stg.wd40.be\/product\/lubrifiant-serrures\/"},"modified":"2024-12-06T10:08:18","modified_gmt":"2024-12-06T09:08:18","slug":"lubrifiant-serrures","status":"publish","type":"product","link":"https:\/\/wd40.be\/fr\/produit\/lubrifiant-serrures\/","title":{"rendered":"WD-40 Specialist<sub class=\"registration-mark\">&reg;<\/sub> Lubrifiant Serrures"},"content":{"rendered":"<p>Le Lubrifiant Serrures WD-40 Specialist a \u00e9t\u00e9 sp\u00e9cialement d\u00e9velopp\u00e9 pour l\u2019entretien de tous types de cylindres. A l\u2019aide de sa formule sans graisse ni silicone, il p\u00e9n\u00e8tre par capillarit\u00e9 dans tous les micro-m\u00e9canismes des serrures sans les encrasser. Outre son pouvoir d\u00e9bloquant instantan\u00e9, il assure ainsi un fonctionnement pr\u00e9ventif des pi\u00e8ces mobiles et prot\u00e8ge durablement de la rouille, y compris en conditions ext\u00e9rieures.<\/p>\n<p>Son Spray Double Position permet une pulv\u00e9risation large lorsque le tube est abaiss\u00e9 et une application pr\u00e9cise lorsque le tube est relev\u00e9.<\/p>\n<p><strong>Conseils d&#8217;utilisation :<\/strong><\/p>\n<p>Bien agiter le produit. Saturer la zone \u00e0 traiter et laisser p\u00e9n\u00e9trer. Pour des applications pr\u00e9cises, utiliser le tube prolongateur.<\/p>\n","protected":false},"excerpt":{"rendered":"<p>A l\u2019aide de sa formule sans graisse ni silicone, il p\u00e9n\u00e8tre par capillarit\u00e9 dans tous les micro-m\u00e9canismes des serrures sans les encrasser. <\/p>\n","protected":false},"featured_media":15400,"comment_status":"open","ping_status":"closed","template":"","product_category":[112],"product_tag":[],"class_list":["post-5267","product","type-product","status-publish","has-post-thumbnail","hentry","product_category-wd-40-specialist-fr"],"acf":[],"title_raw":"WD-40 Specialist Lubrifiant Serrures","yoast_head":"<!-- This site is optimized with the Yoast SEO Premium plugin v27.3 (Yoast SEO v27.3) - https:\/\/yoast.com\/product\/yoast-seo-premium-wordpress\/ -->\n<title>WD-40 Specialist Lubrifiant Serrures | Tous types de cylindres<\/title>\n<meta name=\"description\" content=\"A l\u2019aide de sa formule sans graisse ni silicone, il p\u00e9n\u00e8tre par capillarit\u00e9 dans tous les micro-m\u00e9canismes des serrures sans les encrasser.\" \/>\n<meta name=\"robots\" content=\"index, follow, max-snippet:-1, max-image-preview:large, max-video-preview:-1\" \/>\n<link rel=\"canonical\" href=\"https:\/\/wd40.be\/fr\/produit\/lubrifiant-serrures\/\" \/>\n<meta property=\"og:locale\" content=\"fr_FR\" \/>\n<meta property=\"og:type\" content=\"article\" \/>\n<meta property=\"og:title\" content=\"WD-40 Specialist Lubrifiant Serrures\" \/>\n<meta property=\"og:description\" content=\"A l\u2019aide de sa formule sans graisse ni silicone, il p\u00e9n\u00e8tre par capillarit\u00e9 dans tous les micro-m\u00e9canismes des serrures sans les encrasser.\" \/>\n<meta property=\"og:url\" content=\"https:\/\/wd40.be\/fr\/produit\/lubrifiant-serrures\/\" \/>\n<meta property=\"og:site_name\" content=\"WD-40 Belgi\u00eb\" \/>\n<meta property=\"article:modified_time\" content=\"2024-12-06T09:08:18+00:00\" \/>\n<meta property=\"og:image\" content=\"https:\/\/media.wd40.be\/app\/uploads\/2022\/04\/13163046\/WD-40-Slotspray.png\" \/>\n\t<meta property=\"og:image:width\" content=\"1000\" \/>\n\t<meta property=\"og:image:height\" content=\"1000\" \/>\n\t<meta property=\"og:image:type\" content=\"image\/png\" \/>\n<meta name=\"twitter:card\" content=\"summary_large_image\" \/>\n<script type=\"application\/ld+json\" class=\"yoast-schema-graph\">{\"@context\":\"https:\\\/\\\/schema.org\",\"@graph\":[[],{\"@type\":\"ImageObject\",\"inLanguage\":\"fr-FR\",\"@id\":\"https:\\\/\\\/wd40.be\\\/fr\\\/produit\\\/lubrifiant-serrures\\\/#primaryimage\",\"url\":\"https:\\\/\\\/media.wd40.be\\\/app\\\/uploads\\\/2022\\\/04\\\/13163046\\\/WD-40-Slotspray.png\",\"contentUrl\":\"https:\\\/\\\/media.wd40.be\\\/app\\\/uploads\\\/2022\\\/04\\\/13163046\\\/WD-40-Slotspray.png\",\"width\":1000,\"height\":1000,\"caption\":\"BE_Slotspray\"},{\"@type\":\"BreadcrumbList\",\"@id\":\"https:\\\/\\\/wd40.be\\\/fr\\\/produit\\\/lubrifiant-serrures\\\/#breadcrumb\",\"itemListElement\":[{\"@type\":\"ListItem\",\"position\":1,\"name\":\"Home\",\"item\":\"https:\\\/\\\/wd40.be\\\/fr\\\/\"},{\"@type\":\"ListItem\",\"position\":2,\"name\":\"Produits\",\"item\":\"https:\\\/\\\/wd40.be\\\/fr\\\/produit\\\/\"},{\"@type\":\"ListItem\",\"position\":3,\"name\":\"WD-40 SPECIALIST\",\"item\":\"https:\\\/\\\/wd40.be\\\/fr\\\/produits\\\/wd-40-specialist-fr\\\/\"},{\"@type\":\"ListItem\",\"position\":4,\"name\":\"WD-40 Specialist&reg; Lubrifiant Serrures\"}]},{\"@type\":\"WebSite\",\"@id\":\"https:\\\/\\\/wd40.be\\\/fr\\\/#website\",\"url\":\"https:\\\/\\\/wd40.be\\\/fr\\\/\",\"name\":\"WD-40 Belgi\u00eb\",\"description\":\"WD-40 BE\",\"publisher\":{\"@id\":\"https:\\\/\\\/wd40.be\\\/fr\\\/#organization\"},\"potentialAction\":[{\"@type\":\"SearchAction\",\"target\":{\"@type\":\"EntryPoint\",\"urlTemplate\":\"https:\\\/\\\/wd40.be\\\/fr\\\/?s={search_term_string}\"},\"query-input\":{\"@type\":\"PropertyValueSpecification\",\"valueRequired\":true,\"valueName\":\"search_term_string\"}}],\"inLanguage\":\"fr-FR\"},{\"@type\":\"Organization\",\"@id\":\"https:\\\/\\\/wd40.be\\\/fr\\\/#organization\",\"name\":\"WD-40 Belgi\u00eb\",\"url\":\"https:\\\/\\\/wd40.be\\\/fr\\\/\",\"logo\":{\"@type\":\"ImageObject\",\"inLanguage\":\"fr-FR\",\"@id\":\"https:\\\/\\\/wd40.be\\\/fr\\\/#\\\/schema\\\/logo\\\/image\\\/\",\"url\":\"https:\\\/\\\/media.wd40.be\\\/app\\\/uploads\\\/2021\\\/03\\\/27082226\\\/WD40_social_media_1024x1024-1.png\",\"contentUrl\":\"https:\\\/\\\/media.wd40.be\\\/app\\\/uploads\\\/2021\\\/03\\\/27082226\\\/WD40_social_media_1024x1024-1.png\",\"width\":1024,\"height\":1024,\"caption\":\"WD-40 Belgi\u00eb\"},\"image\":{\"@id\":\"https:\\\/\\\/wd40.be\\\/fr\\\/#\\\/schema\\\/logo\\\/image\\\/\"}}]}<\/script>\n<!-- \/ Yoast SEO Premium plugin. -->","yoast_head_json":{"title":"WD-40 Specialist Lubrifiant Serrures | Tous types de cylindres","description":"A l\u2019aide de sa formule sans graisse ni silicone, il p\u00e9n\u00e8tre par capillarit\u00e9 dans tous les micro-m\u00e9canismes des serrures sans les encrasser.","robots":{"index":"index","follow":"follow","max-snippet":"max-snippet:-1","max-image-preview":"max-image-preview:large","max-video-preview":"max-video-preview:-1"},"canonical":"https:\/\/wd40.be\/fr\/produit\/lubrifiant-serrures\/","og_locale":"fr_FR","og_type":"article","og_title":"WD-40 Specialist Lubrifiant Serrures","og_description":"A l\u2019aide de sa formule sans graisse ni silicone, il p\u00e9n\u00e8tre par capillarit\u00e9 dans tous les micro-m\u00e9canismes des serrures sans les encrasser.","og_url":"https:\/\/wd40.be\/fr\/produit\/lubrifiant-serrures\/","og_site_name":"WD-40 Belgi\u00eb","article_modified_time":"2024-12-06T09:08:18+00:00","og_image":[{"width":1000,"height":1000,"url":"https:\/\/media.wd40.be\/app\/uploads\/2022\/04\/13163046\/WD-40-Slotspray.png","type":"image\/png"}],"twitter_card":"summary_large_image","schema":{"@context":"https:\/\/schema.org","@graph":[[],{"@type":"ImageObject","inLanguage":"fr-FR","@id":"https:\/\/wd40.be\/fr\/produit\/lubrifiant-serrures\/#primaryimage","url":"https:\/\/media.wd40.be\/app\/uploads\/2022\/04\/13163046\/WD-40-Slotspray.png","contentUrl":"https:\/\/media.wd40.be\/app\/uploads\/2022\/04\/13163046\/WD-40-Slotspray.png","width":1000,"height":1000,"caption":"BE_Slotspray"},{"@type":"BreadcrumbList","@id":"https:\/\/wd40.be\/fr\/produit\/lubrifiant-serrures\/#breadcrumb","itemListElement":[{"@type":"ListItem","position":1,"name":"Home","item":"https:\/\/wd40.be\/fr\/"},{"@type":"ListItem","position":2,"name":"Produits","item":"https:\/\/wd40.be\/fr\/produit\/"},{"@type":"ListItem","position":3,"name":"WD-40 SPECIALIST","item":"https:\/\/wd40.be\/fr\/produits\/wd-40-specialist-fr\/"},{"@type":"ListItem","position":4,"name":"WD-40 Specialist&reg; Lubrifiant Serrures"}]},{"@type":"WebSite","@id":"https:\/\/wd40.be\/fr\/#website","url":"https:\/\/wd40.be\/fr\/","name":"WD-40 Belgi\u00eb","description":"WD-40 BE","publisher":{"@id":"https:\/\/wd40.be\/fr\/#organization"},"potentialAction":[{"@type":"SearchAction","target":{"@type":"EntryPoint","urlTemplate":"https:\/\/wd40.be\/fr\/?s={search_term_string}"},"query-input":{"@type":"PropertyValueSpecification","valueRequired":true,"valueName":"search_term_string"}}],"inLanguage":"fr-FR"},{"@type":"Organization","@id":"https:\/\/wd40.be\/fr\/#organization","name":"WD-40 Belgi\u00eb","url":"https:\/\/wd40.be\/fr\/","logo":{"@type":"ImageObject","inLanguage":"fr-FR","@id":"https:\/\/wd40.be\/fr\/#\/schema\/logo\/image\/","url":"https:\/\/media.wd40.be\/app\/uploads\/2021\/03\/27082226\/WD40_social_media_1024x1024-1.png","contentUrl":"https:\/\/media.wd40.be\/app\/uploads\/2021\/03\/27082226\/WD40_social_media_1024x1024-1.png","width":1024,"height":1024,"caption":"WD-40 Belgi\u00eb"},"image":{"@id":"https:\/\/wd40.be\/fr\/#\/schema\/logo\/image\/"}}]}},"yoast-key-phrase":"WD-40 Specialist Lubrifiant Serrures","yoast-key-phrase-score":"59","yoast-readability":"90","_links":{"self":[{"href":"https:\/\/wd40.be\/fr\/wp-json\/wp\/v2\/product\/5267","targetHints":{"allow":["GET"]}}],"collection":[{"href":"https:\/\/wd40.be\/fr\/wp-json\/wp\/v2\/product"}],"about":[{"href":"https:\/\/wd40.be\/fr\/wp-json\/wp\/v2\/types\/product"}],"replies":[{"embeddable":true,"href":"https:\/\/wd40.be\/fr\/wp-json\/wp\/v2\/comments?post=5267"}],"version-history":[{"count":2,"href":"https:\/\/wd40.be\/fr\/wp-json\/wp\/v2\/product\/5267\/revisions"}],"predecessor-version":[{"id":18883,"href":"https:\/\/wd40.be\/fr\/wp-json\/wp\/v2\/product\/5267\/revisions\/18883"}],"wp:featuredmedia":[{"embeddable":true,"href":"https:\/\/wd40.be\/fr\/wp-json\/wp\/v2\/media\/15400"}],"wp:attachment":[{"href":"https:\/\/wd40.be\/fr\/wp-json\/wp\/v2\/media?parent=5267"}],"wp:term":[{"taxonomy":"product_category","embeddable":true,"href":"https:\/\/wd40.be\/fr\/wp-json\/wp\/v2\/product_category?post=5267"},{"taxonomy":"product_tag","embeddable":true,"href":"https:\/\/wd40.be\/fr\/wp-json\/wp\/v2\/product_tag?post=5267"}],"curies":[{"name":"wp","href":"https:\/\/api.w.org\/{rel}","templated":true}]}}