{"id":5248,"date":"2020-09-15T15:31:52","date_gmt":"2020-09-15T15:31:52","guid":{"rendered":"https:\/\/mup-stg.wd40.be\/product\/lubrifiant-sec-au-ptfe\/"},"modified":"2025-08-22T13:23:24","modified_gmt":"2025-08-22T11:23:24","slug":"lubrifiant-sec-au-ptfe","status":"publish","type":"product","link":"https:\/\/wd40.be\/fr\/produit\/lubrifiant-sec-au-ptfe\/","title":{"rendered":"WD-40 Specialist<sub class=\"registration-mark\">&reg;<\/sub> Lubrifiant Sec au PTFE"},"content":{"rendered":"<p>Le Lubrifiant Sec au PTFE WD-40 Specialist contient du Poly Tetra Fluor Ethyl\u00e8ne qui, en laissant un film sec sur le support, permet une lubrification am\u00e9lior\u00e9e sans attirer les poussi\u00e8res, salissures ou huiles. Il s\u00e8che rapidement et peut \u00e9galement \u00eatre utilis\u00e9 comme agent de d\u00e9moulage. Compatible avec tous les m\u00e9taux, plastiques et le verre, il est utilisable dans une large plage de temp\u00e9ratures (-45\u00b0C \u00e0 +260\u00b0C), et sa formule est certifi\u00e9e H2 par la NSF.<\/p>\n<p>Son Spray Double Position permet une pulv\u00e9risation large lorsque le tube est abaiss\u00e9 et une application pr\u00e9cise lorsque le tube est relev\u00e9.<\/p>\n<p><strong>Conseils d&#8217;utilisation :<\/strong><\/p>\n<p>Bien agiter le produit. Saturer la zone \u00e0 traiter et laisser p\u00e9n\u00e9trer. Pour des applications pr\u00e9cises, utiliser le tube prolongateur.<\/p>\n","protected":false},"excerpt":{"rendered":"<p>Lubrifie proprement en laissant un film sec sur le support.<\/p>\n","protected":false},"featured_media":15119,"comment_status":"open","ping_status":"closed","template":"","product_category":[112],"product_tag":[],"class_list":["post-5248","product","type-product","status-publish","has-post-thumbnail","hentry","product_category-wd-40-specialist-fr"],"acf":[],"title_raw":"WD-40 Specialist Lubrifiant Sec au PTFE","yoast_head":"<!-- This site is optimized with the Yoast SEO Premium plugin v27.6 (Yoast SEO v27.6) - https:\/\/yoast.com\/product\/yoast-seo-premium-wordpress\/ -->\n<title>WD-40 Specialist Lubrifiant Sec au PTFE - WD-40 Belgi\u00eb<\/title>\n<meta name=\"description\" content=\"Le Lubrifiant Sec au PTFE WD-40 Specialist contient du Poly Tetra Fluor Ethyl\u00e8ne qui, en laissant un film sec sur le support, permet une lubrification am\u00e9lior\u00e9e sans attirer les poussi\u00e8res, salissures ou huiles.\" \/>\n<meta name=\"robots\" content=\"index, follow, max-snippet:-1, max-image-preview:large, max-video-preview:-1\" \/>\n<link rel=\"canonical\" href=\"https:\/\/wd40.be\/fr\/produit\/lubrifiant-sec-au-ptfe\/\" \/>\n<meta property=\"og:locale\" content=\"fr_FR\" \/>\n<meta property=\"og:type\" content=\"article\" \/>\n<meta property=\"og:title\" content=\"WD-40 Specialist Lubrifiant Sec au PTFE\" \/>\n<meta property=\"og:description\" content=\"Le Lubrifiant Sec au PTFE WD-40 Specialist contient du Poly Tetra Fluor Ethyl\u00e8ne qui, en laissant un film sec sur le support, permet une lubrification am\u00e9lior\u00e9e sans attirer les poussi\u00e8res, salissures ou huiles.\" \/>\n<meta property=\"og:url\" content=\"https:\/\/wd40.be\/fr\/produit\/lubrifiant-sec-au-ptfe\/\" \/>\n<meta property=\"og:site_name\" content=\"WD-40 Belgi\u00eb\" \/>\n<meta property=\"article:modified_time\" content=\"2025-08-22T11:23:24+00:00\" \/>\n<meta property=\"og:image\" content=\"https:\/\/media.wd40.be\/app\/uploads\/2020\/09\/30110055\/WD-40_Droogsmeerspray.png\" \/>\n\t<meta property=\"og:image:width\" content=\"1000\" \/>\n\t<meta property=\"og:image:height\" content=\"1000\" \/>\n\t<meta property=\"og:image:type\" content=\"image\/png\" \/>\n<meta name=\"twitter:card\" content=\"summary_large_image\" \/>\n<script type=\"application\/ld+json\" class=\"yoast-schema-graph\">{\"@context\":\"https:\\\/\\\/schema.org\",\"@graph\":[[],{\"@type\":\"ImageObject\",\"inLanguage\":\"fr-FR\",\"@id\":\"https:\\\/\\\/wd40.be\\\/fr\\\/produit\\\/lubrifiant-sec-au-ptfe\\\/#primaryimage\",\"url\":\"https:\\\/\\\/media.wd40.be\\\/app\\\/uploads\\\/2020\\\/09\\\/30110055\\\/WD-40_Droogsmeerspray.png\",\"contentUrl\":\"https:\\\/\\\/media.wd40.be\\\/app\\\/uploads\\\/2020\\\/09\\\/30110055\\\/WD-40_Droogsmeerspray.png\",\"width\":1000,\"height\":1000,\"caption\":\"wd 40 droogsmeerspray\"},{\"@type\":\"BreadcrumbList\",\"@id\":\"https:\\\/\\\/wd40.be\\\/fr\\\/produit\\\/lubrifiant-sec-au-ptfe\\\/#breadcrumb\",\"itemListElement\":[{\"@type\":\"ListItem\",\"position\":1,\"name\":\"Home\",\"item\":\"https:\\\/\\\/wd40.be\\\/fr\\\/\"},{\"@type\":\"ListItem\",\"position\":2,\"name\":\"Produits\",\"item\":\"https:\\\/\\\/wd40.be\\\/fr\\\/produit\\\/\"},{\"@type\":\"ListItem\",\"position\":3,\"name\":\"WD-40 SPECIALIST\",\"item\":\"https:\\\/\\\/wd40.be\\\/fr\\\/produits\\\/wd-40-specialist-fr\\\/\"},{\"@type\":\"ListItem\",\"position\":4,\"name\":\"WD-40 Specialist Lubrifiant Sec au PTFE\"}]},{\"@type\":\"WebSite\",\"@id\":\"https:\\\/\\\/wd40.be\\\/fr\\\/#website\",\"url\":\"https:\\\/\\\/wd40.be\\\/fr\\\/\",\"name\":\"WD-40 Belgi\u00eb\",\"description\":\"WD-40 BE\",\"publisher\":{\"@id\":\"https:\\\/\\\/wd40.be\\\/fr\\\/#organization\"},\"potentialAction\":[{\"@type\":\"SearchAction\",\"target\":{\"@type\":\"EntryPoint\",\"urlTemplate\":\"https:\\\/\\\/wd40.be\\\/fr\\\/?s={search_term_string}\"},\"query-input\":{\"@type\":\"PropertyValueSpecification\",\"valueRequired\":true,\"valueName\":\"search_term_string\"}}],\"inLanguage\":\"fr-FR\"},{\"@type\":\"Organization\",\"@id\":\"https:\\\/\\\/wd40.be\\\/fr\\\/#organization\",\"name\":\"WD-40 Belgi\u00eb\",\"url\":\"https:\\\/\\\/wd40.be\\\/fr\\\/\",\"logo\":{\"@type\":\"ImageObject\",\"inLanguage\":\"fr-FR\",\"@id\":\"https:\\\/\\\/wd40.be\\\/fr\\\/#\\\/schema\\\/logo\\\/image\\\/\",\"url\":\"https:\\\/\\\/media.wd40.be\\\/app\\\/uploads\\\/2021\\\/03\\\/27082226\\\/WD40_social_media_1024x1024-1.png\",\"contentUrl\":\"https:\\\/\\\/media.wd40.be\\\/app\\\/uploads\\\/2021\\\/03\\\/27082226\\\/WD40_social_media_1024x1024-1.png\",\"width\":1024,\"height\":1024,\"caption\":\"WD-40 Belgi\u00eb\"},\"image\":{\"@id\":\"https:\\\/\\\/wd40.be\\\/fr\\\/#\\\/schema\\\/logo\\\/image\\\/\"}}]}<\/script>\n<!-- \/ Yoast SEO Premium plugin. -->","yoast_head_json":{"title":"WD-40 Specialist Lubrifiant Sec au PTFE - WD-40 Belgi\u00eb","description":"Le Lubrifiant Sec au PTFE WD-40 Specialist contient du Poly Tetra Fluor Ethyl\u00e8ne qui, en laissant un film sec sur le support, permet une lubrification am\u00e9lior\u00e9e sans attirer les poussi\u00e8res, salissures ou huiles.","robots":{"index":"index","follow":"follow","max-snippet":"max-snippet:-1","max-image-preview":"max-image-preview:large","max-video-preview":"max-video-preview:-1"},"canonical":"https:\/\/wd40.be\/fr\/produit\/lubrifiant-sec-au-ptfe\/","og_locale":"fr_FR","og_type":"article","og_title":"WD-40 Specialist Lubrifiant Sec au PTFE","og_description":"Le Lubrifiant Sec au PTFE WD-40 Specialist contient du Poly Tetra Fluor Ethyl\u00e8ne qui, en laissant un film sec sur le support, permet une lubrification am\u00e9lior\u00e9e sans attirer les poussi\u00e8res, salissures ou huiles.","og_url":"https:\/\/wd40.be\/fr\/produit\/lubrifiant-sec-au-ptfe\/","og_site_name":"WD-40 Belgi\u00eb","article_modified_time":"2025-08-22T11:23:24+00:00","og_image":[{"width":1000,"height":1000,"url":"https:\/\/media.wd40.be\/app\/uploads\/2020\/09\/30110055\/WD-40_Droogsmeerspray.png","type":"image\/png"}],"twitter_card":"summary_large_image","schema":{"@context":"https:\/\/schema.org","@graph":[[],{"@type":"ImageObject","inLanguage":"fr-FR","@id":"https:\/\/wd40.be\/fr\/produit\/lubrifiant-sec-au-ptfe\/#primaryimage","url":"https:\/\/media.wd40.be\/app\/uploads\/2020\/09\/30110055\/WD-40_Droogsmeerspray.png","contentUrl":"https:\/\/media.wd40.be\/app\/uploads\/2020\/09\/30110055\/WD-40_Droogsmeerspray.png","width":1000,"height":1000,"caption":"wd 40 droogsmeerspray"},{"@type":"BreadcrumbList","@id":"https:\/\/wd40.be\/fr\/produit\/lubrifiant-sec-au-ptfe\/#breadcrumb","itemListElement":[{"@type":"ListItem","position":1,"name":"Home","item":"https:\/\/wd40.be\/fr\/"},{"@type":"ListItem","position":2,"name":"Produits","item":"https:\/\/wd40.be\/fr\/produit\/"},{"@type":"ListItem","position":3,"name":"WD-40 SPECIALIST","item":"https:\/\/wd40.be\/fr\/produits\/wd-40-specialist-fr\/"},{"@type":"ListItem","position":4,"name":"WD-40 Specialist Lubrifiant Sec au PTFE"}]},{"@type":"WebSite","@id":"https:\/\/wd40.be\/fr\/#website","url":"https:\/\/wd40.be\/fr\/","name":"WD-40 Belgi\u00eb","description":"WD-40 BE","publisher":{"@id":"https:\/\/wd40.be\/fr\/#organization"},"potentialAction":[{"@type":"SearchAction","target":{"@type":"EntryPoint","urlTemplate":"https:\/\/wd40.be\/fr\/?s={search_term_string}"},"query-input":{"@type":"PropertyValueSpecification","valueRequired":true,"valueName":"search_term_string"}}],"inLanguage":"fr-FR"},{"@type":"Organization","@id":"https:\/\/wd40.be\/fr\/#organization","name":"WD-40 Belgi\u00eb","url":"https:\/\/wd40.be\/fr\/","logo":{"@type":"ImageObject","inLanguage":"fr-FR","@id":"https:\/\/wd40.be\/fr\/#\/schema\/logo\/image\/","url":"https:\/\/media.wd40.be\/app\/uploads\/2021\/03\/27082226\/WD40_social_media_1024x1024-1.png","contentUrl":"https:\/\/media.wd40.be\/app\/uploads\/2021\/03\/27082226\/WD40_social_media_1024x1024-1.png","width":1024,"height":1024,"caption":"WD-40 Belgi\u00eb"},"image":{"@id":"https:\/\/wd40.be\/fr\/#\/schema\/logo\/image\/"}}]}},"yoast-key-phrase":"WD-40 Specialist Lubrifiant Sec au PTFE","yoast-key-phrase-score":"64","yoast-readability":"90","_links":{"self":[{"href":"https:\/\/wd40.be\/fr\/wp-json\/wp\/v2\/product\/5248","targetHints":{"allow":["GET"]}}],"collection":[{"href":"https:\/\/wd40.be\/fr\/wp-json\/wp\/v2\/product"}],"about":[{"href":"https:\/\/wd40.be\/fr\/wp-json\/wp\/v2\/types\/product"}],"replies":[{"embeddable":true,"href":"https:\/\/wd40.be\/fr\/wp-json\/wp\/v2\/comments?post=5248"}],"version-history":[{"count":3,"href":"https:\/\/wd40.be\/fr\/wp-json\/wp\/v2\/product\/5248\/revisions"}],"predecessor-version":[{"id":19437,"href":"https:\/\/wd40.be\/fr\/wp-json\/wp\/v2\/product\/5248\/revisions\/19437"}],"wp:featuredmedia":[{"embeddable":true,"href":"https:\/\/wd40.be\/fr\/wp-json\/wp\/v2\/media\/15119"}],"wp:attachment":[{"href":"https:\/\/wd40.be\/fr\/wp-json\/wp\/v2\/media?parent=5248"}],"wp:term":[{"taxonomy":"product_category","embeddable":true,"href":"https:\/\/wd40.be\/fr\/wp-json\/wp\/v2\/product_category?post=5248"},{"taxonomy":"product_tag","embeddable":true,"href":"https:\/\/wd40.be\/fr\/wp-json\/wp\/v2\/product_tag?post=5248"}],"curies":[{"name":"wp","href":"https:\/\/api.w.org\/{rel}","templated":true}]}}