{"id":5229,"date":"2020-09-15T15:31:17","date_gmt":"2020-09-15T15:31:17","guid":{"rendered":"https:\/\/mup-stg.wd40.be\/product\/nettoyant-contacts\/"},"modified":"2025-08-04T15:51:19","modified_gmt":"2025-08-04T13:51:19","slug":"nettoyant-contacts","status":"publish","type":"product","link":"https:\/\/wd40.be\/fr\/produit\/nettoyant-contacts\/","title":{"rendered":"WD-40 Specialist<sub class=\"registration-mark\">&reg;<\/sub> Nettoyant Contacts"},"content":{"rendered":"<p>Le\u00a0 WD-40 Specialist Nettoyant Contacts dissout efficacement les huiles, d\u00e9p\u00f4ts gras, salissures, poussi\u00e8res, r\u00e9sidus de flux de soudure et la condensation sur les \u00e9quipements \u00e9lectriques ou \u00e9lectroniques, y compris le mat\u00e9riel d\u00e9licat. Sa formule non conductrice et \u00e0 \u00e9vaporation rapide ne laisse aucun r\u00e9sidu et est compatible avec tous les m\u00e9taux, plastiques et caoutchoucs.<\/p>\n<p>Son Spray Double Position permet une pulv\u00e9risation large lorsque le tube est abaiss\u00e9 et une application pr\u00e9cise lorsque le tube est relev\u00e9.<\/p>\n<p><strong>Comment utiliser le Nettoyant Contacts ? :<\/strong><\/p>\n<p>Mettre hors tension le mat\u00e9riel \u00e0 traiter. Bien agiter le produit. Saturer la zone \u00e0 traiter et laisser s\u00e9cher. Pour des applications pr\u00e9cises, utiliser le tube prolongateur.<\/p>\n","protected":false},"excerpt":{"rendered":"<p>Nettoie vos \u00e9quipements \u00e9lectriques et \u00e9lectroniques efficacement.<\/p>\n","protected":false},"featured_media":15136,"comment_status":"open","ping_status":"closed","template":"","product_category":[112],"product_tag":[],"class_list":["post-5229","product","type-product","status-publish","has-post-thumbnail","hentry","product_category-wd-40-specialist-fr"],"acf":[],"title_raw":"WD-40 Specialist Nettoyant Contacts","yoast_head":"<!-- This site is optimized with the Yoast SEO Premium plugin v27.6 (Yoast SEO v27.6) - https:\/\/yoast.com\/product\/yoast-seo-premium-wordpress\/ -->\n<title>WD-40 Specialist Nettoyant Contacts - WD-40 Belgi\u00eb<\/title>\n<meta name=\"description\" content=\"\u00c9limine huiles et salissures sur \u00e9quipements \u00e9lectriques. S\u00e9chage rapide sans r\u00e9sidu, pulv\u00e9risation large ou pr\u00e9cise\" \/>\n<meta name=\"robots\" content=\"index, follow, max-snippet:-1, max-image-preview:large, max-video-preview:-1\" \/>\n<link rel=\"canonical\" href=\"https:\/\/wd40.be\/fr\/produit\/nettoyant-contacts\/\" \/>\n<meta property=\"og:locale\" content=\"fr_FR\" \/>\n<meta property=\"og:type\" content=\"article\" \/>\n<meta property=\"og:title\" content=\"WD-40 Specialist Nettoyant Contacts\" \/>\n<meta property=\"og:description\" content=\"\u00c9limine huiles et salissures sur \u00e9quipements \u00e9lectriques. S\u00e9chage rapide sans r\u00e9sidu, pulv\u00e9risation large ou pr\u00e9cise\" \/>\n<meta property=\"og:url\" content=\"https:\/\/wd40.be\/fr\/produit\/nettoyant-contacts\/\" \/>\n<meta property=\"og:site_name\" content=\"WD-40 Belgi\u00eb\" \/>\n<meta property=\"article:modified_time\" content=\"2025-08-04T13:51:19+00:00\" \/>\n<meta property=\"og:image\" content=\"https:\/\/media.wd40.be\/app\/uploads\/2020\/09\/30110358\/WD-40-Contactspray-400ml.png\" \/>\n\t<meta property=\"og:image:width\" content=\"1000\" \/>\n\t<meta property=\"og:image:height\" content=\"1000\" \/>\n\t<meta property=\"og:image:type\" content=\"image\/png\" \/>\n<meta name=\"twitter:card\" content=\"summary_large_image\" \/>\n<script type=\"application\/ld+json\" class=\"yoast-schema-graph\">{\"@context\":\"https:\\\/\\\/schema.org\",\"@graph\":[[],{\"@type\":\"ImageObject\",\"inLanguage\":\"fr-FR\",\"@id\":\"https:\\\/\\\/wd40.be\\\/fr\\\/produit\\\/nettoyant-contacts\\\/#primaryimage\",\"url\":\"https:\\\/\\\/media.wd40.be\\\/app\\\/uploads\\\/2020\\\/09\\\/30110358\\\/WD-40-Contactspray-400ml.png\",\"contentUrl\":\"https:\\\/\\\/media.wd40.be\\\/app\\\/uploads\\\/2020\\\/09\\\/30110358\\\/WD-40-Contactspray-400ml.png\",\"width\":1000,\"height\":1000,\"caption\":\"wd 40 contactspray 400ml\"},{\"@type\":\"BreadcrumbList\",\"@id\":\"https:\\\/\\\/wd40.be\\\/fr\\\/produit\\\/nettoyant-contacts\\\/#breadcrumb\",\"itemListElement\":[{\"@type\":\"ListItem\",\"position\":1,\"name\":\"Home\",\"item\":\"https:\\\/\\\/wd40.be\\\/fr\\\/\"},{\"@type\":\"ListItem\",\"position\":2,\"name\":\"Produits\",\"item\":\"https:\\\/\\\/wd40.be\\\/fr\\\/produit\\\/\"},{\"@type\":\"ListItem\",\"position\":3,\"name\":\"WD-40 SPECIALIST\",\"item\":\"https:\\\/\\\/wd40.be\\\/fr\\\/produits\\\/wd-40-specialist-fr\\\/\"},{\"@type\":\"ListItem\",\"position\":4,\"name\":\"WD-40 Specialist Nettoyant Contacts\"}]},{\"@type\":\"WebSite\",\"@id\":\"https:\\\/\\\/wd40.be\\\/fr\\\/#website\",\"url\":\"https:\\\/\\\/wd40.be\\\/fr\\\/\",\"name\":\"WD-40 Belgi\u00eb\",\"description\":\"WD-40 BE\",\"publisher\":{\"@id\":\"https:\\\/\\\/wd40.be\\\/fr\\\/#organization\"},\"potentialAction\":[{\"@type\":\"SearchAction\",\"target\":{\"@type\":\"EntryPoint\",\"urlTemplate\":\"https:\\\/\\\/wd40.be\\\/fr\\\/?s={search_term_string}\"},\"query-input\":{\"@type\":\"PropertyValueSpecification\",\"valueRequired\":true,\"valueName\":\"search_term_string\"}}],\"inLanguage\":\"fr-FR\"},{\"@type\":\"Organization\",\"@id\":\"https:\\\/\\\/wd40.be\\\/fr\\\/#organization\",\"name\":\"WD-40 Belgi\u00eb\",\"url\":\"https:\\\/\\\/wd40.be\\\/fr\\\/\",\"logo\":{\"@type\":\"ImageObject\",\"inLanguage\":\"fr-FR\",\"@id\":\"https:\\\/\\\/wd40.be\\\/fr\\\/#\\\/schema\\\/logo\\\/image\\\/\",\"url\":\"https:\\\/\\\/media.wd40.be\\\/app\\\/uploads\\\/2021\\\/03\\\/27082226\\\/WD40_social_media_1024x1024-1.png\",\"contentUrl\":\"https:\\\/\\\/media.wd40.be\\\/app\\\/uploads\\\/2021\\\/03\\\/27082226\\\/WD40_social_media_1024x1024-1.png\",\"width\":1024,\"height\":1024,\"caption\":\"WD-40 Belgi\u00eb\"},\"image\":{\"@id\":\"https:\\\/\\\/wd40.be\\\/fr\\\/#\\\/schema\\\/logo\\\/image\\\/\"}}]}<\/script>\n<!-- \/ Yoast SEO Premium plugin. -->","yoast_head_json":{"title":"WD-40 Specialist Nettoyant Contacts - WD-40 Belgi\u00eb","description":"\u00c9limine huiles et salissures sur \u00e9quipements \u00e9lectriques. S\u00e9chage rapide sans r\u00e9sidu, pulv\u00e9risation large ou pr\u00e9cise","robots":{"index":"index","follow":"follow","max-snippet":"max-snippet:-1","max-image-preview":"max-image-preview:large","max-video-preview":"max-video-preview:-1"},"canonical":"https:\/\/wd40.be\/fr\/produit\/nettoyant-contacts\/","og_locale":"fr_FR","og_type":"article","og_title":"WD-40 Specialist Nettoyant Contacts","og_description":"\u00c9limine huiles et salissures sur \u00e9quipements \u00e9lectriques. S\u00e9chage rapide sans r\u00e9sidu, pulv\u00e9risation large ou pr\u00e9cise","og_url":"https:\/\/wd40.be\/fr\/produit\/nettoyant-contacts\/","og_site_name":"WD-40 Belgi\u00eb","article_modified_time":"2025-08-04T13:51:19+00:00","og_image":[{"width":1000,"height":1000,"url":"https:\/\/media.wd40.be\/app\/uploads\/2020\/09\/30110358\/WD-40-Contactspray-400ml.png","type":"image\/png"}],"twitter_card":"summary_large_image","schema":{"@context":"https:\/\/schema.org","@graph":[[],{"@type":"ImageObject","inLanguage":"fr-FR","@id":"https:\/\/wd40.be\/fr\/produit\/nettoyant-contacts\/#primaryimage","url":"https:\/\/media.wd40.be\/app\/uploads\/2020\/09\/30110358\/WD-40-Contactspray-400ml.png","contentUrl":"https:\/\/media.wd40.be\/app\/uploads\/2020\/09\/30110358\/WD-40-Contactspray-400ml.png","width":1000,"height":1000,"caption":"wd 40 contactspray 400ml"},{"@type":"BreadcrumbList","@id":"https:\/\/wd40.be\/fr\/produit\/nettoyant-contacts\/#breadcrumb","itemListElement":[{"@type":"ListItem","position":1,"name":"Home","item":"https:\/\/wd40.be\/fr\/"},{"@type":"ListItem","position":2,"name":"Produits","item":"https:\/\/wd40.be\/fr\/produit\/"},{"@type":"ListItem","position":3,"name":"WD-40 SPECIALIST","item":"https:\/\/wd40.be\/fr\/produits\/wd-40-specialist-fr\/"},{"@type":"ListItem","position":4,"name":"WD-40 Specialist Nettoyant Contacts"}]},{"@type":"WebSite","@id":"https:\/\/wd40.be\/fr\/#website","url":"https:\/\/wd40.be\/fr\/","name":"WD-40 Belgi\u00eb","description":"WD-40 BE","publisher":{"@id":"https:\/\/wd40.be\/fr\/#organization"},"potentialAction":[{"@type":"SearchAction","target":{"@type":"EntryPoint","urlTemplate":"https:\/\/wd40.be\/fr\/?s={search_term_string}"},"query-input":{"@type":"PropertyValueSpecification","valueRequired":true,"valueName":"search_term_string"}}],"inLanguage":"fr-FR"},{"@type":"Organization","@id":"https:\/\/wd40.be\/fr\/#organization","name":"WD-40 Belgi\u00eb","url":"https:\/\/wd40.be\/fr\/","logo":{"@type":"ImageObject","inLanguage":"fr-FR","@id":"https:\/\/wd40.be\/fr\/#\/schema\/logo\/image\/","url":"https:\/\/media.wd40.be\/app\/uploads\/2021\/03\/27082226\/WD40_social_media_1024x1024-1.png","contentUrl":"https:\/\/media.wd40.be\/app\/uploads\/2021\/03\/27082226\/WD40_social_media_1024x1024-1.png","width":1024,"height":1024,"caption":"WD-40 Belgi\u00eb"},"image":{"@id":"https:\/\/wd40.be\/fr\/#\/schema\/logo\/image\/"}}]}},"yoast-key-phrase":"Nettoyant Contacts","yoast-key-phrase-score":"65","yoast-readability":"90","_links":{"self":[{"href":"https:\/\/wd40.be\/fr\/wp-json\/wp\/v2\/product\/5229","targetHints":{"allow":["GET"]}}],"collection":[{"href":"https:\/\/wd40.be\/fr\/wp-json\/wp\/v2\/product"}],"about":[{"href":"https:\/\/wd40.be\/fr\/wp-json\/wp\/v2\/types\/product"}],"replies":[{"embeddable":true,"href":"https:\/\/wd40.be\/fr\/wp-json\/wp\/v2\/comments?post=5229"}],"version-history":[{"count":6,"href":"https:\/\/wd40.be\/fr\/wp-json\/wp\/v2\/product\/5229\/revisions"}],"predecessor-version":[{"id":19420,"href":"https:\/\/wd40.be\/fr\/wp-json\/wp\/v2\/product\/5229\/revisions\/19420"}],"wp:featuredmedia":[{"embeddable":true,"href":"https:\/\/wd40.be\/fr\/wp-json\/wp\/v2\/media\/15136"}],"wp:attachment":[{"href":"https:\/\/wd40.be\/fr\/wp-json\/wp\/v2\/media?parent=5229"}],"wp:term":[{"taxonomy":"product_category","embeddable":true,"href":"https:\/\/wd40.be\/fr\/wp-json\/wp\/v2\/product_category?post=5229"},{"taxonomy":"product_tag","embeddable":true,"href":"https:\/\/wd40.be\/fr\/wp-json\/wp\/v2\/product_tag?post=5229"}],"curies":[{"name":"wp","href":"https:\/\/api.w.org\/{rel}","templated":true}]}}