{"id":5161,"date":"2020-09-15T15:31:17","date_gmt":"2020-09-15T13:31:17","guid":{"rendered":"https:\/\/mup-stg.wd40.be\/product\/lubrifiant-au-silicone\/"},"modified":"2025-08-04T15:48:39","modified_gmt":"2025-08-04T13:48:39","slug":"lubrifiant-au-silicone","status":"publish","type":"product","link":"https:\/\/wd40.be\/fr\/produit\/lubrifiant-au-silicone\/","title":{"rendered":"WD-40 Specialist<sub class=\"registration-mark\">&reg;<\/sub> Lubrifiant au Silicone"},"content":{"rendered":"<p>Le Lubrifiant au Silicone WD-40 Specialist b\u00e9n\u00e9ficie d&#8217;une formule n&#8217;attirant par les salissures et dot\u00e9e d&#8217;excellentes propri\u00e9t\u00e9s lubrifiantes pour permettre le mouvement des pi\u00e8ces. Il assure \u00e0 la fois une isolation contre l&#8217;humidit\u00e9 et une protection anticorrosion apr\u00e8s un s\u00e9chage rapide. Sa formule est compatible sur tous les m\u00e9taux, plastiques, caoutchoucs et bois. Elle \u00e9vite les frictions et le grippage des pi\u00e8ces mobiles avec de hautes performances en cas de fortes pressions. Le Lubrifiant au Silicone WD-40 Specialist r\u00e9siste \u00e0 des temp\u00e9ratures pouvant aller jusqu&#8217;\u00e0 200\u00b0C.<\/p>\n<p>Son Spray Double Position permet une pulv\u00e9risation large lorsque le tube est abaiss\u00e9 et une application pr\u00e9cise lorsque le tube est relev\u00e9.<\/p>\n<p><strong>Conseils d&#8217;utilisation : <\/strong><\/p>\n<p>Bien agiter le produit. Saturer la zone \u00e0 traiter et laisser p\u00e9n\u00e9trer. Pour des applications pr\u00e9cises, utiliser le tube prolongateur.<\/p>\n","protected":false},"excerpt":{"rendered":"<p>Lubrifie sans attirer les poussi\u00e8res et prot\u00e8ge de l&#8217;humidit\u00e9.<\/p>\n","protected":false},"featured_media":15125,"comment_status":"open","ping_status":"closed","template":"","product_category":[112],"product_tag":[],"class_list":["post-5161","product","type-product","status-publish","has-post-thumbnail","hentry","product_category-wd-40-specialist-fr"],"acf":[],"title_raw":"WD-40 Specialist Lubrifiant au Silicone","yoast_head":"<!-- This site is optimized with the Yoast SEO Premium plugin v27.6 (Yoast SEO v27.6) - https:\/\/yoast.com\/product\/yoast-seo-premium-wordpress\/ -->\n<title>WD-40 Specialist Lubrifiant au Silicone - WD-40 Belgi\u00eb<\/title>\n<meta name=\"description\" content=\"Lubrifiant WD-40 Specialist : lubrification et protection jusqu\u2019\u00e0 200\u00b0C, compatible tous mat\u00e9riaux, pulv\u00e9risation pr\u00e9cise\" \/>\n<meta name=\"robots\" content=\"index, follow, max-snippet:-1, max-image-preview:large, max-video-preview:-1\" \/>\n<link rel=\"canonical\" href=\"https:\/\/wd40.be\/fr\/produit\/lubrifiant-au-silicone\/\" \/>\n<meta property=\"og:locale\" content=\"fr_FR\" \/>\n<meta property=\"og:type\" content=\"article\" \/>\n<meta property=\"og:title\" content=\"WD-40 Specialist Lubrifiant au Silicone\" \/>\n<meta property=\"og:description\" content=\"Lubrifiant WD-40 Specialist : lubrification et protection jusqu\u2019\u00e0 200\u00b0C, compatible tous mat\u00e9riaux, pulv\u00e9risation pr\u00e9cise\" \/>\n<meta property=\"og:url\" content=\"https:\/\/wd40.be\/fr\/produit\/lubrifiant-au-silicone\/\" \/>\n<meta property=\"og:site_name\" content=\"WD-40 Belgi\u00eb\" \/>\n<meta property=\"article:modified_time\" content=\"2025-08-04T13:48:39+00:00\" \/>\n<meta property=\"og:image\" content=\"https:\/\/media.wd40.be\/app\/uploads\/2020\/09\/30110211\/WD-40_Siliconespray-1.png\" \/>\n\t<meta property=\"og:image:width\" content=\"1000\" \/>\n\t<meta property=\"og:image:height\" content=\"1000\" \/>\n\t<meta property=\"og:image:type\" content=\"image\/png\" \/>\n<meta name=\"twitter:card\" content=\"summary_large_image\" \/>\n<script type=\"application\/ld+json\" class=\"yoast-schema-graph\">{\"@context\":\"https:\\\/\\\/schema.org\",\"@graph\":[[],{\"@type\":\"ImageObject\",\"inLanguage\":\"fr-FR\",\"@id\":\"https:\\\/\\\/wd40.be\\\/fr\\\/produit\\\/lubrifiant-au-silicone\\\/#primaryimage\",\"url\":\"https:\\\/\\\/media.wd40.be\\\/app\\\/uploads\\\/2020\\\/09\\\/30110211\\\/WD-40_Siliconespray-1.png\",\"contentUrl\":\"https:\\\/\\\/media.wd40.be\\\/app\\\/uploads\\\/2020\\\/09\\\/30110211\\\/WD-40_Siliconespray-1.png\",\"width\":1000,\"height\":1000,\"caption\":\"wd 40 siliconespray\"},{\"@type\":\"BreadcrumbList\",\"@id\":\"https:\\\/\\\/wd40.be\\\/fr\\\/produit\\\/lubrifiant-au-silicone\\\/#breadcrumb\",\"itemListElement\":[{\"@type\":\"ListItem\",\"position\":1,\"name\":\"Home\",\"item\":\"https:\\\/\\\/wd40.be\\\/fr\\\/\"},{\"@type\":\"ListItem\",\"position\":2,\"name\":\"Produits\",\"item\":\"https:\\\/\\\/wd40.be\\\/fr\\\/produit\\\/\"},{\"@type\":\"ListItem\",\"position\":3,\"name\":\"WD-40 SPECIALIST\",\"item\":\"https:\\\/\\\/wd40.be\\\/fr\\\/produits\\\/wd-40-specialist-fr\\\/\"},{\"@type\":\"ListItem\",\"position\":4,\"name\":\"WD-40 Specialist Lubrifiant au Silicone\"}]},{\"@type\":\"WebSite\",\"@id\":\"https:\\\/\\\/wd40.be\\\/fr\\\/#website\",\"url\":\"https:\\\/\\\/wd40.be\\\/fr\\\/\",\"name\":\"WD-40 Belgi\u00eb\",\"description\":\"WD-40 BE\",\"publisher\":{\"@id\":\"https:\\\/\\\/wd40.be\\\/fr\\\/#organization\"},\"potentialAction\":[{\"@type\":\"SearchAction\",\"target\":{\"@type\":\"EntryPoint\",\"urlTemplate\":\"https:\\\/\\\/wd40.be\\\/fr\\\/?s={search_term_string}\"},\"query-input\":{\"@type\":\"PropertyValueSpecification\",\"valueRequired\":true,\"valueName\":\"search_term_string\"}}],\"inLanguage\":\"fr-FR\"},{\"@type\":\"Organization\",\"@id\":\"https:\\\/\\\/wd40.be\\\/fr\\\/#organization\",\"name\":\"WD-40 Belgi\u00eb\",\"url\":\"https:\\\/\\\/wd40.be\\\/fr\\\/\",\"logo\":{\"@type\":\"ImageObject\",\"inLanguage\":\"fr-FR\",\"@id\":\"https:\\\/\\\/wd40.be\\\/fr\\\/#\\\/schema\\\/logo\\\/image\\\/\",\"url\":\"https:\\\/\\\/media.wd40.be\\\/app\\\/uploads\\\/2021\\\/03\\\/27082226\\\/WD40_social_media_1024x1024-1.png\",\"contentUrl\":\"https:\\\/\\\/media.wd40.be\\\/app\\\/uploads\\\/2021\\\/03\\\/27082226\\\/WD40_social_media_1024x1024-1.png\",\"width\":1024,\"height\":1024,\"caption\":\"WD-40 Belgi\u00eb\"},\"image\":{\"@id\":\"https:\\\/\\\/wd40.be\\\/fr\\\/#\\\/schema\\\/logo\\\/image\\\/\"}}]}<\/script>\n<!-- \/ Yoast SEO Premium plugin. -->","yoast_head_json":{"title":"WD-40 Specialist Lubrifiant au Silicone - WD-40 Belgi\u00eb","description":"Lubrifiant WD-40 Specialist : lubrification et protection jusqu\u2019\u00e0 200\u00b0C, compatible tous mat\u00e9riaux, pulv\u00e9risation pr\u00e9cise","robots":{"index":"index","follow":"follow","max-snippet":"max-snippet:-1","max-image-preview":"max-image-preview:large","max-video-preview":"max-video-preview:-1"},"canonical":"https:\/\/wd40.be\/fr\/produit\/lubrifiant-au-silicone\/","og_locale":"fr_FR","og_type":"article","og_title":"WD-40 Specialist Lubrifiant au Silicone","og_description":"Lubrifiant WD-40 Specialist : lubrification et protection jusqu\u2019\u00e0 200\u00b0C, compatible tous mat\u00e9riaux, pulv\u00e9risation pr\u00e9cise","og_url":"https:\/\/wd40.be\/fr\/produit\/lubrifiant-au-silicone\/","og_site_name":"WD-40 Belgi\u00eb","article_modified_time":"2025-08-04T13:48:39+00:00","og_image":[{"width":1000,"height":1000,"url":"https:\/\/media.wd40.be\/app\/uploads\/2020\/09\/30110211\/WD-40_Siliconespray-1.png","type":"image\/png"}],"twitter_card":"summary_large_image","schema":{"@context":"https:\/\/schema.org","@graph":[[],{"@type":"ImageObject","inLanguage":"fr-FR","@id":"https:\/\/wd40.be\/fr\/produit\/lubrifiant-au-silicone\/#primaryimage","url":"https:\/\/media.wd40.be\/app\/uploads\/2020\/09\/30110211\/WD-40_Siliconespray-1.png","contentUrl":"https:\/\/media.wd40.be\/app\/uploads\/2020\/09\/30110211\/WD-40_Siliconespray-1.png","width":1000,"height":1000,"caption":"wd 40 siliconespray"},{"@type":"BreadcrumbList","@id":"https:\/\/wd40.be\/fr\/produit\/lubrifiant-au-silicone\/#breadcrumb","itemListElement":[{"@type":"ListItem","position":1,"name":"Home","item":"https:\/\/wd40.be\/fr\/"},{"@type":"ListItem","position":2,"name":"Produits","item":"https:\/\/wd40.be\/fr\/produit\/"},{"@type":"ListItem","position":3,"name":"WD-40 SPECIALIST","item":"https:\/\/wd40.be\/fr\/produits\/wd-40-specialist-fr\/"},{"@type":"ListItem","position":4,"name":"WD-40 Specialist Lubrifiant au Silicone"}]},{"@type":"WebSite","@id":"https:\/\/wd40.be\/fr\/#website","url":"https:\/\/wd40.be\/fr\/","name":"WD-40 Belgi\u00eb","description":"WD-40 BE","publisher":{"@id":"https:\/\/wd40.be\/fr\/#organization"},"potentialAction":[{"@type":"SearchAction","target":{"@type":"EntryPoint","urlTemplate":"https:\/\/wd40.be\/fr\/?s={search_term_string}"},"query-input":{"@type":"PropertyValueSpecification","valueRequired":true,"valueName":"search_term_string"}}],"inLanguage":"fr-FR"},{"@type":"Organization","@id":"https:\/\/wd40.be\/fr\/#organization","name":"WD-40 Belgi\u00eb","url":"https:\/\/wd40.be\/fr\/","logo":{"@type":"ImageObject","inLanguage":"fr-FR","@id":"https:\/\/wd40.be\/fr\/#\/schema\/logo\/image\/","url":"https:\/\/media.wd40.be\/app\/uploads\/2021\/03\/27082226\/WD40_social_media_1024x1024-1.png","contentUrl":"https:\/\/media.wd40.be\/app\/uploads\/2021\/03\/27082226\/WD40_social_media_1024x1024-1.png","width":1024,"height":1024,"caption":"WD-40 Belgi\u00eb"},"image":{"@id":"https:\/\/wd40.be\/fr\/#\/schema\/logo\/image\/"}}]}},"yoast-key-phrase":"","yoast-key-phrase-score":"","yoast-readability":"90","_links":{"self":[{"href":"https:\/\/wd40.be\/fr\/wp-json\/wp\/v2\/product\/5161","targetHints":{"allow":["GET"]}}],"collection":[{"href":"https:\/\/wd40.be\/fr\/wp-json\/wp\/v2\/product"}],"about":[{"href":"https:\/\/wd40.be\/fr\/wp-json\/wp\/v2\/types\/product"}],"replies":[{"embeddable":true,"href":"https:\/\/wd40.be\/fr\/wp-json\/wp\/v2\/comments?post=5161"}],"version-history":[{"count":5,"href":"https:\/\/wd40.be\/fr\/wp-json\/wp\/v2\/product\/5161\/revisions"}],"predecessor-version":[{"id":19416,"href":"https:\/\/wd40.be\/fr\/wp-json\/wp\/v2\/product\/5161\/revisions\/19416"}],"wp:featuredmedia":[{"embeddable":true,"href":"https:\/\/wd40.be\/fr\/wp-json\/wp\/v2\/media\/15125"}],"wp:attachment":[{"href":"https:\/\/wd40.be\/fr\/wp-json\/wp\/v2\/media?parent=5161"}],"wp:term":[{"taxonomy":"product_category","embeddable":true,"href":"https:\/\/wd40.be\/fr\/wp-json\/wp\/v2\/product_category?post=5161"},{"taxonomy":"product_tag","embeddable":true,"href":"https:\/\/wd40.be\/fr\/wp-json\/wp\/v2\/product_tag?post=5161"}],"curies":[{"name":"wp","href":"https:\/\/api.w.org\/{rel}","templated":true}]}}