{"id":5142,"date":"2020-09-15T15:31:17","date_gmt":"2020-09-15T13:31:17","guid":{"rendered":"https:\/\/mup-stg.wd40.be\/product\/super-degrippant\/"},"modified":"2025-08-04T15:50:18","modified_gmt":"2025-08-04T13:50:18","slug":"super-degrippant","status":"publish","type":"product","link":"https:\/\/wd40.be\/fr\/produit\/super-degrippant\/","title":{"rendered":"WD-40 Specialist<sub class=\"registration-mark\">&reg;<\/sub> Super D\u00e9grippant"},"content":{"rendered":"<p>Le Super D\u00e9grippant WD-40 Specialist p\u00e9n\u00e8tre rapidement et lib\u00e8re les pi\u00e8ces avec une efficacit\u00e9 accrue. Gr\u00e2ce \u00e0 une tr\u00e8s faible tension superficielle, sa formule est adapt\u00e9e dans les cas difficiles, tels qu&#8217;une prise en masse par la rouille ou la corrosion. R\u00e9sistante \u00e0 l&#8217;eau, elle pr\u00e9vient la rouille et la corrosion et peut \u00eatre utilis\u00e9e sur tous les m\u00e9taux et la plupart des peintures de surface.<\/p>\n<p>Son Spray Double Position permet une pulv\u00e9risation large lorsque le tube est abaiss\u00e9 et une application pr\u00e9cise lorsque le tube est relev\u00e9.<\/p>\n<p><strong>Conseils d&#8217;utilisation : <\/strong><\/p>\n<p>Bien agiter le produit. Saturer la zone \u00e0 traiter et laisser p\u00e9n\u00e9trer. Pour des applications pr\u00e9cises, utiliser le tube prolongateur.<\/p>\n","protected":false},"excerpt":{"rendered":"<p>P\u00e9n\u00e8tre rapidement et lib\u00e8re les pi\u00e8ces avec une efficacit\u00e9 accrue.<\/p>\n","protected":false},"featured_media":15122,"comment_status":"open","ping_status":"closed","template":"","product_category":[112],"product_tag":[],"class_list":["post-5142","product","type-product","status-publish","has-post-thumbnail","hentry","product_category-wd-40-specialist-fr"],"acf":[],"title_raw":"WD-40 Specialist Super D\u00e9grippant","yoast_head":"<!-- This site is optimized with the Yoast SEO Premium plugin v27.6 (Yoast SEO v27.6) - https:\/\/yoast.com\/product\/yoast-seo-premium-wordpress\/ -->\n<title>WD-40 Specialist Super D\u00e9grippant - WD-40 Belgi\u00eb<\/title>\n<meta name=\"description\" content=\"Super D\u00e9grippant WD-40 Specialist: p\u00e9n\u00e8tre rapidement, lib\u00e8re les pi\u00e8ces bloqu\u00e9es, pr\u00e9vient la rouille. Utilisable sur m\u00e9taux et peintures.\" \/>\n<meta name=\"robots\" content=\"index, follow, max-snippet:-1, max-image-preview:large, max-video-preview:-1\" \/>\n<link rel=\"canonical\" href=\"https:\/\/wd40.be\/fr\/produit\/super-degrippant\/\" \/>\n<meta property=\"og:locale\" content=\"fr_FR\" \/>\n<meta property=\"og:type\" content=\"article\" \/>\n<meta property=\"og:title\" content=\"WD-40 Specialist Super D\u00e9grippant\" \/>\n<meta property=\"og:description\" content=\"Super D\u00e9grippant WD-40 Specialist: p\u00e9n\u00e8tre rapidement, lib\u00e8re les pi\u00e8ces bloqu\u00e9es, pr\u00e9vient la rouille. Utilisable sur m\u00e9taux et peintures.\" \/>\n<meta property=\"og:url\" content=\"https:\/\/wd40.be\/fr\/produit\/super-degrippant\/\" \/>\n<meta property=\"og:site_name\" content=\"WD-40 Belgi\u00eb\" \/>\n<meta property=\"article:modified_time\" content=\"2025-08-04T13:50:18+00:00\" \/>\n<meta property=\"og:image\" content=\"https:\/\/media.wd40.be\/app\/uploads\/2020\/09\/30110137\/WD-40-Specialist-Kruipolie.png\" \/>\n\t<meta property=\"og:image:width\" content=\"2000\" \/>\n\t<meta property=\"og:image:height\" content=\"2000\" \/>\n\t<meta property=\"og:image:type\" content=\"image\/png\" \/>\n<meta name=\"twitter:card\" content=\"summary_large_image\" \/>\n<script type=\"application\/ld+json\" class=\"yoast-schema-graph\">{\"@context\":\"https:\\\/\\\/schema.org\",\"@graph\":[[],{\"@type\":\"ImageObject\",\"inLanguage\":\"fr-FR\",\"@id\":\"https:\\\/\\\/wd40.be\\\/fr\\\/produit\\\/super-degrippant\\\/#primaryimage\",\"url\":\"https:\\\/\\\/media.wd40.be\\\/app\\\/uploads\\\/2020\\\/09\\\/30110137\\\/WD-40-Specialist-Kruipolie.png\",\"contentUrl\":\"https:\\\/\\\/media.wd40.be\\\/app\\\/uploads\\\/2020\\\/09\\\/30110137\\\/WD-40-Specialist-Kruipolie.png\",\"width\":2000,\"height\":2000,\"caption\":\"wd 40 specialist kruipolie\"},{\"@type\":\"BreadcrumbList\",\"@id\":\"https:\\\/\\\/wd40.be\\\/fr\\\/produit\\\/super-degrippant\\\/#breadcrumb\",\"itemListElement\":[{\"@type\":\"ListItem\",\"position\":1,\"name\":\"Home\",\"item\":\"https:\\\/\\\/wd40.be\\\/fr\\\/\"},{\"@type\":\"ListItem\",\"position\":2,\"name\":\"Produits\",\"item\":\"https:\\\/\\\/wd40.be\\\/fr\\\/produit\\\/\"},{\"@type\":\"ListItem\",\"position\":3,\"name\":\"WD-40 SPECIALIST\",\"item\":\"https:\\\/\\\/wd40.be\\\/fr\\\/produits\\\/wd-40-specialist-fr\\\/\"},{\"@type\":\"ListItem\",\"position\":4,\"name\":\"WD-40 Specialist Super D\u00e9grippant\"}]},{\"@type\":\"WebSite\",\"@id\":\"https:\\\/\\\/wd40.be\\\/fr\\\/#website\",\"url\":\"https:\\\/\\\/wd40.be\\\/fr\\\/\",\"name\":\"WD-40 Belgi\u00eb\",\"description\":\"WD-40 BE\",\"publisher\":{\"@id\":\"https:\\\/\\\/wd40.be\\\/fr\\\/#organization\"},\"potentialAction\":[{\"@type\":\"SearchAction\",\"target\":{\"@type\":\"EntryPoint\",\"urlTemplate\":\"https:\\\/\\\/wd40.be\\\/fr\\\/?s={search_term_string}\"},\"query-input\":{\"@type\":\"PropertyValueSpecification\",\"valueRequired\":true,\"valueName\":\"search_term_string\"}}],\"inLanguage\":\"fr-FR\"},{\"@type\":\"Organization\",\"@id\":\"https:\\\/\\\/wd40.be\\\/fr\\\/#organization\",\"name\":\"WD-40 Belgi\u00eb\",\"url\":\"https:\\\/\\\/wd40.be\\\/fr\\\/\",\"logo\":{\"@type\":\"ImageObject\",\"inLanguage\":\"fr-FR\",\"@id\":\"https:\\\/\\\/wd40.be\\\/fr\\\/#\\\/schema\\\/logo\\\/image\\\/\",\"url\":\"https:\\\/\\\/media.wd40.be\\\/app\\\/uploads\\\/2021\\\/03\\\/27082226\\\/WD40_social_media_1024x1024-1.png\",\"contentUrl\":\"https:\\\/\\\/media.wd40.be\\\/app\\\/uploads\\\/2021\\\/03\\\/27082226\\\/WD40_social_media_1024x1024-1.png\",\"width\":1024,\"height\":1024,\"caption\":\"WD-40 Belgi\u00eb\"},\"image\":{\"@id\":\"https:\\\/\\\/wd40.be\\\/fr\\\/#\\\/schema\\\/logo\\\/image\\\/\"}}]}<\/script>\n<!-- \/ Yoast SEO Premium plugin. -->","yoast_head_json":{"title":"WD-40 Specialist Super D\u00e9grippant - WD-40 Belgi\u00eb","description":"Super D\u00e9grippant WD-40 Specialist: p\u00e9n\u00e8tre rapidement, lib\u00e8re les pi\u00e8ces bloqu\u00e9es, pr\u00e9vient la rouille. Utilisable sur m\u00e9taux et peintures.","robots":{"index":"index","follow":"follow","max-snippet":"max-snippet:-1","max-image-preview":"max-image-preview:large","max-video-preview":"max-video-preview:-1"},"canonical":"https:\/\/wd40.be\/fr\/produit\/super-degrippant\/","og_locale":"fr_FR","og_type":"article","og_title":"WD-40 Specialist Super D\u00e9grippant","og_description":"Super D\u00e9grippant WD-40 Specialist: p\u00e9n\u00e8tre rapidement, lib\u00e8re les pi\u00e8ces bloqu\u00e9es, pr\u00e9vient la rouille. Utilisable sur m\u00e9taux et peintures.","og_url":"https:\/\/wd40.be\/fr\/produit\/super-degrippant\/","og_site_name":"WD-40 Belgi\u00eb","article_modified_time":"2025-08-04T13:50:18+00:00","og_image":[{"width":2000,"height":2000,"url":"https:\/\/media.wd40.be\/app\/uploads\/2020\/09\/30110137\/WD-40-Specialist-Kruipolie.png","type":"image\/png"}],"twitter_card":"summary_large_image","schema":{"@context":"https:\/\/schema.org","@graph":[[],{"@type":"ImageObject","inLanguage":"fr-FR","@id":"https:\/\/wd40.be\/fr\/produit\/super-degrippant\/#primaryimage","url":"https:\/\/media.wd40.be\/app\/uploads\/2020\/09\/30110137\/WD-40-Specialist-Kruipolie.png","contentUrl":"https:\/\/media.wd40.be\/app\/uploads\/2020\/09\/30110137\/WD-40-Specialist-Kruipolie.png","width":2000,"height":2000,"caption":"wd 40 specialist kruipolie"},{"@type":"BreadcrumbList","@id":"https:\/\/wd40.be\/fr\/produit\/super-degrippant\/#breadcrumb","itemListElement":[{"@type":"ListItem","position":1,"name":"Home","item":"https:\/\/wd40.be\/fr\/"},{"@type":"ListItem","position":2,"name":"Produits","item":"https:\/\/wd40.be\/fr\/produit\/"},{"@type":"ListItem","position":3,"name":"WD-40 SPECIALIST","item":"https:\/\/wd40.be\/fr\/produits\/wd-40-specialist-fr\/"},{"@type":"ListItem","position":4,"name":"WD-40 Specialist Super D\u00e9grippant"}]},{"@type":"WebSite","@id":"https:\/\/wd40.be\/fr\/#website","url":"https:\/\/wd40.be\/fr\/","name":"WD-40 Belgi\u00eb","description":"WD-40 BE","publisher":{"@id":"https:\/\/wd40.be\/fr\/#organization"},"potentialAction":[{"@type":"SearchAction","target":{"@type":"EntryPoint","urlTemplate":"https:\/\/wd40.be\/fr\/?s={search_term_string}"},"query-input":{"@type":"PropertyValueSpecification","valueRequired":true,"valueName":"search_term_string"}}],"inLanguage":"fr-FR"},{"@type":"Organization","@id":"https:\/\/wd40.be\/fr\/#organization","name":"WD-40 Belgi\u00eb","url":"https:\/\/wd40.be\/fr\/","logo":{"@type":"ImageObject","inLanguage":"fr-FR","@id":"https:\/\/wd40.be\/fr\/#\/schema\/logo\/image\/","url":"https:\/\/media.wd40.be\/app\/uploads\/2021\/03\/27082226\/WD40_social_media_1024x1024-1.png","contentUrl":"https:\/\/media.wd40.be\/app\/uploads\/2021\/03\/27082226\/WD40_social_media_1024x1024-1.png","width":1024,"height":1024,"caption":"WD-40 Belgi\u00eb"},"image":{"@id":"https:\/\/wd40.be\/fr\/#\/schema\/logo\/image\/"}}]}},"yoast-key-phrase":"","yoast-key-phrase-score":"","yoast-readability":"90","_links":{"self":[{"href":"https:\/\/wd40.be\/fr\/wp-json\/wp\/v2\/product\/5142","targetHints":{"allow":["GET"]}}],"collection":[{"href":"https:\/\/wd40.be\/fr\/wp-json\/wp\/v2\/product"}],"about":[{"href":"https:\/\/wd40.be\/fr\/wp-json\/wp\/v2\/types\/product"}],"replies":[{"embeddable":true,"href":"https:\/\/wd40.be\/fr\/wp-json\/wp\/v2\/comments?post=5142"}],"version-history":[{"count":3,"href":"https:\/\/wd40.be\/fr\/wp-json\/wp\/v2\/product\/5142\/revisions"}],"predecessor-version":[{"id":19418,"href":"https:\/\/wd40.be\/fr\/wp-json\/wp\/v2\/product\/5142\/revisions\/19418"}],"wp:featuredmedia":[{"embeddable":true,"href":"https:\/\/wd40.be\/fr\/wp-json\/wp\/v2\/media\/15122"}],"wp:attachment":[{"href":"https:\/\/wd40.be\/fr\/wp-json\/wp\/v2\/media?parent=5142"}],"wp:term":[{"taxonomy":"product_category","embeddable":true,"href":"https:\/\/wd40.be\/fr\/wp-json\/wp\/v2\/product_category?post=5142"},{"taxonomy":"product_tag","embeddable":true,"href":"https:\/\/wd40.be\/fr\/wp-json\/wp\/v2\/product_tag?post=5142"}],"curies":[{"name":"wp","href":"https:\/\/api.w.org\/{rel}","templated":true}]}}