{"id":5078,"date":"2020-09-15T15:31:17","date_gmt":"2020-09-15T13:31:17","guid":{"rendered":"https:\/\/mup-stg.wd40.be\/product\/produit-multifonction-spray-double-position\/"},"modified":"2025-01-09T15:16:39","modified_gmt":"2025-01-09T14:16:39","slug":"produit-multifonction-smart-straw","status":"publish","type":"product","link":"https:\/\/wd40.be\/fr\/produit\/produit-multifonction-smart-straw\/","title":{"rendered":"WD-40 Smart Straw<sub class=\"registration-mark\">&reg;<\/sub>"},"content":{"rendered":"<p>Le Produit Multifonction WD-40 :<\/p>\n<p><strong>Lubrifie<\/strong><br \/>\nUn des composants principaux est un lubrifiant actif et permanent qui permet de faciliter le mouvements des pi\u00e8ces mobiles tout en supprimant les grincements. De plus, sans silicone ni aucun additif attirant la poussi\u00e8re ou la salet\u00e9, il lubrifie proprement les pi\u00e8ces et m\u00e9canismes.<\/p>\n<p><strong>Chasse l&#8217;humidit\u00e9<\/strong><br \/>\nLe Produit Multifonction WD-40 permet d&#8217;\u00e9tablir une barri\u00e8re parfaite contre l\u2019humidit\u00e9 en s&#8217;infiltrant sous celle-ci pour la chasser. Non conducteur, il s\u00e8che et \u00e9limine rapidement les courts-circuits caus\u00e9s par l&#8217;humidit\u00e9 et r\u00e9tablit ainsi les contacts \u00e9lectriques.<\/p>\n<p><strong>\u00c9limine les r\u00e9sidus<\/strong><br \/>\nIl s\u2019introduit sous la graisse, la crasse, l\u2019huile, le goudron et \u00e9limine ainsi facilement toutes traces de salet\u00e9, sans d\u00e9p\u00f4t d&#8217;agents corrosifs. Il peut \u00eatre utilis\u00e9 sur toutes les surfaces non poreuses et permet aussi de dissoudre les adh\u00e9sifs et ainsi de retirer facilement les \u00e9tiquettes, autocollants et rubans adh\u00e9sifs.<\/p>\n<p><strong>D\u00e9grippe<\/strong><br \/>\nIl desserre les pi\u00e8ces gripp\u00e9es et d\u00e9bloque les m\u00e9canismes rouill\u00e9s, coinc\u00e9s ou rouill\u00e9s. Son extr\u00eame fluidit\u00e9 lui permet de p\u00e9n\u00e9trer tr\u00e8s rapidement m\u00eame \u00e0 travers la rouille afin de lib\u00e9rer les pi\u00e8ces bloqu\u00e9es.<\/p>\n<p><strong>Prot\u00e8ge<\/strong><br \/>\nGr\u00e2ce \u00e0 sa formule r\u00e9sistante \u00e0 la corrosion, WD-40 forme un film protecteur contre l&#8217;eau et l&#8217;humidit\u00e9 et assure ainsi une protection durable contre la rouille et toute forme d&#8217;oxydation sur les surfaces m\u00e9talliques.<\/p>\n<p>Son Spray Double Position est id\u00e9al pour des applications pr\u00e9cises, tube relev\u00e9 ou des applications larges, tube abaiss\u00e9.<\/p>\n","protected":false},"excerpt":{"rendered":"<p>Lubrifie, d\u00e9grippe, chasse l&#8217;humidit\u00e9, prot\u00e8ge et \u00e9limine les r\u00e9sidus. Plus facile d&#8217;utilisation avec son Spray Double Position !<\/p>\n","protected":false},"featured_media":5668,"comment_status":"open","ping_status":"closed","template":"","product_category":[109],"product_tag":[],"class_list":["post-5078","product","type-product","status-publish","has-post-thumbnail","hentry","product_category-produit-multifonction-wd-40"],"acf":[],"title_raw":"WD-40 Smart Straw","yoast_head":"<!-- This site is optimized with the Yoast SEO Premium plugin v27.6 (Yoast SEO v27.6) - https:\/\/yoast.com\/product\/yoast-seo-premium-wordpress\/ -->\n<title>WD-40 Smart Straw - WD-40 Belgi\u00eb<\/title>\n<meta name=\"description\" content=\"Red\u00e9couvrez notre c\u00e9l\u00e8bre a\u00e9rosol jaune et bleu, le Produit Multifonction WD-40, avec son Spray Double Position, pour ne plus perdre le tube rouge !\" \/>\n<meta name=\"robots\" content=\"index, follow, max-snippet:-1, max-image-preview:large, max-video-preview:-1\" \/>\n<link rel=\"canonical\" href=\"https:\/\/wd40.be\/fr\/produit\/produit-multifonction-smart-straw\/\" \/>\n<meta property=\"og:locale\" content=\"fr_FR\" \/>\n<meta property=\"og:type\" content=\"article\" \/>\n<meta property=\"og:title\" content=\"WD-40 Smart Straw\" \/>\n<meta property=\"og:description\" content=\"Red\u00e9couvrez notre c\u00e9l\u00e8bre a\u00e9rosol jaune et bleu, le Produit Multifonction WD-40, avec son Spray Double Position, pour ne plus perdre le tube rouge !\" \/>\n<meta property=\"og:url\" content=\"https:\/\/wd40.be\/fr\/produit\/produit-multifonction-smart-straw\/\" \/>\n<meta property=\"og:site_name\" content=\"WD-40 Belgi\u00eb\" \/>\n<meta property=\"article:modified_time\" content=\"2025-01-09T14:16:39+00:00\" \/>\n<meta property=\"og:image\" content=\"https:\/\/media.wd40.be\/app\/uploads\/2021\/03\/27082519\/Multi-Use-Product-Smart-Straw-1000x1000-1.png\" \/>\n\t<meta property=\"og:image:width\" content=\"2083\" \/>\n\t<meta property=\"og:image:height\" content=\"2083\" \/>\n\t<meta property=\"og:image:type\" content=\"image\/png\" \/>\n<meta name=\"twitter:card\" content=\"summary_large_image\" \/>\n<script type=\"application\/ld+json\" class=\"yoast-schema-graph\">{\"@context\":\"https:\\\/\\\/schema.org\",\"@graph\":[[],{\"@type\":\"ImageObject\",\"inLanguage\":\"fr-FR\",\"@id\":\"https:\\\/\\\/wd40.be\\\/fr\\\/produit\\\/produit-multifonction-smart-straw\\\/#primaryimage\",\"url\":\"https:\\\/\\\/media.wd40.be\\\/app\\\/uploads\\\/2021\\\/03\\\/27082519\\\/Multi-Use-Product-Smart-Straw-1000x1000-1.png\",\"contentUrl\":\"https:\\\/\\\/media.wd40.be\\\/app\\\/uploads\\\/2021\\\/03\\\/27082519\\\/Multi-Use-Product-Smart-Straw-1000x1000-1.png\",\"width\":2083,\"height\":2083,\"caption\":\"Multi-Use-Product-Smart-Straw-1000x1000\"},{\"@type\":\"BreadcrumbList\",\"@id\":\"https:\\\/\\\/wd40.be\\\/fr\\\/produit\\\/produit-multifonction-smart-straw\\\/#breadcrumb\",\"itemListElement\":[{\"@type\":\"ListItem\",\"position\":1,\"name\":\"Home\",\"item\":\"https:\\\/\\\/wd40.be\\\/fr\\\/\"},{\"@type\":\"ListItem\",\"position\":2,\"name\":\"Produits\",\"item\":\"https:\\\/\\\/wd40.be\\\/fr\\\/produit\\\/\"},{\"@type\":\"ListItem\",\"position\":3,\"name\":\"PRODUIT MULTIFONCTION WD-40\",\"item\":\"https:\\\/\\\/wd40.be\\\/fr\\\/produits\\\/produit-multifonction-wd-40\\\/\"},{\"@type\":\"ListItem\",\"position\":4,\"name\":\"WD-40 Smart Straw&reg;\"}]},{\"@type\":\"WebSite\",\"@id\":\"https:\\\/\\\/wd40.be\\\/fr\\\/#website\",\"url\":\"https:\\\/\\\/wd40.be\\\/fr\\\/\",\"name\":\"WD-40 Belgi\u00eb\",\"description\":\"WD-40 BE\",\"publisher\":{\"@id\":\"https:\\\/\\\/wd40.be\\\/fr\\\/#organization\"},\"potentialAction\":[{\"@type\":\"SearchAction\",\"target\":{\"@type\":\"EntryPoint\",\"urlTemplate\":\"https:\\\/\\\/wd40.be\\\/fr\\\/?s={search_term_string}\"},\"query-input\":{\"@type\":\"PropertyValueSpecification\",\"valueRequired\":true,\"valueName\":\"search_term_string\"}}],\"inLanguage\":\"fr-FR\"},{\"@type\":\"Organization\",\"@id\":\"https:\\\/\\\/wd40.be\\\/fr\\\/#organization\",\"name\":\"WD-40 Belgi\u00eb\",\"url\":\"https:\\\/\\\/wd40.be\\\/fr\\\/\",\"logo\":{\"@type\":\"ImageObject\",\"inLanguage\":\"fr-FR\",\"@id\":\"https:\\\/\\\/wd40.be\\\/fr\\\/#\\\/schema\\\/logo\\\/image\\\/\",\"url\":\"https:\\\/\\\/media.wd40.be\\\/app\\\/uploads\\\/2021\\\/03\\\/27082226\\\/WD40_social_media_1024x1024-1.png\",\"contentUrl\":\"https:\\\/\\\/media.wd40.be\\\/app\\\/uploads\\\/2021\\\/03\\\/27082226\\\/WD40_social_media_1024x1024-1.png\",\"width\":1024,\"height\":1024,\"caption\":\"WD-40 Belgi\u00eb\"},\"image\":{\"@id\":\"https:\\\/\\\/wd40.be\\\/fr\\\/#\\\/schema\\\/logo\\\/image\\\/\"}}]}<\/script>\n<!-- \/ Yoast SEO Premium plugin. -->","yoast_head_json":{"title":"WD-40 Smart Straw - WD-40 Belgi\u00eb","description":"Red\u00e9couvrez notre c\u00e9l\u00e8bre a\u00e9rosol jaune et bleu, le Produit Multifonction WD-40, avec son Spray Double Position, pour ne plus perdre le tube rouge !","robots":{"index":"index","follow":"follow","max-snippet":"max-snippet:-1","max-image-preview":"max-image-preview:large","max-video-preview":"max-video-preview:-1"},"canonical":"https:\/\/wd40.be\/fr\/produit\/produit-multifonction-smart-straw\/","og_locale":"fr_FR","og_type":"article","og_title":"WD-40 Smart Straw","og_description":"Red\u00e9couvrez notre c\u00e9l\u00e8bre a\u00e9rosol jaune et bleu, le Produit Multifonction WD-40, avec son Spray Double Position, pour ne plus perdre le tube rouge !","og_url":"https:\/\/wd40.be\/fr\/produit\/produit-multifonction-smart-straw\/","og_site_name":"WD-40 Belgi\u00eb","article_modified_time":"2025-01-09T14:16:39+00:00","og_image":[{"width":2083,"height":2083,"url":"https:\/\/media.wd40.be\/app\/uploads\/2021\/03\/27082519\/Multi-Use-Product-Smart-Straw-1000x1000-1.png","type":"image\/png"}],"twitter_card":"summary_large_image","schema":{"@context":"https:\/\/schema.org","@graph":[[],{"@type":"ImageObject","inLanguage":"fr-FR","@id":"https:\/\/wd40.be\/fr\/produit\/produit-multifonction-smart-straw\/#primaryimage","url":"https:\/\/media.wd40.be\/app\/uploads\/2021\/03\/27082519\/Multi-Use-Product-Smart-Straw-1000x1000-1.png","contentUrl":"https:\/\/media.wd40.be\/app\/uploads\/2021\/03\/27082519\/Multi-Use-Product-Smart-Straw-1000x1000-1.png","width":2083,"height":2083,"caption":"Multi-Use-Product-Smart-Straw-1000x1000"},{"@type":"BreadcrumbList","@id":"https:\/\/wd40.be\/fr\/produit\/produit-multifonction-smart-straw\/#breadcrumb","itemListElement":[{"@type":"ListItem","position":1,"name":"Home","item":"https:\/\/wd40.be\/fr\/"},{"@type":"ListItem","position":2,"name":"Produits","item":"https:\/\/wd40.be\/fr\/produit\/"},{"@type":"ListItem","position":3,"name":"PRODUIT MULTIFONCTION WD-40","item":"https:\/\/wd40.be\/fr\/produits\/produit-multifonction-wd-40\/"},{"@type":"ListItem","position":4,"name":"WD-40 Smart Straw&reg;"}]},{"@type":"WebSite","@id":"https:\/\/wd40.be\/fr\/#website","url":"https:\/\/wd40.be\/fr\/","name":"WD-40 Belgi\u00eb","description":"WD-40 BE","publisher":{"@id":"https:\/\/wd40.be\/fr\/#organization"},"potentialAction":[{"@type":"SearchAction","target":{"@type":"EntryPoint","urlTemplate":"https:\/\/wd40.be\/fr\/?s={search_term_string}"},"query-input":{"@type":"PropertyValueSpecification","valueRequired":true,"valueName":"search_term_string"}}],"inLanguage":"fr-FR"},{"@type":"Organization","@id":"https:\/\/wd40.be\/fr\/#organization","name":"WD-40 Belgi\u00eb","url":"https:\/\/wd40.be\/fr\/","logo":{"@type":"ImageObject","inLanguage":"fr-FR","@id":"https:\/\/wd40.be\/fr\/#\/schema\/logo\/image\/","url":"https:\/\/media.wd40.be\/app\/uploads\/2021\/03\/27082226\/WD40_social_media_1024x1024-1.png","contentUrl":"https:\/\/media.wd40.be\/app\/uploads\/2021\/03\/27082226\/WD40_social_media_1024x1024-1.png","width":1024,"height":1024,"caption":"WD-40 Belgi\u00eb"},"image":{"@id":"https:\/\/wd40.be\/fr\/#\/schema\/logo\/image\/"}}]}},"yoast-key-phrase":"","yoast-key-phrase-score":"","yoast-readability":"90","_links":{"self":[{"href":"https:\/\/wd40.be\/fr\/wp-json\/wp\/v2\/product\/5078","targetHints":{"allow":["GET"]}}],"collection":[{"href":"https:\/\/wd40.be\/fr\/wp-json\/wp\/v2\/product"}],"about":[{"href":"https:\/\/wd40.be\/fr\/wp-json\/wp\/v2\/types\/product"}],"replies":[{"embeddable":true,"href":"https:\/\/wd40.be\/fr\/wp-json\/wp\/v2\/comments?post=5078"}],"version-history":[{"count":2,"href":"https:\/\/wd40.be\/fr\/wp-json\/wp\/v2\/product\/5078\/revisions"}],"predecessor-version":[{"id":18888,"href":"https:\/\/wd40.be\/fr\/wp-json\/wp\/v2\/product\/5078\/revisions\/18888"}],"wp:featuredmedia":[{"embeddable":true,"href":"https:\/\/wd40.be\/fr\/wp-json\/wp\/v2\/media\/5668"}],"wp:attachment":[{"href":"https:\/\/wd40.be\/fr\/wp-json\/wp\/v2\/media?parent=5078"}],"wp:term":[{"taxonomy":"product_category","embeddable":true,"href":"https:\/\/wd40.be\/fr\/wp-json\/wp\/v2\/product_category?post=5078"},{"taxonomy":"product_tag","embeddable":true,"href":"https:\/\/wd40.be\/fr\/wp-json\/wp\/v2\/product_tag?post=5078"}],"curies":[{"name":"wp","href":"https:\/\/api.w.org\/{rel}","templated":true}]}}