{"id":20079,"date":"2026-04-28T12:09:20","date_gmt":"2026-04-28T10:09:20","guid":{"rendered":"https:\/\/wd40.be\/?post_type=product&#038;p=20079"},"modified":"2026-04-29T08:56:29","modified_gmt":"2026-04-29T06:56:29","slug":"wd-40-specialist-bio-lubricant","status":"publish","type":"product","link":"https:\/\/wd40.be\/fr\/produit\/wd-40-specialist-bio-lubricant\/","title":{"rendered":"WD-40 SPECIALIST<sub class=\"registration-mark\">&reg;<\/sub> BIO LUBRICANT"},"content":{"rendered":"<p>Le WD-40 Specialist<sub>\u00ae<\/sub> Bio Lubricant est un lubrifiant polyvalent compos\u00e9 \u00e0 85 % d&#8217;ingr\u00e9dients d&#8217;origine biologique. Adapt\u00e9 \u00e0 une utilisation sur les m\u00e9taux, les plastiques et le caoutchouc, il est certifi\u00e9 par le label \u00e9cologique de l&#8217;UE et r\u00e9pond \u00e0 des crit\u00e8res stricts en mati\u00e8re de biod\u00e9gradabilit\u00e9, de bioaccumulation et de toxicit\u00e9 aquatique.<\/p>\n<p>Ce produit est con\u00e7u pour lubrifier, p\u00e9n\u00e9trer et chasser l&#8217;humidit\u00e9, aidant ainsi \u00e0 d\u00e9bloquer les pi\u00e8ces coinc\u00e9es ou gripp\u00e9es tout en offrant une protection contre la rouille, la corrosion et l&#8217;usure. Il conserve \u00e9galement ses performances dans des conditions de charge \u00e9lev\u00e9e. Gr\u00e2ce \u00e0 sa certification NSF H2, il peut \u00eatre utilis\u00e9 comme lubrifiant dans les zones proches de la transformation alimentaire o\u00f9 il n&#8217;y a aucun risque de contact avec les aliments.<\/p>\n<p>Recommand\u00e9 aussi bien pour les bricoleurs que pour les utilisateurs professionnels, le WD-40 Specialist<sub>\u00ae<\/sub> Bio Lubricant convient \u00e0 une large gamme d&#8217;applications, notamment l&#8217;entretien de la maison, le jardinage, l&#8217;entretien des v\u00e9los, les outils \u00e9lectriques et la maintenance des machines.<\/p>\n<p>Ce produit fait partie de la gamme WD\u201140 Specialist<sub>\u00ae<\/sub>. <a href=\"https:\/\/wd40.be\/fr\/produits\/wd-40-specialist-fr\/\">D\u00e9couvrez ici<\/a> tous les produits WD\u201140 Specialist<sub>\u00ae<\/sub>.<\/p>\n","protected":false},"excerpt":{"rendered":"<p>Le WD-40 Specialist Bio Lubricant est un produit polyvalent compos\u00e9 \u00e0 85 % d&#8217;ingr\u00e9dients d&#8217;origine biologique. Adapt\u00e9 aux m\u00e9taux, aux plastiques et au caoutchouc, il est certifi\u00e9 par le label \u00e9cologique de l&#8217;UE et r\u00e9pond \u00e0 des crit\u00e8res stricts en mati\u00e8re de biod\u00e9gradabilit\u00e9, de bioaccumulation et de toxicit\u00e9 aquatique.<\/p>\n","protected":false},"featured_media":20134,"comment_status":"open","ping_status":"closed","template":"","product_category":[112],"product_tag":[],"class_list":["post-20079","product","type-product","status-publish","has-post-thumbnail","hentry","product_category-wd-40-specialist-fr"],"acf":[],"title_raw":"WD-40 SPECIALIST BIO LUBRICANT","yoast_head":"<!-- This site is optimized with the Yoast SEO Premium plugin v27.3 (Yoast SEO v27.3) - https:\/\/yoast.com\/product\/yoast-seo-premium-wordpress\/ -->\n<title>Bio Lubricant \u2013 Lubrifiant Multifonction | WD\u201140 Belgique<\/title>\n<meta name=\"description\" content=\"WD\u201140 Specialist\u00ae Bio Lubricant est un lubrifiant multifonction dot\u00e9 de l\u2019\u00c9colabel europ\u00e9en et de la certification NSF H2.\" \/>\n<meta name=\"robots\" content=\"index, follow, max-snippet:-1, max-image-preview:large, max-video-preview:-1\" \/>\n<link rel=\"canonical\" href=\"https:\/\/wd40.be\/fr\/produit\/wd-40-specialist-bio-lubricant\/\" \/>\n<meta property=\"og:locale\" content=\"fr_FR\" \/>\n<meta property=\"og:type\" content=\"article\" \/>\n<meta property=\"og:title\" content=\"WD-40 SPECIALIST BIO LUBRICANT\" \/>\n<meta property=\"og:description\" content=\"WD\u201140 Specialist\u00ae Bio Lubricant est un lubrifiant multifonction dot\u00e9 de l\u2019\u00c9colabel europ\u00e9en et de la certification NSF H2.\" \/>\n<meta property=\"og:url\" content=\"https:\/\/wd40.be\/fr\/produit\/wd-40-specialist-bio-lubricant\/\" \/>\n<meta property=\"og:site_name\" content=\"WD-40 Belgi\u00eb\" \/>\n<meta property=\"article:modified_time\" content=\"2026-04-29T06:56:29+00:00\" \/>\n<meta property=\"og:image\" content=\"https:\/\/media.wd40.be\/app\/uploads\/2026\/04\/29085559\/Untitled-design.png\" \/>\n\t<meta property=\"og:image:width\" content=\"1000\" \/>\n\t<meta property=\"og:image:height\" content=\"1000\" \/>\n\t<meta property=\"og:image:type\" content=\"image\/png\" \/>\n<meta name=\"twitter:card\" content=\"summary_large_image\" \/>\n<script type=\"application\/ld+json\" class=\"yoast-schema-graph\">{\"@context\":\"https:\\\/\\\/schema.org\",\"@graph\":[[],{\"@type\":\"ImageObject\",\"inLanguage\":\"fr-FR\",\"@id\":\"https:\\\/\\\/wd40.be\\\/fr\\\/produit\\\/wd-40-specialist-bio-lubricant\\\/#primaryimage\",\"url\":\"https:\\\/\\\/media.wd40.be\\\/app\\\/uploads\\\/2026\\\/04\\\/29085559\\\/Untitled-design.png\",\"contentUrl\":\"https:\\\/\\\/media.wd40.be\\\/app\\\/uploads\\\/2026\\\/04\\\/29085559\\\/Untitled-design.png\",\"width\":1000,\"height\":1000,\"caption\":\"Bio Lubricant packshot\"},{\"@type\":\"BreadcrumbList\",\"@id\":\"https:\\\/\\\/wd40.be\\\/fr\\\/produit\\\/wd-40-specialist-bio-lubricant\\\/#breadcrumb\",\"itemListElement\":[{\"@type\":\"ListItem\",\"position\":1,\"name\":\"Home\",\"item\":\"https:\\\/\\\/wd40.be\\\/fr\\\/\"},{\"@type\":\"ListItem\",\"position\":2,\"name\":\"Produits\",\"item\":\"https:\\\/\\\/wd40.be\\\/fr\\\/produit\\\/\"},{\"@type\":\"ListItem\",\"position\":3,\"name\":\"WD-40 SPECIALIST\",\"item\":\"https:\\\/\\\/wd40.be\\\/fr\\\/produits\\\/wd-40-specialist-fr\\\/\"},{\"@type\":\"ListItem\",\"position\":4,\"name\":\"WD-40 SPECIALIST BIO LUBRICANT\"}]},{\"@type\":\"WebSite\",\"@id\":\"https:\\\/\\\/wd40.be\\\/fr\\\/#website\",\"url\":\"https:\\\/\\\/wd40.be\\\/fr\\\/\",\"name\":\"WD-40 Belgi\u00eb\",\"description\":\"WD-40 BE\",\"publisher\":{\"@id\":\"https:\\\/\\\/wd40.be\\\/fr\\\/#organization\"},\"potentialAction\":[{\"@type\":\"SearchAction\",\"target\":{\"@type\":\"EntryPoint\",\"urlTemplate\":\"https:\\\/\\\/wd40.be\\\/fr\\\/?s={search_term_string}\"},\"query-input\":{\"@type\":\"PropertyValueSpecification\",\"valueRequired\":true,\"valueName\":\"search_term_string\"}}],\"inLanguage\":\"fr-FR\"},{\"@type\":\"Organization\",\"@id\":\"https:\\\/\\\/wd40.be\\\/fr\\\/#organization\",\"name\":\"WD-40 Belgi\u00eb\",\"url\":\"https:\\\/\\\/wd40.be\\\/fr\\\/\",\"logo\":{\"@type\":\"ImageObject\",\"inLanguage\":\"fr-FR\",\"@id\":\"https:\\\/\\\/wd40.be\\\/fr\\\/#\\\/schema\\\/logo\\\/image\\\/\",\"url\":\"https:\\\/\\\/media.wd40.be\\\/app\\\/uploads\\\/2021\\\/03\\\/27082226\\\/WD40_social_media_1024x1024-1.png\",\"contentUrl\":\"https:\\\/\\\/media.wd40.be\\\/app\\\/uploads\\\/2021\\\/03\\\/27082226\\\/WD40_social_media_1024x1024-1.png\",\"width\":1024,\"height\":1024,\"caption\":\"WD-40 Belgi\u00eb\"},\"image\":{\"@id\":\"https:\\\/\\\/wd40.be\\\/fr\\\/#\\\/schema\\\/logo\\\/image\\\/\"}}]}<\/script>\n<!-- \/ Yoast SEO Premium plugin. -->","yoast_head_json":{"title":"Bio Lubricant \u2013 Lubrifiant Multifonction | WD\u201140 Belgique","description":"WD\u201140 Specialist\u00ae Bio Lubricant est un lubrifiant multifonction dot\u00e9 de l\u2019\u00c9colabel europ\u00e9en et de la certification NSF H2.","robots":{"index":"index","follow":"follow","max-snippet":"max-snippet:-1","max-image-preview":"max-image-preview:large","max-video-preview":"max-video-preview:-1"},"canonical":"https:\/\/wd40.be\/fr\/produit\/wd-40-specialist-bio-lubricant\/","og_locale":"fr_FR","og_type":"article","og_title":"WD-40 SPECIALIST BIO LUBRICANT","og_description":"WD\u201140 Specialist\u00ae Bio Lubricant est un lubrifiant multifonction dot\u00e9 de l\u2019\u00c9colabel europ\u00e9en et de la certification NSF H2.","og_url":"https:\/\/wd40.be\/fr\/produit\/wd-40-specialist-bio-lubricant\/","og_site_name":"WD-40 Belgi\u00eb","article_modified_time":"2026-04-29T06:56:29+00:00","og_image":[{"width":1000,"height":1000,"url":"https:\/\/media.wd40.be\/app\/uploads\/2026\/04\/29085559\/Untitled-design.png","type":"image\/png"}],"twitter_card":"summary_large_image","schema":{"@context":"https:\/\/schema.org","@graph":[[],{"@type":"ImageObject","inLanguage":"fr-FR","@id":"https:\/\/wd40.be\/fr\/produit\/wd-40-specialist-bio-lubricant\/#primaryimage","url":"https:\/\/media.wd40.be\/app\/uploads\/2026\/04\/29085559\/Untitled-design.png","contentUrl":"https:\/\/media.wd40.be\/app\/uploads\/2026\/04\/29085559\/Untitled-design.png","width":1000,"height":1000,"caption":"Bio Lubricant packshot"},{"@type":"BreadcrumbList","@id":"https:\/\/wd40.be\/fr\/produit\/wd-40-specialist-bio-lubricant\/#breadcrumb","itemListElement":[{"@type":"ListItem","position":1,"name":"Home","item":"https:\/\/wd40.be\/fr\/"},{"@type":"ListItem","position":2,"name":"Produits","item":"https:\/\/wd40.be\/fr\/produit\/"},{"@type":"ListItem","position":3,"name":"WD-40 SPECIALIST","item":"https:\/\/wd40.be\/fr\/produits\/wd-40-specialist-fr\/"},{"@type":"ListItem","position":4,"name":"WD-40 SPECIALIST BIO LUBRICANT"}]},{"@type":"WebSite","@id":"https:\/\/wd40.be\/fr\/#website","url":"https:\/\/wd40.be\/fr\/","name":"WD-40 Belgi\u00eb","description":"WD-40 BE","publisher":{"@id":"https:\/\/wd40.be\/fr\/#organization"},"potentialAction":[{"@type":"SearchAction","target":{"@type":"EntryPoint","urlTemplate":"https:\/\/wd40.be\/fr\/?s={search_term_string}"},"query-input":{"@type":"PropertyValueSpecification","valueRequired":true,"valueName":"search_term_string"}}],"inLanguage":"fr-FR"},{"@type":"Organization","@id":"https:\/\/wd40.be\/fr\/#organization","name":"WD-40 Belgi\u00eb","url":"https:\/\/wd40.be\/fr\/","logo":{"@type":"ImageObject","inLanguage":"fr-FR","@id":"https:\/\/wd40.be\/fr\/#\/schema\/logo\/image\/","url":"https:\/\/media.wd40.be\/app\/uploads\/2021\/03\/27082226\/WD40_social_media_1024x1024-1.png","contentUrl":"https:\/\/media.wd40.be\/app\/uploads\/2021\/03\/27082226\/WD40_social_media_1024x1024-1.png","width":1024,"height":1024,"caption":"WD-40 Belgi\u00eb"},"image":{"@id":"https:\/\/wd40.be\/fr\/#\/schema\/logo\/image\/"}}]}},"yoast-key-phrase":"Bio Lubricant","yoast-key-phrase-score":"80","yoast-readability":"90","_links":{"self":[{"href":"https:\/\/wd40.be\/fr\/wp-json\/wp\/v2\/product\/20079","targetHints":{"allow":["GET"]}}],"collection":[{"href":"https:\/\/wd40.be\/fr\/wp-json\/wp\/v2\/product"}],"about":[{"href":"https:\/\/wd40.be\/fr\/wp-json\/wp\/v2\/types\/product"}],"replies":[{"embeddable":true,"href":"https:\/\/wd40.be\/fr\/wp-json\/wp\/v2\/comments?post=20079"}],"version-history":[{"count":6,"href":"https:\/\/wd40.be\/fr\/wp-json\/wp\/v2\/product\/20079\/revisions"}],"predecessor-version":[{"id":20122,"href":"https:\/\/wd40.be\/fr\/wp-json\/wp\/v2\/product\/20079\/revisions\/20122"}],"wp:featuredmedia":[{"embeddable":true,"href":"https:\/\/wd40.be\/fr\/wp-json\/wp\/v2\/media\/20134"}],"wp:attachment":[{"href":"https:\/\/wd40.be\/fr\/wp-json\/wp\/v2\/media?parent=20079"}],"wp:term":[{"taxonomy":"product_category","embeddable":true,"href":"https:\/\/wd40.be\/fr\/wp-json\/wp\/v2\/product_category?post=20079"},{"taxonomy":"product_tag","embeddable":true,"href":"https:\/\/wd40.be\/fr\/wp-json\/wp\/v2\/product_tag?post=20079"}],"curies":[{"name":"wp","href":"https:\/\/api.w.org\/{rel}","templated":true}]}}