{"id":19327,"date":"2025-06-30T14:33:26","date_gmt":"2025-06-30T12:33:26","guid":{"rendered":"https:\/\/wd40.be\/?post_type=product&#038;p=19327"},"modified":"2025-11-12T08:17:52","modified_gmt":"2025-11-12T07:17:52","slug":"wd-40-specialist-lubrifiant-sec","status":"publish","type":"product","link":"https:\/\/wd40.be\/fr\/produit\/wd-40-specialist-lubrifiant-sec\/","title":{"rendered":"WD-40 Specialist<sub class=\"registration-mark\">&reg;<\/sub> Lubrifiant Sec"},"content":{"rendered":"<p>Le Lubrifiant Sec WD-40 Specialist am\u00e9liore la lubrification et laisse un film sec qui n&#8217;attire pas la salet\u00e9, la poussi\u00e8re ou l&#8217;huile. Sa formule r\u00e9duisant les frottements le rend parfait pour une utilisation sur des m\u00e9canismes tr\u00e8s sollicit\u00e9s et n\u00e9cessitant une protection contre l&#8217;usure quotidienne, tels que les rails de portes et de fen\u00eatres, les cha\u00eenes et les rouleaux, les outils \u00e9lectriques, les perceuses et les m\u00e9canismes de serrure. En outre, le Lubrifiant Sec WD-40 Specialist s\u00e8che rapidement et forme un film sec transparent qui n&#8217;attire pas les \u00e9l\u00e9ments nocifs tels que la poussi\u00e8re, la salet\u00e9 et l&#8217;huile. C&#8217;est \u00e9galement un outil tr\u00e8s efficace pour d\u00e9mouler les produits. Le spray lubrifiant sec WD-40 Specialist fonctionne \u00e0 diverses temp\u00e9ratures, de -45\u00b0C \u00e0 90\u00b0C, et peut \u00eatre utilis\u00e9 en toute s\u00e9curit\u00e9 sur les m\u00e9taux, le verre et les plastiques.<\/p>\n<h4><strong>Comment utiliser le lubrifiant sec en spray?<\/strong><\/h4>\n<p>Agiter le Lubrifiant Sec en spray avant utilisation et l&#8217;appliquer directement sur la surface \u00e0 traiter pour la lubrifier et la prot\u00e9ger. Le spray de lubrification s\u00e8che en quelques secondes. L&#8217;applicateur Smart Straw vous permet de pulv\u00e9riser de deux mani\u00e8res, \u00e0 la fois large et pr\u00e9cise. Relevez la paille pour pulv\u00e9riser avec pr\u00e9cision et abaissez-la pour traiter de plus grandes surfaces. Quelle que soit la fa\u00e7on dont vous souhaitez pulv\u00e9riser, vous pouvez compter sur la valve intelligente \u00e0 360\u00b0 qui vous permet de pulv\u00e9riser \u00e0 l&#8217;endroit et \u00e0 l&#8217;envers. L&#8217;applicateur Smart Straw vous permet de pulv\u00e9riser de deux mani\u00e8res, \u00e0 la fois large et pr\u00e9cise. Relevez la paille pour pulv\u00e9riser avec pr\u00e9cision et abaissez-la pour traiter de plus grandes surfaces. Quelle que soit la mani\u00e8re dont vous souhaitez pulv\u00e9riser, vous pouvez compter sur la valve intelligente \u00e0 360\u00b0 qui vous permet de pulv\u00e9riser \u00e0 l&#8217;endroit et \u00e0 l&#8217;envers.<\/p>\n<p>Vous souhaitez un lubrifiant adapt\u00e9 aux conditions humides ? D\u00e9couvrez le <a href=\"https:\/\/wd40.be\/fr\/produit\/wd-40-specialist-lubrifiant-haute-performance\/\">WD-40 Specialist\u00ae Lubrifiant Haute Performance Spray<\/a>.<\/p>\n","protected":false},"excerpt":{"rendered":"<p>Le Lubrifiant Sec WD-40 Specialist am\u00e9liore la lubrification et laisse un film sec qui n&#8217;attire pas la salet\u00e9, la poussi\u00e8re ou l&#8217;huile. Sa formule r\u00e9duisant les frottements le rend parfait pour une utilisation sur des m\u00e9canismes tr\u00e8s sollicit\u00e9s et n\u00e9cessitant une protection contre l&#8217;usure quotidienne.<\/p>\n","protected":false},"featured_media":19312,"comment_status":"open","ping_status":"closed","template":"","product_category":[112],"product_tag":[],"class_list":["post-19327","product","type-product","status-publish","has-post-thumbnail","hentry","product_category-wd-40-specialist-fr"],"acf":[],"title_raw":"WD-40 Specialist Lubrifiant Sec","yoast_head":"<!-- This site is optimized with the Yoast SEO Premium plugin v27.6 (Yoast SEO v27.6) - https:\/\/yoast.com\/product\/yoast-seo-premium-wordpress\/ -->\n<title>Lubrifiant Sec | N&#039;attire pas la salet\u00e9 et la poussi\u00e8re | WD-40 BE<\/title>\n<meta name=\"description\" content=\"Ce spray lubrifiant sec offre une excellente lubrification, n&#039;attire pas la salet\u00e9, la poussi\u00e8re ou l&#039;huile et prot\u00e8ge contre l&#039;usure.\" \/>\n<meta name=\"robots\" content=\"index, follow, max-snippet:-1, max-image-preview:large, max-video-preview:-1\" \/>\n<link rel=\"canonical\" href=\"https:\/\/wd40.be\/fr\/produit\/wd-40-specialist-lubrifiant-sec\/\" \/>\n<meta property=\"og:locale\" content=\"fr_FR\" \/>\n<meta property=\"og:type\" content=\"article\" \/>\n<meta property=\"og:title\" content=\"WD-40 Specialist Lubrifiant Sec\" \/>\n<meta property=\"og:description\" content=\"Ce spray lubrifiant sec offre une excellente lubrification, n&#039;attire pas la salet\u00e9, la poussi\u00e8re ou l&#039;huile et prot\u00e8ge contre l&#039;usure.\" \/>\n<meta property=\"og:url\" content=\"https:\/\/wd40.be\/fr\/produit\/wd-40-specialist-lubrifiant-sec\/\" \/>\n<meta property=\"og:site_name\" content=\"WD-40 Belgi\u00eb\" \/>\n<meta property=\"article:modified_time\" content=\"2025-11-12T07:17:52+00:00\" \/>\n<meta property=\"og:image\" content=\"https:\/\/media.wd40.be\/app\/uploads\/2025\/06\/26135349\/dry-lube.png\" \/>\n\t<meta property=\"og:image:width\" content=\"1000\" \/>\n\t<meta property=\"og:image:height\" content=\"1000\" \/>\n\t<meta property=\"og:image:type\" content=\"image\/png\" \/>\n<meta name=\"twitter:card\" content=\"summary_large_image\" \/>\n<script type=\"application\/ld+json\" class=\"yoast-schema-graph\">{\"@context\":\"https:\\\/\\\/schema.org\",\"@graph\":[[],{\"@type\":\"ImageObject\",\"inLanguage\":\"fr-FR\",\"@id\":\"https:\\\/\\\/wd40.be\\\/fr\\\/produit\\\/wd-40-specialist-lubrifiant-sec\\\/#primaryimage\",\"url\":\"https:\\\/\\\/media.wd40.be\\\/app\\\/uploads\\\/2025\\\/06\\\/26135349\\\/dry-lube.png\",\"contentUrl\":\"https:\\\/\\\/media.wd40.be\\\/app\\\/uploads\\\/2025\\\/06\\\/26135349\\\/dry-lube.png\",\"width\":1000,\"height\":1000,\"caption\":\"droogsmeerspray fles\"},{\"@type\":\"BreadcrumbList\",\"@id\":\"https:\\\/\\\/wd40.be\\\/fr\\\/produit\\\/wd-40-specialist-lubrifiant-sec\\\/#breadcrumb\",\"itemListElement\":[{\"@type\":\"ListItem\",\"position\":1,\"name\":\"Home\",\"item\":\"https:\\\/\\\/wd40.be\\\/fr\\\/\"},{\"@type\":\"ListItem\",\"position\":2,\"name\":\"Produits\",\"item\":\"https:\\\/\\\/wd40.be\\\/fr\\\/produit\\\/\"},{\"@type\":\"ListItem\",\"position\":3,\"name\":\"WD-40 SPECIALIST\",\"item\":\"https:\\\/\\\/wd40.be\\\/fr\\\/produits\\\/wd-40-specialist-fr\\\/\"},{\"@type\":\"ListItem\",\"position\":4,\"name\":\"WD-40 Specialist Lubrifiant Sec\"}]},{\"@type\":\"WebSite\",\"@id\":\"https:\\\/\\\/wd40.be\\\/fr\\\/#website\",\"url\":\"https:\\\/\\\/wd40.be\\\/fr\\\/\",\"name\":\"WD-40 Belgi\u00eb\",\"description\":\"WD-40 BE\",\"publisher\":{\"@id\":\"https:\\\/\\\/wd40.be\\\/fr\\\/#organization\"},\"potentialAction\":[{\"@type\":\"SearchAction\",\"target\":{\"@type\":\"EntryPoint\",\"urlTemplate\":\"https:\\\/\\\/wd40.be\\\/fr\\\/?s={search_term_string}\"},\"query-input\":{\"@type\":\"PropertyValueSpecification\",\"valueRequired\":true,\"valueName\":\"search_term_string\"}}],\"inLanguage\":\"fr-FR\"},{\"@type\":\"Organization\",\"@id\":\"https:\\\/\\\/wd40.be\\\/fr\\\/#organization\",\"name\":\"WD-40 Belgi\u00eb\",\"url\":\"https:\\\/\\\/wd40.be\\\/fr\\\/\",\"logo\":{\"@type\":\"ImageObject\",\"inLanguage\":\"fr-FR\",\"@id\":\"https:\\\/\\\/wd40.be\\\/fr\\\/#\\\/schema\\\/logo\\\/image\\\/\",\"url\":\"https:\\\/\\\/media.wd40.be\\\/app\\\/uploads\\\/2021\\\/03\\\/27082226\\\/WD40_social_media_1024x1024-1.png\",\"contentUrl\":\"https:\\\/\\\/media.wd40.be\\\/app\\\/uploads\\\/2021\\\/03\\\/27082226\\\/WD40_social_media_1024x1024-1.png\",\"width\":1024,\"height\":1024,\"caption\":\"WD-40 Belgi\u00eb\"},\"image\":{\"@id\":\"https:\\\/\\\/wd40.be\\\/fr\\\/#\\\/schema\\\/logo\\\/image\\\/\"}}]}<\/script>\n<!-- \/ Yoast SEO Premium plugin. -->","yoast_head_json":{"title":"Lubrifiant Sec | N'attire pas la salet\u00e9 et la poussi\u00e8re | WD-40 BE","description":"Ce spray lubrifiant sec offre une excellente lubrification, n'attire pas la salet\u00e9, la poussi\u00e8re ou l'huile et prot\u00e8ge contre l'usure.","robots":{"index":"index","follow":"follow","max-snippet":"max-snippet:-1","max-image-preview":"max-image-preview:large","max-video-preview":"max-video-preview:-1"},"canonical":"https:\/\/wd40.be\/fr\/produit\/wd-40-specialist-lubrifiant-sec\/","og_locale":"fr_FR","og_type":"article","og_title":"WD-40 Specialist Lubrifiant Sec","og_description":"Ce spray lubrifiant sec offre une excellente lubrification, n'attire pas la salet\u00e9, la poussi\u00e8re ou l'huile et prot\u00e8ge contre l'usure.","og_url":"https:\/\/wd40.be\/fr\/produit\/wd-40-specialist-lubrifiant-sec\/","og_site_name":"WD-40 Belgi\u00eb","article_modified_time":"2025-11-12T07:17:52+00:00","og_image":[{"width":1000,"height":1000,"url":"https:\/\/media.wd40.be\/app\/uploads\/2025\/06\/26135349\/dry-lube.png","type":"image\/png"}],"twitter_card":"summary_large_image","schema":{"@context":"https:\/\/schema.org","@graph":[[],{"@type":"ImageObject","inLanguage":"fr-FR","@id":"https:\/\/wd40.be\/fr\/produit\/wd-40-specialist-lubrifiant-sec\/#primaryimage","url":"https:\/\/media.wd40.be\/app\/uploads\/2025\/06\/26135349\/dry-lube.png","contentUrl":"https:\/\/media.wd40.be\/app\/uploads\/2025\/06\/26135349\/dry-lube.png","width":1000,"height":1000,"caption":"droogsmeerspray fles"},{"@type":"BreadcrumbList","@id":"https:\/\/wd40.be\/fr\/produit\/wd-40-specialist-lubrifiant-sec\/#breadcrumb","itemListElement":[{"@type":"ListItem","position":1,"name":"Home","item":"https:\/\/wd40.be\/fr\/"},{"@type":"ListItem","position":2,"name":"Produits","item":"https:\/\/wd40.be\/fr\/produit\/"},{"@type":"ListItem","position":3,"name":"WD-40 SPECIALIST","item":"https:\/\/wd40.be\/fr\/produits\/wd-40-specialist-fr\/"},{"@type":"ListItem","position":4,"name":"WD-40 Specialist Lubrifiant Sec"}]},{"@type":"WebSite","@id":"https:\/\/wd40.be\/fr\/#website","url":"https:\/\/wd40.be\/fr\/","name":"WD-40 Belgi\u00eb","description":"WD-40 BE","publisher":{"@id":"https:\/\/wd40.be\/fr\/#organization"},"potentialAction":[{"@type":"SearchAction","target":{"@type":"EntryPoint","urlTemplate":"https:\/\/wd40.be\/fr\/?s={search_term_string}"},"query-input":{"@type":"PropertyValueSpecification","valueRequired":true,"valueName":"search_term_string"}}],"inLanguage":"fr-FR"},{"@type":"Organization","@id":"https:\/\/wd40.be\/fr\/#organization","name":"WD-40 Belgi\u00eb","url":"https:\/\/wd40.be\/fr\/","logo":{"@type":"ImageObject","inLanguage":"fr-FR","@id":"https:\/\/wd40.be\/fr\/#\/schema\/logo\/image\/","url":"https:\/\/media.wd40.be\/app\/uploads\/2021\/03\/27082226\/WD40_social_media_1024x1024-1.png","contentUrl":"https:\/\/media.wd40.be\/app\/uploads\/2021\/03\/27082226\/WD40_social_media_1024x1024-1.png","width":1024,"height":1024,"caption":"WD-40 Belgi\u00eb"},"image":{"@id":"https:\/\/wd40.be\/fr\/#\/schema\/logo\/image\/"}}]}},"yoast-key-phrase":"lubrifiant sec","yoast-key-phrase-score":"85","yoast-readability":"90","_links":{"self":[{"href":"https:\/\/wd40.be\/fr\/wp-json\/wp\/v2\/product\/19327","targetHints":{"allow":["GET"]}}],"collection":[{"href":"https:\/\/wd40.be\/fr\/wp-json\/wp\/v2\/product"}],"about":[{"href":"https:\/\/wd40.be\/fr\/wp-json\/wp\/v2\/types\/product"}],"replies":[{"embeddable":true,"href":"https:\/\/wd40.be\/fr\/wp-json\/wp\/v2\/comments?post=19327"}],"version-history":[{"count":12,"href":"https:\/\/wd40.be\/fr\/wp-json\/wp\/v2\/product\/19327\/revisions"}],"predecessor-version":[{"id":19649,"href":"https:\/\/wd40.be\/fr\/wp-json\/wp\/v2\/product\/19327\/revisions\/19649"}],"wp:featuredmedia":[{"embeddable":true,"href":"https:\/\/wd40.be\/fr\/wp-json\/wp\/v2\/media\/19312"}],"wp:attachment":[{"href":"https:\/\/wd40.be\/fr\/wp-json\/wp\/v2\/media?parent=19327"}],"wp:term":[{"taxonomy":"product_category","embeddable":true,"href":"https:\/\/wd40.be\/fr\/wp-json\/wp\/v2\/product_category?post=19327"},{"taxonomy":"product_tag","embeddable":true,"href":"https:\/\/wd40.be\/fr\/wp-json\/wp\/v2\/product_tag?post=19327"}],"curies":[{"name":"wp","href":"https:\/\/api.w.org\/{rel}","templated":true}]}}