{"id":15761,"date":"2022-07-18T10:47:39","date_gmt":"2022-07-18T08:47:39","guid":{"rendered":"https:\/\/wd40.be\/?post_type=product&#038;p=15761"},"modified":"2024-12-06T10:08:06","modified_gmt":"2024-12-06T09:08:06","slug":"wd-40-specialist-graisse-haute-performance-multifonction","status":"publish","type":"product","link":"https:\/\/wd40.be\/fr\/produit\/wd-40-specialist-graisse-haute-performance-multifonction\/","title":{"rendered":"WD-40 Specialist<sub class=\"registration-mark\">&reg;<\/sub> Graisse Haute Performance Multifonction"},"content":{"rendered":"<p>Epaissie au sulfonate de calcium, la Graisse Haute Performance Multifonction WD-40 Specialist est un lubrifiant polyvalent de derni\u00e8re g\u00e9n\u00e9ration adapt\u00e9 \u00e0 des graissages multiples, y compris dans certaines conditions<br \/>\nextr\u00eames. Elle offre une excellente r\u00e9sistance aux fortes charges et sera un choix id\u00e9al en environnement humide et en cas de fortes chaleurs. Dot\u00e9e d\u2019une exceptionnelle stabilit\u00e9 m\u00e9canique, elle lubrifie sans modification significative de sa consistance et offre une excellente protection contre la corrosion et la rouille.<\/p>\n<p>Sa polyvalence lui permet d\u2019\u00eatre adapt\u00e9e pour des applications en industrie, travaux publics, marine, m\u00e9canique agricole et automobile, y compris sur les v\u00e9hicules tout terrain.<\/p>\n<p>Utilisable entre -30\u00b0C et +140\u00b0C (jusqu\u2019\u00e0 +180\u00b0C sur des intervalles de temps limit\u00e9s) et sur une large plage de vitesses.<\/p>\n<p><strong>Conseils d\u2019utilisation:<\/strong><\/p>\n<p>Pour le format en tube, appliquer la graisse \u00e0 l\u2019aide d\u2019un pinceau ou d\u2019une spatule. Bien reboucher apr\u00e8s usage. Le cas \u00e9ch\u00e9ant, nettoyer le pinceau \u00e0 l\u2019aide de solvant.<\/p>\n<p>Pour le format en cartouche, retirer la capsule et le bouchon et ins\u00e9rer la cartouche dans une pompe \u00e0 graisse avant utilisation. Voir sch\u00e9ma sur le packaging.<\/p>\n<p><strong>Attention:<\/strong> ne pas saturer certains roulements : r\u00e9f\u00e9rez-vous au manuel d\u2019utilisation de l\u2019\u00e9quipement \u00e0 graisser si n\u00e9cessaire.<\/p>\n","protected":false},"excerpt":{"rendered":"<p>La Graisse Haute Performance, \u00e9paissie au calcium, est la derni\u00e8re g\u00e9n\u00e9ration de graisse de haute qualit\u00e9. Il convient aux travaux les plus exigeants.<\/p>\n","protected":false},"featured_media":16328,"comment_status":"open","ping_status":"closed","template":"","product_category":[112],"product_tag":[],"class_list":["post-15761","product","type-product","status-publish","has-post-thumbnail","hentry","product_category-wd-40-specialist-fr"],"acf":[],"title_raw":"WD-40 Specialist Graisse Haute Performance Multifonction","yoast_head":"<!-- This site is optimized with the Yoast SEO Premium plugin v27.3 (Yoast SEO v27.3) - https:\/\/yoast.com\/product\/yoast-seo-premium-wordpress\/ -->\n<title>WD-40 Specialist Graisse Haute Performance Multifonction - WD-40 Belgi\u00eb<\/title>\n<meta name=\"description\" content=\"La Graisse Haute Performance, \u00e9paissie au calcium, est la derni\u00e8re g\u00e9n\u00e9ration de graisse de haute qualit\u00e9. Il convient aux travaux les plus exigeants.\" \/>\n<meta name=\"robots\" content=\"index, follow, max-snippet:-1, max-image-preview:large, max-video-preview:-1\" \/>\n<link rel=\"canonical\" href=\"https:\/\/wd40.be\/fr\/produit\/wd-40-specialist-graisse-haute-performance-multifonction\/\" \/>\n<meta property=\"og:locale\" content=\"fr_FR\" \/>\n<meta property=\"og:type\" content=\"article\" \/>\n<meta property=\"og:title\" content=\"WD-40 Specialist Graisse Haute Performance Multifonction\" \/>\n<meta property=\"og:description\" content=\"La Graisse Haute Performance, \u00e9paissie au calcium, est la derni\u00e8re g\u00e9n\u00e9ration de graisse de haute qualit\u00e9. Il convient aux travaux les plus exigeants.\" \/>\n<meta property=\"og:url\" content=\"https:\/\/wd40.be\/fr\/produit\/wd-40-specialist-graisse-haute-performance-multifonction\/\" \/>\n<meta property=\"og:site_name\" content=\"WD-40 Belgi\u00eb\" \/>\n<meta property=\"article:modified_time\" content=\"2024-12-06T09:08:06+00:00\" \/>\n<meta property=\"og:image\" content=\"https:\/\/media.wd40.be\/app\/uploads\/2022\/07\/18102139\/Nl-New-Cans-Bundle.png\" \/>\n\t<meta property=\"og:image:width\" content=\"1000\" \/>\n\t<meta property=\"og:image:height\" content=\"1000\" \/>\n\t<meta property=\"og:image:type\" content=\"image\/png\" \/>\n<meta name=\"twitter:card\" content=\"summary_large_image\" \/>\n<script type=\"application\/ld+json\" class=\"yoast-schema-graph\">{\"@context\":\"https:\\\/\\\/schema.org\",\"@graph\":[[],{\"@type\":\"ImageObject\",\"inLanguage\":\"fr-FR\",\"@id\":\"https:\\\/\\\/wd40.be\\\/fr\\\/produit\\\/wd-40-specialist-graisse-haute-performance-multifonction\\\/#primaryimage\",\"url\":\"https:\\\/\\\/media.wd40.be\\\/app\\\/uploads\\\/2022\\\/07\\\/18102139\\\/Nl-New-Cans-Bundle.png\",\"contentUrl\":\"https:\\\/\\\/media.wd40.be\\\/app\\\/uploads\\\/2022\\\/07\\\/18102139\\\/Nl-New-Cans-Bundle.png\",\"width\":1000,\"height\":1000,\"caption\":\"BE Nieuwe Vetten\\\/ Nouveau Graisses\"},{\"@type\":\"BreadcrumbList\",\"@id\":\"https:\\\/\\\/wd40.be\\\/fr\\\/produit\\\/wd-40-specialist-graisse-haute-performance-multifonction\\\/#breadcrumb\",\"itemListElement\":[{\"@type\":\"ListItem\",\"position\":1,\"name\":\"Home\",\"item\":\"https:\\\/\\\/wd40.be\\\/fr\\\/\"},{\"@type\":\"ListItem\",\"position\":2,\"name\":\"Produits\",\"item\":\"https:\\\/\\\/wd40.be\\\/fr\\\/produit\\\/\"},{\"@type\":\"ListItem\",\"position\":3,\"name\":\"WD-40 SPECIALIST\",\"item\":\"https:\\\/\\\/wd40.be\\\/fr\\\/produits\\\/wd-40-specialist-fr\\\/\"},{\"@type\":\"ListItem\",\"position\":4,\"name\":\"WD-40 Specialist&reg; Graisse Haute Performance Multifonction\"}]},{\"@type\":\"WebSite\",\"@id\":\"https:\\\/\\\/wd40.be\\\/fr\\\/#website\",\"url\":\"https:\\\/\\\/wd40.be\\\/fr\\\/\",\"name\":\"WD-40 Belgi\u00eb\",\"description\":\"WD-40 BE\",\"publisher\":{\"@id\":\"https:\\\/\\\/wd40.be\\\/fr\\\/#organization\"},\"potentialAction\":[{\"@type\":\"SearchAction\",\"target\":{\"@type\":\"EntryPoint\",\"urlTemplate\":\"https:\\\/\\\/wd40.be\\\/fr\\\/?s={search_term_string}\"},\"query-input\":{\"@type\":\"PropertyValueSpecification\",\"valueRequired\":true,\"valueName\":\"search_term_string\"}}],\"inLanguage\":\"fr-FR\"},{\"@type\":\"Organization\",\"@id\":\"https:\\\/\\\/wd40.be\\\/fr\\\/#organization\",\"name\":\"WD-40 Belgi\u00eb\",\"url\":\"https:\\\/\\\/wd40.be\\\/fr\\\/\",\"logo\":{\"@type\":\"ImageObject\",\"inLanguage\":\"fr-FR\",\"@id\":\"https:\\\/\\\/wd40.be\\\/fr\\\/#\\\/schema\\\/logo\\\/image\\\/\",\"url\":\"https:\\\/\\\/media.wd40.be\\\/app\\\/uploads\\\/2021\\\/03\\\/27082226\\\/WD40_social_media_1024x1024-1.png\",\"contentUrl\":\"https:\\\/\\\/media.wd40.be\\\/app\\\/uploads\\\/2021\\\/03\\\/27082226\\\/WD40_social_media_1024x1024-1.png\",\"width\":1024,\"height\":1024,\"caption\":\"WD-40 Belgi\u00eb\"},\"image\":{\"@id\":\"https:\\\/\\\/wd40.be\\\/fr\\\/#\\\/schema\\\/logo\\\/image\\\/\"}}]}<\/script>\n<!-- \/ Yoast SEO Premium plugin. -->","yoast_head_json":{"title":"WD-40 Specialist Graisse Haute Performance Multifonction - WD-40 Belgi\u00eb","description":"La Graisse Haute Performance, \u00e9paissie au calcium, est la derni\u00e8re g\u00e9n\u00e9ration de graisse de haute qualit\u00e9. Il convient aux travaux les plus exigeants.","robots":{"index":"index","follow":"follow","max-snippet":"max-snippet:-1","max-image-preview":"max-image-preview:large","max-video-preview":"max-video-preview:-1"},"canonical":"https:\/\/wd40.be\/fr\/produit\/wd-40-specialist-graisse-haute-performance-multifonction\/","og_locale":"fr_FR","og_type":"article","og_title":"WD-40 Specialist Graisse Haute Performance Multifonction","og_description":"La Graisse Haute Performance, \u00e9paissie au calcium, est la derni\u00e8re g\u00e9n\u00e9ration de graisse de haute qualit\u00e9. Il convient aux travaux les plus exigeants.","og_url":"https:\/\/wd40.be\/fr\/produit\/wd-40-specialist-graisse-haute-performance-multifonction\/","og_site_name":"WD-40 Belgi\u00eb","article_modified_time":"2024-12-06T09:08:06+00:00","og_image":[{"width":1000,"height":1000,"url":"https:\/\/media.wd40.be\/app\/uploads\/2022\/07\/18102139\/Nl-New-Cans-Bundle.png","type":"image\/png"}],"twitter_card":"summary_large_image","schema":{"@context":"https:\/\/schema.org","@graph":[[],{"@type":"ImageObject","inLanguage":"fr-FR","@id":"https:\/\/wd40.be\/fr\/produit\/wd-40-specialist-graisse-haute-performance-multifonction\/#primaryimage","url":"https:\/\/media.wd40.be\/app\/uploads\/2022\/07\/18102139\/Nl-New-Cans-Bundle.png","contentUrl":"https:\/\/media.wd40.be\/app\/uploads\/2022\/07\/18102139\/Nl-New-Cans-Bundle.png","width":1000,"height":1000,"caption":"BE Nieuwe Vetten\/ Nouveau Graisses"},{"@type":"BreadcrumbList","@id":"https:\/\/wd40.be\/fr\/produit\/wd-40-specialist-graisse-haute-performance-multifonction\/#breadcrumb","itemListElement":[{"@type":"ListItem","position":1,"name":"Home","item":"https:\/\/wd40.be\/fr\/"},{"@type":"ListItem","position":2,"name":"Produits","item":"https:\/\/wd40.be\/fr\/produit\/"},{"@type":"ListItem","position":3,"name":"WD-40 SPECIALIST","item":"https:\/\/wd40.be\/fr\/produits\/wd-40-specialist-fr\/"},{"@type":"ListItem","position":4,"name":"WD-40 Specialist&reg; Graisse Haute Performance Multifonction"}]},{"@type":"WebSite","@id":"https:\/\/wd40.be\/fr\/#website","url":"https:\/\/wd40.be\/fr\/","name":"WD-40 Belgi\u00eb","description":"WD-40 BE","publisher":{"@id":"https:\/\/wd40.be\/fr\/#organization"},"potentialAction":[{"@type":"SearchAction","target":{"@type":"EntryPoint","urlTemplate":"https:\/\/wd40.be\/fr\/?s={search_term_string}"},"query-input":{"@type":"PropertyValueSpecification","valueRequired":true,"valueName":"search_term_string"}}],"inLanguage":"fr-FR"},{"@type":"Organization","@id":"https:\/\/wd40.be\/fr\/#organization","name":"WD-40 Belgi\u00eb","url":"https:\/\/wd40.be\/fr\/","logo":{"@type":"ImageObject","inLanguage":"fr-FR","@id":"https:\/\/wd40.be\/fr\/#\/schema\/logo\/image\/","url":"https:\/\/media.wd40.be\/app\/uploads\/2021\/03\/27082226\/WD40_social_media_1024x1024-1.png","contentUrl":"https:\/\/media.wd40.be\/app\/uploads\/2021\/03\/27082226\/WD40_social_media_1024x1024-1.png","width":1024,"height":1024,"caption":"WD-40 Belgi\u00eb"},"image":{"@id":"https:\/\/wd40.be\/fr\/#\/schema\/logo\/image\/"}}]}},"yoast-key-phrase":"WD-40 Specialist Graisse Haute Performance Multifonction","yoast-key-phrase-score":"59","yoast-readability":"90","_links":{"self":[{"href":"https:\/\/wd40.be\/fr\/wp-json\/wp\/v2\/product\/15761","targetHints":{"allow":["GET"]}}],"collection":[{"href":"https:\/\/wd40.be\/fr\/wp-json\/wp\/v2\/product"}],"about":[{"href":"https:\/\/wd40.be\/fr\/wp-json\/wp\/v2\/types\/product"}],"replies":[{"embeddable":true,"href":"https:\/\/wd40.be\/fr\/wp-json\/wp\/v2\/comments?post=15761"}],"version-history":[{"count":2,"href":"https:\/\/wd40.be\/fr\/wp-json\/wp\/v2\/product\/15761\/revisions"}],"predecessor-version":[{"id":18868,"href":"https:\/\/wd40.be\/fr\/wp-json\/wp\/v2\/product\/15761\/revisions\/18868"}],"wp:featuredmedia":[{"embeddable":true,"href":"https:\/\/wd40.be\/fr\/wp-json\/wp\/v2\/media\/16328"}],"wp:attachment":[{"href":"https:\/\/wd40.be\/fr\/wp-json\/wp\/v2\/media?parent=15761"}],"wp:term":[{"taxonomy":"product_category","embeddable":true,"href":"https:\/\/wd40.be\/fr\/wp-json\/wp\/v2\/product_category?post=15761"},{"taxonomy":"product_tag","embeddable":true,"href":"https:\/\/wd40.be\/fr\/wp-json\/wp\/v2\/product_tag?post=15761"}],"curies":[{"name":"wp","href":"https:\/\/api.w.org\/{rel}","templated":true}]}}