{"id":15367,"date":"2022-02-16T16:13:25","date_gmt":"2022-02-16T15:13:25","guid":{"rendered":"https:\/\/wd40.be\/?post_type=product&#038;p=15367"},"modified":"2024-12-06T10:08:10","modified_gmt":"2024-12-06T09:08:10","slug":"nettoyant-chaine-moto","status":"publish","type":"product","link":"https:\/\/wd40.be\/fr\/produit\/nettoyant-chaine-moto\/","title":{"rendered":"WD-40 Specialist<sub class=\"registration-mark\">&reg;<\/sub> Nettoyant Cha\u00eene Moto"},"content":{"rendered":"<p><span style=\"text-decoration: underline\"><strong>CE PRODUIT N&#8217;EST PLUS DISPONIBLE<\/strong><\/span><\/p>\n<p>Le Nettoyant Cha\u00eene WD-40 Specialist Moto est simple \u00e0 utiliser et \u00e9limine rapidement la salet\u00e9, la poussi\u00e8re et l\u2019huile des cha\u00eenes. Compatible avec les cha\u00eenes \u00e0 joint torique en O, X et Z, la formule \u00e9radique les contaminants et s\u00e8che en quelques minutes. Un nettoyage r\u00e9gulier aide \u00e0 r\u00e9duire l\u2019usure de la cha\u00eene afin de maintenir sa performance pendant plus longtemps.<\/p>\n<p><strong>Conseils d\u2019utilisation :<\/strong><\/p>\n<p>Pulv\u00e9risez le produit g\u00e9n\u00e9reusement sur la surface \u00e0 traiter et laissez agir pendant cinq minutes. R\u00e9cup\u00e9rez le liquide contamin\u00e9 ou en exc\u00e8s dans une cuvette ou un r\u00e9cipient similaire. Passer une brosse peut faciliter l\u2019\u00e9limination si la contamination est importante ou difficile \u00e0 supprimer. Rincez \u00e0 l\u2019eau pour \u00e9liminer la contamination et s\u00e9chez avec un chiffon ou une serviette. Travaillez toujours dans une pi\u00e8ce bien ventil\u00e9e, en faisant bien attention \u00e0 \u00e9viter d\u2019inhaler les vapeurs.<br \/>\nREMARQUE : Toutes les huiles et autres hydrocarbures contamin\u00e9s doivent \u00eatre \u00e9limin\u00e9s de fa\u00e7on responsable, en accord avec la r\u00e9glementation locale en vigueur.<\/p>\n","protected":false},"excerpt":{"rendered":"<p>Le Nettoyant Cha\u00eene WD-40 Specialist Moto est simple \u00e0 utiliser et \u00e9limine rapidement la salet\u00e9, la poussi\u00e8re et l\u2019huile des cha\u00eenes. Compatible avec les cha\u00eenes \u00e0 joint torique en O, X et Z.<\/p>\n","protected":false},"featured_media":18761,"comment_status":"open","ping_status":"closed","template":"","product_category":[336],"product_tag":[],"class_list":["post-15367","product","type-product","status-publish","has-post-thumbnail","hentry","product_category-wd-40-specialist-moto"],"acf":[],"title_raw":"WD-40 Specialist Nettoyant Cha\u00eene Moto","yoast_head":"<!-- This site is optimized with the Yoast SEO Premium plugin v27.3 (Yoast SEO v27.3) - https:\/\/yoast.com\/product\/yoast-seo-premium-wordpress\/ -->\n<title>WD-40 Specialist Nettoyant Cha\u00eene Moto- WD-40 Belgi\u00eb<\/title>\n<meta name=\"description\" content=\"Le Nettoyant Cha\u00eene WD-40 Specialist Moto est simple \u00e0 utiliser et \u00e9limine rapidement la salet\u00e9, la poussi\u00e8re et l\u2019huile des cha\u00eenes.\" \/>\n<meta name=\"robots\" content=\"index, follow, max-snippet:-1, max-image-preview:large, max-video-preview:-1\" \/>\n<link rel=\"canonical\" href=\"https:\/\/wd40.be\/fr\/produit\/nettoyant-chaine-moto\/\" \/>\n<meta property=\"og:locale\" content=\"fr_FR\" \/>\n<meta property=\"og:type\" content=\"article\" \/>\n<meta property=\"og:title\" content=\"WD-40 Specialist Nettoyant Cha\u00eene Moto\" \/>\n<meta property=\"og:description\" content=\"Le Nettoyant Cha\u00eene WD-40 Specialist Moto est simple \u00e0 utiliser et \u00e9limine rapidement la salet\u00e9, la poussi\u00e8re et l\u2019huile des cha\u00eenes.\" \/>\n<meta property=\"og:url\" content=\"https:\/\/wd40.be\/fr\/produit\/nettoyant-chaine-moto\/\" \/>\n<meta property=\"og:site_name\" content=\"WD-40 Belgi\u00eb\" \/>\n<meta property=\"article:modified_time\" content=\"2024-12-06T09:08:10+00:00\" \/>\n<meta property=\"og:image\" content=\"https:\/\/media.wd40.be\/app\/uploads\/2024\/08\/28114331\/FR-Motorad-ketting-reiniger.jpg\" \/>\n\t<meta property=\"og:image:width\" content=\"1000\" \/>\n\t<meta property=\"og:image:height\" content=\"1000\" \/>\n\t<meta property=\"og:image:type\" content=\"image\/jpeg\" \/>\n<meta name=\"twitter:card\" content=\"summary_large_image\" \/>\n<script type=\"application\/ld+json\" class=\"yoast-schema-graph\">{\"@context\":\"https:\\\/\\\/schema.org\",\"@graph\":[[],{\"@type\":\"ImageObject\",\"inLanguage\":\"fr-FR\",\"@id\":\"https:\\\/\\\/wd40.be\\\/fr\\\/produit\\\/nettoyant-chaine-moto\\\/#primaryimage\",\"url\":\"https:\\\/\\\/media.wd40.be\\\/app\\\/uploads\\\/2024\\\/08\\\/28114331\\\/FR-Motorad-ketting-reiniger.jpg\",\"contentUrl\":\"https:\\\/\\\/media.wd40.be\\\/app\\\/uploads\\\/2024\\\/08\\\/28114331\\\/FR-Motorad-ketting-reiniger.jpg\",\"width\":1000,\"height\":1000},{\"@type\":\"BreadcrumbList\",\"@id\":\"https:\\\/\\\/wd40.be\\\/fr\\\/produit\\\/nettoyant-chaine-moto\\\/#breadcrumb\",\"itemListElement\":[{\"@type\":\"ListItem\",\"position\":1,\"name\":\"Home\",\"item\":\"https:\\\/\\\/wd40.be\\\/fr\\\/\"},{\"@type\":\"ListItem\",\"position\":2,\"name\":\"Produits\",\"item\":\"https:\\\/\\\/wd40.be\\\/fr\\\/produit\\\/\"},{\"@type\":\"ListItem\",\"position\":3,\"name\":\"WD-40 Specialist Moto\",\"item\":\"https:\\\/\\\/wd40.be\\\/fr\\\/produits\\\/wd-40-specialist-moto\\\/\"},{\"@type\":\"ListItem\",\"position\":4,\"name\":\"WD-40 Specialist&reg; Nettoyant Cha\u00eene Moto\"}]},{\"@type\":\"WebSite\",\"@id\":\"https:\\\/\\\/wd40.be\\\/fr\\\/#website\",\"url\":\"https:\\\/\\\/wd40.be\\\/fr\\\/\",\"name\":\"WD-40 Belgi\u00eb\",\"description\":\"WD-40 BE\",\"publisher\":{\"@id\":\"https:\\\/\\\/wd40.be\\\/fr\\\/#organization\"},\"potentialAction\":[{\"@type\":\"SearchAction\",\"target\":{\"@type\":\"EntryPoint\",\"urlTemplate\":\"https:\\\/\\\/wd40.be\\\/fr\\\/?s={search_term_string}\"},\"query-input\":{\"@type\":\"PropertyValueSpecification\",\"valueRequired\":true,\"valueName\":\"search_term_string\"}}],\"inLanguage\":\"fr-FR\"},{\"@type\":\"Organization\",\"@id\":\"https:\\\/\\\/wd40.be\\\/fr\\\/#organization\",\"name\":\"WD-40 Belgi\u00eb\",\"url\":\"https:\\\/\\\/wd40.be\\\/fr\\\/\",\"logo\":{\"@type\":\"ImageObject\",\"inLanguage\":\"fr-FR\",\"@id\":\"https:\\\/\\\/wd40.be\\\/fr\\\/#\\\/schema\\\/logo\\\/image\\\/\",\"url\":\"https:\\\/\\\/media.wd40.be\\\/app\\\/uploads\\\/2021\\\/03\\\/27082226\\\/WD40_social_media_1024x1024-1.png\",\"contentUrl\":\"https:\\\/\\\/media.wd40.be\\\/app\\\/uploads\\\/2021\\\/03\\\/27082226\\\/WD40_social_media_1024x1024-1.png\",\"width\":1024,\"height\":1024,\"caption\":\"WD-40 Belgi\u00eb\"},\"image\":{\"@id\":\"https:\\\/\\\/wd40.be\\\/fr\\\/#\\\/schema\\\/logo\\\/image\\\/\"}}]}<\/script>\n<!-- \/ Yoast SEO Premium plugin. -->","yoast_head_json":{"title":"WD-40 Specialist Nettoyant Cha\u00eene Moto- WD-40 Belgi\u00eb","description":"Le Nettoyant Cha\u00eene WD-40 Specialist Moto est simple \u00e0 utiliser et \u00e9limine rapidement la salet\u00e9, la poussi\u00e8re et l\u2019huile des cha\u00eenes.","robots":{"index":"index","follow":"follow","max-snippet":"max-snippet:-1","max-image-preview":"max-image-preview:large","max-video-preview":"max-video-preview:-1"},"canonical":"https:\/\/wd40.be\/fr\/produit\/nettoyant-chaine-moto\/","og_locale":"fr_FR","og_type":"article","og_title":"WD-40 Specialist Nettoyant Cha\u00eene Moto","og_description":"Le Nettoyant Cha\u00eene WD-40 Specialist Moto est simple \u00e0 utiliser et \u00e9limine rapidement la salet\u00e9, la poussi\u00e8re et l\u2019huile des cha\u00eenes.","og_url":"https:\/\/wd40.be\/fr\/produit\/nettoyant-chaine-moto\/","og_site_name":"WD-40 Belgi\u00eb","article_modified_time":"2024-12-06T09:08:10+00:00","og_image":[{"width":1000,"height":1000,"url":"https:\/\/media.wd40.be\/app\/uploads\/2024\/08\/28114331\/FR-Motorad-ketting-reiniger.jpg","type":"image\/jpeg"}],"twitter_card":"summary_large_image","schema":{"@context":"https:\/\/schema.org","@graph":[[],{"@type":"ImageObject","inLanguage":"fr-FR","@id":"https:\/\/wd40.be\/fr\/produit\/nettoyant-chaine-moto\/#primaryimage","url":"https:\/\/media.wd40.be\/app\/uploads\/2024\/08\/28114331\/FR-Motorad-ketting-reiniger.jpg","contentUrl":"https:\/\/media.wd40.be\/app\/uploads\/2024\/08\/28114331\/FR-Motorad-ketting-reiniger.jpg","width":1000,"height":1000},{"@type":"BreadcrumbList","@id":"https:\/\/wd40.be\/fr\/produit\/nettoyant-chaine-moto\/#breadcrumb","itemListElement":[{"@type":"ListItem","position":1,"name":"Home","item":"https:\/\/wd40.be\/fr\/"},{"@type":"ListItem","position":2,"name":"Produits","item":"https:\/\/wd40.be\/fr\/produit\/"},{"@type":"ListItem","position":3,"name":"WD-40 Specialist Moto","item":"https:\/\/wd40.be\/fr\/produits\/wd-40-specialist-moto\/"},{"@type":"ListItem","position":4,"name":"WD-40 Specialist&reg; Nettoyant Cha\u00eene Moto"}]},{"@type":"WebSite","@id":"https:\/\/wd40.be\/fr\/#website","url":"https:\/\/wd40.be\/fr\/","name":"WD-40 Belgi\u00eb","description":"WD-40 BE","publisher":{"@id":"https:\/\/wd40.be\/fr\/#organization"},"potentialAction":[{"@type":"SearchAction","target":{"@type":"EntryPoint","urlTemplate":"https:\/\/wd40.be\/fr\/?s={search_term_string}"},"query-input":{"@type":"PropertyValueSpecification","valueRequired":true,"valueName":"search_term_string"}}],"inLanguage":"fr-FR"},{"@type":"Organization","@id":"https:\/\/wd40.be\/fr\/#organization","name":"WD-40 Belgi\u00eb","url":"https:\/\/wd40.be\/fr\/","logo":{"@type":"ImageObject","inLanguage":"fr-FR","@id":"https:\/\/wd40.be\/fr\/#\/schema\/logo\/image\/","url":"https:\/\/media.wd40.be\/app\/uploads\/2021\/03\/27082226\/WD40_social_media_1024x1024-1.png","contentUrl":"https:\/\/media.wd40.be\/app\/uploads\/2021\/03\/27082226\/WD40_social_media_1024x1024-1.png","width":1024,"height":1024,"caption":"WD-40 Belgi\u00eb"},"image":{"@id":"https:\/\/wd40.be\/fr\/#\/schema\/logo\/image\/"}}]}},"yoast-key-phrase":"nettoyant cha\u00eene moto","yoast-key-phrase-score":"59","yoast-readability":"90","_links":{"self":[{"href":"https:\/\/wd40.be\/fr\/wp-json\/wp\/v2\/product\/15367","targetHints":{"allow":["GET"]}}],"collection":[{"href":"https:\/\/wd40.be\/fr\/wp-json\/wp\/v2\/product"}],"about":[{"href":"https:\/\/wd40.be\/fr\/wp-json\/wp\/v2\/types\/product"}],"replies":[{"embeddable":true,"href":"https:\/\/wd40.be\/fr\/wp-json\/wp\/v2\/comments?post=15367"}],"version-history":[{"count":3,"href":"https:\/\/wd40.be\/fr\/wp-json\/wp\/v2\/product\/15367\/revisions"}],"predecessor-version":[{"id":18875,"href":"https:\/\/wd40.be\/fr\/wp-json\/wp\/v2\/product\/15367\/revisions\/18875"}],"wp:featuredmedia":[{"embeddable":true,"href":"https:\/\/wd40.be\/fr\/wp-json\/wp\/v2\/media\/18761"}],"wp:attachment":[{"href":"https:\/\/wd40.be\/fr\/wp-json\/wp\/v2\/media?parent=15367"}],"wp:term":[{"taxonomy":"product_category","embeddable":true,"href":"https:\/\/wd40.be\/fr\/wp-json\/wp\/v2\/product_category?post=15367"},{"taxonomy":"product_tag","embeddable":true,"href":"https:\/\/wd40.be\/fr\/wp-json\/wp\/v2\/product_tag?post=15367"}],"curies":[{"name":"wp","href":"https:\/\/api.w.org\/{rel}","templated":true}]}}