{"id":11285,"date":"2022-02-16T17:06:28","date_gmt":"2022-02-16T16:06:28","guid":{"rendered":"https:\/\/wd40.be\/?post_type=product&#038;p=11285"},"modified":"2024-12-06T10:08:07","modified_gmt":"2024-12-06T09:08:07","slug":"lustreur-silicone-moto","status":"publish","type":"product","link":"https:\/\/wd40.be\/fr\/produit\/lustreur-silicone-moto\/","title":{"rendered":"WD-40 Specialist<sub class=\"registration-mark\">&reg;<\/sub> Lustreur Silicone Moto"},"content":{"rendered":"<p><span style=\"text-decoration: underline\"><strong>CE PRODUIT N&#8217;EST PLUS DISPONIBLE<\/strong><\/span><\/p>\n<p>Le Lustreur Silicone WD-40 Specialist Moto est un polish au parfum l\u00e9ger et fruit\u00e9 pour les surfaces de v\u00e9hicules non poreuses, int\u00e9rieures ou ext\u00e9rieures. Peut \u00e9galement \u00eatre utilis\u00e9 comme lubrifiant l\u00e9ger pour les pi\u00e8ces en m\u00e9tal, en plastique et en caoutchouc.<\/p>\n<p><strong>Conseils d\u2019utilisation :<\/strong><\/p>\n<p>Bien secouer avant utilisation. Appliquez \u00e0 une distance de 10 \u00e0 20 cm et essuyez la surface avec un chiffon doux. Pour \u00e9viter les exc\u00e8s, ce produit peut \u00eatre appliqu\u00e9 directement sur un chiffon.<\/p>\n<p>Attention : Non adapt\u00e9 pour les surfaces ou rev\u00eatements mats. Bien prot\u00e9ger ces zones avant d\u2019utiliser le produit.<\/p>\n","protected":false},"excerpt":{"rendered":"<p>Le Lustreur Silicone WD-40 Specialist Moto est un polish au parfum l\u00e9ger et fruit\u00e9 pour les surfaces de v\u00e9hicules non poreuses, int\u00e9rieures ou ext\u00e9rieures. <\/p>\n","protected":false},"featured_media":18773,"comment_status":"open","ping_status":"closed","template":"","product_category":[336],"product_tag":[],"class_list":["post-11285","product","type-product","status-publish","has-post-thumbnail","hentry","product_category-wd-40-specialist-moto"],"acf":[],"title_raw":"WD-40 Specialist Lustreur Silicone Moto","yoast_head":"<!-- This site is optimized with the Yoast SEO Premium plugin v27.3 (Yoast SEO v27.3) - https:\/\/yoast.com\/product\/yoast-seo-premium-wordpress\/ -->\n<title>WD-40 Specialist Lustreur Silicone Moto - WD-40 Belgi\u00eb<\/title>\n<meta name=\"description\" content=\"Le Lustreur Silicone WD-40 Specialist Moto est un polish au parfum l\u00e9ger et fruit\u00e9 pour les surfaces de v\u00e9hicules non poreuses, int\u00e9rieures ou ext\u00e9rieures.\" \/>\n<meta name=\"robots\" content=\"index, follow, max-snippet:-1, max-image-preview:large, max-video-preview:-1\" \/>\n<link rel=\"canonical\" href=\"https:\/\/wd40.be\/fr\/produit\/lustreur-silicone-moto\/\" \/>\n<meta property=\"og:locale\" content=\"fr_FR\" \/>\n<meta property=\"og:type\" content=\"article\" \/>\n<meta property=\"og:title\" content=\"WD-40 Specialist Lustreur Silicone Moto\" \/>\n<meta property=\"og:description\" content=\"Le Lustreur Silicone WD-40 Specialist Moto est un polish au parfum l\u00e9ger et fruit\u00e9 pour les surfaces de v\u00e9hicules non poreuses, int\u00e9rieures ou ext\u00e9rieures.\" \/>\n<meta property=\"og:url\" content=\"https:\/\/wd40.be\/fr\/produit\/lustreur-silicone-moto\/\" \/>\n<meta property=\"og:site_name\" content=\"WD-40 Belgi\u00eb\" \/>\n<meta property=\"article:modified_time\" content=\"2024-12-06T09:08:07+00:00\" \/>\n<meta property=\"og:image\" content=\"https:\/\/media.wd40.be\/app\/uploads\/2024\/08\/28114346\/FR-Motorad-silkion-.jpg\" \/>\n\t<meta property=\"og:image:width\" content=\"1000\" \/>\n\t<meta property=\"og:image:height\" content=\"1000\" \/>\n\t<meta property=\"og:image:type\" content=\"image\/jpeg\" \/>\n<meta name=\"twitter:card\" content=\"summary_large_image\" \/>\n<script type=\"application\/ld+json\" class=\"yoast-schema-graph\">{\"@context\":\"https:\\\/\\\/schema.org\",\"@graph\":[[],{\"@type\":\"ImageObject\",\"inLanguage\":\"fr-FR\",\"@id\":\"https:\\\/\\\/wd40.be\\\/fr\\\/produit\\\/lustreur-silicone-moto\\\/#primaryimage\",\"url\":\"https:\\\/\\\/media.wd40.be\\\/app\\\/uploads\\\/2024\\\/08\\\/28114346\\\/FR-Motorad-silkion-.jpg\",\"contentUrl\":\"https:\\\/\\\/media.wd40.be\\\/app\\\/uploads\\\/2024\\\/08\\\/28114346\\\/FR-Motorad-silkion-.jpg\",\"width\":1000,\"height\":1000},{\"@type\":\"BreadcrumbList\",\"@id\":\"https:\\\/\\\/wd40.be\\\/fr\\\/produit\\\/lustreur-silicone-moto\\\/#breadcrumb\",\"itemListElement\":[{\"@type\":\"ListItem\",\"position\":1,\"name\":\"Home\",\"item\":\"https:\\\/\\\/wd40.be\\\/fr\\\/\"},{\"@type\":\"ListItem\",\"position\":2,\"name\":\"Produits\",\"item\":\"https:\\\/\\\/wd40.be\\\/fr\\\/produit\\\/\"},{\"@type\":\"ListItem\",\"position\":3,\"name\":\"WD-40 Specialist Moto\",\"item\":\"https:\\\/\\\/wd40.be\\\/fr\\\/produits\\\/wd-40-specialist-moto\\\/\"},{\"@type\":\"ListItem\",\"position\":4,\"name\":\"WD-40 Specialist&reg; Lustreur Silicone Moto\"}]},{\"@type\":\"WebSite\",\"@id\":\"https:\\\/\\\/wd40.be\\\/fr\\\/#website\",\"url\":\"https:\\\/\\\/wd40.be\\\/fr\\\/\",\"name\":\"WD-40 Belgi\u00eb\",\"description\":\"WD-40 BE\",\"publisher\":{\"@id\":\"https:\\\/\\\/wd40.be\\\/fr\\\/#organization\"},\"potentialAction\":[{\"@type\":\"SearchAction\",\"target\":{\"@type\":\"EntryPoint\",\"urlTemplate\":\"https:\\\/\\\/wd40.be\\\/fr\\\/?s={search_term_string}\"},\"query-input\":{\"@type\":\"PropertyValueSpecification\",\"valueRequired\":true,\"valueName\":\"search_term_string\"}}],\"inLanguage\":\"fr-FR\"},{\"@type\":\"Organization\",\"@id\":\"https:\\\/\\\/wd40.be\\\/fr\\\/#organization\",\"name\":\"WD-40 Belgi\u00eb\",\"url\":\"https:\\\/\\\/wd40.be\\\/fr\\\/\",\"logo\":{\"@type\":\"ImageObject\",\"inLanguage\":\"fr-FR\",\"@id\":\"https:\\\/\\\/wd40.be\\\/fr\\\/#\\\/schema\\\/logo\\\/image\\\/\",\"url\":\"https:\\\/\\\/media.wd40.be\\\/app\\\/uploads\\\/2021\\\/03\\\/27082226\\\/WD40_social_media_1024x1024-1.png\",\"contentUrl\":\"https:\\\/\\\/media.wd40.be\\\/app\\\/uploads\\\/2021\\\/03\\\/27082226\\\/WD40_social_media_1024x1024-1.png\",\"width\":1024,\"height\":1024,\"caption\":\"WD-40 Belgi\u00eb\"},\"image\":{\"@id\":\"https:\\\/\\\/wd40.be\\\/fr\\\/#\\\/schema\\\/logo\\\/image\\\/\"}}]}<\/script>\n<!-- \/ Yoast SEO Premium plugin. -->","yoast_head_json":{"title":"WD-40 Specialist Lustreur Silicone Moto - WD-40 Belgi\u00eb","description":"Le Lustreur Silicone WD-40 Specialist Moto est un polish au parfum l\u00e9ger et fruit\u00e9 pour les surfaces de v\u00e9hicules non poreuses, int\u00e9rieures ou ext\u00e9rieures.","robots":{"index":"index","follow":"follow","max-snippet":"max-snippet:-1","max-image-preview":"max-image-preview:large","max-video-preview":"max-video-preview:-1"},"canonical":"https:\/\/wd40.be\/fr\/produit\/lustreur-silicone-moto\/","og_locale":"fr_FR","og_type":"article","og_title":"WD-40 Specialist Lustreur Silicone Moto","og_description":"Le Lustreur Silicone WD-40 Specialist Moto est un polish au parfum l\u00e9ger et fruit\u00e9 pour les surfaces de v\u00e9hicules non poreuses, int\u00e9rieures ou ext\u00e9rieures.","og_url":"https:\/\/wd40.be\/fr\/produit\/lustreur-silicone-moto\/","og_site_name":"WD-40 Belgi\u00eb","article_modified_time":"2024-12-06T09:08:07+00:00","og_image":[{"width":1000,"height":1000,"url":"https:\/\/media.wd40.be\/app\/uploads\/2024\/08\/28114346\/FR-Motorad-silkion-.jpg","type":"image\/jpeg"}],"twitter_card":"summary_large_image","schema":{"@context":"https:\/\/schema.org","@graph":[[],{"@type":"ImageObject","inLanguage":"fr-FR","@id":"https:\/\/wd40.be\/fr\/produit\/lustreur-silicone-moto\/#primaryimage","url":"https:\/\/media.wd40.be\/app\/uploads\/2024\/08\/28114346\/FR-Motorad-silkion-.jpg","contentUrl":"https:\/\/media.wd40.be\/app\/uploads\/2024\/08\/28114346\/FR-Motorad-silkion-.jpg","width":1000,"height":1000},{"@type":"BreadcrumbList","@id":"https:\/\/wd40.be\/fr\/produit\/lustreur-silicone-moto\/#breadcrumb","itemListElement":[{"@type":"ListItem","position":1,"name":"Home","item":"https:\/\/wd40.be\/fr\/"},{"@type":"ListItem","position":2,"name":"Produits","item":"https:\/\/wd40.be\/fr\/produit\/"},{"@type":"ListItem","position":3,"name":"WD-40 Specialist Moto","item":"https:\/\/wd40.be\/fr\/produits\/wd-40-specialist-moto\/"},{"@type":"ListItem","position":4,"name":"WD-40 Specialist&reg; Lustreur Silicone Moto"}]},{"@type":"WebSite","@id":"https:\/\/wd40.be\/fr\/#website","url":"https:\/\/wd40.be\/fr\/","name":"WD-40 Belgi\u00eb","description":"WD-40 BE","publisher":{"@id":"https:\/\/wd40.be\/fr\/#organization"},"potentialAction":[{"@type":"SearchAction","target":{"@type":"EntryPoint","urlTemplate":"https:\/\/wd40.be\/fr\/?s={search_term_string}"},"query-input":{"@type":"PropertyValueSpecification","valueRequired":true,"valueName":"search_term_string"}}],"inLanguage":"fr-FR"},{"@type":"Organization","@id":"https:\/\/wd40.be\/fr\/#organization","name":"WD-40 Belgi\u00eb","url":"https:\/\/wd40.be\/fr\/","logo":{"@type":"ImageObject","inLanguage":"fr-FR","@id":"https:\/\/wd40.be\/fr\/#\/schema\/logo\/image\/","url":"https:\/\/media.wd40.be\/app\/uploads\/2021\/03\/27082226\/WD40_social_media_1024x1024-1.png","contentUrl":"https:\/\/media.wd40.be\/app\/uploads\/2021\/03\/27082226\/WD40_social_media_1024x1024-1.png","width":1024,"height":1024,"caption":"WD-40 Belgi\u00eb"},"image":{"@id":"https:\/\/wd40.be\/fr\/#\/schema\/logo\/image\/"}}]}},"yoast-key-phrase":"WD-40 Specialist Lustreur Silicone Moto","yoast-key-phrase-score":"48","yoast-readability":"90","_links":{"self":[{"href":"https:\/\/wd40.be\/fr\/wp-json\/wp\/v2\/product\/11285","targetHints":{"allow":["GET"]}}],"collection":[{"href":"https:\/\/wd40.be\/fr\/wp-json\/wp\/v2\/product"}],"about":[{"href":"https:\/\/wd40.be\/fr\/wp-json\/wp\/v2\/types\/product"}],"replies":[{"embeddable":true,"href":"https:\/\/wd40.be\/fr\/wp-json\/wp\/v2\/comments?post=11285"}],"version-history":[{"count":2,"href":"https:\/\/wd40.be\/fr\/wp-json\/wp\/v2\/product\/11285\/revisions"}],"predecessor-version":[{"id":18870,"href":"https:\/\/wd40.be\/fr\/wp-json\/wp\/v2\/product\/11285\/revisions\/18870"}],"wp:featuredmedia":[{"embeddable":true,"href":"https:\/\/wd40.be\/fr\/wp-json\/wp\/v2\/media\/18773"}],"wp:attachment":[{"href":"https:\/\/wd40.be\/fr\/wp-json\/wp\/v2\/media?parent=11285"}],"wp:term":[{"taxonomy":"product_category","embeddable":true,"href":"https:\/\/wd40.be\/fr\/wp-json\/wp\/v2\/product_category?post=11285"},{"taxonomy":"product_tag","embeddable":true,"href":"https:\/\/wd40.be\/fr\/wp-json\/wp\/v2\/product_tag?post=11285"}],"curies":[{"name":"wp","href":"https:\/\/api.w.org\/{rel}","templated":true}]}}