{"id":11283,"date":"2022-02-16T16:58:15","date_gmt":"2022-02-16T15:58:15","guid":{"rendered":"https:\/\/wd40.be\/?post_type=product&#038;p=11283"},"modified":"2025-07-15T16:19:33","modified_gmt":"2025-07-15T14:19:33","slug":"nettoyant-moto","status":"publish","type":"product","link":"https:\/\/wd40.be\/fr\/produit\/nettoyant-moto\/","title":{"rendered":"WD-40 Specialist<sub class=\"registration-mark\">&reg;<\/sub> Nettoyant Moto"},"content":{"rendered":"<p><span style=\"text-decoration: underline\"><strong>CE PRODUIT N&#8217;EST PLUS DISPONIBLE<\/strong><\/span><\/p>\n<p>Le Nettoyant Complet WD-40 Specialist Moto est un nettoyant multifonction con\u00e7u pour \u00e9liminer rapidement la pellicule de gaz d\u2019\u00e9chappement, de poussi\u00e8re et de crasse. Cette formule permet une excellente finition et peut \u00eatre utilis\u00e9e sur la peinture, le plastique, le caoutchouc, l\u2019aluminium, le chrome, la fibre de carbone et les plaquettes de frein. En bref, sur toute la moto !<\/p>\n<p><strong>Conseils d\u2019utilisation :<\/strong><\/p>\n<p>Mouillez la moto \u00e0 l\u2019eau. Appliquez le produit g\u00e9n\u00e9reusement sur toutes les parties souill\u00e9es. Laissez agir pendant 3 \u00e0 5 minutes, puis rincer abondamment avec de l\u2019eau propre. Ne laissez jamais ce produit s\u00e9cher sur la surface car il pourrait la t\u00e2cher.<br \/>\nNe pas utiliser sur les surfaces particuli\u00e8rement sensibles aux produits alcalins, sans avoir test\u00e9 au pr\u00e9alable le produit sur une petite surface.<\/p>\n","protected":false},"excerpt":{"rendered":"<p>Le Nettoyant Complet WD-40 Specialist Moto est un nettoyant multifonction con\u00e7u pour \u00e9liminer rapidement la pellicule de gaz d\u2019\u00e9chappement, de poussi\u00e8re et de crasse.<\/p>\n","protected":false},"featured_media":18779,"comment_status":"open","ping_status":"closed","template":"","product_category":[336],"product_tag":[],"class_list":["post-11283","product","type-product","status-publish","has-post-thumbnail","hentry","product_category-wd-40-specialist-moto"],"acf":[],"title_raw":"WD-40 Specialist Nettoyant Moto","yoast_head":"<!-- This site is optimized with the Yoast SEO Premium plugin v27.3 (Yoast SEO v27.3) - https:\/\/yoast.com\/product\/yoast-seo-premium-wordpress\/ -->\n<title>WD-40 Specialist Nettoyant Moto - WD-40 Belgi\u00eb<\/title>\n<meta name=\"description\" content=\"Le Nettoyant Complet WD-40 Specialist Moto est un nettoyant multifonction con\u00e7u pour \u00e9liminer rapidement la pellicule de gaz d\u2019\u00e9chappement, de poussi\u00e8re et de crasse.\" \/>\n<meta name=\"robots\" content=\"index, follow, max-snippet:-1, max-image-preview:large, max-video-preview:-1\" \/>\n<link rel=\"canonical\" href=\"https:\/\/wd40.be\/fr\/produit\/nettoyant-moto\/\" \/>\n<meta property=\"og:locale\" content=\"fr_FR\" \/>\n<meta property=\"og:type\" content=\"article\" \/>\n<meta property=\"og:title\" content=\"WD-40 Specialist Nettoyant Moto\" \/>\n<meta property=\"og:description\" content=\"Le Nettoyant Complet WD-40 Specialist Moto est un nettoyant multifonction con\u00e7u pour \u00e9liminer rapidement la pellicule de gaz d\u2019\u00e9chappement, de poussi\u00e8re et de crasse.\" \/>\n<meta property=\"og:url\" content=\"https:\/\/wd40.be\/fr\/produit\/nettoyant-moto\/\" \/>\n<meta property=\"og:site_name\" content=\"WD-40 Belgi\u00eb\" \/>\n<meta property=\"article:modified_time\" content=\"2025-07-15T14:19:33+00:00\" \/>\n<meta property=\"og:image\" content=\"https:\/\/media.wd40.be\/app\/uploads\/2024\/08\/28114354\/FR-Motorad.jpg\" \/>\n\t<meta property=\"og:image:width\" content=\"1000\" \/>\n\t<meta property=\"og:image:height\" content=\"1000\" \/>\n\t<meta property=\"og:image:type\" content=\"image\/jpeg\" \/>\n<meta name=\"twitter:card\" content=\"summary_large_image\" \/>\n<script type=\"application\/ld+json\" class=\"yoast-schema-graph\">{\"@context\":\"https:\\\/\\\/schema.org\",\"@graph\":[[],{\"@type\":\"ImageObject\",\"inLanguage\":\"fr-FR\",\"@id\":\"https:\\\/\\\/wd40.be\\\/fr\\\/produit\\\/nettoyant-moto\\\/#primaryimage\",\"url\":\"https:\\\/\\\/media.wd40.be\\\/app\\\/uploads\\\/2024\\\/08\\\/28114354\\\/FR-Motorad.jpg\",\"contentUrl\":\"https:\\\/\\\/media.wd40.be\\\/app\\\/uploads\\\/2024\\\/08\\\/28114354\\\/FR-Motorad.jpg\",\"width\":1000,\"height\":1000},{\"@type\":\"BreadcrumbList\",\"@id\":\"https:\\\/\\\/wd40.be\\\/fr\\\/produit\\\/nettoyant-moto\\\/#breadcrumb\",\"itemListElement\":[{\"@type\":\"ListItem\",\"position\":1,\"name\":\"Home\",\"item\":\"https:\\\/\\\/wd40.be\\\/fr\\\/\"},{\"@type\":\"ListItem\",\"position\":2,\"name\":\"Produits\",\"item\":\"https:\\\/\\\/wd40.be\\\/fr\\\/produit\\\/\"},{\"@type\":\"ListItem\",\"position\":3,\"name\":\"WD-40 Specialist Moto\",\"item\":\"https:\\\/\\\/wd40.be\\\/fr\\\/produits\\\/wd-40-specialist-moto\\\/\"},{\"@type\":\"ListItem\",\"position\":4,\"name\":\"WD-40 Specialist Nettoyant Moto\"}]},{\"@type\":\"WebSite\",\"@id\":\"https:\\\/\\\/wd40.be\\\/fr\\\/#website\",\"url\":\"https:\\\/\\\/wd40.be\\\/fr\\\/\",\"name\":\"WD-40 Belgi\u00eb\",\"description\":\"WD-40 BE\",\"publisher\":{\"@id\":\"https:\\\/\\\/wd40.be\\\/fr\\\/#organization\"},\"potentialAction\":[{\"@type\":\"SearchAction\",\"target\":{\"@type\":\"EntryPoint\",\"urlTemplate\":\"https:\\\/\\\/wd40.be\\\/fr\\\/?s={search_term_string}\"},\"query-input\":{\"@type\":\"PropertyValueSpecification\",\"valueRequired\":true,\"valueName\":\"search_term_string\"}}],\"inLanguage\":\"fr-FR\"},{\"@type\":\"Organization\",\"@id\":\"https:\\\/\\\/wd40.be\\\/fr\\\/#organization\",\"name\":\"WD-40 Belgi\u00eb\",\"url\":\"https:\\\/\\\/wd40.be\\\/fr\\\/\",\"logo\":{\"@type\":\"ImageObject\",\"inLanguage\":\"fr-FR\",\"@id\":\"https:\\\/\\\/wd40.be\\\/fr\\\/#\\\/schema\\\/logo\\\/image\\\/\",\"url\":\"https:\\\/\\\/media.wd40.be\\\/app\\\/uploads\\\/2021\\\/03\\\/27082226\\\/WD40_social_media_1024x1024-1.png\",\"contentUrl\":\"https:\\\/\\\/media.wd40.be\\\/app\\\/uploads\\\/2021\\\/03\\\/27082226\\\/WD40_social_media_1024x1024-1.png\",\"width\":1024,\"height\":1024,\"caption\":\"WD-40 Belgi\u00eb\"},\"image\":{\"@id\":\"https:\\\/\\\/wd40.be\\\/fr\\\/#\\\/schema\\\/logo\\\/image\\\/\"}}]}<\/script>\n<!-- \/ Yoast SEO Premium plugin. -->","yoast_head_json":{"title":"WD-40 Specialist Nettoyant Moto - WD-40 Belgi\u00eb","description":"Le Nettoyant Complet WD-40 Specialist Moto est un nettoyant multifonction con\u00e7u pour \u00e9liminer rapidement la pellicule de gaz d\u2019\u00e9chappement, de poussi\u00e8re et de crasse.","robots":{"index":"index","follow":"follow","max-snippet":"max-snippet:-1","max-image-preview":"max-image-preview:large","max-video-preview":"max-video-preview:-1"},"canonical":"https:\/\/wd40.be\/fr\/produit\/nettoyant-moto\/","og_locale":"fr_FR","og_type":"article","og_title":"WD-40 Specialist Nettoyant Moto","og_description":"Le Nettoyant Complet WD-40 Specialist Moto est un nettoyant multifonction con\u00e7u pour \u00e9liminer rapidement la pellicule de gaz d\u2019\u00e9chappement, de poussi\u00e8re et de crasse.","og_url":"https:\/\/wd40.be\/fr\/produit\/nettoyant-moto\/","og_site_name":"WD-40 Belgi\u00eb","article_modified_time":"2025-07-15T14:19:33+00:00","og_image":[{"width":1000,"height":1000,"url":"https:\/\/media.wd40.be\/app\/uploads\/2024\/08\/28114354\/FR-Motorad.jpg","type":"image\/jpeg"}],"twitter_card":"summary_large_image","schema":{"@context":"https:\/\/schema.org","@graph":[[],{"@type":"ImageObject","inLanguage":"fr-FR","@id":"https:\/\/wd40.be\/fr\/produit\/nettoyant-moto\/#primaryimage","url":"https:\/\/media.wd40.be\/app\/uploads\/2024\/08\/28114354\/FR-Motorad.jpg","contentUrl":"https:\/\/media.wd40.be\/app\/uploads\/2024\/08\/28114354\/FR-Motorad.jpg","width":1000,"height":1000},{"@type":"BreadcrumbList","@id":"https:\/\/wd40.be\/fr\/produit\/nettoyant-moto\/#breadcrumb","itemListElement":[{"@type":"ListItem","position":1,"name":"Home","item":"https:\/\/wd40.be\/fr\/"},{"@type":"ListItem","position":2,"name":"Produits","item":"https:\/\/wd40.be\/fr\/produit\/"},{"@type":"ListItem","position":3,"name":"WD-40 Specialist Moto","item":"https:\/\/wd40.be\/fr\/produits\/wd-40-specialist-moto\/"},{"@type":"ListItem","position":4,"name":"WD-40 Specialist Nettoyant Moto"}]},{"@type":"WebSite","@id":"https:\/\/wd40.be\/fr\/#website","url":"https:\/\/wd40.be\/fr\/","name":"WD-40 Belgi\u00eb","description":"WD-40 BE","publisher":{"@id":"https:\/\/wd40.be\/fr\/#organization"},"potentialAction":[{"@type":"SearchAction","target":{"@type":"EntryPoint","urlTemplate":"https:\/\/wd40.be\/fr\/?s={search_term_string}"},"query-input":{"@type":"PropertyValueSpecification","valueRequired":true,"valueName":"search_term_string"}}],"inLanguage":"fr-FR"},{"@type":"Organization","@id":"https:\/\/wd40.be\/fr\/#organization","name":"WD-40 Belgi\u00eb","url":"https:\/\/wd40.be\/fr\/","logo":{"@type":"ImageObject","inLanguage":"fr-FR","@id":"https:\/\/wd40.be\/fr\/#\/schema\/logo\/image\/","url":"https:\/\/media.wd40.be\/app\/uploads\/2021\/03\/27082226\/WD40_social_media_1024x1024-1.png","contentUrl":"https:\/\/media.wd40.be\/app\/uploads\/2021\/03\/27082226\/WD40_social_media_1024x1024-1.png","width":1024,"height":1024,"caption":"WD-40 Belgi\u00eb"},"image":{"@id":"https:\/\/wd40.be\/fr\/#\/schema\/logo\/image\/"}}]}},"yoast-key-phrase":"WD-40 Specialist Nettoyant Moto","yoast-key-phrase-score":"61","yoast-readability":"90","_links":{"self":[{"href":"https:\/\/wd40.be\/fr\/wp-json\/wp\/v2\/product\/11283","targetHints":{"allow":["GET"]}}],"collection":[{"href":"https:\/\/wd40.be\/fr\/wp-json\/wp\/v2\/product"}],"about":[{"href":"https:\/\/wd40.be\/fr\/wp-json\/wp\/v2\/types\/product"}],"replies":[{"embeddable":true,"href":"https:\/\/wd40.be\/fr\/wp-json\/wp\/v2\/comments?post=11283"}],"version-history":[{"count":3,"href":"https:\/\/wd40.be\/fr\/wp-json\/wp\/v2\/product\/11283\/revisions"}],"predecessor-version":[{"id":19398,"href":"https:\/\/wd40.be\/fr\/wp-json\/wp\/v2\/product\/11283\/revisions\/19398"}],"wp:featuredmedia":[{"embeddable":true,"href":"https:\/\/wd40.be\/fr\/wp-json\/wp\/v2\/media\/18779"}],"wp:attachment":[{"href":"https:\/\/wd40.be\/fr\/wp-json\/wp\/v2\/media?parent=11283"}],"wp:term":[{"taxonomy":"product_category","embeddable":true,"href":"https:\/\/wd40.be\/fr\/wp-json\/wp\/v2\/product_category?post=11283"},{"taxonomy":"product_tag","embeddable":true,"href":"https:\/\/wd40.be\/fr\/wp-json\/wp\/v2\/product_tag?post=11283"}],"curies":[{"name":"wp","href":"https:\/\/api.w.org\/{rel}","templated":true}]}}