{"id":11282,"date":"2022-02-16T17:00:20","date_gmt":"2022-02-16T16:00:20","guid":{"rendered":"https:\/\/wd40.be\/?post_type=product&#038;p=11282"},"modified":"2024-12-06T10:08:09","modified_gmt":"2024-12-06T09:08:09","slug":"nettoyant-freins-moto","status":"publish","type":"product","link":"https:\/\/wd40.be\/fr\/produit\/nettoyant-freins-moto\/","title":{"rendered":"WD-40 Specialist<sub class=\"registration-mark\">&reg;<\/sub> Nettoyant Freins Moto"},"content":{"rendered":"<p><span style=\"text-decoration: underline\"><strong>CE PRODUIT N&#8217;EST PLUS DISPONIBLE<\/strong><\/span><\/p>\n<p>Le Nettoyant Freins WD-40 Specialist Moto est con\u00e7u pour \u00e9liminer rapidement des freins et des syst\u00e8mes d\u2019embrayage la poussi\u00e8re, la salet\u00e9, l\u2019huile et le liquide de frein. Sa formule \u00e0 action rapide s\u00e8che en quelques minutes et ne laisse pas de r\u00e9sidus. Un nettoyage r\u00e9gulier aide \u00e0 prolonger la dur\u00e9e de vie des disques et des plaquettes de frein.<\/p>\n<p><strong>Conseils d\u2019utilisation :<\/strong><\/p>\n<p>Placez une cuvette d\u2019\u00e9gouttage sous la zone de travail. Pulv\u00e9risez g\u00e9n\u00e9reusement sur la surface \u00e0 traiter et laissez le liquide contamin\u00e9 s\u2019\u00e9goutter dans la cuvette. Passer une brosse peut faciliter l\u2019\u00e9limination si la contamination est importante ou difficile \u00e0 supprimer. Retirez le produit en exc\u00e8s avec un chiffon doux absorbant. Testez syst\u00e9matiquement le fonctionnement des freins apr\u00e8s le nettoyage. Avant d\u2019utiliser sur des plastiques, assurez-vous que le produit est adapt\u00e9 en le testant sur une zone cach\u00e9e.<\/p>\n","protected":false},"excerpt":{"rendered":"<p>Le Nettoyant Freins WD-40 Specialist Moto est con\u00e7u pour \u00e9liminer rapidement des freins et des syst\u00e8mes d\u2019embrayage la poussi\u00e8re, la salet\u00e9, l\u2019huile et le liquide de frein.<\/p>\n","protected":false},"featured_media":18770,"comment_status":"open","ping_status":"closed","template":"","product_category":[336],"product_tag":[],"class_list":["post-11282","product","type-product","status-publish","has-post-thumbnail","hentry","product_category-wd-40-specialist-moto"],"acf":[],"title_raw":"WD-40 Specialist Nettoyant Freins Moto","yoast_head":"<!-- This site is optimized with the Yoast SEO Premium plugin v27.3 (Yoast SEO v27.3) - https:\/\/yoast.com\/product\/yoast-seo-premium-wordpress\/ -->\n<title>WD-40 Specialist Nettoyant Freins moto - WD-40 Belgi\u00eb<\/title>\n<meta name=\"description\" content=\"Le Nettoyant Freins WD-40 Specialist Moto est con\u00e7u pour \u00e9liminer rapidement des freins et des syst\u00e8mes d\u2019embrayage la poussi\u00e8re, la salet\u00e9, l\u2019huile et le liquide de frein.\" \/>\n<meta name=\"robots\" content=\"index, follow, max-snippet:-1, max-image-preview:large, max-video-preview:-1\" \/>\n<link rel=\"canonical\" href=\"https:\/\/wd40.be\/fr\/produit\/nettoyant-freins-moto\/\" \/>\n<meta property=\"og:locale\" content=\"fr_FR\" \/>\n<meta property=\"og:type\" content=\"article\" \/>\n<meta property=\"og:title\" content=\"WD-40 Specialist Nettoyant Freins Moto\" \/>\n<meta property=\"og:description\" content=\"Le Nettoyant Freins WD-40 Specialist Moto est con\u00e7u pour \u00e9liminer rapidement des freins et des syst\u00e8mes d\u2019embrayage la poussi\u00e8re, la salet\u00e9, l\u2019huile et le liquide de frein.\" \/>\n<meta property=\"og:url\" content=\"https:\/\/wd40.be\/fr\/produit\/nettoyant-freins-moto\/\" \/>\n<meta property=\"og:site_name\" content=\"WD-40 Belgi\u00eb\" \/>\n<meta property=\"article:modified_time\" content=\"2024-12-06T09:08:09+00:00\" \/>\n<meta property=\"og:image\" content=\"https:\/\/media.wd40.be\/app\/uploads\/2024\/08\/28114342\/FR-Motorad-Remmenreiniger.jpg\" \/>\n\t<meta property=\"og:image:width\" content=\"1000\" \/>\n\t<meta property=\"og:image:height\" content=\"1000\" \/>\n\t<meta property=\"og:image:type\" content=\"image\/jpeg\" \/>\n<meta name=\"twitter:card\" content=\"summary_large_image\" \/>\n<script type=\"application\/ld+json\" class=\"yoast-schema-graph\">{\"@context\":\"https:\\\/\\\/schema.org\",\"@graph\":[[],{\"@type\":\"ImageObject\",\"inLanguage\":\"fr-FR\",\"@id\":\"https:\\\/\\\/wd40.be\\\/fr\\\/produit\\\/nettoyant-freins-moto\\\/#primaryimage\",\"url\":\"https:\\\/\\\/media.wd40.be\\\/app\\\/uploads\\\/2024\\\/08\\\/28114342\\\/FR-Motorad-Remmenreiniger.jpg\",\"contentUrl\":\"https:\\\/\\\/media.wd40.be\\\/app\\\/uploads\\\/2024\\\/08\\\/28114342\\\/FR-Motorad-Remmenreiniger.jpg\",\"width\":1000,\"height\":1000},{\"@type\":\"BreadcrumbList\",\"@id\":\"https:\\\/\\\/wd40.be\\\/fr\\\/produit\\\/nettoyant-freins-moto\\\/#breadcrumb\",\"itemListElement\":[{\"@type\":\"ListItem\",\"position\":1,\"name\":\"Home\",\"item\":\"https:\\\/\\\/wd40.be\\\/fr\\\/\"},{\"@type\":\"ListItem\",\"position\":2,\"name\":\"Produits\",\"item\":\"https:\\\/\\\/wd40.be\\\/fr\\\/produit\\\/\"},{\"@type\":\"ListItem\",\"position\":3,\"name\":\"WD-40 Specialist Moto\",\"item\":\"https:\\\/\\\/wd40.be\\\/fr\\\/produits\\\/wd-40-specialist-moto\\\/\"},{\"@type\":\"ListItem\",\"position\":4,\"name\":\"WD-40 Specialist&reg; Nettoyant Freins Moto\"}]},{\"@type\":\"WebSite\",\"@id\":\"https:\\\/\\\/wd40.be\\\/fr\\\/#website\",\"url\":\"https:\\\/\\\/wd40.be\\\/fr\\\/\",\"name\":\"WD-40 Belgi\u00eb\",\"description\":\"WD-40 BE\",\"publisher\":{\"@id\":\"https:\\\/\\\/wd40.be\\\/fr\\\/#organization\"},\"potentialAction\":[{\"@type\":\"SearchAction\",\"target\":{\"@type\":\"EntryPoint\",\"urlTemplate\":\"https:\\\/\\\/wd40.be\\\/fr\\\/?s={search_term_string}\"},\"query-input\":{\"@type\":\"PropertyValueSpecification\",\"valueRequired\":true,\"valueName\":\"search_term_string\"}}],\"inLanguage\":\"fr-FR\"},{\"@type\":\"Organization\",\"@id\":\"https:\\\/\\\/wd40.be\\\/fr\\\/#organization\",\"name\":\"WD-40 Belgi\u00eb\",\"url\":\"https:\\\/\\\/wd40.be\\\/fr\\\/\",\"logo\":{\"@type\":\"ImageObject\",\"inLanguage\":\"fr-FR\",\"@id\":\"https:\\\/\\\/wd40.be\\\/fr\\\/#\\\/schema\\\/logo\\\/image\\\/\",\"url\":\"https:\\\/\\\/media.wd40.be\\\/app\\\/uploads\\\/2021\\\/03\\\/27082226\\\/WD40_social_media_1024x1024-1.png\",\"contentUrl\":\"https:\\\/\\\/media.wd40.be\\\/app\\\/uploads\\\/2021\\\/03\\\/27082226\\\/WD40_social_media_1024x1024-1.png\",\"width\":1024,\"height\":1024,\"caption\":\"WD-40 Belgi\u00eb\"},\"image\":{\"@id\":\"https:\\\/\\\/wd40.be\\\/fr\\\/#\\\/schema\\\/logo\\\/image\\\/\"}}]}<\/script>\n<!-- \/ Yoast SEO Premium plugin. -->","yoast_head_json":{"title":"WD-40 Specialist Nettoyant Freins moto - WD-40 Belgi\u00eb","description":"Le Nettoyant Freins WD-40 Specialist Moto est con\u00e7u pour \u00e9liminer rapidement des freins et des syst\u00e8mes d\u2019embrayage la poussi\u00e8re, la salet\u00e9, l\u2019huile et le liquide de frein.","robots":{"index":"index","follow":"follow","max-snippet":"max-snippet:-1","max-image-preview":"max-image-preview:large","max-video-preview":"max-video-preview:-1"},"canonical":"https:\/\/wd40.be\/fr\/produit\/nettoyant-freins-moto\/","og_locale":"fr_FR","og_type":"article","og_title":"WD-40 Specialist Nettoyant Freins Moto","og_description":"Le Nettoyant Freins WD-40 Specialist Moto est con\u00e7u pour \u00e9liminer rapidement des freins et des syst\u00e8mes d\u2019embrayage la poussi\u00e8re, la salet\u00e9, l\u2019huile et le liquide de frein.","og_url":"https:\/\/wd40.be\/fr\/produit\/nettoyant-freins-moto\/","og_site_name":"WD-40 Belgi\u00eb","article_modified_time":"2024-12-06T09:08:09+00:00","og_image":[{"width":1000,"height":1000,"url":"https:\/\/media.wd40.be\/app\/uploads\/2024\/08\/28114342\/FR-Motorad-Remmenreiniger.jpg","type":"image\/jpeg"}],"twitter_card":"summary_large_image","schema":{"@context":"https:\/\/schema.org","@graph":[[],{"@type":"ImageObject","inLanguage":"fr-FR","@id":"https:\/\/wd40.be\/fr\/produit\/nettoyant-freins-moto\/#primaryimage","url":"https:\/\/media.wd40.be\/app\/uploads\/2024\/08\/28114342\/FR-Motorad-Remmenreiniger.jpg","contentUrl":"https:\/\/media.wd40.be\/app\/uploads\/2024\/08\/28114342\/FR-Motorad-Remmenreiniger.jpg","width":1000,"height":1000},{"@type":"BreadcrumbList","@id":"https:\/\/wd40.be\/fr\/produit\/nettoyant-freins-moto\/#breadcrumb","itemListElement":[{"@type":"ListItem","position":1,"name":"Home","item":"https:\/\/wd40.be\/fr\/"},{"@type":"ListItem","position":2,"name":"Produits","item":"https:\/\/wd40.be\/fr\/produit\/"},{"@type":"ListItem","position":3,"name":"WD-40 Specialist Moto","item":"https:\/\/wd40.be\/fr\/produits\/wd-40-specialist-moto\/"},{"@type":"ListItem","position":4,"name":"WD-40 Specialist&reg; Nettoyant Freins Moto"}]},{"@type":"WebSite","@id":"https:\/\/wd40.be\/fr\/#website","url":"https:\/\/wd40.be\/fr\/","name":"WD-40 Belgi\u00eb","description":"WD-40 BE","publisher":{"@id":"https:\/\/wd40.be\/fr\/#organization"},"potentialAction":[{"@type":"SearchAction","target":{"@type":"EntryPoint","urlTemplate":"https:\/\/wd40.be\/fr\/?s={search_term_string}"},"query-input":{"@type":"PropertyValueSpecification","valueRequired":true,"valueName":"search_term_string"}}],"inLanguage":"fr-FR"},{"@type":"Organization","@id":"https:\/\/wd40.be\/fr\/#organization","name":"WD-40 Belgi\u00eb","url":"https:\/\/wd40.be\/fr\/","logo":{"@type":"ImageObject","inLanguage":"fr-FR","@id":"https:\/\/wd40.be\/fr\/#\/schema\/logo\/image\/","url":"https:\/\/media.wd40.be\/app\/uploads\/2021\/03\/27082226\/WD40_social_media_1024x1024-1.png","contentUrl":"https:\/\/media.wd40.be\/app\/uploads\/2021\/03\/27082226\/WD40_social_media_1024x1024-1.png","width":1024,"height":1024,"caption":"WD-40 Belgi\u00eb"},"image":{"@id":"https:\/\/wd40.be\/fr\/#\/schema\/logo\/image\/"}}]}},"yoast-key-phrase":"WD-40 Specialist Nettoyant Freins Moto","yoast-key-phrase-score":"50","yoast-readability":"90","_links":{"self":[{"href":"https:\/\/wd40.be\/fr\/wp-json\/wp\/v2\/product\/11282","targetHints":{"allow":["GET"]}}],"collection":[{"href":"https:\/\/wd40.be\/fr\/wp-json\/wp\/v2\/product"}],"about":[{"href":"https:\/\/wd40.be\/fr\/wp-json\/wp\/v2\/types\/product"}],"replies":[{"embeddable":true,"href":"https:\/\/wd40.be\/fr\/wp-json\/wp\/v2\/comments?post=11282"}],"version-history":[{"count":1,"href":"https:\/\/wd40.be\/fr\/wp-json\/wp\/v2\/product\/11282\/revisions"}],"predecessor-version":[{"id":18873,"href":"https:\/\/wd40.be\/fr\/wp-json\/wp\/v2\/product\/11282\/revisions\/18873"}],"wp:featuredmedia":[{"embeddable":true,"href":"https:\/\/wd40.be\/fr\/wp-json\/wp\/v2\/media\/18770"}],"wp:attachment":[{"href":"https:\/\/wd40.be\/fr\/wp-json\/wp\/v2\/media?parent=11282"}],"wp:term":[{"taxonomy":"product_category","embeddable":true,"href":"https:\/\/wd40.be\/fr\/wp-json\/wp\/v2\/product_category?post=11282"},{"taxonomy":"product_tag","embeddable":true,"href":"https:\/\/wd40.be\/fr\/wp-json\/wp\/v2\/product_tag?post=11282"}],"curies":[{"name":"wp","href":"https:\/\/api.w.org\/{rel}","templated":true}]}}