{"id":10223,"date":"2021-09-01T09:52:44","date_gmt":"2021-09-01T07:52:44","guid":{"rendered":"https:\/\/wd40.be\/product\/wd-40-specialist-spuitvet\/"},"modified":"2024-12-06T10:08:11","modified_gmt":"2024-12-06T09:08:11","slug":"wd-40-specialist-graisse-en-spray","status":"publish","type":"product","link":"https:\/\/wd40.be\/fr\/produit\/wd-40-specialist-graisse-en-spray\/","title":{"rendered":"WD-40 Specialist<sub class=\"registration-mark\">&reg;<\/sub> Graisse en Spray"},"content":{"rendered":"<p>La Graisse en Spray Longue Dur\u00e9e WD-40 Specialist est n\u00e9e de la formule du Produit Multifonction WD-40 combin\u00e9e avec des agents lubrifiants et des additifs anti-usure compatibles avec des pressions \u00e9lev\u00e9es. Gr\u00e2ce \u00e0 sa texture gel, elle offre une lubrification extr\u00eamement durable, id\u00e9ale pour supprimer grincements et points de friction, ainsi qu\u2019une excellente protection contre la corrosion et l\u2019oxydation. Sa forte adh\u00e9rence ainsi que ses capacit\u00e9s \u00e0 colmater font que le produit ne coule pas et r\u00e9siste \u00e0 l\u2019eau m\u00eame sur les surfaces verticales. Utilisable entre -20\u00b0C et +115\u00b0C, ce produit est particuli\u00e8rement recommand\u00e9 en conditions ext\u00e9rieures et lorsqu\u2019une application ult\u00e9rieure est rendue difficile par les conditions d\u2019acc\u00e8s \u00e0 la pi\u00e8ce.<\/p>\n<p>Son Spray Double Position permet une pulv\u00e9risation large lorsque le tube est abaiss\u00e9 et une application pr\u00e9cise lorsque le tube est relev\u00e9.<\/p>\n<p><strong>Conseils d\u2019utilisation :<\/strong><\/p>\n<p>Bien agiter le produit. Saturer la zone \u00e0 traiter et laisser p\u00e9n\u00e9trer. Pour des applications pr\u00e9cises, utiliser le tube prolongateur.<\/p>\n","protected":false},"excerpt":{"rendered":"<p>La Graisse en Spray Longue Dur\u00e9e WD-40 Specialist est n\u00e9e de la formule du Produit Multifonction WD-40. Gr\u00e2ce \u00e0 sa texture gel, elle offre une lubrification extr\u00eamement durable.<\/p>\n","protected":false},"featured_media":15107,"comment_status":"open","ping_status":"closed","template":"","product_category":[112],"product_tag":[],"class_list":["post-10223","product","type-product","status-publish","has-post-thumbnail","hentry","product_category-wd-40-specialist-fr"],"acf":[],"title_raw":"WD-40 Specialist Graisse en Spray","yoast_head":"<!-- This site is optimized with the Yoast SEO Premium plugin v27.6 (Yoast SEO v27.6) - https:\/\/yoast.com\/product\/yoast-seo-premium-wordpress\/ -->\n<title>WD-40 Specialist Graisse en Spray | Longue Dur\u00e9e &amp; Protection<\/title>\n<meta name=\"description\" content=\"La Graisse en Spray WD-40 Specialist est n\u00e9e de la formule du Produit Multifonction WD-40 combin\u00e9e avec des agents lubrifiants et des additifs\" \/>\n<meta name=\"robots\" content=\"index, follow, max-snippet:-1, max-image-preview:large, max-video-preview:-1\" \/>\n<link rel=\"canonical\" href=\"https:\/\/wd40.be\/fr\/produit\/wd-40-specialist-graisse-en-spray\/\" \/>\n<meta property=\"og:locale\" content=\"fr_FR\" \/>\n<meta property=\"og:type\" content=\"article\" \/>\n<meta property=\"og:title\" content=\"WD-40 Specialist Graisse en Spray\" \/>\n<meta property=\"og:description\" content=\"La Graisse en Spray WD-40 Specialist est n\u00e9e de la formule du Produit Multifonction WD-40 combin\u00e9e avec des agents lubrifiants et des additifs\" \/>\n<meta property=\"og:url\" content=\"https:\/\/wd40.be\/fr\/produit\/wd-40-specialist-graisse-en-spray\/\" \/>\n<meta property=\"og:site_name\" content=\"WD-40 Belgi\u00eb\" \/>\n<meta property=\"article:modified_time\" content=\"2024-12-06T09:08:11+00:00\" \/>\n<meta property=\"og:image\" content=\"https:\/\/media.wd40.be\/app\/uploads\/2021\/09\/30105505\/WD-40-Spuitvet-1.png\" \/>\n\t<meta property=\"og:image:width\" content=\"1000\" \/>\n\t<meta property=\"og:image:height\" content=\"1000\" \/>\n\t<meta property=\"og:image:type\" content=\"image\/png\" \/>\n<meta name=\"twitter:card\" content=\"summary_large_image\" \/>\n<script type=\"application\/ld+json\" class=\"yoast-schema-graph\">{\"@context\":\"https:\\\/\\\/schema.org\",\"@graph\":[[],{\"@type\":\"ImageObject\",\"inLanguage\":\"fr-FR\",\"@id\":\"https:\\\/\\\/wd40.be\\\/fr\\\/produit\\\/wd-40-specialist-graisse-en-spray\\\/#primaryimage\",\"url\":\"https:\\\/\\\/media.wd40.be\\\/app\\\/uploads\\\/2021\\\/09\\\/30105505\\\/WD-40-Spuitvet-1.png\",\"contentUrl\":\"https:\\\/\\\/media.wd40.be\\\/app\\\/uploads\\\/2021\\\/09\\\/30105505\\\/WD-40-Spuitvet-1.png\",\"width\":1000,\"height\":1000,\"caption\":\"wd 40 spuitvet\"},{\"@type\":\"BreadcrumbList\",\"@id\":\"https:\\\/\\\/wd40.be\\\/fr\\\/produit\\\/wd-40-specialist-graisse-en-spray\\\/#breadcrumb\",\"itemListElement\":[{\"@type\":\"ListItem\",\"position\":1,\"name\":\"Home\",\"item\":\"https:\\\/\\\/wd40.be\\\/fr\\\/\"},{\"@type\":\"ListItem\",\"position\":2,\"name\":\"Produits\",\"item\":\"https:\\\/\\\/wd40.be\\\/fr\\\/produit\\\/\"},{\"@type\":\"ListItem\",\"position\":3,\"name\":\"WD-40 SPECIALIST\",\"item\":\"https:\\\/\\\/wd40.be\\\/fr\\\/produits\\\/wd-40-specialist-fr\\\/\"},{\"@type\":\"ListItem\",\"position\":4,\"name\":\"WD-40 Specialist&reg; Graisse en Spray\"}]},{\"@type\":\"WebSite\",\"@id\":\"https:\\\/\\\/wd40.be\\\/fr\\\/#website\",\"url\":\"https:\\\/\\\/wd40.be\\\/fr\\\/\",\"name\":\"WD-40 Belgi\u00eb\",\"description\":\"WD-40 BE\",\"publisher\":{\"@id\":\"https:\\\/\\\/wd40.be\\\/fr\\\/#organization\"},\"potentialAction\":[{\"@type\":\"SearchAction\",\"target\":{\"@type\":\"EntryPoint\",\"urlTemplate\":\"https:\\\/\\\/wd40.be\\\/fr\\\/?s={search_term_string}\"},\"query-input\":{\"@type\":\"PropertyValueSpecification\",\"valueRequired\":true,\"valueName\":\"search_term_string\"}}],\"inLanguage\":\"fr-FR\"},{\"@type\":\"Organization\",\"@id\":\"https:\\\/\\\/wd40.be\\\/fr\\\/#organization\",\"name\":\"WD-40 Belgi\u00eb\",\"url\":\"https:\\\/\\\/wd40.be\\\/fr\\\/\",\"logo\":{\"@type\":\"ImageObject\",\"inLanguage\":\"fr-FR\",\"@id\":\"https:\\\/\\\/wd40.be\\\/fr\\\/#\\\/schema\\\/logo\\\/image\\\/\",\"url\":\"https:\\\/\\\/media.wd40.be\\\/app\\\/uploads\\\/2021\\\/03\\\/27082226\\\/WD40_social_media_1024x1024-1.png\",\"contentUrl\":\"https:\\\/\\\/media.wd40.be\\\/app\\\/uploads\\\/2021\\\/03\\\/27082226\\\/WD40_social_media_1024x1024-1.png\",\"width\":1024,\"height\":1024,\"caption\":\"WD-40 Belgi\u00eb\"},\"image\":{\"@id\":\"https:\\\/\\\/wd40.be\\\/fr\\\/#\\\/schema\\\/logo\\\/image\\\/\"}}]}<\/script>\n<!-- \/ Yoast SEO Premium plugin. -->","yoast_head_json":{"title":"WD-40 Specialist Graisse en Spray | Longue Dur\u00e9e & Protection","description":"La Graisse en Spray WD-40 Specialist est n\u00e9e de la formule du Produit Multifonction WD-40 combin\u00e9e avec des agents lubrifiants et des additifs","robots":{"index":"index","follow":"follow","max-snippet":"max-snippet:-1","max-image-preview":"max-image-preview:large","max-video-preview":"max-video-preview:-1"},"canonical":"https:\/\/wd40.be\/fr\/produit\/wd-40-specialist-graisse-en-spray\/","og_locale":"fr_FR","og_type":"article","og_title":"WD-40 Specialist Graisse en Spray","og_description":"La Graisse en Spray WD-40 Specialist est n\u00e9e de la formule du Produit Multifonction WD-40 combin\u00e9e avec des agents lubrifiants et des additifs","og_url":"https:\/\/wd40.be\/fr\/produit\/wd-40-specialist-graisse-en-spray\/","og_site_name":"WD-40 Belgi\u00eb","article_modified_time":"2024-12-06T09:08:11+00:00","og_image":[{"width":1000,"height":1000,"url":"https:\/\/media.wd40.be\/app\/uploads\/2021\/09\/30105505\/WD-40-Spuitvet-1.png","type":"image\/png"}],"twitter_card":"summary_large_image","schema":{"@context":"https:\/\/schema.org","@graph":[[],{"@type":"ImageObject","inLanguage":"fr-FR","@id":"https:\/\/wd40.be\/fr\/produit\/wd-40-specialist-graisse-en-spray\/#primaryimage","url":"https:\/\/media.wd40.be\/app\/uploads\/2021\/09\/30105505\/WD-40-Spuitvet-1.png","contentUrl":"https:\/\/media.wd40.be\/app\/uploads\/2021\/09\/30105505\/WD-40-Spuitvet-1.png","width":1000,"height":1000,"caption":"wd 40 spuitvet"},{"@type":"BreadcrumbList","@id":"https:\/\/wd40.be\/fr\/produit\/wd-40-specialist-graisse-en-spray\/#breadcrumb","itemListElement":[{"@type":"ListItem","position":1,"name":"Home","item":"https:\/\/wd40.be\/fr\/"},{"@type":"ListItem","position":2,"name":"Produits","item":"https:\/\/wd40.be\/fr\/produit\/"},{"@type":"ListItem","position":3,"name":"WD-40 SPECIALIST","item":"https:\/\/wd40.be\/fr\/produits\/wd-40-specialist-fr\/"},{"@type":"ListItem","position":4,"name":"WD-40 Specialist&reg; Graisse en Spray"}]},{"@type":"WebSite","@id":"https:\/\/wd40.be\/fr\/#website","url":"https:\/\/wd40.be\/fr\/","name":"WD-40 Belgi\u00eb","description":"WD-40 BE","publisher":{"@id":"https:\/\/wd40.be\/fr\/#organization"},"potentialAction":[{"@type":"SearchAction","target":{"@type":"EntryPoint","urlTemplate":"https:\/\/wd40.be\/fr\/?s={search_term_string}"},"query-input":{"@type":"PropertyValueSpecification","valueRequired":true,"valueName":"search_term_string"}}],"inLanguage":"fr-FR"},{"@type":"Organization","@id":"https:\/\/wd40.be\/fr\/#organization","name":"WD-40 Belgi\u00eb","url":"https:\/\/wd40.be\/fr\/","logo":{"@type":"ImageObject","inLanguage":"fr-FR","@id":"https:\/\/wd40.be\/fr\/#\/schema\/logo\/image\/","url":"https:\/\/media.wd40.be\/app\/uploads\/2021\/03\/27082226\/WD40_social_media_1024x1024-1.png","contentUrl":"https:\/\/media.wd40.be\/app\/uploads\/2021\/03\/27082226\/WD40_social_media_1024x1024-1.png","width":1024,"height":1024,"caption":"WD-40 Belgi\u00eb"},"image":{"@id":"https:\/\/wd40.be\/fr\/#\/schema\/logo\/image\/"}}]}},"yoast-key-phrase":"WD-40 Specialist Graisse en Spray","yoast-key-phrase-score":"64","yoast-readability":"90","_links":{"self":[{"href":"https:\/\/wd40.be\/fr\/wp-json\/wp\/v2\/product\/10223","targetHints":{"allow":["GET"]}}],"collection":[{"href":"https:\/\/wd40.be\/fr\/wp-json\/wp\/v2\/product"}],"about":[{"href":"https:\/\/wd40.be\/fr\/wp-json\/wp\/v2\/types\/product"}],"replies":[{"embeddable":true,"href":"https:\/\/wd40.be\/fr\/wp-json\/wp\/v2\/comments?post=10223"}],"version-history":[{"count":2,"href":"https:\/\/wd40.be\/fr\/wp-json\/wp\/v2\/product\/10223\/revisions"}],"predecessor-version":[{"id":18876,"href":"https:\/\/wd40.be\/fr\/wp-json\/wp\/v2\/product\/10223\/revisions\/18876"}],"wp:featuredmedia":[{"embeddable":true,"href":"https:\/\/wd40.be\/fr\/wp-json\/wp\/v2\/media\/15107"}],"wp:attachment":[{"href":"https:\/\/wd40.be\/fr\/wp-json\/wp\/v2\/media?parent=10223"}],"wp:term":[{"taxonomy":"product_category","embeddable":true,"href":"https:\/\/wd40.be\/fr\/wp-json\/wp\/v2\/product_category?post=10223"},{"taxonomy":"product_tag","embeddable":true,"href":"https:\/\/wd40.be\/fr\/wp-json\/wp\/v2\/product_tag?post=10223"}],"curies":[{"name":"wp","href":"https:\/\/api.w.org\/{rel}","templated":true}]}}