{"id":6038,"date":"2021-03-01T10:51:10","date_gmt":"2021-03-01T09:51:10","guid":{"rendered":"https:\/\/mup-stg.wd40.be\/product\/wd-40-smart-straw-multi-use-product\/"},"modified":"2025-01-08T15:01:29","modified_gmt":"2025-01-08T14:01:29","slug":"wd-40-multifunktionsprodukt-smart-straw","status":"publish","type":"product","link":"https:\/\/wd40.be\/de\/produkt\/wd-40-multifunktionsprodukt-smart-straw\/","title":{"rendered":"WD-40<sub class=\"registration-mark\">&reg;<\/sub> Smart Straw<sub class=\"registration-mark\">&reg;<\/sub>"},"content":{"rendered":"<p>Das WD-40 Multifunktionsprodukt Smart Straw sch\u00fctzt Metall vor Rost und Korrosion, dringt in eingeklemmte Teile vor, verdr\u00e4ngt Feuchtigkeit und schmiert fast alles. Zus\u00e4tzlich entfernt es Fett, Ru\u00df und anderen Schmutz von nahezu allen Oberfl\u00e4chen.<\/p>\n<p>Durch das 360\u00b0-Ventil kann die Dose aufrecht oder \u00fcber Kopf gehalten werden, dadurch ist jede Anwendung m\u00f6glich. Dank des Smart Straw Spr\u00fchsystems kann flexibel zwischen gro\u00dffl\u00e4chigem und pr\u00e4zisem Spr\u00fchen gewechselt werden. Dabei bleibt das R\u00f6hrchen fest um Spr\u00fchkopf verankert.<\/p>\n","protected":false},"excerpt":{"rendered":"<p>Das WD-40 Multifunktionsprodukt Smart Straw sch\u00fctzt Metall vor Rost und Korrosion, dringt in eingeklemmte Teile vor, verdr\u00e4ngt Feuchtigkeit und schmiert fast alles. Zus\u00e4tzlich entfernt es Fett, Ru\u00df und anderen Schmutz von nahezu allen Oberfl\u00e4chen. <\/p>\n","protected":false},"featured_media":6040,"comment_status":"open","ping_status":"closed","template":"","product_category":[132],"product_tag":[],"class_list":["post-6038","product","type-product","status-publish","has-post-thumbnail","hentry","product_category-wd-40-multifunktionsprodukt"],"acf":[],"title_raw":"WD-40 Smart Straw","yoast_head":"<!-- This site is optimized with the Yoast SEO Premium plugin v27.3 (Yoast SEO v27.3) - https:\/\/yoast.com\/product\/yoast-seo-premium-wordpress\/ -->\n<title>Das ber\u00fchmte WD-40 Multi-Use Produkt mit Smart Straw Spr\u00fchsystem<\/title>\n<meta name=\"description\" content=\"Ontdekt WD-40 Smart Straw: het beroemde Multi-Use Product maar met SmartStraw spuitsysteem. Verlies nooit meer je rietje!\" \/>\n<meta name=\"robots\" content=\"index, follow, max-snippet:-1, max-image-preview:large, max-video-preview:-1\" \/>\n<link rel=\"canonical\" href=\"https:\/\/wd40.be\/de\/produkt\/wd-40-multifunktionsprodukt-smart-straw\/\" \/>\n<meta property=\"og:locale\" content=\"de_DE\" \/>\n<meta property=\"og:type\" content=\"article\" \/>\n<meta property=\"og:title\" content=\"WD-40 Smart Straw\" \/>\n<meta property=\"og:description\" content=\"Ontdekt WD-40 Smart Straw: het beroemde Multi-Use Product maar met SmartStraw spuitsysteem. Verlies nooit meer je rietje!\" \/>\n<meta property=\"og:url\" content=\"https:\/\/wd40.be\/de\/produkt\/wd-40-multifunktionsprodukt-smart-straw\/\" \/>\n<meta property=\"og:site_name\" content=\"WD-40 Belgi\u00eb\" \/>\n<meta property=\"article:modified_time\" content=\"2025-01-08T14:01:29+00:00\" \/>\n<meta property=\"og:image\" content=\"https:\/\/media.wd40.be\/app\/uploads\/2021\/03\/27082519\/Multi-Use-Product-Smart-Straw-1000x1000-1.png\" \/>\n\t<meta property=\"og:image:width\" content=\"2083\" \/>\n\t<meta property=\"og:image:height\" content=\"2083\" \/>\n\t<meta property=\"og:image:type\" content=\"image\/png\" \/>\n<meta name=\"twitter:card\" content=\"summary_large_image\" \/>\n<script type=\"application\/ld+json\" class=\"yoast-schema-graph\">{\"@context\":\"https:\\\/\\\/schema.org\",\"@graph\":[[],{\"@type\":\"ImageObject\",\"inLanguage\":\"de-DE\",\"@id\":\"https:\\\/\\\/wd40.be\\\/de\\\/produkt\\\/wd-40-multifunktionsprodukt-smart-straw\\\/#primaryimage\",\"url\":\"https:\\\/\\\/media.wd40.be\\\/app\\\/uploads\\\/2021\\\/03\\\/27082519\\\/Multi-Use-Product-Smart-Straw-1000x1000-1.png\",\"contentUrl\":\"https:\\\/\\\/media.wd40.be\\\/app\\\/uploads\\\/2021\\\/03\\\/27082519\\\/Multi-Use-Product-Smart-Straw-1000x1000-1.png\",\"width\":2083,\"height\":2083,\"caption\":\"WD-40 Smart Straw Multi-Use-Product-Smart-Straw-1000x1000\"},{\"@type\":\"BreadcrumbList\",\"@id\":\"https:\\\/\\\/wd40.be\\\/de\\\/produkt\\\/wd-40-multifunktionsprodukt-smart-straw\\\/#breadcrumb\",\"itemListElement\":[{\"@type\":\"ListItem\",\"position\":1,\"name\":\"Home\",\"item\":\"https:\\\/\\\/wd40.be\\\/de\\\/\"},{\"@type\":\"ListItem\",\"position\":2,\"name\":\"Produkte\",\"item\":\"https:\\\/\\\/wd40.be\\\/de\\\/produkt\\\/\"},{\"@type\":\"ListItem\",\"position\":3,\"name\":\"WD-40 Multifunktionsprodukt\",\"item\":\"https:\\\/\\\/wd40.be\\\/de\\\/produkte\\\/wd-40-multifunktionsprodukt\\\/\"},{\"@type\":\"ListItem\",\"position\":4,\"name\":\"WD-40&reg; Smart Straw&reg;\"}]},{\"@type\":\"WebSite\",\"@id\":\"https:\\\/\\\/wd40.be\\\/de\\\/#website\",\"url\":\"https:\\\/\\\/wd40.be\\\/de\\\/\",\"name\":\"WD-40 Belgi\u00eb\",\"description\":\"WD-40 BE\",\"publisher\":{\"@id\":\"https:\\\/\\\/wd40.be\\\/de\\\/#organization\"},\"potentialAction\":[{\"@type\":\"SearchAction\",\"target\":{\"@type\":\"EntryPoint\",\"urlTemplate\":\"https:\\\/\\\/wd40.be\\\/de\\\/?s={search_term_string}\"},\"query-input\":{\"@type\":\"PropertyValueSpecification\",\"valueRequired\":true,\"valueName\":\"search_term_string\"}}],\"inLanguage\":\"de-DE\"},{\"@type\":\"Organization\",\"@id\":\"https:\\\/\\\/wd40.be\\\/de\\\/#organization\",\"name\":\"WD-40 Belgi\u00eb\",\"url\":\"https:\\\/\\\/wd40.be\\\/de\\\/\",\"logo\":{\"@type\":\"ImageObject\",\"inLanguage\":\"de-DE\",\"@id\":\"https:\\\/\\\/wd40.be\\\/de\\\/#\\\/schema\\\/logo\\\/image\\\/\",\"url\":\"https:\\\/\\\/media.wd40.be\\\/app\\\/uploads\\\/2021\\\/03\\\/27082226\\\/WD40_social_media_1024x1024-1.png\",\"contentUrl\":\"https:\\\/\\\/media.wd40.be\\\/app\\\/uploads\\\/2021\\\/03\\\/27082226\\\/WD40_social_media_1024x1024-1.png\",\"width\":1024,\"height\":1024,\"caption\":\"WD-40 Belgi\u00eb\"},\"image\":{\"@id\":\"https:\\\/\\\/wd40.be\\\/de\\\/#\\\/schema\\\/logo\\\/image\\\/\"}}]}<\/script>\n<!-- \/ Yoast SEO Premium plugin. -->","yoast_head_json":{"title":"Das ber\u00fchmte WD-40 Multi-Use Produkt mit Smart Straw Spr\u00fchsystem","description":"Ontdekt WD-40 Smart Straw: het beroemde Multi-Use Product maar met SmartStraw spuitsysteem. Verlies nooit meer je rietje!","robots":{"index":"index","follow":"follow","max-snippet":"max-snippet:-1","max-image-preview":"max-image-preview:large","max-video-preview":"max-video-preview:-1"},"canonical":"https:\/\/wd40.be\/de\/produkt\/wd-40-multifunktionsprodukt-smart-straw\/","og_locale":"de_DE","og_type":"article","og_title":"WD-40 Smart Straw","og_description":"Ontdekt WD-40 Smart Straw: het beroemde Multi-Use Product maar met SmartStraw spuitsysteem. Verlies nooit meer je rietje!","og_url":"https:\/\/wd40.be\/de\/produkt\/wd-40-multifunktionsprodukt-smart-straw\/","og_site_name":"WD-40 Belgi\u00eb","article_modified_time":"2025-01-08T14:01:29+00:00","og_image":[{"width":2083,"height":2083,"url":"https:\/\/media.wd40.be\/app\/uploads\/2021\/03\/27082519\/Multi-Use-Product-Smart-Straw-1000x1000-1.png","type":"image\/png"}],"twitter_card":"summary_large_image","schema":{"@context":"https:\/\/schema.org","@graph":[[],{"@type":"ImageObject","inLanguage":"de-DE","@id":"https:\/\/wd40.be\/de\/produkt\/wd-40-multifunktionsprodukt-smart-straw\/#primaryimage","url":"https:\/\/media.wd40.be\/app\/uploads\/2021\/03\/27082519\/Multi-Use-Product-Smart-Straw-1000x1000-1.png","contentUrl":"https:\/\/media.wd40.be\/app\/uploads\/2021\/03\/27082519\/Multi-Use-Product-Smart-Straw-1000x1000-1.png","width":2083,"height":2083,"caption":"WD-40 Smart Straw Multi-Use-Product-Smart-Straw-1000x1000"},{"@type":"BreadcrumbList","@id":"https:\/\/wd40.be\/de\/produkt\/wd-40-multifunktionsprodukt-smart-straw\/#breadcrumb","itemListElement":[{"@type":"ListItem","position":1,"name":"Home","item":"https:\/\/wd40.be\/de\/"},{"@type":"ListItem","position":2,"name":"Produkte","item":"https:\/\/wd40.be\/de\/produkt\/"},{"@type":"ListItem","position":3,"name":"WD-40 Multifunktionsprodukt","item":"https:\/\/wd40.be\/de\/produkte\/wd-40-multifunktionsprodukt\/"},{"@type":"ListItem","position":4,"name":"WD-40&reg; Smart Straw&reg;"}]},{"@type":"WebSite","@id":"https:\/\/wd40.be\/de\/#website","url":"https:\/\/wd40.be\/de\/","name":"WD-40 Belgi\u00eb","description":"WD-40 BE","publisher":{"@id":"https:\/\/wd40.be\/de\/#organization"},"potentialAction":[{"@type":"SearchAction","target":{"@type":"EntryPoint","urlTemplate":"https:\/\/wd40.be\/de\/?s={search_term_string}"},"query-input":{"@type":"PropertyValueSpecification","valueRequired":true,"valueName":"search_term_string"}}],"inLanguage":"de-DE"},{"@type":"Organization","@id":"https:\/\/wd40.be\/de\/#organization","name":"WD-40 Belgi\u00eb","url":"https:\/\/wd40.be\/de\/","logo":{"@type":"ImageObject","inLanguage":"de-DE","@id":"https:\/\/wd40.be\/de\/#\/schema\/logo\/image\/","url":"https:\/\/media.wd40.be\/app\/uploads\/2021\/03\/27082226\/WD40_social_media_1024x1024-1.png","contentUrl":"https:\/\/media.wd40.be\/app\/uploads\/2021\/03\/27082226\/WD40_social_media_1024x1024-1.png","width":1024,"height":1024,"caption":"WD-40 Belgi\u00eb"},"image":{"@id":"https:\/\/wd40.be\/de\/#\/schema\/logo\/image\/"}}]}},"yoast-key-phrase":"WD-40 Smart Straw","yoast-key-phrase-score":"53","yoast-readability":"90","_links":{"self":[{"href":"https:\/\/wd40.be\/de\/wp-json\/wp\/v2\/product\/6038","targetHints":{"allow":["GET"]}}],"collection":[{"href":"https:\/\/wd40.be\/de\/wp-json\/wp\/v2\/product"}],"about":[{"href":"https:\/\/wd40.be\/de\/wp-json\/wp\/v2\/types\/product"}],"replies":[{"embeddable":true,"href":"https:\/\/wd40.be\/de\/wp-json\/wp\/v2\/comments?post=6038"}],"version-history":[{"count":1,"href":"https:\/\/wd40.be\/de\/wp-json\/wp\/v2\/product\/6038\/revisions"}],"predecessor-version":[{"id":18910,"href":"https:\/\/wd40.be\/de\/wp-json\/wp\/v2\/product\/6038\/revisions\/18910"}],"wp:featuredmedia":[{"embeddable":true,"href":"https:\/\/wd40.be\/de\/wp-json\/wp\/v2\/media\/6040"}],"wp:attachment":[{"href":"https:\/\/wd40.be\/de\/wp-json\/wp\/v2\/media?parent=6038"}],"wp:term":[{"taxonomy":"product_category","embeddable":true,"href":"https:\/\/wd40.be\/de\/wp-json\/wp\/v2\/product_category?post=6038"},{"taxonomy":"product_tag","embeddable":true,"href":"https:\/\/wd40.be\/de\/wp-json\/wp\/v2\/product_tag?post=6038"}],"curies":[{"name":"wp","href":"https:\/\/api.w.org\/{rel}","templated":true}]}}