{"id":6035,"date":"2021-03-01T10:51:10","date_gmt":"2021-03-01T09:51:10","guid":{"rendered":"https:\/\/mup-stg.wd40.be\/product\/wd-40-flexible-multi-use-product\/"},"modified":"2024-12-18T17:50:31","modified_gmt":"2024-12-18T16:50:31","slug":"wd-40-multifunktionsprodukt-flexible","status":"publish","type":"product","link":"https:\/\/wd40.be\/de\/produkt\/wd-40-multifunktionsprodukt-flexible\/","title":{"rendered":"WD-40 Flexible<sub class=\"registration-mark\">&reg;<\/sub>"},"content":{"rendered":"<p>Das WD-40 Multifunktionsprodukt Flexible sch\u00fctzt Metall vor Rost und Korrosion, dringt in eingeklemmte Teile vor, verdr\u00e4ngt Feuchtigkeit und schmiert fast alles.\u00a0 Es entfernt Fett, Ru\u00df und andere Verschmutzungen von nahezu allen Oberfl\u00e4chen.<\/p>\n","protected":false},"excerpt":{"rendered":"<p>Das WD-40 Multifunktionsprodukt Flexible sch\u00fctzt Metall vor Rost und Korrosion, dringt in eingeklemmte Teile vor, verdr\u00e4ngt Feuchtigkeit und schmiert fast alles.  Es entfernt Fett, Ru\u00df und andere Verschmutzungen von nahezu allen Oberfl\u00e4chen.<\/p>\n","protected":false},"featured_media":6037,"comment_status":"open","ping_status":"closed","template":"","product_category":[132],"product_tag":[],"class_list":["post-6035","product","type-product","status-publish","has-post-thumbnail","hentry","product_category-wd-40-multifunktionsprodukt"],"acf":[],"title_raw":"WD-40 Flexible","yoast_head":"<!-- This site is optimized with the Yoast SEO Premium plugin v27.3 (Yoast SEO v27.3) - https:\/\/yoast.com\/product\/yoast-seo-premium-wordpress\/ -->\n<title>WD-40 Flexible | Sparen Sie Zeit und tun Sie mehr!<\/title>\n<meta name=\"description\" content=\"Ontdekt WD-40 Flexible: het zelfde beroemde Multi-Use Product maar met een Flexibel rietje van metaal. Helpt jou om moeilijke plekken makkelijk te bereiken!\" \/>\n<meta name=\"robots\" content=\"index, follow, max-snippet:-1, max-image-preview:large, max-video-preview:-1\" \/>\n<link rel=\"canonical\" href=\"https:\/\/wd40.be\/de\/produkt\/wd-40-multifunktionsprodukt-flexible\/\" \/>\n<meta property=\"og:locale\" content=\"de_DE\" \/>\n<meta property=\"og:type\" content=\"article\" \/>\n<meta property=\"og:title\" content=\"WD-40 Flexible\" \/>\n<meta property=\"og:description\" content=\"Ontdekt WD-40 Flexible: het zelfde beroemde Multi-Use Product maar met een Flexibel rietje van metaal. Helpt jou om moeilijke plekken makkelijk te bereiken!\" \/>\n<meta property=\"og:url\" content=\"https:\/\/wd40.be\/de\/produkt\/wd-40-multifunktionsprodukt-flexible\/\" \/>\n<meta property=\"og:site_name\" content=\"WD-40 Belgi\u00eb\" \/>\n<meta property=\"article:modified_time\" content=\"2024-12-18T16:50:31+00:00\" \/>\n<meta property=\"og:image\" content=\"https:\/\/media.wd40.be\/app\/uploads\/2021\/03\/27082522\/Multi-Use-Product-Flexible-1000x1000-1.png\" \/>\n\t<meta property=\"og:image:width\" content=\"2083\" \/>\n\t<meta property=\"og:image:height\" content=\"2083\" \/>\n\t<meta property=\"og:image:type\" content=\"image\/png\" \/>\n<meta name=\"twitter:card\" content=\"summary_large_image\" \/>\n<script type=\"application\/ld+json\" class=\"yoast-schema-graph\">{\"@context\":\"https:\\\/\\\/schema.org\",\"@graph\":[[],{\"@type\":\"ImageObject\",\"inLanguage\":\"de-DE\",\"@id\":\"https:\\\/\\\/wd40.be\\\/de\\\/produkt\\\/wd-40-multifunktionsprodukt-flexible\\\/#primaryimage\",\"url\":\"https:\\\/\\\/media.wd40.be\\\/app\\\/uploads\\\/2021\\\/03\\\/27082522\\\/Multi-Use-Product-Flexible-1000x1000-1.png\",\"contentUrl\":\"https:\\\/\\\/media.wd40.be\\\/app\\\/uploads\\\/2021\\\/03\\\/27082522\\\/Multi-Use-Product-Flexible-1000x1000-1.png\",\"width\":2083,\"height\":2083},{\"@type\":\"BreadcrumbList\",\"@id\":\"https:\\\/\\\/wd40.be\\\/de\\\/produkt\\\/wd-40-multifunktionsprodukt-flexible\\\/#breadcrumb\",\"itemListElement\":[{\"@type\":\"ListItem\",\"position\":1,\"name\":\"Home\",\"item\":\"https:\\\/\\\/wd40.be\\\/de\\\/\"},{\"@type\":\"ListItem\",\"position\":2,\"name\":\"Produkte\",\"item\":\"https:\\\/\\\/wd40.be\\\/de\\\/produkt\\\/\"},{\"@type\":\"ListItem\",\"position\":3,\"name\":\"WD-40 Multifunktionsprodukt\",\"item\":\"https:\\\/\\\/wd40.be\\\/de\\\/produkte\\\/wd-40-multifunktionsprodukt\\\/\"},{\"@type\":\"ListItem\",\"position\":4,\"name\":\"WD-40 Flexible&reg;\"}]},{\"@type\":\"WebSite\",\"@id\":\"https:\\\/\\\/wd40.be\\\/de\\\/#website\",\"url\":\"https:\\\/\\\/wd40.be\\\/de\\\/\",\"name\":\"WD-40 Belgi\u00eb\",\"description\":\"WD-40 BE\",\"publisher\":{\"@id\":\"https:\\\/\\\/wd40.be\\\/de\\\/#organization\"},\"potentialAction\":[{\"@type\":\"SearchAction\",\"target\":{\"@type\":\"EntryPoint\",\"urlTemplate\":\"https:\\\/\\\/wd40.be\\\/de\\\/?s={search_term_string}\"},\"query-input\":{\"@type\":\"PropertyValueSpecification\",\"valueRequired\":true,\"valueName\":\"search_term_string\"}}],\"inLanguage\":\"de-DE\"},{\"@type\":\"Organization\",\"@id\":\"https:\\\/\\\/wd40.be\\\/de\\\/#organization\",\"name\":\"WD-40 Belgi\u00eb\",\"url\":\"https:\\\/\\\/wd40.be\\\/de\\\/\",\"logo\":{\"@type\":\"ImageObject\",\"inLanguage\":\"de-DE\",\"@id\":\"https:\\\/\\\/wd40.be\\\/de\\\/#\\\/schema\\\/logo\\\/image\\\/\",\"url\":\"https:\\\/\\\/media.wd40.be\\\/app\\\/uploads\\\/2021\\\/03\\\/27082226\\\/WD40_social_media_1024x1024-1.png\",\"contentUrl\":\"https:\\\/\\\/media.wd40.be\\\/app\\\/uploads\\\/2021\\\/03\\\/27082226\\\/WD40_social_media_1024x1024-1.png\",\"width\":1024,\"height\":1024,\"caption\":\"WD-40 Belgi\u00eb\"},\"image\":{\"@id\":\"https:\\\/\\\/wd40.be\\\/de\\\/#\\\/schema\\\/logo\\\/image\\\/\"}}]}<\/script>\n<!-- \/ Yoast SEO Premium plugin. -->","yoast_head_json":{"title":"WD-40 Flexible | Sparen Sie Zeit und tun Sie mehr!","description":"Ontdekt WD-40 Flexible: het zelfde beroemde Multi-Use Product maar met een Flexibel rietje van metaal. Helpt jou om moeilijke plekken makkelijk te bereiken!","robots":{"index":"index","follow":"follow","max-snippet":"max-snippet:-1","max-image-preview":"max-image-preview:large","max-video-preview":"max-video-preview:-1"},"canonical":"https:\/\/wd40.be\/de\/produkt\/wd-40-multifunktionsprodukt-flexible\/","og_locale":"de_DE","og_type":"article","og_title":"WD-40 Flexible","og_description":"Ontdekt WD-40 Flexible: het zelfde beroemde Multi-Use Product maar met een Flexibel rietje van metaal. Helpt jou om moeilijke plekken makkelijk te bereiken!","og_url":"https:\/\/wd40.be\/de\/produkt\/wd-40-multifunktionsprodukt-flexible\/","og_site_name":"WD-40 Belgi\u00eb","article_modified_time":"2024-12-18T16:50:31+00:00","og_image":[{"width":2083,"height":2083,"url":"https:\/\/media.wd40.be\/app\/uploads\/2021\/03\/27082522\/Multi-Use-Product-Flexible-1000x1000-1.png","type":"image\/png"}],"twitter_card":"summary_large_image","schema":{"@context":"https:\/\/schema.org","@graph":[[],{"@type":"ImageObject","inLanguage":"de-DE","@id":"https:\/\/wd40.be\/de\/produkt\/wd-40-multifunktionsprodukt-flexible\/#primaryimage","url":"https:\/\/media.wd40.be\/app\/uploads\/2021\/03\/27082522\/Multi-Use-Product-Flexible-1000x1000-1.png","contentUrl":"https:\/\/media.wd40.be\/app\/uploads\/2021\/03\/27082522\/Multi-Use-Product-Flexible-1000x1000-1.png","width":2083,"height":2083},{"@type":"BreadcrumbList","@id":"https:\/\/wd40.be\/de\/produkt\/wd-40-multifunktionsprodukt-flexible\/#breadcrumb","itemListElement":[{"@type":"ListItem","position":1,"name":"Home","item":"https:\/\/wd40.be\/de\/"},{"@type":"ListItem","position":2,"name":"Produkte","item":"https:\/\/wd40.be\/de\/produkt\/"},{"@type":"ListItem","position":3,"name":"WD-40 Multifunktionsprodukt","item":"https:\/\/wd40.be\/de\/produkte\/wd-40-multifunktionsprodukt\/"},{"@type":"ListItem","position":4,"name":"WD-40 Flexible&reg;"}]},{"@type":"WebSite","@id":"https:\/\/wd40.be\/de\/#website","url":"https:\/\/wd40.be\/de\/","name":"WD-40 Belgi\u00eb","description":"WD-40 BE","publisher":{"@id":"https:\/\/wd40.be\/de\/#organization"},"potentialAction":[{"@type":"SearchAction","target":{"@type":"EntryPoint","urlTemplate":"https:\/\/wd40.be\/de\/?s={search_term_string}"},"query-input":{"@type":"PropertyValueSpecification","valueRequired":true,"valueName":"search_term_string"}}],"inLanguage":"de-DE"},{"@type":"Organization","@id":"https:\/\/wd40.be\/de\/#organization","name":"WD-40 Belgi\u00eb","url":"https:\/\/wd40.be\/de\/","logo":{"@type":"ImageObject","inLanguage":"de-DE","@id":"https:\/\/wd40.be\/de\/#\/schema\/logo\/image\/","url":"https:\/\/media.wd40.be\/app\/uploads\/2021\/03\/27082226\/WD40_social_media_1024x1024-1.png","contentUrl":"https:\/\/media.wd40.be\/app\/uploads\/2021\/03\/27082226\/WD40_social_media_1024x1024-1.png","width":1024,"height":1024,"caption":"WD-40 Belgi\u00eb"},"image":{"@id":"https:\/\/wd40.be\/de\/#\/schema\/logo\/image\/"}}]}},"yoast-key-phrase":"WD-40 Flexible","yoast-key-phrase-score":"48","yoast-readability":"90","_links":{"self":[{"href":"https:\/\/wd40.be\/de\/wp-json\/wp\/v2\/product\/6035","targetHints":{"allow":["GET"]}}],"collection":[{"href":"https:\/\/wd40.be\/de\/wp-json\/wp\/v2\/product"}],"about":[{"href":"https:\/\/wd40.be\/de\/wp-json\/wp\/v2\/types\/product"}],"replies":[{"embeddable":true,"href":"https:\/\/wd40.be\/de\/wp-json\/wp\/v2\/comments?post=6035"}],"version-history":[{"count":1,"href":"https:\/\/wd40.be\/de\/wp-json\/wp\/v2\/product\/6035\/revisions"}],"predecessor-version":[{"id":18911,"href":"https:\/\/wd40.be\/de\/wp-json\/wp\/v2\/product\/6035\/revisions\/18911"}],"wp:featuredmedia":[{"embeddable":true,"href":"https:\/\/wd40.be\/de\/wp-json\/wp\/v2\/media\/6037"}],"wp:attachment":[{"href":"https:\/\/wd40.be\/de\/wp-json\/wp\/v2\/media?parent=6035"}],"wp:term":[{"taxonomy":"product_category","embeddable":true,"href":"https:\/\/wd40.be\/de\/wp-json\/wp\/v2\/product_category?post=6035"},{"taxonomy":"product_tag","embeddable":true,"href":"https:\/\/wd40.be\/de\/wp-json\/wp\/v2\/product_tag?post=6035"}],"curies":[{"name":"wp","href":"https:\/\/api.w.org\/{rel}","templated":true}]}}