{"id":6032,"date":"2021-03-01T10:51:10","date_gmt":"2021-03-01T10:51:10","guid":{"rendered":"https:\/\/mup-stg.wd40.be\/product\/bike-all-conditions-lube\/"},"modified":"2024-12-06T10:08:58","modified_gmt":"2024-12-06T09:08:58","slug":"kettenspray-allwetter","status":"publish","type":"product","link":"https:\/\/wd40.be\/de\/produkt\/kettenspray-allwetter\/","title":{"rendered":"WD-40 Specialist<sub class=\"registration-mark\">&reg;<\/sub> Fahrrad Kettenspray"},"content":{"rendered":"<p>WD-40 Specialist Fahrrad Kettenspray ist perfekt f\u00fcr Biker, die gerne bei jedem Wetter drau\u00dfen unterwegs sind. Das hochwertige PTFE sorgt f\u00fcr eine optimale Schmierung und verringert die Abnutzung. Es dringt tief in die Mechanik ein und hinterl\u00e4sst auf allen beweglichen Teilen einen lang anhaltenden Schutzfilm, auch gegen Korrosion. F\u00fcr ein reibungsloses Fahrvergn\u00fcgen!<\/p>\n","protected":false},"excerpt":{"rendered":"<p>WD-40 SPECIALIST BIKE Kettenspray Allwetter ist perfekt f\u00fcr Biker, die gerne bei jedem Wetter drau\u00dfen unterwegs sind. Das hochwertige PTFE sorgt f\u00fcr eine optimale Schmierung und verringert die Abnutzung. Es dringt tief in die Mechanik ein und hinterl\u00e4sst auf allen beweglichen Teilen einen lang anhaltenden Schutzfilm.<\/p>\n","protected":false},"featured_media":10133,"comment_status":"open","ping_status":"closed","template":"","product_category":[131],"product_tag":[],"class_list":["post-6032","product","type-product","status-publish","has-post-thumbnail","hentry","product_category-wd-40-bike-de"],"acf":[],"title_raw":"WD-40 Specialist Fahrrad Kettenspray","yoast_head":"<!-- This site is optimized with the Yoast SEO Premium plugin v27.3 (Yoast SEO v27.3) - https:\/\/yoast.com\/product\/yoast-seo-premium-wordpress\/ -->\n<title>WD-40 Specialist Kettenspray | Optimale Schmierung |<\/title>\n<meta name=\"description\" content=\"WD-40 SPECIALIST Kettenspray ist perfekt f\u00fcr Biker, die gerne bei jedem Wetter drau\u00dfen unterwegs sind.\" \/>\n<meta name=\"robots\" content=\"index, follow, max-snippet:-1, max-image-preview:large, max-video-preview:-1\" \/>\n<link rel=\"canonical\" href=\"https:\/\/wd40.be\/de\/produkt\/kettenspray-allwetter\/\" \/>\n<meta property=\"og:locale\" content=\"de_DE\" \/>\n<meta property=\"og:type\" content=\"article\" \/>\n<meta property=\"og:title\" content=\"WD-40 Specialist Fahrrad Kettenspray\" \/>\n<meta property=\"og:description\" content=\"WD-40 SPECIALIST Kettenspray ist perfekt f\u00fcr Biker, die gerne bei jedem Wetter drau\u00dfen unterwegs sind.\" \/>\n<meta property=\"og:url\" content=\"https:\/\/wd40.be\/de\/produkt\/kettenspray-allwetter\/\" \/>\n<meta property=\"og:site_name\" content=\"WD-40 Belgi\u00eb\" \/>\n<meta property=\"article:modified_time\" content=\"2024-12-06T09:08:58+00:00\" \/>\n<meta property=\"og:image\" content=\"https:\/\/media.wd40.be\/app\/uploads\/2020\/09\/25170947\/WD-40-Specialist-Bike-Fietskettingspray-250ml.png\" \/>\n\t<meta property=\"og:image:width\" content=\"2048\" \/>\n\t<meta property=\"og:image:height\" content=\"2048\" \/>\n\t<meta property=\"og:image:type\" content=\"image\/png\" \/>\n<meta name=\"twitter:card\" content=\"summary_large_image\" \/>\n<script type=\"application\/ld+json\" class=\"yoast-schema-graph\">{\"@context\":\"https:\\\/\\\/schema.org\",\"@graph\":[[],{\"@type\":\"ImageObject\",\"inLanguage\":\"de-DE\",\"@id\":\"https:\\\/\\\/wd40.be\\\/de\\\/produkt\\\/kettenspray-allwetter\\\/#primaryimage\",\"url\":\"https:\\\/\\\/media.wd40.be\\\/app\\\/uploads\\\/2020\\\/09\\\/25170947\\\/WD-40-Specialist-Bike-Fietskettingspray-250ml.png\",\"contentUrl\":\"https:\\\/\\\/media.wd40.be\\\/app\\\/uploads\\\/2020\\\/09\\\/25170947\\\/WD-40-Specialist-Bike-Fietskettingspray-250ml.png\",\"width\":2048,\"height\":2048},{\"@type\":\"BreadcrumbList\",\"@id\":\"https:\\\/\\\/wd40.be\\\/de\\\/produkt\\\/kettenspray-allwetter\\\/#breadcrumb\",\"itemListElement\":[{\"@type\":\"ListItem\",\"position\":1,\"name\":\"Home\",\"item\":\"https:\\\/\\\/wd40.be\\\/de\\\/\"},{\"@type\":\"ListItem\",\"position\":2,\"name\":\"Produkte\",\"item\":\"https:\\\/\\\/wd40.be\\\/de\\\/produkt\\\/\"},{\"@type\":\"ListItem\",\"position\":3,\"name\":\"WD-40 BIKE\",\"item\":\"https:\\\/\\\/wd40.be\\\/de\\\/produkte\\\/wd-40-bike-de\\\/\"},{\"@type\":\"ListItem\",\"position\":4,\"name\":\"WD-40 Specialist&reg; Fahrrad Kettenspray\"}]},{\"@type\":\"WebSite\",\"@id\":\"https:\\\/\\\/wd40.be\\\/de\\\/#website\",\"url\":\"https:\\\/\\\/wd40.be\\\/de\\\/\",\"name\":\"WD-40 Belgi\u00eb\",\"description\":\"WD-40 BE\",\"publisher\":{\"@id\":\"https:\\\/\\\/wd40.be\\\/de\\\/#organization\"},\"potentialAction\":[{\"@type\":\"SearchAction\",\"target\":{\"@type\":\"EntryPoint\",\"urlTemplate\":\"https:\\\/\\\/wd40.be\\\/de\\\/?s={search_term_string}\"},\"query-input\":{\"@type\":\"PropertyValueSpecification\",\"valueRequired\":true,\"valueName\":\"search_term_string\"}}],\"inLanguage\":\"de-DE\"},{\"@type\":\"Organization\",\"@id\":\"https:\\\/\\\/wd40.be\\\/de\\\/#organization\",\"name\":\"WD-40 Belgi\u00eb\",\"url\":\"https:\\\/\\\/wd40.be\\\/de\\\/\",\"logo\":{\"@type\":\"ImageObject\",\"inLanguage\":\"de-DE\",\"@id\":\"https:\\\/\\\/wd40.be\\\/de\\\/#\\\/schema\\\/logo\\\/image\\\/\",\"url\":\"https:\\\/\\\/media.wd40.be\\\/app\\\/uploads\\\/2021\\\/03\\\/27082226\\\/WD40_social_media_1024x1024-1.png\",\"contentUrl\":\"https:\\\/\\\/media.wd40.be\\\/app\\\/uploads\\\/2021\\\/03\\\/27082226\\\/WD40_social_media_1024x1024-1.png\",\"width\":1024,\"height\":1024,\"caption\":\"WD-40 Belgi\u00eb\"},\"image\":{\"@id\":\"https:\\\/\\\/wd40.be\\\/de\\\/#\\\/schema\\\/logo\\\/image\\\/\"}}]}<\/script>\n<!-- \/ Yoast SEO Premium plugin. -->","yoast_head_json":{"title":"WD-40 Specialist Kettenspray | Optimale Schmierung |","description":"WD-40 SPECIALIST Kettenspray ist perfekt f\u00fcr Biker, die gerne bei jedem Wetter drau\u00dfen unterwegs sind.","robots":{"index":"index","follow":"follow","max-snippet":"max-snippet:-1","max-image-preview":"max-image-preview:large","max-video-preview":"max-video-preview:-1"},"canonical":"https:\/\/wd40.be\/de\/produkt\/kettenspray-allwetter\/","og_locale":"de_DE","og_type":"article","og_title":"WD-40 Specialist Fahrrad Kettenspray","og_description":"WD-40 SPECIALIST Kettenspray ist perfekt f\u00fcr Biker, die gerne bei jedem Wetter drau\u00dfen unterwegs sind.","og_url":"https:\/\/wd40.be\/de\/produkt\/kettenspray-allwetter\/","og_site_name":"WD-40 Belgi\u00eb","article_modified_time":"2024-12-06T09:08:58+00:00","og_image":[{"width":2048,"height":2048,"url":"https:\/\/media.wd40.be\/app\/uploads\/2020\/09\/25170947\/WD-40-Specialist-Bike-Fietskettingspray-250ml.png","type":"image\/png"}],"twitter_card":"summary_large_image","schema":{"@context":"https:\/\/schema.org","@graph":[[],{"@type":"ImageObject","inLanguage":"de-DE","@id":"https:\/\/wd40.be\/de\/produkt\/kettenspray-allwetter\/#primaryimage","url":"https:\/\/media.wd40.be\/app\/uploads\/2020\/09\/25170947\/WD-40-Specialist-Bike-Fietskettingspray-250ml.png","contentUrl":"https:\/\/media.wd40.be\/app\/uploads\/2020\/09\/25170947\/WD-40-Specialist-Bike-Fietskettingspray-250ml.png","width":2048,"height":2048},{"@type":"BreadcrumbList","@id":"https:\/\/wd40.be\/de\/produkt\/kettenspray-allwetter\/#breadcrumb","itemListElement":[{"@type":"ListItem","position":1,"name":"Home","item":"https:\/\/wd40.be\/de\/"},{"@type":"ListItem","position":2,"name":"Produkte","item":"https:\/\/wd40.be\/de\/produkt\/"},{"@type":"ListItem","position":3,"name":"WD-40 BIKE","item":"https:\/\/wd40.be\/de\/produkte\/wd-40-bike-de\/"},{"@type":"ListItem","position":4,"name":"WD-40 Specialist&reg; Fahrrad Kettenspray"}]},{"@type":"WebSite","@id":"https:\/\/wd40.be\/de\/#website","url":"https:\/\/wd40.be\/de\/","name":"WD-40 Belgi\u00eb","description":"WD-40 BE","publisher":{"@id":"https:\/\/wd40.be\/de\/#organization"},"potentialAction":[{"@type":"SearchAction","target":{"@type":"EntryPoint","urlTemplate":"https:\/\/wd40.be\/de\/?s={search_term_string}"},"query-input":{"@type":"PropertyValueSpecification","valueRequired":true,"valueName":"search_term_string"}}],"inLanguage":"de-DE"},{"@type":"Organization","@id":"https:\/\/wd40.be\/de\/#organization","name":"WD-40 Belgi\u00eb","url":"https:\/\/wd40.be\/de\/","logo":{"@type":"ImageObject","inLanguage":"de-DE","@id":"https:\/\/wd40.be\/de\/#\/schema\/logo\/image\/","url":"https:\/\/media.wd40.be\/app\/uploads\/2021\/03\/27082226\/WD40_social_media_1024x1024-1.png","contentUrl":"https:\/\/media.wd40.be\/app\/uploads\/2021\/03\/27082226\/WD40_social_media_1024x1024-1.png","width":1024,"height":1024,"caption":"WD-40 Belgi\u00eb"},"image":{"@id":"https:\/\/wd40.be\/de\/#\/schema\/logo\/image\/"}}]}},"yoast-key-phrase":"WD-40 Specialist Kettenspray","yoast-key-phrase-score":"49","yoast-readability":"90","_links":{"self":[{"href":"https:\/\/wd40.be\/de\/wp-json\/wp\/v2\/product\/6032","targetHints":{"allow":["GET"]}}],"collection":[{"href":"https:\/\/wd40.be\/de\/wp-json\/wp\/v2\/product"}],"about":[{"href":"https:\/\/wd40.be\/de\/wp-json\/wp\/v2\/types\/product"}],"replies":[{"embeddable":true,"href":"https:\/\/wd40.be\/de\/wp-json\/wp\/v2\/comments?post=6032"}],"version-history":[{"count":2,"href":"https:\/\/wd40.be\/de\/wp-json\/wp\/v2\/product\/6032\/revisions"}],"predecessor-version":[{"id":18912,"href":"https:\/\/wd40.be\/de\/wp-json\/wp\/v2\/product\/6032\/revisions\/18912"}],"wp:featuredmedia":[{"embeddable":true,"href":"https:\/\/wd40.be\/de\/wp-json\/wp\/v2\/media\/10133"}],"wp:attachment":[{"href":"https:\/\/wd40.be\/de\/wp-json\/wp\/v2\/media?parent=6032"}],"wp:term":[{"taxonomy":"product_category","embeddable":true,"href":"https:\/\/wd40.be\/de\/wp-json\/wp\/v2\/product_category?post=6032"},{"taxonomy":"product_tag","embeddable":true,"href":"https:\/\/wd40.be\/de\/wp-json\/wp\/v2\/product_tag?post=6032"}],"curies":[{"name":"wp","href":"https:\/\/api.w.org\/{rel}","templated":true}]}}