{"id":6017,"date":"2021-03-01T10:51:10","date_gmt":"2021-03-01T10:51:10","guid":{"rendered":"https:\/\/mup-stg.wd40.be\/product\/bike-cleaner\/"},"modified":"2025-07-15T16:42:54","modified_gmt":"2025-07-15T14:42:54","slug":"fahrradreiniger","status":"publish","type":"product","link":"https:\/\/wd40.be\/de\/produkt\/fahrradreiniger\/","title":{"rendered":"WD-40 Specialist<sub class=\"registration-mark\">&reg;<\/sub> Fahrradreiniger"},"content":{"rendered":"<p>WD-40 Specialist Fahrradreiniger kann sofort verwendet werden und dringt schnell durch Schmutz, \u00d6l und Ru\u00df. Das Produkt eignet sich f\u00fcr alle Oberfl\u00e4chen, einschlie\u00dflich Lackierungen, Plastik, Gummi und Chrom und reinigt Ihr Rad gr\u00fcndlich. Das Fahrrad kurz mit Wasser abspritzen, den Fahrradreiniger aufspr\u00fchen und nach kurzer Einwirkzeit mit klarem Wasser absp\u00fclen. Der Reiniger eignet sich perfekt f\u00fcr die ganzj\u00e4hrige Fahrradpflege und kann prinzipiell auf allen Bauteilen verwendet werden.<\/p>\n","protected":false},"excerpt":{"rendered":"<p>WD-40 Specialist Bike Reiniger kann sofort verwendet werden und dringt schnell durch Schmutz, \u00d6l und Ru\u00df. Das Produkt eignet sich f\u00fcr alle Oberfl\u00e4chen, einschlie\u00dflich Lackierungen, Plastik, Gummi und Chrom und reinigt Ihr Rad gr\u00fcndlich. Das Fahrrad kurz mit Wasser abspritzen, den Fahrradreiniger aufspr\u00fchen und nach kurzer Einwirkzeit mit klarem Wasser absp\u00fclen.<\/p>\n","protected":false},"featured_media":10136,"comment_status":"open","ping_status":"closed","template":"","product_category":[131],"product_tag":[],"class_list":["post-6017","product","type-product","status-publish","has-post-thumbnail","hentry","product_category-wd-40-bike-de"],"acf":[],"title_raw":"WD-40 Specialist Fahrradreiniger","yoast_head":"<!-- This site is optimized with the Yoast SEO Premium plugin v27.3 (Yoast SEO v27.3) - https:\/\/yoast.com\/product\/yoast-seo-premium-wordpress\/ -->\n<title>WD-40 Specialist Fahrradreiniger |<\/title>\n<meta name=\"description\" content=\"WD-40 Specialist Fahrradreiniger kann sofort verwendet werden und dringt schnell durch Schmutz, \u00d6l und Ru\u00df.\" \/>\n<meta name=\"robots\" content=\"index, follow, max-snippet:-1, max-image-preview:large, max-video-preview:-1\" \/>\n<link rel=\"canonical\" href=\"https:\/\/wd40.be\/de\/produkt\/fahrradreiniger\/\" \/>\n<meta property=\"og:locale\" content=\"de_DE\" \/>\n<meta property=\"og:type\" content=\"article\" \/>\n<meta property=\"og:title\" content=\"WD-40 Specialist Fahrradreiniger\" \/>\n<meta property=\"og:description\" content=\"WD-40 Specialist Fahrradreiniger kann sofort verwendet werden und dringt schnell durch Schmutz, \u00d6l und Ru\u00df.\" \/>\n<meta property=\"og:url\" content=\"https:\/\/wd40.be\/de\/produkt\/fahrradreiniger\/\" \/>\n<meta property=\"og:site_name\" content=\"WD-40 Belgi\u00eb\" \/>\n<meta property=\"article:modified_time\" content=\"2025-07-15T14:42:54+00:00\" \/>\n<meta property=\"og:image\" content=\"https:\/\/media.wd40.be\/app\/uploads\/2020\/09\/25170959\/WD-40-Specialist-Bike-Cleaner-500ml.png\" \/>\n\t<meta property=\"og:image:width\" content=\"2048\" \/>\n\t<meta property=\"og:image:height\" content=\"2048\" \/>\n\t<meta property=\"og:image:type\" content=\"image\/png\" \/>\n<meta name=\"twitter:card\" content=\"summary_large_image\" \/>\n<script type=\"application\/ld+json\" class=\"yoast-schema-graph\">{\"@context\":\"https:\\\/\\\/schema.org\",\"@graph\":[[],{\"@type\":\"ImageObject\",\"inLanguage\":\"de-DE\",\"@id\":\"https:\\\/\\\/wd40.be\\\/de\\\/produkt\\\/fahrradreiniger\\\/#primaryimage\",\"url\":\"https:\\\/\\\/media.wd40.be\\\/app\\\/uploads\\\/2020\\\/09\\\/25170959\\\/WD-40-Specialist-Bike-Cleaner-500ml.png\",\"contentUrl\":\"https:\\\/\\\/media.wd40.be\\\/app\\\/uploads\\\/2020\\\/09\\\/25170959\\\/WD-40-Specialist-Bike-Cleaner-500ml.png\",\"width\":2048,\"height\":2048,\"caption\":\"WD-40 Specialist Bike Cleaner 500ml\"},{\"@type\":\"BreadcrumbList\",\"@id\":\"https:\\\/\\\/wd40.be\\\/de\\\/produkt\\\/fahrradreiniger\\\/#breadcrumb\",\"itemListElement\":[{\"@type\":\"ListItem\",\"position\":1,\"name\":\"Home\",\"item\":\"https:\\\/\\\/wd40.be\\\/de\\\/\"},{\"@type\":\"ListItem\",\"position\":2,\"name\":\"Produkte\",\"item\":\"https:\\\/\\\/wd40.be\\\/de\\\/produkt\\\/\"},{\"@type\":\"ListItem\",\"position\":3,\"name\":\"WD-40 BIKE\",\"item\":\"https:\\\/\\\/wd40.be\\\/de\\\/produkte\\\/wd-40-bike-de\\\/\"},{\"@type\":\"ListItem\",\"position\":4,\"name\":\"WD-40 Specialist Fahrradreiniger\"}]},{\"@type\":\"WebSite\",\"@id\":\"https:\\\/\\\/wd40.be\\\/de\\\/#website\",\"url\":\"https:\\\/\\\/wd40.be\\\/de\\\/\",\"name\":\"WD-40 Belgi\u00eb\",\"description\":\"WD-40 BE\",\"publisher\":{\"@id\":\"https:\\\/\\\/wd40.be\\\/de\\\/#organization\"},\"potentialAction\":[{\"@type\":\"SearchAction\",\"target\":{\"@type\":\"EntryPoint\",\"urlTemplate\":\"https:\\\/\\\/wd40.be\\\/de\\\/?s={search_term_string}\"},\"query-input\":{\"@type\":\"PropertyValueSpecification\",\"valueRequired\":true,\"valueName\":\"search_term_string\"}}],\"inLanguage\":\"de-DE\"},{\"@type\":\"Organization\",\"@id\":\"https:\\\/\\\/wd40.be\\\/de\\\/#organization\",\"name\":\"WD-40 Belgi\u00eb\",\"url\":\"https:\\\/\\\/wd40.be\\\/de\\\/\",\"logo\":{\"@type\":\"ImageObject\",\"inLanguage\":\"de-DE\",\"@id\":\"https:\\\/\\\/wd40.be\\\/de\\\/#\\\/schema\\\/logo\\\/image\\\/\",\"url\":\"https:\\\/\\\/media.wd40.be\\\/app\\\/uploads\\\/2021\\\/03\\\/27082226\\\/WD40_social_media_1024x1024-1.png\",\"contentUrl\":\"https:\\\/\\\/media.wd40.be\\\/app\\\/uploads\\\/2021\\\/03\\\/27082226\\\/WD40_social_media_1024x1024-1.png\",\"width\":1024,\"height\":1024,\"caption\":\"WD-40 Belgi\u00eb\"},\"image\":{\"@id\":\"https:\\\/\\\/wd40.be\\\/de\\\/#\\\/schema\\\/logo\\\/image\\\/\"}}]}<\/script>\n<!-- \/ Yoast SEO Premium plugin. -->","yoast_head_json":{"title":"WD-40 Specialist Fahrradreiniger |","description":"WD-40 Specialist Fahrradreiniger kann sofort verwendet werden und dringt schnell durch Schmutz, \u00d6l und Ru\u00df.","robots":{"index":"index","follow":"follow","max-snippet":"max-snippet:-1","max-image-preview":"max-image-preview:large","max-video-preview":"max-video-preview:-1"},"canonical":"https:\/\/wd40.be\/de\/produkt\/fahrradreiniger\/","og_locale":"de_DE","og_type":"article","og_title":"WD-40 Specialist Fahrradreiniger","og_description":"WD-40 Specialist Fahrradreiniger kann sofort verwendet werden und dringt schnell durch Schmutz, \u00d6l und Ru\u00df.","og_url":"https:\/\/wd40.be\/de\/produkt\/fahrradreiniger\/","og_site_name":"WD-40 Belgi\u00eb","article_modified_time":"2025-07-15T14:42:54+00:00","og_image":[{"width":2048,"height":2048,"url":"https:\/\/media.wd40.be\/app\/uploads\/2020\/09\/25170959\/WD-40-Specialist-Bike-Cleaner-500ml.png","type":"image\/png"}],"twitter_card":"summary_large_image","schema":{"@context":"https:\/\/schema.org","@graph":[[],{"@type":"ImageObject","inLanguage":"de-DE","@id":"https:\/\/wd40.be\/de\/produkt\/fahrradreiniger\/#primaryimage","url":"https:\/\/media.wd40.be\/app\/uploads\/2020\/09\/25170959\/WD-40-Specialist-Bike-Cleaner-500ml.png","contentUrl":"https:\/\/media.wd40.be\/app\/uploads\/2020\/09\/25170959\/WD-40-Specialist-Bike-Cleaner-500ml.png","width":2048,"height":2048,"caption":"WD-40 Specialist Bike Cleaner 500ml"},{"@type":"BreadcrumbList","@id":"https:\/\/wd40.be\/de\/produkt\/fahrradreiniger\/#breadcrumb","itemListElement":[{"@type":"ListItem","position":1,"name":"Home","item":"https:\/\/wd40.be\/de\/"},{"@type":"ListItem","position":2,"name":"Produkte","item":"https:\/\/wd40.be\/de\/produkt\/"},{"@type":"ListItem","position":3,"name":"WD-40 BIKE","item":"https:\/\/wd40.be\/de\/produkte\/wd-40-bike-de\/"},{"@type":"ListItem","position":4,"name":"WD-40 Specialist Fahrradreiniger"}]},{"@type":"WebSite","@id":"https:\/\/wd40.be\/de\/#website","url":"https:\/\/wd40.be\/de\/","name":"WD-40 Belgi\u00eb","description":"WD-40 BE","publisher":{"@id":"https:\/\/wd40.be\/de\/#organization"},"potentialAction":[{"@type":"SearchAction","target":{"@type":"EntryPoint","urlTemplate":"https:\/\/wd40.be\/de\/?s={search_term_string}"},"query-input":{"@type":"PropertyValueSpecification","valueRequired":true,"valueName":"search_term_string"}}],"inLanguage":"de-DE"},{"@type":"Organization","@id":"https:\/\/wd40.be\/de\/#organization","name":"WD-40 Belgi\u00eb","url":"https:\/\/wd40.be\/de\/","logo":{"@type":"ImageObject","inLanguage":"de-DE","@id":"https:\/\/wd40.be\/de\/#\/schema\/logo\/image\/","url":"https:\/\/media.wd40.be\/app\/uploads\/2021\/03\/27082226\/WD40_social_media_1024x1024-1.png","contentUrl":"https:\/\/media.wd40.be\/app\/uploads\/2021\/03\/27082226\/WD40_social_media_1024x1024-1.png","width":1024,"height":1024,"caption":"WD-40 Belgi\u00eb"},"image":{"@id":"https:\/\/wd40.be\/de\/#\/schema\/logo\/image\/"}}]}},"yoast-key-phrase":"WD-40 Specialist Fahrradreiniger","yoast-key-phrase-score":"64","yoast-readability":"90","_links":{"self":[{"href":"https:\/\/wd40.be\/de\/wp-json\/wp\/v2\/product\/6017","targetHints":{"allow":["GET"]}}],"collection":[{"href":"https:\/\/wd40.be\/de\/wp-json\/wp\/v2\/product"}],"about":[{"href":"https:\/\/wd40.be\/de\/wp-json\/wp\/v2\/types\/product"}],"replies":[{"embeddable":true,"href":"https:\/\/wd40.be\/de\/wp-json\/wp\/v2\/comments?post=6017"}],"version-history":[{"count":4,"href":"https:\/\/wd40.be\/de\/wp-json\/wp\/v2\/product\/6017\/revisions"}],"predecessor-version":[{"id":19410,"href":"https:\/\/wd40.be\/de\/wp-json\/wp\/v2\/product\/6017\/revisions\/19410"}],"wp:featuredmedia":[{"embeddable":true,"href":"https:\/\/wd40.be\/de\/wp-json\/wp\/v2\/media\/10136"}],"wp:attachment":[{"href":"https:\/\/wd40.be\/de\/wp-json\/wp\/v2\/media?parent=6017"}],"wp:term":[{"taxonomy":"product_category","embeddable":true,"href":"https:\/\/wd40.be\/de\/wp-json\/wp\/v2\/product_category?post=6017"},{"taxonomy":"product_tag","embeddable":true,"href":"https:\/\/wd40.be\/de\/wp-json\/wp\/v2\/product_tag?post=6017"}],"curies":[{"name":"wp","href":"https:\/\/api.w.org\/{rel}","templated":true}]}}