{"id":6014,"date":"2021-03-01T10:51:10","date_gmt":"2021-03-01T10:51:10","guid":{"rendered":"https:\/\/mup-stg.wd40.be\/product\/bike-degreaser\/"},"modified":"2024-12-06T10:08:54","modified_gmt":"2024-12-06T09:08:54","slug":"kettenreiniger","status":"publish","type":"product","link":"https:\/\/wd40.be\/de\/produkt\/kettenreiniger\/","title":{"rendered":"WD-40 Specialist<sub class=\"registration-mark\">&reg;<\/sub> Kettenreiniger"},"content":{"rendered":"<p>Dieses schnell trocknende Produkt eignet sich perfekt zum Entfernen von Fett, Ru\u00df, Schmutz und \u00d6l von allen beweglichen Teilen des Fahrrads, einschlie\u00dflich der Kette. Es verl\u00e4ngert die Lebensdauer Ihres Fahrrads, sodass sie weniger Zeit mit reparieren und mehr Zeit mit Fahren verbringen k\u00f6nnen!<\/p>\n","protected":false},"excerpt":{"rendered":"<p>Dieses schnell trocknende Produkt eignet sich perfekt zum Entfernen von Fett, Ru\u00df, Schmutz und \u00d6l von allen beweglichen Teilen des Fahrrads, einschlie\u00dflich der Kette. Es verl\u00e4ngert die Lebensdauer Ihres Fahrrads, sodass sie weniger Zeit mit reparieren und mehr Zeit mit Fahren verbringen k\u00f6nnen!<\/p>\n","protected":false},"featured_media":10139,"comment_status":"open","ping_status":"closed","template":"","product_category":[131],"product_tag":[],"class_list":["post-6014","product","type-product","status-publish","has-post-thumbnail","hentry","product_category-wd-40-bike-de"],"acf":[],"title_raw":"WD-40 Specialist Kettenreiniger","yoast_head":"<!-- This site is optimized with the Yoast SEO Premium plugin v27.3 (Yoast SEO v27.3) - https:\/\/yoast.com\/product\/yoast-seo-premium-wordpress\/ -->\n<title>WD-40 Specialist Kettenreiniger | Schnell trocknende Produkt<\/title>\n<meta name=\"description\" content=\"WD-40 Specialist Kettenreiniger eignet sich perfekt zum Entfernen von Fett, Ru\u00df, Schmutz und \u00d6l von allen beweglichen Teilen des Fahrrads\" \/>\n<meta name=\"robots\" content=\"index, follow, max-snippet:-1, max-image-preview:large, max-video-preview:-1\" \/>\n<link rel=\"canonical\" href=\"https:\/\/wd40.be\/de\/produkt\/kettenreiniger\/\" \/>\n<meta property=\"og:locale\" content=\"de_DE\" \/>\n<meta property=\"og:type\" content=\"article\" \/>\n<meta property=\"og:title\" content=\"WD-40 Specialist Kettenreiniger\" \/>\n<meta property=\"og:description\" content=\"WD-40 Specialist Kettenreiniger eignet sich perfekt zum Entfernen von Fett, Ru\u00df, Schmutz und \u00d6l von allen beweglichen Teilen des Fahrrads\" \/>\n<meta property=\"og:url\" content=\"https:\/\/wd40.be\/de\/produkt\/kettenreiniger\/\" \/>\n<meta property=\"og:site_name\" content=\"WD-40 Belgi\u00eb\" \/>\n<meta property=\"article:modified_time\" content=\"2024-12-06T09:08:54+00:00\" \/>\n<meta property=\"og:image\" content=\"https:\/\/media.wd40.be\/app\/uploads\/2020\/09\/25171015\/WD-40-Specialist-Bike-Degreaser-500ml.png\" \/>\n\t<meta property=\"og:image:width\" content=\"2048\" \/>\n\t<meta property=\"og:image:height\" content=\"2048\" \/>\n\t<meta property=\"og:image:type\" content=\"image\/png\" \/>\n<meta name=\"twitter:card\" content=\"summary_large_image\" \/>\n<script type=\"application\/ld+json\" class=\"yoast-schema-graph\">{\"@context\":\"https:\\\/\\\/schema.org\",\"@graph\":[[],{\"@type\":\"ImageObject\",\"inLanguage\":\"de-DE\",\"@id\":\"https:\\\/\\\/wd40.be\\\/de\\\/produkt\\\/kettenreiniger\\\/#primaryimage\",\"url\":\"https:\\\/\\\/media.wd40.be\\\/app\\\/uploads\\\/2020\\\/09\\\/25171015\\\/WD-40-Specialist-Bike-Degreaser-500ml.png\",\"contentUrl\":\"https:\\\/\\\/media.wd40.be\\\/app\\\/uploads\\\/2020\\\/09\\\/25171015\\\/WD-40-Specialist-Bike-Degreaser-500ml.png\",\"width\":2048,\"height\":2048},{\"@type\":\"BreadcrumbList\",\"@id\":\"https:\\\/\\\/wd40.be\\\/de\\\/produkt\\\/kettenreiniger\\\/#breadcrumb\",\"itemListElement\":[{\"@type\":\"ListItem\",\"position\":1,\"name\":\"Home\",\"item\":\"https:\\\/\\\/wd40.be\\\/de\\\/\"},{\"@type\":\"ListItem\",\"position\":2,\"name\":\"Produkte\",\"item\":\"https:\\\/\\\/wd40.be\\\/de\\\/produkt\\\/\"},{\"@type\":\"ListItem\",\"position\":3,\"name\":\"WD-40 BIKE\",\"item\":\"https:\\\/\\\/wd40.be\\\/de\\\/produkte\\\/wd-40-bike-de\\\/\"},{\"@type\":\"ListItem\",\"position\":4,\"name\":\"WD-40 Specialist&reg; Kettenreiniger\"}]},{\"@type\":\"WebSite\",\"@id\":\"https:\\\/\\\/wd40.be\\\/de\\\/#website\",\"url\":\"https:\\\/\\\/wd40.be\\\/de\\\/\",\"name\":\"WD-40 Belgi\u00eb\",\"description\":\"WD-40 BE\",\"publisher\":{\"@id\":\"https:\\\/\\\/wd40.be\\\/de\\\/#organization\"},\"potentialAction\":[{\"@type\":\"SearchAction\",\"target\":{\"@type\":\"EntryPoint\",\"urlTemplate\":\"https:\\\/\\\/wd40.be\\\/de\\\/?s={search_term_string}\"},\"query-input\":{\"@type\":\"PropertyValueSpecification\",\"valueRequired\":true,\"valueName\":\"search_term_string\"}}],\"inLanguage\":\"de-DE\"},{\"@type\":\"Organization\",\"@id\":\"https:\\\/\\\/wd40.be\\\/de\\\/#organization\",\"name\":\"WD-40 Belgi\u00eb\",\"url\":\"https:\\\/\\\/wd40.be\\\/de\\\/\",\"logo\":{\"@type\":\"ImageObject\",\"inLanguage\":\"de-DE\",\"@id\":\"https:\\\/\\\/wd40.be\\\/de\\\/#\\\/schema\\\/logo\\\/image\\\/\",\"url\":\"https:\\\/\\\/media.wd40.be\\\/app\\\/uploads\\\/2021\\\/03\\\/27082226\\\/WD40_social_media_1024x1024-1.png\",\"contentUrl\":\"https:\\\/\\\/media.wd40.be\\\/app\\\/uploads\\\/2021\\\/03\\\/27082226\\\/WD40_social_media_1024x1024-1.png\",\"width\":1024,\"height\":1024,\"caption\":\"WD-40 Belgi\u00eb\"},\"image\":{\"@id\":\"https:\\\/\\\/wd40.be\\\/de\\\/#\\\/schema\\\/logo\\\/image\\\/\"}}]}<\/script>\n<!-- \/ Yoast SEO Premium plugin. -->","yoast_head_json":{"title":"WD-40 Specialist Kettenreiniger | Schnell trocknende Produkt","description":"WD-40 Specialist Kettenreiniger eignet sich perfekt zum Entfernen von Fett, Ru\u00df, Schmutz und \u00d6l von allen beweglichen Teilen des Fahrrads","robots":{"index":"index","follow":"follow","max-snippet":"max-snippet:-1","max-image-preview":"max-image-preview:large","max-video-preview":"max-video-preview:-1"},"canonical":"https:\/\/wd40.be\/de\/produkt\/kettenreiniger\/","og_locale":"de_DE","og_type":"article","og_title":"WD-40 Specialist Kettenreiniger","og_description":"WD-40 Specialist Kettenreiniger eignet sich perfekt zum Entfernen von Fett, Ru\u00df, Schmutz und \u00d6l von allen beweglichen Teilen des Fahrrads","og_url":"https:\/\/wd40.be\/de\/produkt\/kettenreiniger\/","og_site_name":"WD-40 Belgi\u00eb","article_modified_time":"2024-12-06T09:08:54+00:00","og_image":[{"width":2048,"height":2048,"url":"https:\/\/media.wd40.be\/app\/uploads\/2020\/09\/25171015\/WD-40-Specialist-Bike-Degreaser-500ml.png","type":"image\/png"}],"twitter_card":"summary_large_image","schema":{"@context":"https:\/\/schema.org","@graph":[[],{"@type":"ImageObject","inLanguage":"de-DE","@id":"https:\/\/wd40.be\/de\/produkt\/kettenreiniger\/#primaryimage","url":"https:\/\/media.wd40.be\/app\/uploads\/2020\/09\/25171015\/WD-40-Specialist-Bike-Degreaser-500ml.png","contentUrl":"https:\/\/media.wd40.be\/app\/uploads\/2020\/09\/25171015\/WD-40-Specialist-Bike-Degreaser-500ml.png","width":2048,"height":2048},{"@type":"BreadcrumbList","@id":"https:\/\/wd40.be\/de\/produkt\/kettenreiniger\/#breadcrumb","itemListElement":[{"@type":"ListItem","position":1,"name":"Home","item":"https:\/\/wd40.be\/de\/"},{"@type":"ListItem","position":2,"name":"Produkte","item":"https:\/\/wd40.be\/de\/produkt\/"},{"@type":"ListItem","position":3,"name":"WD-40 BIKE","item":"https:\/\/wd40.be\/de\/produkte\/wd-40-bike-de\/"},{"@type":"ListItem","position":4,"name":"WD-40 Specialist&reg; Kettenreiniger"}]},{"@type":"WebSite","@id":"https:\/\/wd40.be\/de\/#website","url":"https:\/\/wd40.be\/de\/","name":"WD-40 Belgi\u00eb","description":"WD-40 BE","publisher":{"@id":"https:\/\/wd40.be\/de\/#organization"},"potentialAction":[{"@type":"SearchAction","target":{"@type":"EntryPoint","urlTemplate":"https:\/\/wd40.be\/de\/?s={search_term_string}"},"query-input":{"@type":"PropertyValueSpecification","valueRequired":true,"valueName":"search_term_string"}}],"inLanguage":"de-DE"},{"@type":"Organization","@id":"https:\/\/wd40.be\/de\/#organization","name":"WD-40 Belgi\u00eb","url":"https:\/\/wd40.be\/de\/","logo":{"@type":"ImageObject","inLanguage":"de-DE","@id":"https:\/\/wd40.be\/de\/#\/schema\/logo\/image\/","url":"https:\/\/media.wd40.be\/app\/uploads\/2021\/03\/27082226\/WD40_social_media_1024x1024-1.png","contentUrl":"https:\/\/media.wd40.be\/app\/uploads\/2021\/03\/27082226\/WD40_social_media_1024x1024-1.png","width":1024,"height":1024,"caption":"WD-40 Belgi\u00eb"},"image":{"@id":"https:\/\/wd40.be\/de\/#\/schema\/logo\/image\/"}}]}},"yoast-key-phrase":"WD-40 Specialist Kettenreiniger","yoast-key-phrase-score":"48","yoast-readability":"90","_links":{"self":[{"href":"https:\/\/wd40.be\/de\/wp-json\/wp\/v2\/product\/6014","targetHints":{"allow":["GET"]}}],"collection":[{"href":"https:\/\/wd40.be\/de\/wp-json\/wp\/v2\/product"}],"about":[{"href":"https:\/\/wd40.be\/de\/wp-json\/wp\/v2\/types\/product"}],"replies":[{"embeddable":true,"href":"https:\/\/wd40.be\/de\/wp-json\/wp\/v2\/comments?post=6014"}],"version-history":[{"count":2,"href":"https:\/\/wd40.be\/de\/wp-json\/wp\/v2\/product\/6014\/revisions"}],"predecessor-version":[{"id":18908,"href":"https:\/\/wd40.be\/de\/wp-json\/wp\/v2\/product\/6014\/revisions\/18908"}],"wp:featuredmedia":[{"embeddable":true,"href":"https:\/\/wd40.be\/de\/wp-json\/wp\/v2\/media\/10139"}],"wp:attachment":[{"href":"https:\/\/wd40.be\/de\/wp-json\/wp\/v2\/media?parent=6014"}],"wp:term":[{"taxonomy":"product_category","embeddable":true,"href":"https:\/\/wd40.be\/de\/wp-json\/wp\/v2\/product_category?post=6014"},{"taxonomy":"product_tag","embeddable":true,"href":"https:\/\/wd40.be\/de\/wp-json\/wp\/v2\/product_tag?post=6014"}],"curies":[{"name":"wp","href":"https:\/\/api.w.org\/{rel}","templated":true}]}}