{"id":6010,"date":"2021-03-01T10:52:27","date_gmt":"2021-03-01T09:52:27","guid":{"rendered":"https:\/\/mup-stg.wd40.be\/product\/slotspray\/"},"modified":"2025-01-09T09:50:14","modified_gmt":"2025-01-09T08:50:14","slug":"schliesszylinderspray","status":"publish","type":"product","link":"https:\/\/wd40.be\/de\/produkt\/schliesszylinderspray\/","title":{"rendered":"WD-40 Specialist<sub class=\"registration-mark\">&reg;<\/sub> Schlie<span style=\"text-transform: lowercase;\">\u00df<\/span>zylinderspray"},"content":{"rendered":"<p>WD-40 Specialist Schlie\u00dfzylinderspray wurde speziell f\u00fcr die Wartung von Schlie\u00dfzylindern (Haus, Auto, M\u00f6bel, Schl\u00f6sser) entwickelt. Die hohe Kapillarwirkung erlaubt es dem Produkt in den Zylindermechanismus einzudringen und Blockaden zu l\u00f6sen ohne dabei zu verharzen. Es hinterl\u00e4sst einen d\u00fcnnen Schmierfilm, der zus\u00e4tzlich vor Korrosion sch\u00fctzt.<\/p>\n","protected":false},"excerpt":{"rendered":"<p>WD-40 SPECIALIST Schlie\u00dfzylinderspray wurde f\u00fcr die Wartung von Schlie\u00dfzylindern an Autos, M\u00f6beln und anderen Gegenst\u00e4nden entwickelt.<\/p>\n","protected":false},"featured_media":10751,"comment_status":"open","ping_status":"closed","template":"","product_category":[130],"product_tag":[],"class_list":["post-6010","product","type-product","status-publish","has-post-thumbnail","hentry","product_category-wd-40-specialist-de"],"acf":[],"title_raw":"WD-40 Specialist Schlie\u00dfzylinderspray","yoast_head":"<!-- This site is optimized with the Yoast SEO Premium plugin v27.3 (Yoast SEO v27.3) - https:\/\/yoast.com\/product\/yoast-seo-premium-wordpress\/ -->\n<title>WD-40 Specialist Schlie\u00dfzylinderspray| F\u00fcr alle Schlie\u00dfzylinder!<\/title>\n<meta name=\"description\" content=\"WD-40 Specialist Lock Spray wurde speziell f\u00fcr die Pflege von Schl\u00f6ssern aller Art entwickelt. Entdecken Sie schnell seine vielen Vorteile!\" \/>\n<meta name=\"robots\" content=\"index, follow, max-snippet:-1, max-image-preview:large, max-video-preview:-1\" \/>\n<link rel=\"canonical\" href=\"https:\/\/wd40.be\/de\/produkt\/schliesszylinderspray\/\" \/>\n<meta property=\"og:locale\" content=\"de_DE\" \/>\n<meta property=\"og:type\" content=\"article\" \/>\n<meta property=\"og:title\" content=\"WD-40 Specialist Schlie\u00dfzylinderspray\" \/>\n<meta property=\"og:description\" content=\"WD-40 Specialist Lock Spray wurde speziell f\u00fcr die Pflege von Schl\u00f6ssern aller Art entwickelt. Entdecken Sie schnell seine vielen Vorteile!\" \/>\n<meta property=\"og:url\" content=\"https:\/\/wd40.be\/de\/produkt\/schliesszylinderspray\/\" \/>\n<meta property=\"og:site_name\" content=\"WD-40 Belgi\u00eb\" \/>\n<meta property=\"article:modified_time\" content=\"2025-01-09T08:50:14+00:00\" \/>\n<meta property=\"og:image\" content=\"https:\/\/media.wd40.be\/app\/uploads\/2021\/03\/01171347\/WD-40-Specialist-Slotspray-100ml-1.png\" \/>\n\t<meta property=\"og:image:width\" content=\"702\" \/>\n\t<meta property=\"og:image:height\" content=\"765\" \/>\n\t<meta property=\"og:image:type\" content=\"image\/png\" \/>\n<meta name=\"twitter:card\" content=\"summary_large_image\" \/>\n<script type=\"application\/ld+json\" class=\"yoast-schema-graph\">{\"@context\":\"https:\\\/\\\/schema.org\",\"@graph\":[[],{\"@type\":\"ImageObject\",\"inLanguage\":\"de-DE\",\"@id\":\"https:\\\/\\\/wd40.be\\\/de\\\/produkt\\\/schliesszylinderspray\\\/#primaryimage\",\"url\":\"https:\\\/\\\/media.wd40.be\\\/app\\\/uploads\\\/2021\\\/03\\\/01171347\\\/WD-40-Specialist-Slotspray-100ml-1.png\",\"contentUrl\":\"https:\\\/\\\/media.wd40.be\\\/app\\\/uploads\\\/2021\\\/03\\\/01171347\\\/WD-40-Specialist-Slotspray-100ml-1.png\",\"width\":702,\"height\":765,\"caption\":\"wd 40 specialist slotspray 100ml\"},{\"@type\":\"BreadcrumbList\",\"@id\":\"https:\\\/\\\/wd40.be\\\/de\\\/produkt\\\/schliesszylinderspray\\\/#breadcrumb\",\"itemListElement\":[{\"@type\":\"ListItem\",\"position\":1,\"name\":\"Home\",\"item\":\"https:\\\/\\\/wd40.be\\\/de\\\/\"},{\"@type\":\"ListItem\",\"position\":2,\"name\":\"Produkte\",\"item\":\"https:\\\/\\\/wd40.be\\\/de\\\/produkt\\\/\"},{\"@type\":\"ListItem\",\"position\":3,\"name\":\"WD-40 Specialist\",\"item\":\"https:\\\/\\\/wd40.be\\\/de\\\/produkte\\\/wd-40-specialist-de\\\/\"},{\"@type\":\"ListItem\",\"position\":4,\"name\":\"WD-40 Specialist&reg; Schlie\u00dfzylinderspray\"}]},{\"@type\":\"WebSite\",\"@id\":\"https:\\\/\\\/wd40.be\\\/de\\\/#website\",\"url\":\"https:\\\/\\\/wd40.be\\\/de\\\/\",\"name\":\"WD-40 Belgi\u00eb\",\"description\":\"WD-40 BE\",\"publisher\":{\"@id\":\"https:\\\/\\\/wd40.be\\\/de\\\/#organization\"},\"potentialAction\":[{\"@type\":\"SearchAction\",\"target\":{\"@type\":\"EntryPoint\",\"urlTemplate\":\"https:\\\/\\\/wd40.be\\\/de\\\/?s={search_term_string}\"},\"query-input\":{\"@type\":\"PropertyValueSpecification\",\"valueRequired\":true,\"valueName\":\"search_term_string\"}}],\"inLanguage\":\"de-DE\"},{\"@type\":\"Organization\",\"@id\":\"https:\\\/\\\/wd40.be\\\/de\\\/#organization\",\"name\":\"WD-40 Belgi\u00eb\",\"url\":\"https:\\\/\\\/wd40.be\\\/de\\\/\",\"logo\":{\"@type\":\"ImageObject\",\"inLanguage\":\"de-DE\",\"@id\":\"https:\\\/\\\/wd40.be\\\/de\\\/#\\\/schema\\\/logo\\\/image\\\/\",\"url\":\"https:\\\/\\\/media.wd40.be\\\/app\\\/uploads\\\/2021\\\/03\\\/27082226\\\/WD40_social_media_1024x1024-1.png\",\"contentUrl\":\"https:\\\/\\\/media.wd40.be\\\/app\\\/uploads\\\/2021\\\/03\\\/27082226\\\/WD40_social_media_1024x1024-1.png\",\"width\":1024,\"height\":1024,\"caption\":\"WD-40 Belgi\u00eb\"},\"image\":{\"@id\":\"https:\\\/\\\/wd40.be\\\/de\\\/#\\\/schema\\\/logo\\\/image\\\/\"}}]}<\/script>\n<!-- \/ Yoast SEO Premium plugin. -->","yoast_head_json":{"title":"WD-40 Specialist Schlie\u00dfzylinderspray| F\u00fcr alle Schlie\u00dfzylinder!","description":"WD-40 Specialist Lock Spray wurde speziell f\u00fcr die Pflege von Schl\u00f6ssern aller Art entwickelt. Entdecken Sie schnell seine vielen Vorteile!","robots":{"index":"index","follow":"follow","max-snippet":"max-snippet:-1","max-image-preview":"max-image-preview:large","max-video-preview":"max-video-preview:-1"},"canonical":"https:\/\/wd40.be\/de\/produkt\/schliesszylinderspray\/","og_locale":"de_DE","og_type":"article","og_title":"WD-40 Specialist Schlie\u00dfzylinderspray","og_description":"WD-40 Specialist Lock Spray wurde speziell f\u00fcr die Pflege von Schl\u00f6ssern aller Art entwickelt. Entdecken Sie schnell seine vielen Vorteile!","og_url":"https:\/\/wd40.be\/de\/produkt\/schliesszylinderspray\/","og_site_name":"WD-40 Belgi\u00eb","article_modified_time":"2025-01-09T08:50:14+00:00","og_image":[{"width":702,"height":765,"url":"https:\/\/media.wd40.be\/app\/uploads\/2021\/03\/01171347\/WD-40-Specialist-Slotspray-100ml-1.png","type":"image\/png"}],"twitter_card":"summary_large_image","schema":{"@context":"https:\/\/schema.org","@graph":[[],{"@type":"ImageObject","inLanguage":"de-DE","@id":"https:\/\/wd40.be\/de\/produkt\/schliesszylinderspray\/#primaryimage","url":"https:\/\/media.wd40.be\/app\/uploads\/2021\/03\/01171347\/WD-40-Specialist-Slotspray-100ml-1.png","contentUrl":"https:\/\/media.wd40.be\/app\/uploads\/2021\/03\/01171347\/WD-40-Specialist-Slotspray-100ml-1.png","width":702,"height":765,"caption":"wd 40 specialist slotspray 100ml"},{"@type":"BreadcrumbList","@id":"https:\/\/wd40.be\/de\/produkt\/schliesszylinderspray\/#breadcrumb","itemListElement":[{"@type":"ListItem","position":1,"name":"Home","item":"https:\/\/wd40.be\/de\/"},{"@type":"ListItem","position":2,"name":"Produkte","item":"https:\/\/wd40.be\/de\/produkt\/"},{"@type":"ListItem","position":3,"name":"WD-40 Specialist","item":"https:\/\/wd40.be\/de\/produkte\/wd-40-specialist-de\/"},{"@type":"ListItem","position":4,"name":"WD-40 Specialist&reg; Schlie\u00dfzylinderspray"}]},{"@type":"WebSite","@id":"https:\/\/wd40.be\/de\/#website","url":"https:\/\/wd40.be\/de\/","name":"WD-40 Belgi\u00eb","description":"WD-40 BE","publisher":{"@id":"https:\/\/wd40.be\/de\/#organization"},"potentialAction":[{"@type":"SearchAction","target":{"@type":"EntryPoint","urlTemplate":"https:\/\/wd40.be\/de\/?s={search_term_string}"},"query-input":{"@type":"PropertyValueSpecification","valueRequired":true,"valueName":"search_term_string"}}],"inLanguage":"de-DE"},{"@type":"Organization","@id":"https:\/\/wd40.be\/de\/#organization","name":"WD-40 Belgi\u00eb","url":"https:\/\/wd40.be\/de\/","logo":{"@type":"ImageObject","inLanguage":"de-DE","@id":"https:\/\/wd40.be\/de\/#\/schema\/logo\/image\/","url":"https:\/\/media.wd40.be\/app\/uploads\/2021\/03\/27082226\/WD40_social_media_1024x1024-1.png","contentUrl":"https:\/\/media.wd40.be\/app\/uploads\/2021\/03\/27082226\/WD40_social_media_1024x1024-1.png","width":1024,"height":1024,"caption":"WD-40 Belgi\u00eb"},"image":{"@id":"https:\/\/wd40.be\/de\/#\/schema\/logo\/image\/"}}]}},"yoast-key-phrase":"Schlie\u00dfzylinderspray","yoast-key-phrase-score":"45","yoast-readability":"90","_links":{"self":[{"href":"https:\/\/wd40.be\/de\/wp-json\/wp\/v2\/product\/6010","targetHints":{"allow":["GET"]}}],"collection":[{"href":"https:\/\/wd40.be\/de\/wp-json\/wp\/v2\/product"}],"about":[{"href":"https:\/\/wd40.be\/de\/wp-json\/wp\/v2\/types\/product"}],"replies":[{"embeddable":true,"href":"https:\/\/wd40.be\/de\/wp-json\/wp\/v2\/comments?post=6010"}],"version-history":[{"count":2,"href":"https:\/\/wd40.be\/de\/wp-json\/wp\/v2\/product\/6010\/revisions"}],"predecessor-version":[{"id":18851,"href":"https:\/\/wd40.be\/de\/wp-json\/wp\/v2\/product\/6010\/revisions\/18851"}],"wp:featuredmedia":[{"embeddable":true,"href":"https:\/\/wd40.be\/de\/wp-json\/wp\/v2\/media\/10751"}],"wp:attachment":[{"href":"https:\/\/wd40.be\/de\/wp-json\/wp\/v2\/media?parent=6010"}],"wp:term":[{"taxonomy":"product_category","embeddable":true,"href":"https:\/\/wd40.be\/de\/wp-json\/wp\/v2\/product_category?post=6010"},{"taxonomy":"product_tag","embeddable":true,"href":"https:\/\/wd40.be\/de\/wp-json\/wp\/v2\/product_tag?post=6010"}],"curies":[{"name":"wp","href":"https:\/\/api.w.org\/{rel}","templated":true}]}}