{"id":6003,"date":"2021-03-01T10:52:27","date_gmt":"2021-03-01T09:52:27","guid":{"rendered":"https:\/\/mup-stg.wd40.be\/product\/wit-lithiumspuitvet\/"},"modified":"2024-12-06T10:08:51","modified_gmt":"2024-12-06T09:08:51","slug":"hochleistungs-weisses-lithiumspruehfett","status":"publish","type":"product","link":"https:\/\/wd40.be\/de\/produkt\/hochleistungs-weisses-lithiumspruehfett\/","title":{"rendered":"WD-40 Specialist<sub class=\"registration-mark\">&reg;<\/sub> Wei<span style=\"text-transform: lowercase;\">\u00df<\/span>es Lithiumspr\u00fchfett"},"content":{"rendered":"<p>WD-40 Specialist Wei\u00dfes Lithiumspr\u00fchfett ist ein dickfl\u00fcssiges Schmiermittel, das f\u00fcr langanhaltende Schmierung ohne tropfen oder verlaufen sorgt. Die L\u00f6sung eignet sich hervorragend f\u00fcr Anwendungen von Metall auf Metall, verringert Reibung und sorgt so f\u00fcr ein reibungsloses Arbeiten von Werkzeug und Ausr\u00fcstung.<\/p>\n","protected":false},"excerpt":{"rendered":"<p>WD-40 SPECIALIST Wei\u00dfes Lithiumspr\u00fchfett verdickt nach dem Auftragen zu einem Fett und sorgt f\u00fcr eine lang anhaltende Schmierung ohne Tropfen oder Verlaufen auch bei N\u00e4sse.<\/p>\n","protected":false},"featured_media":15175,"comment_status":"open","ping_status":"closed","template":"","product_category":[130],"product_tag":[],"class_list":["post-6003","product","type-product","status-publish","has-post-thumbnail","hentry","product_category-wd-40-specialist-de"],"acf":[],"title_raw":"WD-40 Specialist Wei\u00dfes Lithiumspr\u00fchfett","yoast_head":"<!-- This site is optimized with the Yoast SEO Premium plugin v27.3 (Yoast SEO v27.3) - https:\/\/yoast.com\/product\/yoast-seo-premium-wordpress\/ -->\n<title>WD-40 Specialist Wit lithiumspuitvet | hitte- en waterbestendig!<\/title>\n<meta name=\"description\" content=\"WD-40 Specialist Wit Lithiumvet biedt langdurige smering en vermindert wrijving. Zeer geschikt voor zware metaal-op-metaal toepassingen.\" \/>\n<meta name=\"robots\" content=\"index, follow, max-snippet:-1, max-image-preview:large, max-video-preview:-1\" \/>\n<link rel=\"canonical\" href=\"https:\/\/wd40.be\/de\/produkt\/hochleistungs-weisses-lithiumspruehfett\/\" \/>\n<meta property=\"og:locale\" content=\"de_DE\" \/>\n<meta property=\"og:type\" content=\"article\" \/>\n<meta property=\"og:title\" content=\"WD-40 Specialist Wei\u00dfes Lithiumspr\u00fchfett\" \/>\n<meta property=\"og:description\" content=\"WD-40 Specialist Wit Lithiumvet biedt langdurige smering en vermindert wrijving. Zeer geschikt voor zware metaal-op-metaal toepassingen.\" \/>\n<meta property=\"og:url\" content=\"https:\/\/wd40.be\/de\/produkt\/hochleistungs-weisses-lithiumspruehfett\/\" \/>\n<meta property=\"og:site_name\" content=\"WD-40 Belgi\u00eb\" \/>\n<meta property=\"article:modified_time\" content=\"2024-12-06T09:08:51+00:00\" \/>\n<meta property=\"og:image\" content=\"https:\/\/media.wd40.be\/app\/uploads\/2021\/03\/30120859\/WD-40_Wit-Lithium.png\" \/>\n\t<meta property=\"og:image:width\" content=\"1000\" \/>\n\t<meta property=\"og:image:height\" content=\"1000\" \/>\n\t<meta property=\"og:image:type\" content=\"image\/png\" \/>\n<meta name=\"twitter:card\" content=\"summary_large_image\" \/>\n<script type=\"application\/ld+json\" class=\"yoast-schema-graph\">{\"@context\":\"https:\\\/\\\/schema.org\",\"@graph\":[[],{\"@type\":\"ImageObject\",\"inLanguage\":\"de-DE\",\"@id\":\"https:\\\/\\\/wd40.be\\\/de\\\/produkt\\\/hochleistungs-weisses-lithiumspruehfett\\\/#primaryimage\",\"url\":\"https:\\\/\\\/media.wd40.be\\\/app\\\/uploads\\\/2021\\\/03\\\/30120859\\\/WD-40_Wit-Lithium.png\",\"contentUrl\":\"https:\\\/\\\/media.wd40.be\\\/app\\\/uploads\\\/2021\\\/03\\\/30120859\\\/WD-40_Wit-Lithium.png\",\"width\":1000,\"height\":1000,\"caption\":\"wd 40 wit lithium\"},{\"@type\":\"BreadcrumbList\",\"@id\":\"https:\\\/\\\/wd40.be\\\/de\\\/produkt\\\/hochleistungs-weisses-lithiumspruehfett\\\/#breadcrumb\",\"itemListElement\":[{\"@type\":\"ListItem\",\"position\":1,\"name\":\"Home\",\"item\":\"https:\\\/\\\/wd40.be\\\/de\\\/\"},{\"@type\":\"ListItem\",\"position\":2,\"name\":\"Produkte\",\"item\":\"https:\\\/\\\/wd40.be\\\/de\\\/produkt\\\/\"},{\"@type\":\"ListItem\",\"position\":3,\"name\":\"WD-40 Specialist\",\"item\":\"https:\\\/\\\/wd40.be\\\/de\\\/produkte\\\/wd-40-specialist-de\\\/\"},{\"@type\":\"ListItem\",\"position\":4,\"name\":\"WD-40 Specialist&reg; Wei\u00dfes Lithiumspr\u00fchfett\"}]},{\"@type\":\"WebSite\",\"@id\":\"https:\\\/\\\/wd40.be\\\/de\\\/#website\",\"url\":\"https:\\\/\\\/wd40.be\\\/de\\\/\",\"name\":\"WD-40 Belgi\u00eb\",\"description\":\"WD-40 BE\",\"publisher\":{\"@id\":\"https:\\\/\\\/wd40.be\\\/de\\\/#organization\"},\"potentialAction\":[{\"@type\":\"SearchAction\",\"target\":{\"@type\":\"EntryPoint\",\"urlTemplate\":\"https:\\\/\\\/wd40.be\\\/de\\\/?s={search_term_string}\"},\"query-input\":{\"@type\":\"PropertyValueSpecification\",\"valueRequired\":true,\"valueName\":\"search_term_string\"}}],\"inLanguage\":\"de-DE\"},{\"@type\":\"Organization\",\"@id\":\"https:\\\/\\\/wd40.be\\\/de\\\/#organization\",\"name\":\"WD-40 Belgi\u00eb\",\"url\":\"https:\\\/\\\/wd40.be\\\/de\\\/\",\"logo\":{\"@type\":\"ImageObject\",\"inLanguage\":\"de-DE\",\"@id\":\"https:\\\/\\\/wd40.be\\\/de\\\/#\\\/schema\\\/logo\\\/image\\\/\",\"url\":\"https:\\\/\\\/media.wd40.be\\\/app\\\/uploads\\\/2021\\\/03\\\/27082226\\\/WD40_social_media_1024x1024-1.png\",\"contentUrl\":\"https:\\\/\\\/media.wd40.be\\\/app\\\/uploads\\\/2021\\\/03\\\/27082226\\\/WD40_social_media_1024x1024-1.png\",\"width\":1024,\"height\":1024,\"caption\":\"WD-40 Belgi\u00eb\"},\"image\":{\"@id\":\"https:\\\/\\\/wd40.be\\\/de\\\/#\\\/schema\\\/logo\\\/image\\\/\"}}]}<\/script>\n<!-- \/ Yoast SEO Premium plugin. -->","yoast_head_json":{"title":"WD-40 Specialist Wit lithiumspuitvet | hitte- en waterbestendig!","description":"WD-40 Specialist Wit Lithiumvet biedt langdurige smering en vermindert wrijving. Zeer geschikt voor zware metaal-op-metaal toepassingen.","robots":{"index":"index","follow":"follow","max-snippet":"max-snippet:-1","max-image-preview":"max-image-preview:large","max-video-preview":"max-video-preview:-1"},"canonical":"https:\/\/wd40.be\/de\/produkt\/hochleistungs-weisses-lithiumspruehfett\/","og_locale":"de_DE","og_type":"article","og_title":"WD-40 Specialist Wei\u00dfes Lithiumspr\u00fchfett","og_description":"WD-40 Specialist Wit Lithiumvet biedt langdurige smering en vermindert wrijving. Zeer geschikt voor zware metaal-op-metaal toepassingen.","og_url":"https:\/\/wd40.be\/de\/produkt\/hochleistungs-weisses-lithiumspruehfett\/","og_site_name":"WD-40 Belgi\u00eb","article_modified_time":"2024-12-06T09:08:51+00:00","og_image":[{"width":1000,"height":1000,"url":"https:\/\/media.wd40.be\/app\/uploads\/2021\/03\/30120859\/WD-40_Wit-Lithium.png","type":"image\/png"}],"twitter_card":"summary_large_image","schema":{"@context":"https:\/\/schema.org","@graph":[[],{"@type":"ImageObject","inLanguage":"de-DE","@id":"https:\/\/wd40.be\/de\/produkt\/hochleistungs-weisses-lithiumspruehfett\/#primaryimage","url":"https:\/\/media.wd40.be\/app\/uploads\/2021\/03\/30120859\/WD-40_Wit-Lithium.png","contentUrl":"https:\/\/media.wd40.be\/app\/uploads\/2021\/03\/30120859\/WD-40_Wit-Lithium.png","width":1000,"height":1000,"caption":"wd 40 wit lithium"},{"@type":"BreadcrumbList","@id":"https:\/\/wd40.be\/de\/produkt\/hochleistungs-weisses-lithiumspruehfett\/#breadcrumb","itemListElement":[{"@type":"ListItem","position":1,"name":"Home","item":"https:\/\/wd40.be\/de\/"},{"@type":"ListItem","position":2,"name":"Produkte","item":"https:\/\/wd40.be\/de\/produkt\/"},{"@type":"ListItem","position":3,"name":"WD-40 Specialist","item":"https:\/\/wd40.be\/de\/produkte\/wd-40-specialist-de\/"},{"@type":"ListItem","position":4,"name":"WD-40 Specialist&reg; Wei\u00dfes Lithiumspr\u00fchfett"}]},{"@type":"WebSite","@id":"https:\/\/wd40.be\/de\/#website","url":"https:\/\/wd40.be\/de\/","name":"WD-40 Belgi\u00eb","description":"WD-40 BE","publisher":{"@id":"https:\/\/wd40.be\/de\/#organization"},"potentialAction":[{"@type":"SearchAction","target":{"@type":"EntryPoint","urlTemplate":"https:\/\/wd40.be\/de\/?s={search_term_string}"},"query-input":{"@type":"PropertyValueSpecification","valueRequired":true,"valueName":"search_term_string"}}],"inLanguage":"de-DE"},{"@type":"Organization","@id":"https:\/\/wd40.be\/de\/#organization","name":"WD-40 Belgi\u00eb","url":"https:\/\/wd40.be\/de\/","logo":{"@type":"ImageObject","inLanguage":"de-DE","@id":"https:\/\/wd40.be\/de\/#\/schema\/logo\/image\/","url":"https:\/\/media.wd40.be\/app\/uploads\/2021\/03\/27082226\/WD40_social_media_1024x1024-1.png","contentUrl":"https:\/\/media.wd40.be\/app\/uploads\/2021\/03\/27082226\/WD40_social_media_1024x1024-1.png","width":1024,"height":1024,"caption":"WD-40 Belgi\u00eb"},"image":{"@id":"https:\/\/wd40.be\/de\/#\/schema\/logo\/image\/"}}]}},"yoast-key-phrase":"wit lithiumspuitvet","yoast-key-phrase-score":"46","yoast-readability":"90","_links":{"self":[{"href":"https:\/\/wd40.be\/de\/wp-json\/wp\/v2\/product\/6003","targetHints":{"allow":["GET"]}}],"collection":[{"href":"https:\/\/wd40.be\/de\/wp-json\/wp\/v2\/product"}],"about":[{"href":"https:\/\/wd40.be\/de\/wp-json\/wp\/v2\/types\/product"}],"replies":[{"embeddable":true,"href":"https:\/\/wd40.be\/de\/wp-json\/wp\/v2\/comments?post=6003"}],"version-history":[{"count":3,"href":"https:\/\/wd40.be\/de\/wp-json\/wp\/v2\/product\/6003\/revisions"}],"predecessor-version":[{"id":18906,"href":"https:\/\/wd40.be\/de\/wp-json\/wp\/v2\/product\/6003\/revisions\/18906"}],"wp:featuredmedia":[{"embeddable":true,"href":"https:\/\/wd40.be\/de\/wp-json\/wp\/v2\/media\/15175"}],"wp:attachment":[{"href":"https:\/\/wd40.be\/de\/wp-json\/wp\/v2\/media?parent=6003"}],"wp:term":[{"taxonomy":"product_category","embeddable":true,"href":"https:\/\/wd40.be\/de\/wp-json\/wp\/v2\/product_category?post=6003"},{"taxonomy":"product_tag","embeddable":true,"href":"https:\/\/wd40.be\/de\/wp-json\/wp\/v2\/product_tag?post=6003"}],"curies":[{"name":"wp","href":"https:\/\/api.w.org\/{rel}","templated":true}]}}