{"id":5962,"date":"2021-03-01T10:52:27","date_gmt":"2021-03-01T09:52:27","guid":{"rendered":"https:\/\/mup-stg.wd40.be\/product\/droogsmeerspray-met-ptfe\/"},"modified":"2025-08-22T13:27:56","modified_gmt":"2025-08-22T11:27:56","slug":"reibungsreduzierendes-ptfe-trockenschmierspray","status":"publish","type":"product","link":"https:\/\/wd40.be\/de\/produkt\/reibungsreduzierendes-ptfe-trockenschmierspray\/","title":{"rendered":"WD-40 Specialist<sub class=\"registration-mark\">&reg;<\/sub> PTFE- Trockenschmierspray"},"content":{"rendered":"<p>WD-40 Specialist Trocken-PTFE Schmierspray enth\u00e4lt PTFE, was f\u00fcr eine optimale Schmierung sorgt und einen trockenen, klaren Film hinterl\u00e4sst, der Schmutz, Staub und \u00d6l abweist. Die L\u00f6sung trocknet schnell und eignet sich auch als Formtrennmittel.<\/p>\n","protected":false},"excerpt":{"rendered":"<p>WD-40 SPECIALIST PTFE Trockenschmierspray sorgt f\u00fcr eine optimale Schmierung sowie einen klaren Film und weist Schmutz und \u00d6l ab.<\/p>\n","protected":false},"featured_media":15168,"comment_status":"open","ping_status":"closed","template":"","product_category":[130],"product_tag":[],"class_list":["post-5962","product","type-product","status-publish","has-post-thumbnail","hentry","product_category-wd-40-specialist-de"],"acf":[],"title_raw":"WD-40 Specialist PTFE- Trockenschmierspray","yoast_head":"<!-- This site is optimized with the Yoast SEO Premium plugin v27.3 (Yoast SEO v27.3) - https:\/\/yoast.com\/product\/yoast-seo-premium-wordpress\/ -->\n<title>WD-40 Specialist Droogsmeerspray met PTFE<\/title>\n<meta name=\"description\" content=\"WD-40 Specialist Droogsmeerspray biedt smering zonder stof, vuil of olie aan te trekken. Ontdek snel de voordelen!\" \/>\n<meta name=\"robots\" content=\"index, follow, max-snippet:-1, max-image-preview:large, max-video-preview:-1\" \/>\n<link rel=\"canonical\" href=\"https:\/\/wd40.be\/de\/produkt\/reibungsreduzierendes-ptfe-trockenschmierspray\/\" \/>\n<meta property=\"og:locale\" content=\"de_DE\" \/>\n<meta property=\"og:type\" content=\"article\" \/>\n<meta property=\"og:title\" content=\"WD-40 Specialist PTFE- Trockenschmierspray\" \/>\n<meta property=\"og:description\" content=\"WD-40 Specialist Droogsmeerspray biedt smering zonder stof, vuil of olie aan te trekken. Ontdek snel de voordelen!\" \/>\n<meta property=\"og:url\" content=\"https:\/\/wd40.be\/de\/produkt\/reibungsreduzierendes-ptfe-trockenschmierspray\/\" \/>\n<meta property=\"og:site_name\" content=\"WD-40 Belgi\u00eb\" \/>\n<meta property=\"article:modified_time\" content=\"2025-08-22T11:27:56+00:00\" \/>\n<meta property=\"og:image\" content=\"https:\/\/media.wd40.be\/app\/uploads\/2021\/03\/30120811\/WD-40_Droogsmeerspray.png\" \/>\n\t<meta property=\"og:image:width\" content=\"1000\" \/>\n\t<meta property=\"og:image:height\" content=\"1000\" \/>\n\t<meta property=\"og:image:type\" content=\"image\/png\" \/>\n<meta name=\"twitter:card\" content=\"summary_large_image\" \/>\n<script type=\"application\/ld+json\" class=\"yoast-schema-graph\">{\"@context\":\"https:\\\/\\\/schema.org\",\"@graph\":[[],{\"@type\":\"ImageObject\",\"inLanguage\":\"de-DE\",\"@id\":\"https:\\\/\\\/wd40.be\\\/de\\\/produkt\\\/reibungsreduzierendes-ptfe-trockenschmierspray\\\/#primaryimage\",\"url\":\"https:\\\/\\\/media.wd40.be\\\/app\\\/uploads\\\/2021\\\/03\\\/30120811\\\/WD-40_Droogsmeerspray.png\",\"contentUrl\":\"https:\\\/\\\/media.wd40.be\\\/app\\\/uploads\\\/2021\\\/03\\\/30120811\\\/WD-40_Droogsmeerspray.png\",\"width\":1000,\"height\":1000,\"caption\":\"wd 40 droogsmeerspray\"},{\"@type\":\"BreadcrumbList\",\"@id\":\"https:\\\/\\\/wd40.be\\\/de\\\/produkt\\\/reibungsreduzierendes-ptfe-trockenschmierspray\\\/#breadcrumb\",\"itemListElement\":[{\"@type\":\"ListItem\",\"position\":1,\"name\":\"Home\",\"item\":\"https:\\\/\\\/wd40.be\\\/de\\\/\"},{\"@type\":\"ListItem\",\"position\":2,\"name\":\"Produkte\",\"item\":\"https:\\\/\\\/wd40.be\\\/de\\\/produkt\\\/\"},{\"@type\":\"ListItem\",\"position\":3,\"name\":\"WD-40 Specialist\",\"item\":\"https:\\\/\\\/wd40.be\\\/de\\\/produkte\\\/wd-40-specialist-de\\\/\"},{\"@type\":\"ListItem\",\"position\":4,\"name\":\"WD-40 Specialist PTFE- Trockenschmierspray\"}]},{\"@type\":\"WebSite\",\"@id\":\"https:\\\/\\\/wd40.be\\\/de\\\/#website\",\"url\":\"https:\\\/\\\/wd40.be\\\/de\\\/\",\"name\":\"WD-40 Belgi\u00eb\",\"description\":\"WD-40 BE\",\"publisher\":{\"@id\":\"https:\\\/\\\/wd40.be\\\/de\\\/#organization\"},\"potentialAction\":[{\"@type\":\"SearchAction\",\"target\":{\"@type\":\"EntryPoint\",\"urlTemplate\":\"https:\\\/\\\/wd40.be\\\/de\\\/?s={search_term_string}\"},\"query-input\":{\"@type\":\"PropertyValueSpecification\",\"valueRequired\":true,\"valueName\":\"search_term_string\"}}],\"inLanguage\":\"de-DE\"},{\"@type\":\"Organization\",\"@id\":\"https:\\\/\\\/wd40.be\\\/de\\\/#organization\",\"name\":\"WD-40 Belgi\u00eb\",\"url\":\"https:\\\/\\\/wd40.be\\\/de\\\/\",\"logo\":{\"@type\":\"ImageObject\",\"inLanguage\":\"de-DE\",\"@id\":\"https:\\\/\\\/wd40.be\\\/de\\\/#\\\/schema\\\/logo\\\/image\\\/\",\"url\":\"https:\\\/\\\/media.wd40.be\\\/app\\\/uploads\\\/2021\\\/03\\\/27082226\\\/WD40_social_media_1024x1024-1.png\",\"contentUrl\":\"https:\\\/\\\/media.wd40.be\\\/app\\\/uploads\\\/2021\\\/03\\\/27082226\\\/WD40_social_media_1024x1024-1.png\",\"width\":1024,\"height\":1024,\"caption\":\"WD-40 Belgi\u00eb\"},\"image\":{\"@id\":\"https:\\\/\\\/wd40.be\\\/de\\\/#\\\/schema\\\/logo\\\/image\\\/\"}}]}<\/script>\n<!-- \/ Yoast SEO Premium plugin. -->","yoast_head_json":{"title":"WD-40 Specialist Droogsmeerspray met PTFE","description":"WD-40 Specialist Droogsmeerspray biedt smering zonder stof, vuil of olie aan te trekken. Ontdek snel de voordelen!","robots":{"index":"index","follow":"follow","max-snippet":"max-snippet:-1","max-image-preview":"max-image-preview:large","max-video-preview":"max-video-preview:-1"},"canonical":"https:\/\/wd40.be\/de\/produkt\/reibungsreduzierendes-ptfe-trockenschmierspray\/","og_locale":"de_DE","og_type":"article","og_title":"WD-40 Specialist PTFE- Trockenschmierspray","og_description":"WD-40 Specialist Droogsmeerspray biedt smering zonder stof, vuil of olie aan te trekken. Ontdek snel de voordelen!","og_url":"https:\/\/wd40.be\/de\/produkt\/reibungsreduzierendes-ptfe-trockenschmierspray\/","og_site_name":"WD-40 Belgi\u00eb","article_modified_time":"2025-08-22T11:27:56+00:00","og_image":[{"width":1000,"height":1000,"url":"https:\/\/media.wd40.be\/app\/uploads\/2021\/03\/30120811\/WD-40_Droogsmeerspray.png","type":"image\/png"}],"twitter_card":"summary_large_image","schema":{"@context":"https:\/\/schema.org","@graph":[[],{"@type":"ImageObject","inLanguage":"de-DE","@id":"https:\/\/wd40.be\/de\/produkt\/reibungsreduzierendes-ptfe-trockenschmierspray\/#primaryimage","url":"https:\/\/media.wd40.be\/app\/uploads\/2021\/03\/30120811\/WD-40_Droogsmeerspray.png","contentUrl":"https:\/\/media.wd40.be\/app\/uploads\/2021\/03\/30120811\/WD-40_Droogsmeerspray.png","width":1000,"height":1000,"caption":"wd 40 droogsmeerspray"},{"@type":"BreadcrumbList","@id":"https:\/\/wd40.be\/de\/produkt\/reibungsreduzierendes-ptfe-trockenschmierspray\/#breadcrumb","itemListElement":[{"@type":"ListItem","position":1,"name":"Home","item":"https:\/\/wd40.be\/de\/"},{"@type":"ListItem","position":2,"name":"Produkte","item":"https:\/\/wd40.be\/de\/produkt\/"},{"@type":"ListItem","position":3,"name":"WD-40 Specialist","item":"https:\/\/wd40.be\/de\/produkte\/wd-40-specialist-de\/"},{"@type":"ListItem","position":4,"name":"WD-40 Specialist PTFE- Trockenschmierspray"}]},{"@type":"WebSite","@id":"https:\/\/wd40.be\/de\/#website","url":"https:\/\/wd40.be\/de\/","name":"WD-40 Belgi\u00eb","description":"WD-40 BE","publisher":{"@id":"https:\/\/wd40.be\/de\/#organization"},"potentialAction":[{"@type":"SearchAction","target":{"@type":"EntryPoint","urlTemplate":"https:\/\/wd40.be\/de\/?s={search_term_string}"},"query-input":{"@type":"PropertyValueSpecification","valueRequired":true,"valueName":"search_term_string"}}],"inLanguage":"de-DE"},{"@type":"Organization","@id":"https:\/\/wd40.be\/de\/#organization","name":"WD-40 Belgi\u00eb","url":"https:\/\/wd40.be\/de\/","logo":{"@type":"ImageObject","inLanguage":"de-DE","@id":"https:\/\/wd40.be\/de\/#\/schema\/logo\/image\/","url":"https:\/\/media.wd40.be\/app\/uploads\/2021\/03\/27082226\/WD40_social_media_1024x1024-1.png","contentUrl":"https:\/\/media.wd40.be\/app\/uploads\/2021\/03\/27082226\/WD40_social_media_1024x1024-1.png","width":1024,"height":1024,"caption":"WD-40 Belgi\u00eb"},"image":{"@id":"https:\/\/wd40.be\/de\/#\/schema\/logo\/image\/"}}]}},"yoast-key-phrase":"Droogsmeerspray met ptfe","yoast-key-phrase-score":"48","yoast-readability":"90","_links":{"self":[{"href":"https:\/\/wd40.be\/de\/wp-json\/wp\/v2\/product\/5962","targetHints":{"allow":["GET"]}}],"collection":[{"href":"https:\/\/wd40.be\/de\/wp-json\/wp\/v2\/product"}],"about":[{"href":"https:\/\/wd40.be\/de\/wp-json\/wp\/v2\/types\/product"}],"replies":[{"embeddable":true,"href":"https:\/\/wd40.be\/de\/wp-json\/wp\/v2\/comments?post=5962"}],"version-history":[{"count":3,"href":"https:\/\/wd40.be\/de\/wp-json\/wp\/v2\/product\/5962\/revisions"}],"predecessor-version":[{"id":19441,"href":"https:\/\/wd40.be\/de\/wp-json\/wp\/v2\/product\/5962\/revisions\/19441"}],"wp:featuredmedia":[{"embeddable":true,"href":"https:\/\/wd40.be\/de\/wp-json\/wp\/v2\/media\/15168"}],"wp:attachment":[{"href":"https:\/\/wd40.be\/de\/wp-json\/wp\/v2\/media?parent=5962"}],"wp:term":[{"taxonomy":"product_category","embeddable":true,"href":"https:\/\/wd40.be\/de\/wp-json\/wp\/v2\/product_category?post=5962"},{"taxonomy":"product_tag","embeddable":true,"href":"https:\/\/wd40.be\/de\/wp-json\/wp\/v2\/product_tag?post=5962"}],"curies":[{"name":"wp","href":"https:\/\/api.w.org\/{rel}","templated":true}]}}