{"id":20046,"date":"2026-04-28T12:12:36","date_gmt":"2026-04-28T10:12:36","guid":{"rendered":"https:\/\/wd40.be\/?post_type=product&#038;p=20046"},"modified":"2026-04-29T08:58:11","modified_gmt":"2026-04-29T06:58:11","slug":"wd-40-specialist-bio-lubricant","status":"publish","type":"product","link":"https:\/\/wd40.be\/de\/produkt\/wd-40-specialist-bio-lubricant\/","title":{"rendered":"WD-40 SPECIALIST<sub class=\"registration-mark\">&reg;<\/sub> BIO LUBRICANT"},"content":{"rendered":"<p>WD-40 Specialist<sub>\u00ae<\/sub> Bio Lubricant ist ein Mehrzweckschmiermittel, das zu 85 % aus biobasierten Inhaltsstoffen besteht. Es eignet sich f\u00fcr den Einsatz auf Metallen, Kunststoffen und Gummi und ist mit dem EU-Umweltzeichen zertifiziert, womit es strenge Kriterien hinsichtlich biologischer Abbaubarkeit, Bioakkumulation und aquatischer Toxizit\u00e4t erf\u00fcllt.<\/p>\n<p>Das Produkt dient zum Schmieren, Eindringen und Verdr\u00e4ngen von Feuchtigkeit und hilft dabei, festsitzende oder blockierte Teile zu l\u00f6sen, w\u00e4hrend es gleichzeitig Schutz vor Rost, Korrosion und Verschlei\u00df bietet. Es beh\u00e4lt seine Leistungsf\u00e4higkeit auch unter h\u00f6heren Belastungen bei. Dank seiner NSF H2-Zertifizierung ist es als Schmiermittel in Bereichen der Lebensmittelverarbeitung zugelassen, in denen kein Kontakt mit Lebensmitteln m\u00f6glich ist.<\/p>\n<p>WD-40 Specialist<sub>\u00ae<\/sub> Bio Lubricant wird sowohl f\u00fcr Heimwerker als auch f\u00fcr professionelle Anwender empfohlen und eignet sich f\u00fcr eine Vielzahl von Anwendungen, darunter Hausinstandhaltung, Gartenarbeit, Fahrradpflege, Elektrowerkzeuge und Maschinenwartung.<\/p>\n","protected":false},"excerpt":{"rendered":"<p>WD-40 Specialist Bio Lubricant ist ein Mehrzweckschmiermittel, das zu 85 % aus biobasierten Inhaltsstoffen besteht. Es eignet sich f\u00fcr den Einsatz auf Metall, Kunststoff und Gummi und ist mit dem EU-Umweltzeichen zertifiziert, da es strenge Kriterien hinsichtlich biologischer Abbaubarkeit, Bioakkumulation und aquatischer Toxizit\u00e4t erf\u00fcllt.<\/p>\n","protected":false},"featured_media":20136,"comment_status":"open","ping_status":"closed","template":"","product_category":[130],"product_tag":[],"class_list":["post-20046","product","type-product","status-publish","has-post-thumbnail","hentry","product_category-wd-40-specialist-de"],"acf":[],"title_raw":"WD-40 SPECIALIST BIO LUBRICANT","yoast_head":"<!-- This site is optimized with the Yoast SEO Premium plugin v27.3 (Yoast SEO v27.3) - https:\/\/yoast.com\/product\/yoast-seo-premium-wordpress\/ -->\n<title>Bio Lubricant \u2013 Multifunktionales Schmiermittel | WD\u201140 Belgien<\/title>\n<meta name=\"description\" content=\"WD\u201140 Specialist\u00ae Bio Lubricant ist ein multifunktionales Schmiermittel mit EU\u2011Umweltzeichen und NSF\u2011H2\u2011Zertifizierung.\" \/>\n<meta name=\"robots\" content=\"index, follow, max-snippet:-1, max-image-preview:large, max-video-preview:-1\" \/>\n<link rel=\"canonical\" href=\"https:\/\/wd40.be\/de\/produkt\/wd-40-specialist-bio-lubricant\/\" \/>\n<meta property=\"og:locale\" content=\"de_DE\" \/>\n<meta property=\"og:type\" content=\"article\" \/>\n<meta property=\"og:title\" content=\"WD-40 SPECIALIST BIO LUBRICANT\" \/>\n<meta property=\"og:description\" content=\"WD\u201140 Specialist\u00ae Bio Lubricant ist ein multifunktionales Schmiermittel mit EU\u2011Umweltzeichen und NSF\u2011H2\u2011Zertifizierung.\" \/>\n<meta property=\"og:url\" content=\"https:\/\/wd40.be\/de\/produkt\/wd-40-specialist-bio-lubricant\/\" \/>\n<meta property=\"og:site_name\" content=\"WD-40 Belgi\u00eb\" \/>\n<meta property=\"article:modified_time\" content=\"2026-04-29T06:58:11+00:00\" \/>\n<meta property=\"og:image\" content=\"https:\/\/media.wd40.be\/app\/uploads\/2026\/04\/29085559\/Untitled-design.png\" \/>\n\t<meta property=\"og:image:width\" content=\"1000\" \/>\n\t<meta property=\"og:image:height\" content=\"1000\" \/>\n\t<meta property=\"og:image:type\" content=\"image\/png\" \/>\n<meta name=\"twitter:card\" content=\"summary_large_image\" \/>\n<script type=\"application\/ld+json\" class=\"yoast-schema-graph\">{\"@context\":\"https:\\\/\\\/schema.org\",\"@graph\":[[],{\"@type\":\"ImageObject\",\"inLanguage\":\"de-DE\",\"@id\":\"https:\\\/\\\/wd40.be\\\/de\\\/produkt\\\/wd-40-specialist-bio-lubricant\\\/#primaryimage\",\"url\":\"https:\\\/\\\/media.wd40.be\\\/app\\\/uploads\\\/2026\\\/04\\\/29085559\\\/Untitled-design.png\",\"contentUrl\":\"https:\\\/\\\/media.wd40.be\\\/app\\\/uploads\\\/2026\\\/04\\\/29085559\\\/Untitled-design.png\",\"width\":1000,\"height\":1000,\"caption\":\"Bio Lubricant packshot\"},{\"@type\":\"BreadcrumbList\",\"@id\":\"https:\\\/\\\/wd40.be\\\/de\\\/produkt\\\/wd-40-specialist-bio-lubricant\\\/#breadcrumb\",\"itemListElement\":[{\"@type\":\"ListItem\",\"position\":1,\"name\":\"Home\",\"item\":\"https:\\\/\\\/wd40.be\\\/de\\\/\"},{\"@type\":\"ListItem\",\"position\":2,\"name\":\"Produkte\",\"item\":\"https:\\\/\\\/wd40.be\\\/de\\\/produkt\\\/\"},{\"@type\":\"ListItem\",\"position\":3,\"name\":\"WD-40 Specialist\",\"item\":\"https:\\\/\\\/wd40.be\\\/de\\\/produkte\\\/wd-40-specialist-de\\\/\"},{\"@type\":\"ListItem\",\"position\":4,\"name\":\"WD-40 SPECIALIST BIO LUBRICANT\"}]},{\"@type\":\"WebSite\",\"@id\":\"https:\\\/\\\/wd40.be\\\/de\\\/#website\",\"url\":\"https:\\\/\\\/wd40.be\\\/de\\\/\",\"name\":\"WD-40 Belgi\u00eb\",\"description\":\"WD-40 BE\",\"publisher\":{\"@id\":\"https:\\\/\\\/wd40.be\\\/de\\\/#organization\"},\"potentialAction\":[{\"@type\":\"SearchAction\",\"target\":{\"@type\":\"EntryPoint\",\"urlTemplate\":\"https:\\\/\\\/wd40.be\\\/de\\\/?s={search_term_string}\"},\"query-input\":{\"@type\":\"PropertyValueSpecification\",\"valueRequired\":true,\"valueName\":\"search_term_string\"}}],\"inLanguage\":\"de-DE\"},{\"@type\":\"Organization\",\"@id\":\"https:\\\/\\\/wd40.be\\\/de\\\/#organization\",\"name\":\"WD-40 Belgi\u00eb\",\"url\":\"https:\\\/\\\/wd40.be\\\/de\\\/\",\"logo\":{\"@type\":\"ImageObject\",\"inLanguage\":\"de-DE\",\"@id\":\"https:\\\/\\\/wd40.be\\\/de\\\/#\\\/schema\\\/logo\\\/image\\\/\",\"url\":\"https:\\\/\\\/media.wd40.be\\\/app\\\/uploads\\\/2021\\\/03\\\/27082226\\\/WD40_social_media_1024x1024-1.png\",\"contentUrl\":\"https:\\\/\\\/media.wd40.be\\\/app\\\/uploads\\\/2021\\\/03\\\/27082226\\\/WD40_social_media_1024x1024-1.png\",\"width\":1024,\"height\":1024,\"caption\":\"WD-40 Belgi\u00eb\"},\"image\":{\"@id\":\"https:\\\/\\\/wd40.be\\\/de\\\/#\\\/schema\\\/logo\\\/image\\\/\"}}]}<\/script>\n<!-- \/ Yoast SEO Premium plugin. -->","yoast_head_json":{"title":"Bio Lubricant \u2013 Multifunktionales Schmiermittel | WD\u201140 Belgien","description":"WD\u201140 Specialist\u00ae Bio Lubricant ist ein multifunktionales Schmiermittel mit EU\u2011Umweltzeichen und NSF\u2011H2\u2011Zertifizierung.","robots":{"index":"index","follow":"follow","max-snippet":"max-snippet:-1","max-image-preview":"max-image-preview:large","max-video-preview":"max-video-preview:-1"},"canonical":"https:\/\/wd40.be\/de\/produkt\/wd-40-specialist-bio-lubricant\/","og_locale":"de_DE","og_type":"article","og_title":"WD-40 SPECIALIST BIO LUBRICANT","og_description":"WD\u201140 Specialist\u00ae Bio Lubricant ist ein multifunktionales Schmiermittel mit EU\u2011Umweltzeichen und NSF\u2011H2\u2011Zertifizierung.","og_url":"https:\/\/wd40.be\/de\/produkt\/wd-40-specialist-bio-lubricant\/","og_site_name":"WD-40 Belgi\u00eb","article_modified_time":"2026-04-29T06:58:11+00:00","og_image":[{"width":1000,"height":1000,"url":"https:\/\/media.wd40.be\/app\/uploads\/2026\/04\/29085559\/Untitled-design.png","type":"image\/png"}],"twitter_card":"summary_large_image","schema":{"@context":"https:\/\/schema.org","@graph":[[],{"@type":"ImageObject","inLanguage":"de-DE","@id":"https:\/\/wd40.be\/de\/produkt\/wd-40-specialist-bio-lubricant\/#primaryimage","url":"https:\/\/media.wd40.be\/app\/uploads\/2026\/04\/29085559\/Untitled-design.png","contentUrl":"https:\/\/media.wd40.be\/app\/uploads\/2026\/04\/29085559\/Untitled-design.png","width":1000,"height":1000,"caption":"Bio Lubricant packshot"},{"@type":"BreadcrumbList","@id":"https:\/\/wd40.be\/de\/produkt\/wd-40-specialist-bio-lubricant\/#breadcrumb","itemListElement":[{"@type":"ListItem","position":1,"name":"Home","item":"https:\/\/wd40.be\/de\/"},{"@type":"ListItem","position":2,"name":"Produkte","item":"https:\/\/wd40.be\/de\/produkt\/"},{"@type":"ListItem","position":3,"name":"WD-40 Specialist","item":"https:\/\/wd40.be\/de\/produkte\/wd-40-specialist-de\/"},{"@type":"ListItem","position":4,"name":"WD-40 SPECIALIST BIO LUBRICANT"}]},{"@type":"WebSite","@id":"https:\/\/wd40.be\/de\/#website","url":"https:\/\/wd40.be\/de\/","name":"WD-40 Belgi\u00eb","description":"WD-40 BE","publisher":{"@id":"https:\/\/wd40.be\/de\/#organization"},"potentialAction":[{"@type":"SearchAction","target":{"@type":"EntryPoint","urlTemplate":"https:\/\/wd40.be\/de\/?s={search_term_string}"},"query-input":{"@type":"PropertyValueSpecification","valueRequired":true,"valueName":"search_term_string"}}],"inLanguage":"de-DE"},{"@type":"Organization","@id":"https:\/\/wd40.be\/de\/#organization","name":"WD-40 Belgi\u00eb","url":"https:\/\/wd40.be\/de\/","logo":{"@type":"ImageObject","inLanguage":"de-DE","@id":"https:\/\/wd40.be\/de\/#\/schema\/logo\/image\/","url":"https:\/\/media.wd40.be\/app\/uploads\/2021\/03\/27082226\/WD40_social_media_1024x1024-1.png","contentUrl":"https:\/\/media.wd40.be\/app\/uploads\/2021\/03\/27082226\/WD40_social_media_1024x1024-1.png","width":1024,"height":1024,"caption":"WD-40 Belgi\u00eb"},"image":{"@id":"https:\/\/wd40.be\/de\/#\/schema\/logo\/image\/"}}]}},"yoast-key-phrase":"Bio Lubricant","yoast-key-phrase-score":"68","yoast-readability":"90","_links":{"self":[{"href":"https:\/\/wd40.be\/de\/wp-json\/wp\/v2\/product\/20046","targetHints":{"allow":["GET"]}}],"collection":[{"href":"https:\/\/wd40.be\/de\/wp-json\/wp\/v2\/product"}],"about":[{"href":"https:\/\/wd40.be\/de\/wp-json\/wp\/v2\/types\/product"}],"replies":[{"embeddable":true,"href":"https:\/\/wd40.be\/de\/wp-json\/wp\/v2\/comments?post=20046"}],"version-history":[{"count":9,"href":"https:\/\/wd40.be\/de\/wp-json\/wp\/v2\/product\/20046\/revisions"}],"predecessor-version":[{"id":20130,"href":"https:\/\/wd40.be\/de\/wp-json\/wp\/v2\/product\/20046\/revisions\/20130"}],"wp:featuredmedia":[{"embeddable":true,"href":"https:\/\/wd40.be\/de\/wp-json\/wp\/v2\/media\/20136"}],"wp:attachment":[{"href":"https:\/\/wd40.be\/de\/wp-json\/wp\/v2\/media?parent=20046"}],"wp:term":[{"taxonomy":"product_category","embeddable":true,"href":"https:\/\/wd40.be\/de\/wp-json\/wp\/v2\/product_category?post=20046"},{"taxonomy":"product_tag","embeddable":true,"href":"https:\/\/wd40.be\/de\/wp-json\/wp\/v2\/product_tag?post=20046"}],"curies":[{"name":"wp","href":"https:\/\/api.w.org\/{rel}","templated":true}]}}