{"id":18812,"date":"2024-11-05T10:24:30","date_gmt":"2024-11-05T09:24:30","guid":{"rendered":"https:\/\/wd40.be\/?post_type=product&#038;p=18812"},"modified":"2025-10-23T12:08:09","modified_gmt":"2025-10-23T10:08:09","slug":"wd-40-specialist-hochleistungs-smierspray","status":"publish","type":"product","link":"https:\/\/wd40.be\/de\/produkt\/wd-40-specialist-hochleistungs-smierspray\/","title":{"rendered":"WD-40 Specialist<sub class=\"registration-mark\">&reg;<\/sub> Hochleistungs-Smierspray"},"content":{"rendered":"<p>Dieses Hochleistungs Schmierspray kann f\u00fcr eine Vielzahl von Anwendungen verwendet werden. Es bietet hervorragende Schmierung und Schutz, w\u00e4hrend es gleichzeitig Reibung und Verschlei\u00df reduziert, sodass Werkzeuge und Maschinen reibungslos funktionieren und l\u00e4nger halten.<br \/>\nDas Schmiermittel kann sicher bei Temperaturen von -20\u00b0C bis 100\u00b0C verwendet werden und ist f\u00fcr den Einsatz auf allen Metallen, Glas, Vinyl, Gummi und Kunststoffen geeignet. Eine ideale Erg\u00e4nzung f\u00fcr die Garage, Werkstatt, Fabrik oder das Gartenhaus.<\/p>\n<p><strong>Wie verwende ich Hochleistungs Schmierspray?<\/strong><br \/>\nSch\u00fctteln Sie das Produkt vor Gebrauch und tragen Sie es direkt auf die zu behandelnde Oberfl\u00e4che auf, um Schmierung und Schutz zu gew\u00e4hrleisten. Mit dem Smart Straw-Applikator haben Sie zwei M\u00f6glichkeiten zu spr\u00fchen: breit oder pr\u00e4zise. Klappen Sie den Strohhalm hoch, um pr\u00e4zise zu spr\u00fchen, und klappen Sie ihn herunter, um gr\u00f6\u00dfere Fl\u00e4chen zu behandeln. Egal wie Sie spr\u00fchen m\u00f6chten, Sie k\u00f6nnen sich auf das intelligente 360\u00b0-Ventil verlassen, das es Ihnen erm\u00f6glicht, sowohl aufrecht als auch kopf\u00fcber zu spr\u00fchen.<\/p>\n","protected":false},"excerpt":{"rendered":"<p>WD-40 Specialist Hochleistungs-Smierspray bietet hervorragende Schmierung und Schutz, w\u00e4hrend es gleichzeitig Reibung und Verschlei\u00df reduziert, sodass Werkzeuge und Maschinen reibungslos funktionieren und l\u00e4nger halten.<\/p>\n","protected":false},"featured_media":19471,"comment_status":"open","ping_status":"closed","template":"","product_category":[130],"product_tag":[],"class_list":["post-18812","product","type-product","status-publish","has-post-thumbnail","hentry","product_category-wd-40-specialist-de"],"acf":[],"title_raw":"WD-40 Specialist Hochleistungs-Smierspray","yoast_head":"<!-- This site is optimized with the Yoast SEO Premium plugin v27.3 (Yoast SEO v27.3) - https:\/\/yoast.com\/product\/yoast-seo-premium-wordpress\/ -->\n<title>WD-40 Specialist Hochleistungs-Smierspray - WD-40 Belgi\u00eb<\/title>\n<meta name=\"description\" content=\"Entdecken Sie das WD-40 Hochleistungs-Schmierspray \u2013 langanhaltender Schutz gegen Reibung, Verschlei\u00df und Korrosion.\" \/>\n<meta name=\"robots\" content=\"index, follow, max-snippet:-1, max-image-preview:large, max-video-preview:-1\" \/>\n<link rel=\"canonical\" href=\"https:\/\/wd40.be\/de\/produkt\/wd-40-specialist-hochleistungs-smierspray\/\" \/>\n<meta property=\"og:locale\" content=\"de_DE\" \/>\n<meta property=\"og:type\" content=\"article\" \/>\n<meta property=\"og:title\" content=\"WD-40 Specialist Hochleistungs-Smierspray\" \/>\n<meta property=\"og:description\" content=\"Entdecken Sie das WD-40 Hochleistungs-Schmierspray \u2013 langanhaltender Schutz gegen Reibung, Verschlei\u00df und Korrosion.\" \/>\n<meta property=\"og:url\" content=\"https:\/\/wd40.be\/de\/produkt\/wd-40-specialist-hochleistungs-smierspray\/\" \/>\n<meta property=\"og:site_name\" content=\"WD-40 Belgi\u00eb\" \/>\n<meta property=\"article:modified_time\" content=\"2025-10-23T10:08:09+00:00\" \/>\n<meta property=\"og:image\" content=\"https:\/\/media.wd40.be\/app\/uploads\/2024\/11\/21130900\/17981-53-00946-WDSP-250ML-HP-LUBRICANT-SMS-NL-FR-DE-3d-1-1.png\" \/>\n\t<meta property=\"og:image:width\" content=\"1000\" \/>\n\t<meta property=\"og:image:height\" content=\"1000\" \/>\n\t<meta property=\"og:image:type\" content=\"image\/png\" \/>\n<meta name=\"twitter:card\" content=\"summary_large_image\" \/>\n<script type=\"application\/ld+json\" class=\"yoast-schema-graph\">{\"@context\":\"https:\\\/\\\/schema.org\",\"@graph\":[[],{\"@type\":\"ImageObject\",\"inLanguage\":\"de-DE\",\"@id\":\"https:\\\/\\\/wd40.be\\\/de\\\/produkt\\\/wd-40-specialist-hochleistungs-smierspray\\\/#primaryimage\",\"url\":\"https:\\\/\\\/media.wd40.be\\\/app\\\/uploads\\\/2024\\\/11\\\/21130900\\\/17981-53-00946-WDSP-250ML-HP-LUBRICANT-SMS-NL-FR-DE-3d-1-1.png\",\"contentUrl\":\"https:\\\/\\\/media.wd40.be\\\/app\\\/uploads\\\/2024\\\/11\\\/21130900\\\/17981-53-00946-WDSP-250ML-HP-LUBRICANT-SMS-NL-FR-DE-3d-1-1.png\",\"width\":1000,\"height\":1000,\"caption\":\"17981 53 00946 wdsp 250ml hp lubricant sms nl fr de 3d (1)\"},{\"@type\":\"BreadcrumbList\",\"@id\":\"https:\\\/\\\/wd40.be\\\/de\\\/produkt\\\/wd-40-specialist-hochleistungs-smierspray\\\/#breadcrumb\",\"itemListElement\":[{\"@type\":\"ListItem\",\"position\":1,\"name\":\"Home\",\"item\":\"https:\\\/\\\/wd40.be\\\/de\\\/\"},{\"@type\":\"ListItem\",\"position\":2,\"name\":\"Produkte\",\"item\":\"https:\\\/\\\/wd40.be\\\/de\\\/produkt\\\/\"},{\"@type\":\"ListItem\",\"position\":3,\"name\":\"WD-40 Specialist\",\"item\":\"https:\\\/\\\/wd40.be\\\/de\\\/produkte\\\/wd-40-specialist-de\\\/\"},{\"@type\":\"ListItem\",\"position\":4,\"name\":\"WD-40 Specialist Hochleistungs-Smierspray\"}]},{\"@type\":\"WebSite\",\"@id\":\"https:\\\/\\\/wd40.be\\\/de\\\/#website\",\"url\":\"https:\\\/\\\/wd40.be\\\/de\\\/\",\"name\":\"WD-40 Belgi\u00eb\",\"description\":\"WD-40 BE\",\"publisher\":{\"@id\":\"https:\\\/\\\/wd40.be\\\/de\\\/#organization\"},\"potentialAction\":[{\"@type\":\"SearchAction\",\"target\":{\"@type\":\"EntryPoint\",\"urlTemplate\":\"https:\\\/\\\/wd40.be\\\/de\\\/?s={search_term_string}\"},\"query-input\":{\"@type\":\"PropertyValueSpecification\",\"valueRequired\":true,\"valueName\":\"search_term_string\"}}],\"inLanguage\":\"de-DE\"},{\"@type\":\"Organization\",\"@id\":\"https:\\\/\\\/wd40.be\\\/de\\\/#organization\",\"name\":\"WD-40 Belgi\u00eb\",\"url\":\"https:\\\/\\\/wd40.be\\\/de\\\/\",\"logo\":{\"@type\":\"ImageObject\",\"inLanguage\":\"de-DE\",\"@id\":\"https:\\\/\\\/wd40.be\\\/de\\\/#\\\/schema\\\/logo\\\/image\\\/\",\"url\":\"https:\\\/\\\/media.wd40.be\\\/app\\\/uploads\\\/2021\\\/03\\\/27082226\\\/WD40_social_media_1024x1024-1.png\",\"contentUrl\":\"https:\\\/\\\/media.wd40.be\\\/app\\\/uploads\\\/2021\\\/03\\\/27082226\\\/WD40_social_media_1024x1024-1.png\",\"width\":1024,\"height\":1024,\"caption\":\"WD-40 Belgi\u00eb\"},\"image\":{\"@id\":\"https:\\\/\\\/wd40.be\\\/de\\\/#\\\/schema\\\/logo\\\/image\\\/\"}}]}<\/script>\n<!-- \/ Yoast SEO Premium plugin. -->","yoast_head_json":{"title":"WD-40 Specialist Hochleistungs-Smierspray - WD-40 Belgi\u00eb","description":"Entdecken Sie das WD-40 Hochleistungs-Schmierspray \u2013 langanhaltender Schutz gegen Reibung, Verschlei\u00df und Korrosion.","robots":{"index":"index","follow":"follow","max-snippet":"max-snippet:-1","max-image-preview":"max-image-preview:large","max-video-preview":"max-video-preview:-1"},"canonical":"https:\/\/wd40.be\/de\/produkt\/wd-40-specialist-hochleistungs-smierspray\/","og_locale":"de_DE","og_type":"article","og_title":"WD-40 Specialist Hochleistungs-Smierspray","og_description":"Entdecken Sie das WD-40 Hochleistungs-Schmierspray \u2013 langanhaltender Schutz gegen Reibung, Verschlei\u00df und Korrosion.","og_url":"https:\/\/wd40.be\/de\/produkt\/wd-40-specialist-hochleistungs-smierspray\/","og_site_name":"WD-40 Belgi\u00eb","article_modified_time":"2025-10-23T10:08:09+00:00","og_image":[{"width":1000,"height":1000,"url":"https:\/\/media.wd40.be\/app\/uploads\/2024\/11\/21130900\/17981-53-00946-WDSP-250ML-HP-LUBRICANT-SMS-NL-FR-DE-3d-1-1.png","type":"image\/png"}],"twitter_card":"summary_large_image","schema":{"@context":"https:\/\/schema.org","@graph":[[],{"@type":"ImageObject","inLanguage":"de-DE","@id":"https:\/\/wd40.be\/de\/produkt\/wd-40-specialist-hochleistungs-smierspray\/#primaryimage","url":"https:\/\/media.wd40.be\/app\/uploads\/2024\/11\/21130900\/17981-53-00946-WDSP-250ML-HP-LUBRICANT-SMS-NL-FR-DE-3d-1-1.png","contentUrl":"https:\/\/media.wd40.be\/app\/uploads\/2024\/11\/21130900\/17981-53-00946-WDSP-250ML-HP-LUBRICANT-SMS-NL-FR-DE-3d-1-1.png","width":1000,"height":1000,"caption":"17981 53 00946 wdsp 250ml hp lubricant sms nl fr de 3d (1)"},{"@type":"BreadcrumbList","@id":"https:\/\/wd40.be\/de\/produkt\/wd-40-specialist-hochleistungs-smierspray\/#breadcrumb","itemListElement":[{"@type":"ListItem","position":1,"name":"Home","item":"https:\/\/wd40.be\/de\/"},{"@type":"ListItem","position":2,"name":"Produkte","item":"https:\/\/wd40.be\/de\/produkt\/"},{"@type":"ListItem","position":3,"name":"WD-40 Specialist","item":"https:\/\/wd40.be\/de\/produkte\/wd-40-specialist-de\/"},{"@type":"ListItem","position":4,"name":"WD-40 Specialist Hochleistungs-Smierspray"}]},{"@type":"WebSite","@id":"https:\/\/wd40.be\/de\/#website","url":"https:\/\/wd40.be\/de\/","name":"WD-40 Belgi\u00eb","description":"WD-40 BE","publisher":{"@id":"https:\/\/wd40.be\/de\/#organization"},"potentialAction":[{"@type":"SearchAction","target":{"@type":"EntryPoint","urlTemplate":"https:\/\/wd40.be\/de\/?s={search_term_string}"},"query-input":{"@type":"PropertyValueSpecification","valueRequired":true,"valueName":"search_term_string"}}],"inLanguage":"de-DE"},{"@type":"Organization","@id":"https:\/\/wd40.be\/de\/#organization","name":"WD-40 Belgi\u00eb","url":"https:\/\/wd40.be\/de\/","logo":{"@type":"ImageObject","inLanguage":"de-DE","@id":"https:\/\/wd40.be\/de\/#\/schema\/logo\/image\/","url":"https:\/\/media.wd40.be\/app\/uploads\/2021\/03\/27082226\/WD40_social_media_1024x1024-1.png","contentUrl":"https:\/\/media.wd40.be\/app\/uploads\/2021\/03\/27082226\/WD40_social_media_1024x1024-1.png","width":1024,"height":1024,"caption":"WD-40 Belgi\u00eb"},"image":{"@id":"https:\/\/wd40.be\/de\/#\/schema\/logo\/image\/"}}]}},"yoast-key-phrase":"Hochleistungs-Schmierspray","yoast-key-phrase-score":"71","yoast-readability":"60","_links":{"self":[{"href":"https:\/\/wd40.be\/de\/wp-json\/wp\/v2\/product\/18812","targetHints":{"allow":["GET"]}}],"collection":[{"href":"https:\/\/wd40.be\/de\/wp-json\/wp\/v2\/product"}],"about":[{"href":"https:\/\/wd40.be\/de\/wp-json\/wp\/v2\/types\/product"}],"replies":[{"embeddable":true,"href":"https:\/\/wd40.be\/de\/wp-json\/wp\/v2\/comments?post=18812"}],"version-history":[{"count":8,"href":"https:\/\/wd40.be\/de\/wp-json\/wp\/v2\/product\/18812\/revisions"}],"predecessor-version":[{"id":19488,"href":"https:\/\/wd40.be\/de\/wp-json\/wp\/v2\/product\/18812\/revisions\/19488"}],"wp:featuredmedia":[{"embeddable":true,"href":"https:\/\/wd40.be\/de\/wp-json\/wp\/v2\/media\/19471"}],"wp:attachment":[{"href":"https:\/\/wd40.be\/de\/wp-json\/wp\/v2\/media?parent=18812"}],"wp:term":[{"taxonomy":"product_category","embeddable":true,"href":"https:\/\/wd40.be\/de\/wp-json\/wp\/v2\/product_category?post=18812"},{"taxonomy":"product_tag","embeddable":true,"href":"https:\/\/wd40.be\/de\/wp-json\/wp\/v2\/product_tag?post=18812"}],"curies":[{"name":"wp","href":"https:\/\/api.w.org\/{rel}","templated":true}]}}