{"id":17096,"date":"2022-11-07T10:42:45","date_gmt":"2022-11-07T09:42:45","guid":{"rendered":"https:\/\/wd40.be\/?post_type=product&#038;p=17096"},"modified":"2024-12-06T10:08:43","modified_gmt":"2024-12-06T09:08:43","slug":"hochwertiges-multifunktionelles-fett","status":"publish","type":"product","link":"https:\/\/wd40.be\/de\/produkt\/hochwertiges-multifunktionelles-fett\/","title":{"rendered":"Hochwertiges Multifunktionelles fett"},"content":{"rendered":"<p>Eindickt mit Calciumsulfonat, ist WD-40 Specialist Hochwertiges Multifunktionelles Fett ein hochmoderner Mehrzweckschmierstoff, das f\u00fcr diverse Schmieranwendungen geeignet ist, auch unter extremen Bedingungen. Es bietet eine ausgezeichnete Druckbest\u00e4ndigkeit und ist die ideale wahl bei feuchten Umgebungen und bei hohen Temperaturen. Einsetzbar zwischen -30 \u00b0C\u00a0 und +140 \u00b0C (in begrenzten Zeitintervallen bis zu 180 \u00b0C) und f\u00fcr einen gro\u00dfen Drehzahlbereich.<\/p>\n<p><strong>Anwendung:<\/strong><\/p>\n<p>Das Multifunktionelles fett ist in zwei Formaten erh\u00e4ltlich: in Tuben und R\u00f6hren.<\/p>\n<p>R\u00f6hren: Entfernen Sie die Kappe und den stopfen und Setzen Sie die kartusche von Gebrauch in eine Kartuschenpistole ein.\u00a0 Verschlie\u00dfen Sie den beh\u00e4lter nach Gebrauch fest. Die Kartusche ist leicht pumpf\u00e4hig und passt in alle Standard-Kartuschenpistole.<\/p>\n<p>Tuben: Tragen Sie das Fett mit einem Pinsel oder Spatel auf. Nach Gebrauch gut verschlie\u00dfen. Reinigen Sie die B\u00fcrste bei Bedarf mit L\u00f6sungsmittel<\/p>\n<p><strong>Achtung:<\/strong><\/p>\n<p>Bestimmte Lager nicht s\u00e4ttingen; siehe Benutzerhandbuch des zu fettenden Ger\u00e4ts, falls erdorderlich.<\/p>\n<p><strong>Lagerbedingungen:<\/strong><\/p>\n<p>Um die Qualit\u00e4t des Produkts zu erhalten und im Laufe der Zeit nicht zu beeintr\u00e4chtigen wird empfohlen es an einem k\u00fchlen, trockenen Ort zu lagern; entfernt von Frost, sehr hei\u00dfem Wetter oder direkter Sonneneinstrahlung.<\/p>\n","protected":false},"excerpt":{"rendered":"<p>WD-40 Specialist Hochwertiges Multifunktionelles Fett ist ein hochmoderner Mehrzweckschmierstoff, eindickt mit Calciumsulfonat, das f\u00fcr diverse Schmieranwendungen geeignet ist, auch unter extremen Bedingungen.<\/p>\n","protected":false},"featured_media":16329,"comment_status":"open","ping_status":"closed","template":"","product_category":[130],"product_tag":[],"class_list":["post-17096","product","type-product","status-publish","has-post-thumbnail","hentry","product_category-wd-40-specialist-de"],"acf":[],"title_raw":"Hochwertiges Multifunktionelles fett","yoast_head":"<!-- This site is optimized with the Yoast SEO Premium plugin v27.3 (Yoast SEO v27.3) - https:\/\/yoast.com\/product\/yoast-seo-premium-wordpress\/ -->\n<title>Hochwertiges Multifunktionelles fett - WD-40 Belgi\u00eb<\/title>\n<meta name=\"description\" content=\"WD-40 Specialist Hochwertiges Multifunktionelles Fett ist ein hochmoderner Mehrzweckschmierstoff eindickt mit Calciumsulfonat..\" \/>\n<meta name=\"robots\" content=\"index, follow, max-snippet:-1, max-image-preview:large, max-video-preview:-1\" \/>\n<link rel=\"canonical\" href=\"https:\/\/wd40.be\/de\/produkt\/hochwertiges-multifunktionelles-fett\/\" \/>\n<meta property=\"og:locale\" content=\"de_DE\" \/>\n<meta property=\"og:type\" content=\"article\" \/>\n<meta property=\"og:title\" content=\"Hochwertiges Multifunktionelles fett\" \/>\n<meta property=\"og:description\" content=\"WD-40 Specialist Hochwertiges Multifunktionelles Fett ist ein hochmoderner Mehrzweckschmierstoff eindickt mit Calciumsulfonat..\" \/>\n<meta property=\"og:url\" content=\"https:\/\/wd40.be\/de\/produkt\/hochwertiges-multifunktionelles-fett\/\" \/>\n<meta property=\"og:site_name\" content=\"WD-40 Belgi\u00eb\" \/>\n<meta property=\"article:modified_time\" content=\"2024-12-06T09:08:43+00:00\" \/>\n<meta property=\"og:image\" content=\"https:\/\/media.wd40.be\/app\/uploads\/2022\/07\/18102139\/Nl-New-Cans-Bundle.png\" \/>\n\t<meta property=\"og:image:width\" content=\"1000\" \/>\n\t<meta property=\"og:image:height\" content=\"1000\" \/>\n\t<meta property=\"og:image:type\" content=\"image\/png\" \/>\n<meta name=\"twitter:card\" content=\"summary_large_image\" \/>\n<script type=\"application\/ld+json\" class=\"yoast-schema-graph\">{\"@context\":\"https:\\\/\\\/schema.org\",\"@graph\":[[],{\"@type\":\"ImageObject\",\"inLanguage\":\"de-DE\",\"@id\":\"https:\\\/\\\/wd40.be\\\/de\\\/produkt\\\/hochwertiges-multifunktionelles-fett\\\/#primaryimage\",\"url\":\"https:\\\/\\\/media.wd40.be\\\/app\\\/uploads\\\/2022\\\/07\\\/18102139\\\/Nl-New-Cans-Bundle.png\",\"contentUrl\":\"https:\\\/\\\/media.wd40.be\\\/app\\\/uploads\\\/2022\\\/07\\\/18102139\\\/Nl-New-Cans-Bundle.png\",\"width\":1000,\"height\":1000,\"caption\":\"Hochwertiges Multifunktionelles fett\"},{\"@type\":\"BreadcrumbList\",\"@id\":\"https:\\\/\\\/wd40.be\\\/de\\\/produkt\\\/hochwertiges-multifunktionelles-fett\\\/#breadcrumb\",\"itemListElement\":[{\"@type\":\"ListItem\",\"position\":1,\"name\":\"Home\",\"item\":\"https:\\\/\\\/wd40.be\\\/de\\\/\"},{\"@type\":\"ListItem\",\"position\":2,\"name\":\"Produkte\",\"item\":\"https:\\\/\\\/wd40.be\\\/de\\\/produkt\\\/\"},{\"@type\":\"ListItem\",\"position\":3,\"name\":\"WD-40 Specialist\",\"item\":\"https:\\\/\\\/wd40.be\\\/de\\\/produkte\\\/wd-40-specialist-de\\\/\"},{\"@type\":\"ListItem\",\"position\":4,\"name\":\"Hochwertiges Multifunktionelles fett\"}]},{\"@type\":\"WebSite\",\"@id\":\"https:\\\/\\\/wd40.be\\\/de\\\/#website\",\"url\":\"https:\\\/\\\/wd40.be\\\/de\\\/\",\"name\":\"WD-40 Belgi\u00eb\",\"description\":\"WD-40 BE\",\"publisher\":{\"@id\":\"https:\\\/\\\/wd40.be\\\/de\\\/#organization\"},\"potentialAction\":[{\"@type\":\"SearchAction\",\"target\":{\"@type\":\"EntryPoint\",\"urlTemplate\":\"https:\\\/\\\/wd40.be\\\/de\\\/?s={search_term_string}\"},\"query-input\":{\"@type\":\"PropertyValueSpecification\",\"valueRequired\":true,\"valueName\":\"search_term_string\"}}],\"inLanguage\":\"de-DE\"},{\"@type\":\"Organization\",\"@id\":\"https:\\\/\\\/wd40.be\\\/de\\\/#organization\",\"name\":\"WD-40 Belgi\u00eb\",\"url\":\"https:\\\/\\\/wd40.be\\\/de\\\/\",\"logo\":{\"@type\":\"ImageObject\",\"inLanguage\":\"de-DE\",\"@id\":\"https:\\\/\\\/wd40.be\\\/de\\\/#\\\/schema\\\/logo\\\/image\\\/\",\"url\":\"https:\\\/\\\/media.wd40.be\\\/app\\\/uploads\\\/2021\\\/03\\\/27082226\\\/WD40_social_media_1024x1024-1.png\",\"contentUrl\":\"https:\\\/\\\/media.wd40.be\\\/app\\\/uploads\\\/2021\\\/03\\\/27082226\\\/WD40_social_media_1024x1024-1.png\",\"width\":1024,\"height\":1024,\"caption\":\"WD-40 Belgi\u00eb\"},\"image\":{\"@id\":\"https:\\\/\\\/wd40.be\\\/de\\\/#\\\/schema\\\/logo\\\/image\\\/\"}}]}<\/script>\n<!-- \/ Yoast SEO Premium plugin. -->","yoast_head_json":{"title":"Hochwertiges Multifunktionelles fett - WD-40 Belgi\u00eb","description":"WD-40 Specialist Hochwertiges Multifunktionelles Fett ist ein hochmoderner Mehrzweckschmierstoff eindickt mit Calciumsulfonat..","robots":{"index":"index","follow":"follow","max-snippet":"max-snippet:-1","max-image-preview":"max-image-preview:large","max-video-preview":"max-video-preview:-1"},"canonical":"https:\/\/wd40.be\/de\/produkt\/hochwertiges-multifunktionelles-fett\/","og_locale":"de_DE","og_type":"article","og_title":"Hochwertiges Multifunktionelles fett","og_description":"WD-40 Specialist Hochwertiges Multifunktionelles Fett ist ein hochmoderner Mehrzweckschmierstoff eindickt mit Calciumsulfonat..","og_url":"https:\/\/wd40.be\/de\/produkt\/hochwertiges-multifunktionelles-fett\/","og_site_name":"WD-40 Belgi\u00eb","article_modified_time":"2024-12-06T09:08:43+00:00","og_image":[{"width":1000,"height":1000,"url":"https:\/\/media.wd40.be\/app\/uploads\/2022\/07\/18102139\/Nl-New-Cans-Bundle.png","type":"image\/png"}],"twitter_card":"summary_large_image","schema":{"@context":"https:\/\/schema.org","@graph":[[],{"@type":"ImageObject","inLanguage":"de-DE","@id":"https:\/\/wd40.be\/de\/produkt\/hochwertiges-multifunktionelles-fett\/#primaryimage","url":"https:\/\/media.wd40.be\/app\/uploads\/2022\/07\/18102139\/Nl-New-Cans-Bundle.png","contentUrl":"https:\/\/media.wd40.be\/app\/uploads\/2022\/07\/18102139\/Nl-New-Cans-Bundle.png","width":1000,"height":1000,"caption":"Hochwertiges Multifunktionelles fett"},{"@type":"BreadcrumbList","@id":"https:\/\/wd40.be\/de\/produkt\/hochwertiges-multifunktionelles-fett\/#breadcrumb","itemListElement":[{"@type":"ListItem","position":1,"name":"Home","item":"https:\/\/wd40.be\/de\/"},{"@type":"ListItem","position":2,"name":"Produkte","item":"https:\/\/wd40.be\/de\/produkt\/"},{"@type":"ListItem","position":3,"name":"WD-40 Specialist","item":"https:\/\/wd40.be\/de\/produkte\/wd-40-specialist-de\/"},{"@type":"ListItem","position":4,"name":"Hochwertiges Multifunktionelles fett"}]},{"@type":"WebSite","@id":"https:\/\/wd40.be\/de\/#website","url":"https:\/\/wd40.be\/de\/","name":"WD-40 Belgi\u00eb","description":"WD-40 BE","publisher":{"@id":"https:\/\/wd40.be\/de\/#organization"},"potentialAction":[{"@type":"SearchAction","target":{"@type":"EntryPoint","urlTemplate":"https:\/\/wd40.be\/de\/?s={search_term_string}"},"query-input":{"@type":"PropertyValueSpecification","valueRequired":true,"valueName":"search_term_string"}}],"inLanguage":"de-DE"},{"@type":"Organization","@id":"https:\/\/wd40.be\/de\/#organization","name":"WD-40 Belgi\u00eb","url":"https:\/\/wd40.be\/de\/","logo":{"@type":"ImageObject","inLanguage":"de-DE","@id":"https:\/\/wd40.be\/de\/#\/schema\/logo\/image\/","url":"https:\/\/media.wd40.be\/app\/uploads\/2021\/03\/27082226\/WD40_social_media_1024x1024-1.png","contentUrl":"https:\/\/media.wd40.be\/app\/uploads\/2021\/03\/27082226\/WD40_social_media_1024x1024-1.png","width":1024,"height":1024,"caption":"WD-40 Belgi\u00eb"},"image":{"@id":"https:\/\/wd40.be\/de\/#\/schema\/logo\/image\/"}}]}},"yoast-key-phrase":"Hochwertiges Multifunktionelles fett","yoast-key-phrase-score":"66","yoast-readability":"90","_links":{"self":[{"href":"https:\/\/wd40.be\/de\/wp-json\/wp\/v2\/product\/17096","targetHints":{"allow":["GET"]}}],"collection":[{"href":"https:\/\/wd40.be\/de\/wp-json\/wp\/v2\/product"}],"about":[{"href":"https:\/\/wd40.be\/de\/wp-json\/wp\/v2\/types\/product"}],"replies":[{"embeddable":true,"href":"https:\/\/wd40.be\/de\/wp-json\/wp\/v2\/comments?post=17096"}],"version-history":[{"count":2,"href":"https:\/\/wd40.be\/de\/wp-json\/wp\/v2\/product\/17096\/revisions"}],"predecessor-version":[{"id":18894,"href":"https:\/\/wd40.be\/de\/wp-json\/wp\/v2\/product\/17096\/revisions\/18894"}],"wp:featuredmedia":[{"embeddable":true,"href":"https:\/\/wd40.be\/de\/wp-json\/wp\/v2\/media\/16329"}],"wp:attachment":[{"href":"https:\/\/wd40.be\/de\/wp-json\/wp\/v2\/media?parent=17096"}],"wp:term":[{"taxonomy":"product_category","embeddable":true,"href":"https:\/\/wd40.be\/de\/wp-json\/wp\/v2\/product_category?post=17096"},{"taxonomy":"product_tag","embeddable":true,"href":"https:\/\/wd40.be\/de\/wp-json\/wp\/v2\/product_tag?post=17096"}],"curies":[{"name":"wp","href":"https:\/\/api.w.org\/{rel}","templated":true}]}}