{"id":11295,"date":"2022-02-16T17:41:25","date_gmt":"2022-02-16T16:41:25","guid":{"rendered":"https:\/\/wd40.be\/?post_type=product&#038;p=11295"},"modified":"2024-12-06T10:08:48","modified_gmt":"2024-12-06T09:08:48","slug":"wd-40-specialist-motorrad-kettenreiniger","status":"publish","type":"product","link":"https:\/\/wd40.be\/de\/produkt\/wd-40-specialist-motorrad-kettenreiniger\/","title":{"rendered":"WD-40 Specialist<sub class=\"registration-mark\">&reg;<\/sub> Motorrad Kettenreiniger"},"content":{"rendered":"<p>WD-40 Specialist Motorrad Kettenreiniger ist einfach anzuwenden und entfernt Schmutz, Ablagerungen, Staub und \u00d6l von der Motorradkette. Die O, X und Z-Ring kompatible Formel entfernt Kontaminierungen und trocknet in wenigen Minuten. Eine regelm\u00e4\u00dfige Reinigung tr\u00e4gt dazu bei, den Verschlei\u00df von Ketten zu verringern und damit deren Leistung zu erhalten.<\/p>\n<p><strong>Anwendung:<\/strong><br \/>\nDen Spr\u00fchkopf in Richtung Markierung drehen und vor Gebrauch gut sch\u00fctteln. Das Produkt auf die Kette, Radaufh\u00e4ngung und Antrieb auftragen und hartn\u00e4ckige Schmutzablagerungen wenn notwendig mit einer weichen B\u00fcrste behandeln. Zum Schluss die Kette mit WD-40 Specialist Motorrad Kettenspray oder Kettenwachs schmieren und f\u00fcr einen leistungserhaltenden Rundum-Schutz sorgen.<\/p>\n","protected":false},"excerpt":{"rendered":"<p>WD-40 Specialist Motorrad Kettenreiniger ist einfach anzuwenden und entfernt Schmutz, Ablagerungen, Staub und \u00d6l von der Motorradkette. <\/p>\n","protected":false},"featured_media":11416,"comment_status":"open","ping_status":"closed","template":"","product_category":[337],"product_tag":[],"class_list":["post-11295","product","type-product","status-publish","has-post-thumbnail","hentry","product_category-wd-40-specialist-motorrad"],"acf":[],"title_raw":"WD-40 Specialist Motorrad Kettenreiniger","yoast_head":"<!-- This site is optimized with the Yoast SEO Premium plugin v27.3 (Yoast SEO v27.3) - https:\/\/yoast.com\/product\/yoast-seo-premium-wordpress\/ -->\n<title>WD-40 Specialist Motorrad Kettenreiniger - WD-40 Belgi\u00eb<\/title>\n<meta name=\"description\" content=\"WD-40 Specialist Motorrad Kettenreiniger ist einfach anzuwenden und entfernt Schmutz, Ablagerungen, Staub und \u00d6l von der Motorradkette.\" \/>\n<meta name=\"robots\" content=\"index, follow, max-snippet:-1, max-image-preview:large, max-video-preview:-1\" \/>\n<link rel=\"canonical\" href=\"https:\/\/wd40.be\/de\/produkt\/wd-40-specialist-motorrad-kettenreiniger\/\" \/>\n<meta property=\"og:locale\" content=\"de_DE\" \/>\n<meta property=\"og:type\" content=\"article\" \/>\n<meta property=\"og:title\" content=\"WD-40 Specialist Motorrad Kettenreiniger\" \/>\n<meta property=\"og:description\" content=\"WD-40 Specialist Motorrad Kettenreiniger ist einfach anzuwenden und entfernt Schmutz, Ablagerungen, Staub und \u00d6l von der Motorradkette.\" \/>\n<meta property=\"og:url\" content=\"https:\/\/wd40.be\/de\/produkt\/wd-40-specialist-motorrad-kettenreiniger\/\" \/>\n<meta property=\"og:site_name\" content=\"WD-40 Belgi\u00eb\" \/>\n<meta property=\"article:modified_time\" content=\"2024-12-06T09:08:48+00:00\" \/>\n<meta property=\"og:image\" content=\"https:\/\/media.wd40.be\/app\/uploads\/2021\/11\/09162025\/WD-40-Specialist-Motor-Kettingreiniger-400ml.png\" \/>\n\t<meta property=\"og:image:width\" content=\"1500\" \/>\n\t<meta property=\"og:image:height\" content=\"1500\" \/>\n\t<meta property=\"og:image:type\" content=\"image\/png\" \/>\n<meta name=\"twitter:card\" content=\"summary_large_image\" \/>\n<script type=\"application\/ld+json\" class=\"yoast-schema-graph\">{\"@context\":\"https:\\\/\\\/schema.org\",\"@graph\":[[],{\"@type\":\"ImageObject\",\"inLanguage\":\"de-DE\",\"@id\":\"https:\\\/\\\/wd40.be\\\/de\\\/produkt\\\/wd-40-specialist-motorrad-kettenreiniger\\\/#primaryimage\",\"url\":\"https:\\\/\\\/media.wd40.be\\\/app\\\/uploads\\\/2021\\\/11\\\/09162025\\\/WD-40-Specialist-Motor-Kettingreiniger-400ml.png\",\"contentUrl\":\"https:\\\/\\\/media.wd40.be\\\/app\\\/uploads\\\/2021\\\/11\\\/09162025\\\/WD-40-Specialist-Motor-Kettingreiniger-400ml.png\",\"width\":1500,\"height\":1500,\"caption\":\"WD-40 Specialist Motor Kettingreiniger400ml\"},{\"@type\":\"BreadcrumbList\",\"@id\":\"https:\\\/\\\/wd40.be\\\/de\\\/produkt\\\/wd-40-specialist-motorrad-kettenreiniger\\\/#breadcrumb\",\"itemListElement\":[{\"@type\":\"ListItem\",\"position\":1,\"name\":\"Home\",\"item\":\"https:\\\/\\\/wd40.be\\\/de\\\/\"},{\"@type\":\"ListItem\",\"position\":2,\"name\":\"Produkte\",\"item\":\"https:\\\/\\\/wd40.be\\\/de\\\/produkt\\\/\"},{\"@type\":\"ListItem\",\"position\":3,\"name\":\"WD\u201140 Specialist Motorrad\",\"item\":\"https:\\\/\\\/wd40.be\\\/de\\\/produkte\\\/wd-40-specialist-motorrad\\\/\"},{\"@type\":\"ListItem\",\"position\":4,\"name\":\"WD-40 Specialist&reg; Motorrad Kettenreiniger\"}]},{\"@type\":\"WebSite\",\"@id\":\"https:\\\/\\\/wd40.be\\\/de\\\/#website\",\"url\":\"https:\\\/\\\/wd40.be\\\/de\\\/\",\"name\":\"WD-40 Belgi\u00eb\",\"description\":\"WD-40 BE\",\"publisher\":{\"@id\":\"https:\\\/\\\/wd40.be\\\/de\\\/#organization\"},\"potentialAction\":[{\"@type\":\"SearchAction\",\"target\":{\"@type\":\"EntryPoint\",\"urlTemplate\":\"https:\\\/\\\/wd40.be\\\/de\\\/?s={search_term_string}\"},\"query-input\":{\"@type\":\"PropertyValueSpecification\",\"valueRequired\":true,\"valueName\":\"search_term_string\"}}],\"inLanguage\":\"de-DE\"},{\"@type\":\"Organization\",\"@id\":\"https:\\\/\\\/wd40.be\\\/de\\\/#organization\",\"name\":\"WD-40 Belgi\u00eb\",\"url\":\"https:\\\/\\\/wd40.be\\\/de\\\/\",\"logo\":{\"@type\":\"ImageObject\",\"inLanguage\":\"de-DE\",\"@id\":\"https:\\\/\\\/wd40.be\\\/de\\\/#\\\/schema\\\/logo\\\/image\\\/\",\"url\":\"https:\\\/\\\/media.wd40.be\\\/app\\\/uploads\\\/2021\\\/03\\\/27082226\\\/WD40_social_media_1024x1024-1.png\",\"contentUrl\":\"https:\\\/\\\/media.wd40.be\\\/app\\\/uploads\\\/2021\\\/03\\\/27082226\\\/WD40_social_media_1024x1024-1.png\",\"width\":1024,\"height\":1024,\"caption\":\"WD-40 Belgi\u00eb\"},\"image\":{\"@id\":\"https:\\\/\\\/wd40.be\\\/de\\\/#\\\/schema\\\/logo\\\/image\\\/\"}}]}<\/script>\n<!-- \/ Yoast SEO Premium plugin. -->","yoast_head_json":{"title":"WD-40 Specialist Motorrad Kettenreiniger - WD-40 Belgi\u00eb","description":"WD-40 Specialist Motorrad Kettenreiniger ist einfach anzuwenden und entfernt Schmutz, Ablagerungen, Staub und \u00d6l von der Motorradkette.","robots":{"index":"index","follow":"follow","max-snippet":"max-snippet:-1","max-image-preview":"max-image-preview:large","max-video-preview":"max-video-preview:-1"},"canonical":"https:\/\/wd40.be\/de\/produkt\/wd-40-specialist-motorrad-kettenreiniger\/","og_locale":"de_DE","og_type":"article","og_title":"WD-40 Specialist Motorrad Kettenreiniger","og_description":"WD-40 Specialist Motorrad Kettenreiniger ist einfach anzuwenden und entfernt Schmutz, Ablagerungen, Staub und \u00d6l von der Motorradkette.","og_url":"https:\/\/wd40.be\/de\/produkt\/wd-40-specialist-motorrad-kettenreiniger\/","og_site_name":"WD-40 Belgi\u00eb","article_modified_time":"2024-12-06T09:08:48+00:00","og_image":[{"width":1500,"height":1500,"url":"https:\/\/media.wd40.be\/app\/uploads\/2021\/11\/09162025\/WD-40-Specialist-Motor-Kettingreiniger-400ml.png","type":"image\/png"}],"twitter_card":"summary_large_image","schema":{"@context":"https:\/\/schema.org","@graph":[[],{"@type":"ImageObject","inLanguage":"de-DE","@id":"https:\/\/wd40.be\/de\/produkt\/wd-40-specialist-motorrad-kettenreiniger\/#primaryimage","url":"https:\/\/media.wd40.be\/app\/uploads\/2021\/11\/09162025\/WD-40-Specialist-Motor-Kettingreiniger-400ml.png","contentUrl":"https:\/\/media.wd40.be\/app\/uploads\/2021\/11\/09162025\/WD-40-Specialist-Motor-Kettingreiniger-400ml.png","width":1500,"height":1500,"caption":"WD-40 Specialist Motor Kettingreiniger400ml"},{"@type":"BreadcrumbList","@id":"https:\/\/wd40.be\/de\/produkt\/wd-40-specialist-motorrad-kettenreiniger\/#breadcrumb","itemListElement":[{"@type":"ListItem","position":1,"name":"Home","item":"https:\/\/wd40.be\/de\/"},{"@type":"ListItem","position":2,"name":"Produkte","item":"https:\/\/wd40.be\/de\/produkt\/"},{"@type":"ListItem","position":3,"name":"WD\u201140 Specialist Motorrad","item":"https:\/\/wd40.be\/de\/produkte\/wd-40-specialist-motorrad\/"},{"@type":"ListItem","position":4,"name":"WD-40 Specialist&reg; Motorrad Kettenreiniger"}]},{"@type":"WebSite","@id":"https:\/\/wd40.be\/de\/#website","url":"https:\/\/wd40.be\/de\/","name":"WD-40 Belgi\u00eb","description":"WD-40 BE","publisher":{"@id":"https:\/\/wd40.be\/de\/#organization"},"potentialAction":[{"@type":"SearchAction","target":{"@type":"EntryPoint","urlTemplate":"https:\/\/wd40.be\/de\/?s={search_term_string}"},"query-input":{"@type":"PropertyValueSpecification","valueRequired":true,"valueName":"search_term_string"}}],"inLanguage":"de-DE"},{"@type":"Organization","@id":"https:\/\/wd40.be\/de\/#organization","name":"WD-40 Belgi\u00eb","url":"https:\/\/wd40.be\/de\/","logo":{"@type":"ImageObject","inLanguage":"de-DE","@id":"https:\/\/wd40.be\/de\/#\/schema\/logo\/image\/","url":"https:\/\/media.wd40.be\/app\/uploads\/2021\/03\/27082226\/WD40_social_media_1024x1024-1.png","contentUrl":"https:\/\/media.wd40.be\/app\/uploads\/2021\/03\/27082226\/WD40_social_media_1024x1024-1.png","width":1024,"height":1024,"caption":"WD-40 Belgi\u00eb"},"image":{"@id":"https:\/\/wd40.be\/de\/#\/schema\/logo\/image\/"}}]}},"yoast-key-phrase":"WD-40 Specialist Motorrad Kettenreiniger","yoast-key-phrase-score":"60","yoast-readability":"90","_links":{"self":[{"href":"https:\/\/wd40.be\/de\/wp-json\/wp\/v2\/product\/11295","targetHints":{"allow":["GET"]}}],"collection":[{"href":"https:\/\/wd40.be\/de\/wp-json\/wp\/v2\/product"}],"about":[{"href":"https:\/\/wd40.be\/de\/wp-json\/wp\/v2\/types\/product"}],"replies":[{"embeddable":true,"href":"https:\/\/wd40.be\/de\/wp-json\/wp\/v2\/comments?post=11295"}],"version-history":[{"count":2,"href":"https:\/\/wd40.be\/de\/wp-json\/wp\/v2\/product\/11295\/revisions"}],"predecessor-version":[{"id":18901,"href":"https:\/\/wd40.be\/de\/wp-json\/wp\/v2\/product\/11295\/revisions\/18901"}],"wp:featuredmedia":[{"embeddable":true,"href":"https:\/\/wd40.be\/de\/wp-json\/wp\/v2\/media\/11416"}],"wp:attachment":[{"href":"https:\/\/wd40.be\/de\/wp-json\/wp\/v2\/media?parent=11295"}],"wp:term":[{"taxonomy":"product_category","embeddable":true,"href":"https:\/\/wd40.be\/de\/wp-json\/wp\/v2\/product_category?post=11295"},{"taxonomy":"product_tag","embeddable":true,"href":"https:\/\/wd40.be\/de\/wp-json\/wp\/v2\/product_tag?post=11295"}],"curies":[{"name":"wp","href":"https:\/\/api.w.org\/{rel}","templated":true}]}}