{"id":11292,"date":"2022-02-16T17:53:08","date_gmt":"2022-02-16T16:53:08","guid":{"rendered":"https:\/\/wd40.be\/?post_type=product&#038;p=11292"},"modified":"2024-12-06T10:08:45","modified_gmt":"2024-12-06T09:08:45","slug":"wd-40-specialist-motorrad-silikonglanzspray","status":"publish","type":"product","link":"https:\/\/wd40.be\/de\/produkt\/wd-40-specialist-motorrad-silikonglanzspray\/","title":{"rendered":"WD-40 Specialist<sub class=\"registration-mark\">&reg;<\/sub> Motorrad Silikonglanzspray"},"content":{"rendered":"<p>WD-40 Specialist Motorrad Silikonglanzspray wurde entwickelt, um dem Motorrad einen schimmernden Glanz zu verleihen. Das farblose Glanzspray wirkt schnell, ist einfach aufzutragen und erfordert kein anschlie\u00dfendes Polieren.<\/p>\n<p><strong>Anwendung:<\/strong><br \/>\nDen Beh\u00e4lter gut sch\u00fctteln und das Produkt auf die vorab ges\u00e4uberte Oberfl\u00e4che auftragen. Anschlie\u00dfend mit weichem, sauberen Tuch gut verteilen Nicht auf Lauffl\u00e4chen von Reifen, Bremsfl\u00e4chen, S\u00e4ttel, hei\u00dfe Teile, Stoffe und Steuerelemente auftragen.<\/p>\n<p>Nicht zur Verwendung auf matten Oberfl\u00e4chen\/Beschichtungen geeignet, diese Bereiche bei der Verwendung des Produkts sch\u00fctzen.<\/p>\n","protected":false},"excerpt":{"rendered":"<p>WD-40 Specialist Motorrad Silkonglanzspray wirkt sofort l\u00e4sst sich ohne Polieren auftragen und verleiht dem Motorrad einen tollen Glanz.<\/p>\n","protected":false},"featured_media":18743,"comment_status":"open","ping_status":"closed","template":"","product_category":[337],"product_tag":[],"class_list":["post-11292","product","type-product","status-publish","has-post-thumbnail","hentry","product_category-wd-40-specialist-motorrad"],"acf":[],"title_raw":"WD-40 Specialist Motorrad Silikonglanzspray","yoast_head":"<!-- This site is optimized with the Yoast SEO Premium plugin v27.3 (Yoast SEO v27.3) - https:\/\/yoast.com\/product\/yoast-seo-premium-wordpress\/ -->\n<title>WD-40 Specialist Motorrad Silikonglanzspray - WD-40 Belgi\u00eb<\/title>\n<meta name=\"description\" content=\"WD-40 SPECIALIST Motorrad Silikonglanzspray wurde entwickelt, um dem Motorrad einen schimmernden Glanz zu verleihen.\" \/>\n<meta name=\"robots\" content=\"index, follow, max-snippet:-1, max-image-preview:large, max-video-preview:-1\" \/>\n<link rel=\"canonical\" href=\"https:\/\/wd40.be\/de\/produkt\/wd-40-specialist-motorrad-silikonglanzspray\/\" \/>\n<meta property=\"og:locale\" content=\"de_DE\" \/>\n<meta property=\"og:type\" content=\"article\" \/>\n<meta property=\"og:title\" content=\"WD-40 Specialist Motorrad Silikonglanzspray\" \/>\n<meta property=\"og:description\" content=\"WD-40 SPECIALIST Motorrad Silikonglanzspray wurde entwickelt, um dem Motorrad einen schimmernden Glanz zu verleihen.\" \/>\n<meta property=\"og:url\" content=\"https:\/\/wd40.be\/de\/produkt\/wd-40-specialist-motorrad-silikonglanzspray\/\" \/>\n<meta property=\"og:site_name\" content=\"WD-40 Belgi\u00eb\" \/>\n<meta property=\"article:modified_time\" content=\"2024-12-06T09:08:45+00:00\" \/>\n<meta property=\"og:image\" content=\"https:\/\/media.wd40.be\/app\/uploads\/2024\/08\/27165216\/Motorad-silkion-.jpg\" \/>\n\t<meta property=\"og:image:width\" content=\"1000\" \/>\n\t<meta property=\"og:image:height\" content=\"1000\" \/>\n\t<meta property=\"og:image:type\" content=\"image\/jpeg\" \/>\n<meta name=\"twitter:card\" content=\"summary_large_image\" \/>\n<script type=\"application\/ld+json\" class=\"yoast-schema-graph\">{\"@context\":\"https:\\\/\\\/schema.org\",\"@graph\":[[],{\"@type\":\"ImageObject\",\"inLanguage\":\"de-DE\",\"@id\":\"https:\\\/\\\/wd40.be\\\/de\\\/produkt\\\/wd-40-specialist-motorrad-silikonglanzspray\\\/#primaryimage\",\"url\":\"https:\\\/\\\/media.wd40.be\\\/app\\\/uploads\\\/2024\\\/08\\\/27165216\\\/Motorad-silkion-.jpg\",\"contentUrl\":\"https:\\\/\\\/media.wd40.be\\\/app\\\/uploads\\\/2024\\\/08\\\/27165216\\\/Motorad-silkion-.jpg\",\"width\":1000,\"height\":1000},{\"@type\":\"BreadcrumbList\",\"@id\":\"https:\\\/\\\/wd40.be\\\/de\\\/produkt\\\/wd-40-specialist-motorrad-silikonglanzspray\\\/#breadcrumb\",\"itemListElement\":[{\"@type\":\"ListItem\",\"position\":1,\"name\":\"Home\",\"item\":\"https:\\\/\\\/wd40.be\\\/de\\\/\"},{\"@type\":\"ListItem\",\"position\":2,\"name\":\"Produkte\",\"item\":\"https:\\\/\\\/wd40.be\\\/de\\\/produkt\\\/\"},{\"@type\":\"ListItem\",\"position\":3,\"name\":\"WD\u201140 Specialist Motorrad\",\"item\":\"https:\\\/\\\/wd40.be\\\/de\\\/produkte\\\/wd-40-specialist-motorrad\\\/\"},{\"@type\":\"ListItem\",\"position\":4,\"name\":\"WD-40 Specialist&reg; Motorrad Silikonglanzspray\"}]},{\"@type\":\"WebSite\",\"@id\":\"https:\\\/\\\/wd40.be\\\/de\\\/#website\",\"url\":\"https:\\\/\\\/wd40.be\\\/de\\\/\",\"name\":\"WD-40 Belgi\u00eb\",\"description\":\"WD-40 BE\",\"publisher\":{\"@id\":\"https:\\\/\\\/wd40.be\\\/de\\\/#organization\"},\"potentialAction\":[{\"@type\":\"SearchAction\",\"target\":{\"@type\":\"EntryPoint\",\"urlTemplate\":\"https:\\\/\\\/wd40.be\\\/de\\\/?s={search_term_string}\"},\"query-input\":{\"@type\":\"PropertyValueSpecification\",\"valueRequired\":true,\"valueName\":\"search_term_string\"}}],\"inLanguage\":\"de-DE\"},{\"@type\":\"Organization\",\"@id\":\"https:\\\/\\\/wd40.be\\\/de\\\/#organization\",\"name\":\"WD-40 Belgi\u00eb\",\"url\":\"https:\\\/\\\/wd40.be\\\/de\\\/\",\"logo\":{\"@type\":\"ImageObject\",\"inLanguage\":\"de-DE\",\"@id\":\"https:\\\/\\\/wd40.be\\\/de\\\/#\\\/schema\\\/logo\\\/image\\\/\",\"url\":\"https:\\\/\\\/media.wd40.be\\\/app\\\/uploads\\\/2021\\\/03\\\/27082226\\\/WD40_social_media_1024x1024-1.png\",\"contentUrl\":\"https:\\\/\\\/media.wd40.be\\\/app\\\/uploads\\\/2021\\\/03\\\/27082226\\\/WD40_social_media_1024x1024-1.png\",\"width\":1024,\"height\":1024,\"caption\":\"WD-40 Belgi\u00eb\"},\"image\":{\"@id\":\"https:\\\/\\\/wd40.be\\\/de\\\/#\\\/schema\\\/logo\\\/image\\\/\"}}]}<\/script>\n<!-- \/ Yoast SEO Premium plugin. -->","yoast_head_json":{"title":"WD-40 Specialist Motorrad Silikonglanzspray - WD-40 Belgi\u00eb","description":"WD-40 SPECIALIST Motorrad Silikonglanzspray wurde entwickelt, um dem Motorrad einen schimmernden Glanz zu verleihen.","robots":{"index":"index","follow":"follow","max-snippet":"max-snippet:-1","max-image-preview":"max-image-preview:large","max-video-preview":"max-video-preview:-1"},"canonical":"https:\/\/wd40.be\/de\/produkt\/wd-40-specialist-motorrad-silikonglanzspray\/","og_locale":"de_DE","og_type":"article","og_title":"WD-40 Specialist Motorrad Silikonglanzspray","og_description":"WD-40 SPECIALIST Motorrad Silikonglanzspray wurde entwickelt, um dem Motorrad einen schimmernden Glanz zu verleihen.","og_url":"https:\/\/wd40.be\/de\/produkt\/wd-40-specialist-motorrad-silikonglanzspray\/","og_site_name":"WD-40 Belgi\u00eb","article_modified_time":"2024-12-06T09:08:45+00:00","og_image":[{"width":1000,"height":1000,"url":"https:\/\/media.wd40.be\/app\/uploads\/2024\/08\/27165216\/Motorad-silkion-.jpg","type":"image\/jpeg"}],"twitter_card":"summary_large_image","schema":{"@context":"https:\/\/schema.org","@graph":[[],{"@type":"ImageObject","inLanguage":"de-DE","@id":"https:\/\/wd40.be\/de\/produkt\/wd-40-specialist-motorrad-silikonglanzspray\/#primaryimage","url":"https:\/\/media.wd40.be\/app\/uploads\/2024\/08\/27165216\/Motorad-silkion-.jpg","contentUrl":"https:\/\/media.wd40.be\/app\/uploads\/2024\/08\/27165216\/Motorad-silkion-.jpg","width":1000,"height":1000},{"@type":"BreadcrumbList","@id":"https:\/\/wd40.be\/de\/produkt\/wd-40-specialist-motorrad-silikonglanzspray\/#breadcrumb","itemListElement":[{"@type":"ListItem","position":1,"name":"Home","item":"https:\/\/wd40.be\/de\/"},{"@type":"ListItem","position":2,"name":"Produkte","item":"https:\/\/wd40.be\/de\/produkt\/"},{"@type":"ListItem","position":3,"name":"WD\u201140 Specialist Motorrad","item":"https:\/\/wd40.be\/de\/produkte\/wd-40-specialist-motorrad\/"},{"@type":"ListItem","position":4,"name":"WD-40 Specialist&reg; Motorrad Silikonglanzspray"}]},{"@type":"WebSite","@id":"https:\/\/wd40.be\/de\/#website","url":"https:\/\/wd40.be\/de\/","name":"WD-40 Belgi\u00eb","description":"WD-40 BE","publisher":{"@id":"https:\/\/wd40.be\/de\/#organization"},"potentialAction":[{"@type":"SearchAction","target":{"@type":"EntryPoint","urlTemplate":"https:\/\/wd40.be\/de\/?s={search_term_string}"},"query-input":{"@type":"PropertyValueSpecification","valueRequired":true,"valueName":"search_term_string"}}],"inLanguage":"de-DE"},{"@type":"Organization","@id":"https:\/\/wd40.be\/de\/#organization","name":"WD-40 Belgi\u00eb","url":"https:\/\/wd40.be\/de\/","logo":{"@type":"ImageObject","inLanguage":"de-DE","@id":"https:\/\/wd40.be\/de\/#\/schema\/logo\/image\/","url":"https:\/\/media.wd40.be\/app\/uploads\/2021\/03\/27082226\/WD40_social_media_1024x1024-1.png","contentUrl":"https:\/\/media.wd40.be\/app\/uploads\/2021\/03\/27082226\/WD40_social_media_1024x1024-1.png","width":1024,"height":1024,"caption":"WD-40 Belgi\u00eb"},"image":{"@id":"https:\/\/wd40.be\/de\/#\/schema\/logo\/image\/"}}]}},"yoast-key-phrase":"WD-40 Specialist Motorrad Silikonglanzspray","yoast-key-phrase-score":"57","yoast-readability":"90","_links":{"self":[{"href":"https:\/\/wd40.be\/de\/wp-json\/wp\/v2\/product\/11292","targetHints":{"allow":["GET"]}}],"collection":[{"href":"https:\/\/wd40.be\/de\/wp-json\/wp\/v2\/product"}],"about":[{"href":"https:\/\/wd40.be\/de\/wp-json\/wp\/v2\/types\/product"}],"replies":[{"embeddable":true,"href":"https:\/\/wd40.be\/de\/wp-json\/wp\/v2\/comments?post=11292"}],"version-history":[{"count":1,"href":"https:\/\/wd40.be\/de\/wp-json\/wp\/v2\/product\/11292\/revisions"}],"predecessor-version":[{"id":18897,"href":"https:\/\/wd40.be\/de\/wp-json\/wp\/v2\/product\/11292\/revisions\/18897"}],"wp:featuredmedia":[{"embeddable":true,"href":"https:\/\/wd40.be\/de\/wp-json\/wp\/v2\/media\/18743"}],"wp:attachment":[{"href":"https:\/\/wd40.be\/de\/wp-json\/wp\/v2\/media?parent=11292"}],"wp:term":[{"taxonomy":"product_category","embeddable":true,"href":"https:\/\/wd40.be\/de\/wp-json\/wp\/v2\/product_category?post=11292"},{"taxonomy":"product_tag","embeddable":true,"href":"https:\/\/wd40.be\/de\/wp-json\/wp\/v2\/product_tag?post=11292"}],"curies":[{"name":"wp","href":"https:\/\/api.w.org\/{rel}","templated":true}]}}