{"id":11290,"date":"2022-02-16T17:45:52","date_gmt":"2022-02-16T16:45:52","guid":{"rendered":"https:\/\/wd40.be\/?post_type=product&#038;p=11290"},"modified":"2025-07-15T16:16:35","modified_gmt":"2025-07-15T14:16:35","slug":"wd-40-specialist-motorrad-reiniger","status":"publish","type":"product","link":"https:\/\/wd40.be\/de\/produkt\/wd-40-specialist-motorrad-reiniger\/","title":{"rendered":"WD-40 Specialist<sub class=\"registration-mark\">&reg;<\/sub> Motorrad Reiniger"},"content":{"rendered":"<p>WD-40 Specialist Motorrad Reiniger hinterl\u00e4sst ein hervorragendes Finish und kann problemlos auf Karosserieteilen, Kunststoff, Gummi, Aluminium, Chrom, Carbonfasern, Dichtungen und Bremsbel\u00e4gen \u2013 also prinzipiell auf dem gesamten Motorrad verwendet werden.<\/p>\n<p><strong>Temperatureinsatzbereich: 5 bis 30 \u2103<\/strong><\/p>\n<p><strong>Anwendung:<\/strong><br \/>\nZun\u00e4chst das Motorrad mit Wasser absp\u00fclen und anschlie\u00dfend WD-40 SPECIALIST Motorrad Reiniger unverd\u00fcnnt auftragen. Hartn\u00e4ckige R\u00fcckst\u00e4nde und Schmutz k\u00f6nnen mit einem Lappen oder Schwamm bearbeitet werden.<\/p>\n","protected":false},"excerpt":{"rendered":"<p>WD-40 Specialist Motorrad Reiniger eignet sich f\u00fcr das gesamte Motorrad und durchdringt schnell jeden Stra\u00dfenschmutz.<\/p>\n","protected":false},"featured_media":18749,"comment_status":"open","ping_status":"closed","template":"","product_category":[337],"product_tag":[],"class_list":["post-11290","product","type-product","status-publish","has-post-thumbnail","hentry","product_category-wd-40-specialist-motorrad"],"acf":[],"title_raw":"WD-40 Specialist Motorrad Reiniger","yoast_head":"<!-- This site is optimized with the Yoast SEO Premium plugin v27.3 (Yoast SEO v27.3) - https:\/\/yoast.com\/product\/yoast-seo-premium-wordpress\/ -->\n<title>WD-40 Specialist Motorrad reiniger - WD-40 Belgi\u00eb<\/title>\n<meta name=\"description\" content=\"WD-40 Specialist Motorrad Reiniger hinterl\u00e4sst ein hervorragendes Finish und kann problemlos auf prinzipiell dem gesamten Motorrad verwendet werden.\" \/>\n<meta name=\"robots\" content=\"index, follow, max-snippet:-1, max-image-preview:large, max-video-preview:-1\" \/>\n<link rel=\"canonical\" href=\"https:\/\/wd40.be\/de\/produkt\/wd-40-specialist-motorrad-reiniger\/\" \/>\n<meta property=\"og:locale\" content=\"de_DE\" \/>\n<meta property=\"og:type\" content=\"article\" \/>\n<meta property=\"og:title\" content=\"WD-40 Specialist Motorrad Reiniger\" \/>\n<meta property=\"og:description\" content=\"WD-40 Specialist Motorrad Reiniger hinterl\u00e4sst ein hervorragendes Finish und kann problemlos auf prinzipiell dem gesamten Motorrad verwendet werden.\" \/>\n<meta property=\"og:url\" content=\"https:\/\/wd40.be\/de\/produkt\/wd-40-specialist-motorrad-reiniger\/\" \/>\n<meta property=\"og:site_name\" content=\"WD-40 Belgi\u00eb\" \/>\n<meta property=\"article:modified_time\" content=\"2025-07-15T14:16:35+00:00\" \/>\n<meta property=\"og:image\" content=\"https:\/\/media.wd40.be\/app\/uploads\/2024\/08\/27165224\/Motorad.jpg\" \/>\n\t<meta property=\"og:image:width\" content=\"1000\" \/>\n\t<meta property=\"og:image:height\" content=\"1000\" \/>\n\t<meta property=\"og:image:type\" content=\"image\/jpeg\" \/>\n<meta name=\"twitter:card\" content=\"summary_large_image\" \/>\n<script type=\"application\/ld+json\" class=\"yoast-schema-graph\">{\"@context\":\"https:\\\/\\\/schema.org\",\"@graph\":[[],{\"@type\":\"ImageObject\",\"inLanguage\":\"de-DE\",\"@id\":\"https:\\\/\\\/wd40.be\\\/de\\\/produkt\\\/wd-40-specialist-motorrad-reiniger\\\/#primaryimage\",\"url\":\"https:\\\/\\\/media.wd40.be\\\/app\\\/uploads\\\/2024\\\/08\\\/27165224\\\/Motorad.jpg\",\"contentUrl\":\"https:\\\/\\\/media.wd40.be\\\/app\\\/uploads\\\/2024\\\/08\\\/27165224\\\/Motorad.jpg\",\"width\":1000,\"height\":1000},{\"@type\":\"BreadcrumbList\",\"@id\":\"https:\\\/\\\/wd40.be\\\/de\\\/produkt\\\/wd-40-specialist-motorrad-reiniger\\\/#breadcrumb\",\"itemListElement\":[{\"@type\":\"ListItem\",\"position\":1,\"name\":\"Home\",\"item\":\"https:\\\/\\\/wd40.be\\\/de\\\/\"},{\"@type\":\"ListItem\",\"position\":2,\"name\":\"Produkte\",\"item\":\"https:\\\/\\\/wd40.be\\\/de\\\/produkt\\\/\"},{\"@type\":\"ListItem\",\"position\":3,\"name\":\"WD\u201140 Specialist Motorrad\",\"item\":\"https:\\\/\\\/wd40.be\\\/de\\\/produkte\\\/wd-40-specialist-motorrad\\\/\"},{\"@type\":\"ListItem\",\"position\":4,\"name\":\"WD-40 Specialist Motorrad Reiniger\"}]},{\"@type\":\"WebSite\",\"@id\":\"https:\\\/\\\/wd40.be\\\/de\\\/#website\",\"url\":\"https:\\\/\\\/wd40.be\\\/de\\\/\",\"name\":\"WD-40 Belgi\u00eb\",\"description\":\"WD-40 BE\",\"publisher\":{\"@id\":\"https:\\\/\\\/wd40.be\\\/de\\\/#organization\"},\"potentialAction\":[{\"@type\":\"SearchAction\",\"target\":{\"@type\":\"EntryPoint\",\"urlTemplate\":\"https:\\\/\\\/wd40.be\\\/de\\\/?s={search_term_string}\"},\"query-input\":{\"@type\":\"PropertyValueSpecification\",\"valueRequired\":true,\"valueName\":\"search_term_string\"}}],\"inLanguage\":\"de-DE\"},{\"@type\":\"Organization\",\"@id\":\"https:\\\/\\\/wd40.be\\\/de\\\/#organization\",\"name\":\"WD-40 Belgi\u00eb\",\"url\":\"https:\\\/\\\/wd40.be\\\/de\\\/\",\"logo\":{\"@type\":\"ImageObject\",\"inLanguage\":\"de-DE\",\"@id\":\"https:\\\/\\\/wd40.be\\\/de\\\/#\\\/schema\\\/logo\\\/image\\\/\",\"url\":\"https:\\\/\\\/media.wd40.be\\\/app\\\/uploads\\\/2021\\\/03\\\/27082226\\\/WD40_social_media_1024x1024-1.png\",\"contentUrl\":\"https:\\\/\\\/media.wd40.be\\\/app\\\/uploads\\\/2021\\\/03\\\/27082226\\\/WD40_social_media_1024x1024-1.png\",\"width\":1024,\"height\":1024,\"caption\":\"WD-40 Belgi\u00eb\"},\"image\":{\"@id\":\"https:\\\/\\\/wd40.be\\\/de\\\/#\\\/schema\\\/logo\\\/image\\\/\"}}]}<\/script>\n<!-- \/ Yoast SEO Premium plugin. -->","yoast_head_json":{"title":"WD-40 Specialist Motorrad reiniger - WD-40 Belgi\u00eb","description":"WD-40 Specialist Motorrad Reiniger hinterl\u00e4sst ein hervorragendes Finish und kann problemlos auf prinzipiell dem gesamten Motorrad verwendet werden.","robots":{"index":"index","follow":"follow","max-snippet":"max-snippet:-1","max-image-preview":"max-image-preview:large","max-video-preview":"max-video-preview:-1"},"canonical":"https:\/\/wd40.be\/de\/produkt\/wd-40-specialist-motorrad-reiniger\/","og_locale":"de_DE","og_type":"article","og_title":"WD-40 Specialist Motorrad Reiniger","og_description":"WD-40 Specialist Motorrad Reiniger hinterl\u00e4sst ein hervorragendes Finish und kann problemlos auf prinzipiell dem gesamten Motorrad verwendet werden.","og_url":"https:\/\/wd40.be\/de\/produkt\/wd-40-specialist-motorrad-reiniger\/","og_site_name":"WD-40 Belgi\u00eb","article_modified_time":"2025-07-15T14:16:35+00:00","og_image":[{"width":1000,"height":1000,"url":"https:\/\/media.wd40.be\/app\/uploads\/2024\/08\/27165224\/Motorad.jpg","type":"image\/jpeg"}],"twitter_card":"summary_large_image","schema":{"@context":"https:\/\/schema.org","@graph":[[],{"@type":"ImageObject","inLanguage":"de-DE","@id":"https:\/\/wd40.be\/de\/produkt\/wd-40-specialist-motorrad-reiniger\/#primaryimage","url":"https:\/\/media.wd40.be\/app\/uploads\/2024\/08\/27165224\/Motorad.jpg","contentUrl":"https:\/\/media.wd40.be\/app\/uploads\/2024\/08\/27165224\/Motorad.jpg","width":1000,"height":1000},{"@type":"BreadcrumbList","@id":"https:\/\/wd40.be\/de\/produkt\/wd-40-specialist-motorrad-reiniger\/#breadcrumb","itemListElement":[{"@type":"ListItem","position":1,"name":"Home","item":"https:\/\/wd40.be\/de\/"},{"@type":"ListItem","position":2,"name":"Produkte","item":"https:\/\/wd40.be\/de\/produkt\/"},{"@type":"ListItem","position":3,"name":"WD\u201140 Specialist Motorrad","item":"https:\/\/wd40.be\/de\/produkte\/wd-40-specialist-motorrad\/"},{"@type":"ListItem","position":4,"name":"WD-40 Specialist Motorrad Reiniger"}]},{"@type":"WebSite","@id":"https:\/\/wd40.be\/de\/#website","url":"https:\/\/wd40.be\/de\/","name":"WD-40 Belgi\u00eb","description":"WD-40 BE","publisher":{"@id":"https:\/\/wd40.be\/de\/#organization"},"potentialAction":[{"@type":"SearchAction","target":{"@type":"EntryPoint","urlTemplate":"https:\/\/wd40.be\/de\/?s={search_term_string}"},"query-input":{"@type":"PropertyValueSpecification","valueRequired":true,"valueName":"search_term_string"}}],"inLanguage":"de-DE"},{"@type":"Organization","@id":"https:\/\/wd40.be\/de\/#organization","name":"WD-40 Belgi\u00eb","url":"https:\/\/wd40.be\/de\/","logo":{"@type":"ImageObject","inLanguage":"de-DE","@id":"https:\/\/wd40.be\/de\/#\/schema\/logo\/image\/","url":"https:\/\/media.wd40.be\/app\/uploads\/2021\/03\/27082226\/WD40_social_media_1024x1024-1.png","contentUrl":"https:\/\/media.wd40.be\/app\/uploads\/2021\/03\/27082226\/WD40_social_media_1024x1024-1.png","width":1024,"height":1024,"caption":"WD-40 Belgi\u00eb"},"image":{"@id":"https:\/\/wd40.be\/de\/#\/schema\/logo\/image\/"}}]}},"yoast-key-phrase":"WD-40 Specialist Motorrad reiniger","yoast-key-phrase-score":"56","yoast-readability":"90","_links":{"self":[{"href":"https:\/\/wd40.be\/de\/wp-json\/wp\/v2\/product\/11290","targetHints":{"allow":["GET"]}}],"collection":[{"href":"https:\/\/wd40.be\/de\/wp-json\/wp\/v2\/product"}],"about":[{"href":"https:\/\/wd40.be\/de\/wp-json\/wp\/v2\/types\/product"}],"replies":[{"embeddable":true,"href":"https:\/\/wd40.be\/de\/wp-json\/wp\/v2\/comments?post=11290"}],"version-history":[{"count":3,"href":"https:\/\/wd40.be\/de\/wp-json\/wp\/v2\/product\/11290\/revisions"}],"predecessor-version":[{"id":19393,"href":"https:\/\/wd40.be\/de\/wp-json\/wp\/v2\/product\/11290\/revisions\/19393"}],"wp:featuredmedia":[{"embeddable":true,"href":"https:\/\/wd40.be\/de\/wp-json\/wp\/v2\/media\/18749"}],"wp:attachment":[{"href":"https:\/\/wd40.be\/de\/wp-json\/wp\/v2\/media?parent=11290"}],"wp:term":[{"taxonomy":"product_category","embeddable":true,"href":"https:\/\/wd40.be\/de\/wp-json\/wp\/v2\/product_category?post=11290"},{"taxonomy":"product_tag","embeddable":true,"href":"https:\/\/wd40.be\/de\/wp-json\/wp\/v2\/product_tag?post=11290"}],"curies":[{"name":"wp","href":"https:\/\/api.w.org\/{rel}","templated":true}]}}