{"id":11289,"date":"2022-02-16T17:48:52","date_gmt":"2022-02-16T16:48:52","guid":{"rendered":"https:\/\/wd40.be\/?post_type=product&#038;p=11289"},"modified":"2024-12-06T10:08:46","modified_gmt":"2024-12-06T09:08:46","slug":"wd-40-specialist-motorrad-bremsenreiniger","status":"publish","type":"product","link":"https:\/\/wd40.be\/de\/produkt\/wd-40-specialist-motorrad-bremsenreiniger\/","title":{"rendered":"WD-40 Specialist<sub class=\"registration-mark\">&reg;<\/sub> Motorrad Bremsenreiniger"},"content":{"rendered":"<p>WD-40 Specialist Motorrad Bremsenreiniger entfernt Schmutz, Ablagerungen, \u00d6l und Bremsfl\u00fcssigkeit von Bremsen und Kupplungssystemen. Die schnell wirkende Formel trocknet in Minuten ohne R\u00fcckst\u00e4nde zu hinterlassen. Eine regelm\u00e4\u00dfige Reinigung tr\u00e4gt zum l\u00e4ngeren Erhalt von Bremsscheiben und Bremsbel\u00e4gen bei.<\/p>\n<p><strong>Anwendung:<\/strong><br \/>\nNur an gut bel\u00fcfteten Orten verwenden und direkt auf Bremsscheiben, Bremsbel\u00e4ge und Kupplungen auftragen, um den Schmutz zu entfernen. Das Spray kurz verdunsten lassen und verbleibende Reste mit einem sauberen Tuch abwischen. Die Bremsen nach der Reinigung immer testen und Kontakt mit Kunststoff, Gummi oder Lack vermeiden.<\/p>\n","protected":false},"excerpt":{"rendered":"<p>WD-40 Specialist Motorrad Bremsenreiniger hilft bei dem Entfernen von Motorstaub, Schmutz, \u00d6l und Bremsfl\u00fcssigkeit von Bremse und Kupplung.<\/p>\n","protected":false},"featured_media":18755,"comment_status":"open","ping_status":"closed","template":"","product_category":[337],"product_tag":[],"class_list":["post-11289","product","type-product","status-publish","has-post-thumbnail","hentry","product_category-wd-40-specialist-motorrad"],"acf":[],"title_raw":"WD-40 Specialist Motorrad Bremsenreiniger","yoast_head":"<!-- This site is optimized with the Yoast SEO Premium plugin v27.3 (Yoast SEO v27.3) - https:\/\/yoast.com\/product\/yoast-seo-premium-wordpress\/ -->\n<title>WD-40 Specialist Motorrad Bremsenreiniger - WD-40 Belgi\u00eb<\/title>\n<meta name=\"description\" content=\"WD-40 Specialist Motorrad Bremsenreiniger entfernt Schmutz, Ablagerungen, \u00d6l und Bremsfl\u00fcssigkeit von Bremsen und Kupplungssystemen.\" \/>\n<meta name=\"robots\" content=\"index, follow, max-snippet:-1, max-image-preview:large, max-video-preview:-1\" \/>\n<link rel=\"canonical\" href=\"https:\/\/wd40.be\/de\/produkt\/wd-40-specialist-motorrad-bremsenreiniger\/\" \/>\n<meta property=\"og:locale\" content=\"de_DE\" \/>\n<meta property=\"og:type\" content=\"article\" \/>\n<meta property=\"og:title\" content=\"WD-40 Specialist Motorrad Bremsenreiniger\" \/>\n<meta property=\"og:description\" content=\"WD-40 Specialist Motorrad Bremsenreiniger entfernt Schmutz, Ablagerungen, \u00d6l und Bremsfl\u00fcssigkeit von Bremsen und Kupplungssystemen.\" \/>\n<meta property=\"og:url\" content=\"https:\/\/wd40.be\/de\/produkt\/wd-40-specialist-motorrad-bremsenreiniger\/\" \/>\n<meta property=\"og:site_name\" content=\"WD-40 Belgi\u00eb\" \/>\n<meta property=\"article:modified_time\" content=\"2024-12-06T09:08:46+00:00\" \/>\n<meta property=\"og:image\" content=\"https:\/\/media.wd40.be\/app\/uploads\/2022\/02\/27165853\/Motorad-Remmenreiniger.jpg\" \/>\n\t<meta property=\"og:image:width\" content=\"1000\" \/>\n\t<meta property=\"og:image:height\" content=\"1000\" \/>\n\t<meta property=\"og:image:type\" content=\"image\/jpeg\" \/>\n<meta name=\"twitter:card\" content=\"summary_large_image\" \/>\n<script type=\"application\/ld+json\" class=\"yoast-schema-graph\">{\"@context\":\"https:\\\/\\\/schema.org\",\"@graph\":[[],{\"@type\":\"ImageObject\",\"inLanguage\":\"de-DE\",\"@id\":\"https:\\\/\\\/wd40.be\\\/de\\\/produkt\\\/wd-40-specialist-motorrad-bremsenreiniger\\\/#primaryimage\",\"url\":\"https:\\\/\\\/media.wd40.be\\\/app\\\/uploads\\\/2022\\\/02\\\/27165853\\\/Motorad-Remmenreiniger.jpg\",\"contentUrl\":\"https:\\\/\\\/media.wd40.be\\\/app\\\/uploads\\\/2022\\\/02\\\/27165853\\\/Motorad-Remmenreiniger.jpg\",\"width\":1000,\"height\":1000},{\"@type\":\"BreadcrumbList\",\"@id\":\"https:\\\/\\\/wd40.be\\\/de\\\/produkt\\\/wd-40-specialist-motorrad-bremsenreiniger\\\/#breadcrumb\",\"itemListElement\":[{\"@type\":\"ListItem\",\"position\":1,\"name\":\"Home\",\"item\":\"https:\\\/\\\/wd40.be\\\/de\\\/\"},{\"@type\":\"ListItem\",\"position\":2,\"name\":\"Produkte\",\"item\":\"https:\\\/\\\/wd40.be\\\/de\\\/produkt\\\/\"},{\"@type\":\"ListItem\",\"position\":3,\"name\":\"WD\u201140 Specialist Motorrad\",\"item\":\"https:\\\/\\\/wd40.be\\\/de\\\/produkte\\\/wd-40-specialist-motorrad\\\/\"},{\"@type\":\"ListItem\",\"position\":4,\"name\":\"WD-40 Specialist&reg; Motorrad Bremsenreiniger\"}]},{\"@type\":\"WebSite\",\"@id\":\"https:\\\/\\\/wd40.be\\\/de\\\/#website\",\"url\":\"https:\\\/\\\/wd40.be\\\/de\\\/\",\"name\":\"WD-40 Belgi\u00eb\",\"description\":\"WD-40 BE\",\"publisher\":{\"@id\":\"https:\\\/\\\/wd40.be\\\/de\\\/#organization\"},\"potentialAction\":[{\"@type\":\"SearchAction\",\"target\":{\"@type\":\"EntryPoint\",\"urlTemplate\":\"https:\\\/\\\/wd40.be\\\/de\\\/?s={search_term_string}\"},\"query-input\":{\"@type\":\"PropertyValueSpecification\",\"valueRequired\":true,\"valueName\":\"search_term_string\"}}],\"inLanguage\":\"de-DE\"},{\"@type\":\"Organization\",\"@id\":\"https:\\\/\\\/wd40.be\\\/de\\\/#organization\",\"name\":\"WD-40 Belgi\u00eb\",\"url\":\"https:\\\/\\\/wd40.be\\\/de\\\/\",\"logo\":{\"@type\":\"ImageObject\",\"inLanguage\":\"de-DE\",\"@id\":\"https:\\\/\\\/wd40.be\\\/de\\\/#\\\/schema\\\/logo\\\/image\\\/\",\"url\":\"https:\\\/\\\/media.wd40.be\\\/app\\\/uploads\\\/2021\\\/03\\\/27082226\\\/WD40_social_media_1024x1024-1.png\",\"contentUrl\":\"https:\\\/\\\/media.wd40.be\\\/app\\\/uploads\\\/2021\\\/03\\\/27082226\\\/WD40_social_media_1024x1024-1.png\",\"width\":1024,\"height\":1024,\"caption\":\"WD-40 Belgi\u00eb\"},\"image\":{\"@id\":\"https:\\\/\\\/wd40.be\\\/de\\\/#\\\/schema\\\/logo\\\/image\\\/\"}}]}<\/script>\n<!-- \/ Yoast SEO Premium plugin. -->","yoast_head_json":{"title":"WD-40 Specialist Motorrad Bremsenreiniger - WD-40 Belgi\u00eb","description":"WD-40 Specialist Motorrad Bremsenreiniger entfernt Schmutz, Ablagerungen, \u00d6l und Bremsfl\u00fcssigkeit von Bremsen und Kupplungssystemen.","robots":{"index":"index","follow":"follow","max-snippet":"max-snippet:-1","max-image-preview":"max-image-preview:large","max-video-preview":"max-video-preview:-1"},"canonical":"https:\/\/wd40.be\/de\/produkt\/wd-40-specialist-motorrad-bremsenreiniger\/","og_locale":"de_DE","og_type":"article","og_title":"WD-40 Specialist Motorrad Bremsenreiniger","og_description":"WD-40 Specialist Motorrad Bremsenreiniger entfernt Schmutz, Ablagerungen, \u00d6l und Bremsfl\u00fcssigkeit von Bremsen und Kupplungssystemen.","og_url":"https:\/\/wd40.be\/de\/produkt\/wd-40-specialist-motorrad-bremsenreiniger\/","og_site_name":"WD-40 Belgi\u00eb","article_modified_time":"2024-12-06T09:08:46+00:00","og_image":[{"width":1000,"height":1000,"url":"https:\/\/media.wd40.be\/app\/uploads\/2022\/02\/27165853\/Motorad-Remmenreiniger.jpg","type":"image\/jpeg"}],"twitter_card":"summary_large_image","schema":{"@context":"https:\/\/schema.org","@graph":[[],{"@type":"ImageObject","inLanguage":"de-DE","@id":"https:\/\/wd40.be\/de\/produkt\/wd-40-specialist-motorrad-bremsenreiniger\/#primaryimage","url":"https:\/\/media.wd40.be\/app\/uploads\/2022\/02\/27165853\/Motorad-Remmenreiniger.jpg","contentUrl":"https:\/\/media.wd40.be\/app\/uploads\/2022\/02\/27165853\/Motorad-Remmenreiniger.jpg","width":1000,"height":1000},{"@type":"BreadcrumbList","@id":"https:\/\/wd40.be\/de\/produkt\/wd-40-specialist-motorrad-bremsenreiniger\/#breadcrumb","itemListElement":[{"@type":"ListItem","position":1,"name":"Home","item":"https:\/\/wd40.be\/de\/"},{"@type":"ListItem","position":2,"name":"Produkte","item":"https:\/\/wd40.be\/de\/produkt\/"},{"@type":"ListItem","position":3,"name":"WD\u201140 Specialist Motorrad","item":"https:\/\/wd40.be\/de\/produkte\/wd-40-specialist-motorrad\/"},{"@type":"ListItem","position":4,"name":"WD-40 Specialist&reg; Motorrad Bremsenreiniger"}]},{"@type":"WebSite","@id":"https:\/\/wd40.be\/de\/#website","url":"https:\/\/wd40.be\/de\/","name":"WD-40 Belgi\u00eb","description":"WD-40 BE","publisher":{"@id":"https:\/\/wd40.be\/de\/#organization"},"potentialAction":[{"@type":"SearchAction","target":{"@type":"EntryPoint","urlTemplate":"https:\/\/wd40.be\/de\/?s={search_term_string}"},"query-input":{"@type":"PropertyValueSpecification","valueRequired":true,"valueName":"search_term_string"}}],"inLanguage":"de-DE"},{"@type":"Organization","@id":"https:\/\/wd40.be\/de\/#organization","name":"WD-40 Belgi\u00eb","url":"https:\/\/wd40.be\/de\/","logo":{"@type":"ImageObject","inLanguage":"de-DE","@id":"https:\/\/wd40.be\/de\/#\/schema\/logo\/image\/","url":"https:\/\/media.wd40.be\/app\/uploads\/2021\/03\/27082226\/WD40_social_media_1024x1024-1.png","contentUrl":"https:\/\/media.wd40.be\/app\/uploads\/2021\/03\/27082226\/WD40_social_media_1024x1024-1.png","width":1024,"height":1024,"caption":"WD-40 Belgi\u00eb"},"image":{"@id":"https:\/\/wd40.be\/de\/#\/schema\/logo\/image\/"}}]}},"yoast-key-phrase":"WD-40 Specialist Motorrad Bremsenreiniger","yoast-key-phrase-score":"57","yoast-readability":"90","_links":{"self":[{"href":"https:\/\/wd40.be\/de\/wp-json\/wp\/v2\/product\/11289","targetHints":{"allow":["GET"]}}],"collection":[{"href":"https:\/\/wd40.be\/de\/wp-json\/wp\/v2\/product"}],"about":[{"href":"https:\/\/wd40.be\/de\/wp-json\/wp\/v2\/types\/product"}],"replies":[{"embeddable":true,"href":"https:\/\/wd40.be\/de\/wp-json\/wp\/v2\/comments?post=11289"}],"version-history":[{"count":1,"href":"https:\/\/wd40.be\/de\/wp-json\/wp\/v2\/product\/11289\/revisions"}],"predecessor-version":[{"id":18899,"href":"https:\/\/wd40.be\/de\/wp-json\/wp\/v2\/product\/11289\/revisions\/18899"}],"wp:featuredmedia":[{"embeddable":true,"href":"https:\/\/wd40.be\/de\/wp-json\/wp\/v2\/media\/18755"}],"wp:attachment":[{"href":"https:\/\/wd40.be\/de\/wp-json\/wp\/v2\/media?parent=11289"}],"wp:term":[{"taxonomy":"product_category","embeddable":true,"href":"https:\/\/wd40.be\/de\/wp-json\/wp\/v2\/product_category?post=11289"},{"taxonomy":"product_tag","embeddable":true,"href":"https:\/\/wd40.be\/de\/wp-json\/wp\/v2\/product_tag?post=11289"}],"curies":[{"name":"wp","href":"https:\/\/api.w.org\/{rel}","templated":true}]}}