{"id":10228,"date":"2021-09-01T11:25:51","date_gmt":"2021-09-01T09:25:51","guid":{"rendered":"https:\/\/wd40.be\/?post_type=product&#038;p=10228"},"modified":"2024-12-06T10:08:48","modified_gmt":"2024-12-06T09:08:48","slug":"wd-40-specialist-spruehfett","status":"publish","type":"product","link":"https:\/\/wd40.be\/de\/produkt\/wd-40-specialist-spruehfett\/","title":{"rendered":"WD-40 Specialist<sub class=\"registration-mark\">&reg;<\/sub> Spr\u00fchfett"},"content":{"rendered":"<p>WD-40 Specialist Spr\u00fchfett enth\u00e4lt die Originalformel des WD-40\u00ae Multi-Use-Produkts.Es enth\u00e4lt au\u00dferdem verschlei\u00dfhemmende Zus\u00e4tze und h\u00e4lt sehr hohem Druck stand.<\/p>\n<p>Seine Gel-Textur bietet eine extrem lang anhaltende Schmierung und einen sehr guten Schutz vor Korrosion und Oxidation. Aufgrund seiner starken Haft- und Dichtungseigenschaften l\u00e4uft das Produkt nicht aus. Die tropffreie Formel sorgt daf\u00fcr, dass das Produkt nicht ausl\u00e4uft, auch nicht an senkrechten Fl\u00e4chen!<\/p>\n<p>WD-40 Specialist Spr\u00fchfett ist hoch wasserbest\u00e4ndig und kann zwischen -20\u00b0C und +115\u00b0C verwendet werden. Verwenden Sie das Spr\u00fchfett auf Metalloberfl\u00e4chen, die langfristig geschmiert und vor Korrosion gesch\u00fctzt werden m\u00fcssen.<\/p>\n<p><strong>Sprays2Ways-Technologie:<\/strong><\/p>\n<p>Mit dem Smart Straw-Applikator k\u00f6nnen Sie auf zwei Arten spr\u00fchen, sowohl breit als auch pr\u00e4zise. Klappen Sie den Strohhalm nach oben, um genau zu spr\u00fchen, und klappen Sie ihn nach unten, um gr\u00f6\u00dfere Fl\u00e4chen abzudecken.<\/p>\n","protected":false},"excerpt":{"rendered":"<p>WD-40 Specialist Spr\u00fchfett enth\u00e4lt die Originalformel des WD-40\u00ae Multi-Use-Produkts.Es enth\u00e4lt au\u00dferdem verschlei\u00dfhemmende Zus\u00e4tze und h\u00e4lt sehr hohem Druck stand. Seine Gel-Textur bietet eine extrem lang anhaltende Schmierung und einen sehr guten Schutz vor Korrosion und Oxidation. Aufgrund seiner starken Haft- und Dichtungseigenschaften l\u00e4uft das Produkt nicht aus. Die tropffreie Formel sorgt daf\u00fcr, dass das Produkt nicht ausl\u00e4uft, auch nicht an senkrechten Fl\u00e4chen! WD-40 Specialist Spr\u00fchfett ist hoch wasserbest\u00e4ndig und kann zwischen -20\u00b0C und +115\u00b0C verwendet werden. Verwenden Sie das Spr\u00fchfett auf Metalloberfl\u00e4chen, die langfristig geschmiert und vor Korrosion gesch\u00fctzt werden m\u00fcssen. Sprays2Ways-Technologie: Mit dem Smart Straw-Applikator k\u00f6nnen Sie auf zwei Arten spr\u00fchen, sowohl breit als auch pr\u00e4zise. Klappen Sie den Strohhalm nach oben, um genau zu spr\u00fchen, und klappen Sie ihn nach unten, um gr\u00f6\u00dfere Fl\u00e4chen abzudecken.<\/p>\n","protected":false},"featured_media":15155,"comment_status":"open","ping_status":"closed","template":"","product_category":[130],"product_tag":[],"class_list":["post-10228","product","type-product","status-publish","has-post-thumbnail","hentry","product_category-wd-40-specialist-de"],"acf":[],"title_raw":"WD-40 Specialist Spr\u00fchfett","yoast_head":"<!-- This site is optimized with the Yoast SEO Premium plugin v27.3 (Yoast SEO v27.3) - https:\/\/yoast.com\/product\/yoast-seo-premium-wordpress\/ -->\n<title>WD-40 Specialist Spr\u00fchfett | Langfristige Schmierung &amp; Schutz<\/title>\n<meta name=\"description\" content=\"WD-40 Specialist Spr\u00fchfett biete eine lang anhaltende Schmierung sowie ausgezeichnete haft und dichtungseigenschaft.\" \/>\n<meta name=\"robots\" content=\"index, follow, max-snippet:-1, max-image-preview:large, max-video-preview:-1\" \/>\n<link rel=\"canonical\" href=\"https:\/\/wd40.be\/de\/produkt\/wd-40-specialist-spruehfett\/\" \/>\n<meta property=\"og:locale\" content=\"de_DE\" \/>\n<meta property=\"og:type\" content=\"article\" \/>\n<meta property=\"og:title\" content=\"WD-40 Specialist Spr\u00fchfett\" \/>\n<meta property=\"og:description\" content=\"WD-40 Specialist Spr\u00fchfett biete eine lang anhaltende Schmierung sowie ausgezeichnete haft und dichtungseigenschaft.\" \/>\n<meta property=\"og:url\" content=\"https:\/\/wd40.be\/de\/produkt\/wd-40-specialist-spruehfett\/\" \/>\n<meta property=\"og:site_name\" content=\"WD-40 Belgi\u00eb\" \/>\n<meta property=\"article:modified_time\" content=\"2024-12-06T09:08:48+00:00\" \/>\n<meta property=\"og:image\" content=\"https:\/\/media.wd40.be\/app\/uploads\/2021\/09\/30120003\/WD-40-Spuitvet-2.png\" \/>\n\t<meta property=\"og:image:width\" content=\"1000\" \/>\n\t<meta property=\"og:image:height\" content=\"1000\" \/>\n\t<meta property=\"og:image:type\" content=\"image\/png\" \/>\n<meta name=\"twitter:card\" content=\"summary_large_image\" \/>\n<script type=\"application\/ld+json\" class=\"yoast-schema-graph\">{\"@context\":\"https:\\\/\\\/schema.org\",\"@graph\":[[],{\"@type\":\"ImageObject\",\"inLanguage\":\"de-DE\",\"@id\":\"https:\\\/\\\/wd40.be\\\/de\\\/produkt\\\/wd-40-specialist-spruehfett\\\/#primaryimage\",\"url\":\"https:\\\/\\\/media.wd40.be\\\/app\\\/uploads\\\/2021\\\/09\\\/30120003\\\/WD-40-Spuitvet-2.png\",\"contentUrl\":\"https:\\\/\\\/media.wd40.be\\\/app\\\/uploads\\\/2021\\\/09\\\/30120003\\\/WD-40-Spuitvet-2.png\",\"width\":1000,\"height\":1000,\"caption\":\"wd 40 spuitvet\"},{\"@type\":\"BreadcrumbList\",\"@id\":\"https:\\\/\\\/wd40.be\\\/de\\\/produkt\\\/wd-40-specialist-spruehfett\\\/#breadcrumb\",\"itemListElement\":[{\"@type\":\"ListItem\",\"position\":1,\"name\":\"Home\",\"item\":\"https:\\\/\\\/wd40.be\\\/de\\\/\"},{\"@type\":\"ListItem\",\"position\":2,\"name\":\"Produkte\",\"item\":\"https:\\\/\\\/wd40.be\\\/de\\\/produkt\\\/\"},{\"@type\":\"ListItem\",\"position\":3,\"name\":\"WD-40 Specialist\",\"item\":\"https:\\\/\\\/wd40.be\\\/de\\\/produkte\\\/wd-40-specialist-de\\\/\"},{\"@type\":\"ListItem\",\"position\":4,\"name\":\"WD-40 Specialist&reg; Spr\u00fchfett\"}]},{\"@type\":\"WebSite\",\"@id\":\"https:\\\/\\\/wd40.be\\\/de\\\/#website\",\"url\":\"https:\\\/\\\/wd40.be\\\/de\\\/\",\"name\":\"WD-40 Belgi\u00eb\",\"description\":\"WD-40 BE\",\"publisher\":{\"@id\":\"https:\\\/\\\/wd40.be\\\/de\\\/#organization\"},\"potentialAction\":[{\"@type\":\"SearchAction\",\"target\":{\"@type\":\"EntryPoint\",\"urlTemplate\":\"https:\\\/\\\/wd40.be\\\/de\\\/?s={search_term_string}\"},\"query-input\":{\"@type\":\"PropertyValueSpecification\",\"valueRequired\":true,\"valueName\":\"search_term_string\"}}],\"inLanguage\":\"de-DE\"},{\"@type\":\"Organization\",\"@id\":\"https:\\\/\\\/wd40.be\\\/de\\\/#organization\",\"name\":\"WD-40 Belgi\u00eb\",\"url\":\"https:\\\/\\\/wd40.be\\\/de\\\/\",\"logo\":{\"@type\":\"ImageObject\",\"inLanguage\":\"de-DE\",\"@id\":\"https:\\\/\\\/wd40.be\\\/de\\\/#\\\/schema\\\/logo\\\/image\\\/\",\"url\":\"https:\\\/\\\/media.wd40.be\\\/app\\\/uploads\\\/2021\\\/03\\\/27082226\\\/WD40_social_media_1024x1024-1.png\",\"contentUrl\":\"https:\\\/\\\/media.wd40.be\\\/app\\\/uploads\\\/2021\\\/03\\\/27082226\\\/WD40_social_media_1024x1024-1.png\",\"width\":1024,\"height\":1024,\"caption\":\"WD-40 Belgi\u00eb\"},\"image\":{\"@id\":\"https:\\\/\\\/wd40.be\\\/de\\\/#\\\/schema\\\/logo\\\/image\\\/\"}}]}<\/script>\n<!-- \/ Yoast SEO Premium plugin. -->","yoast_head_json":{"title":"WD-40 Specialist Spr\u00fchfett | Langfristige Schmierung & Schutz","description":"WD-40 Specialist Spr\u00fchfett biete eine lang anhaltende Schmierung sowie ausgezeichnete haft und dichtungseigenschaft.","robots":{"index":"index","follow":"follow","max-snippet":"max-snippet:-1","max-image-preview":"max-image-preview:large","max-video-preview":"max-video-preview:-1"},"canonical":"https:\/\/wd40.be\/de\/produkt\/wd-40-specialist-spruehfett\/","og_locale":"de_DE","og_type":"article","og_title":"WD-40 Specialist Spr\u00fchfett","og_description":"WD-40 Specialist Spr\u00fchfett biete eine lang anhaltende Schmierung sowie ausgezeichnete haft und dichtungseigenschaft.","og_url":"https:\/\/wd40.be\/de\/produkt\/wd-40-specialist-spruehfett\/","og_site_name":"WD-40 Belgi\u00eb","article_modified_time":"2024-12-06T09:08:48+00:00","og_image":[{"width":1000,"height":1000,"url":"https:\/\/media.wd40.be\/app\/uploads\/2021\/09\/30120003\/WD-40-Spuitvet-2.png","type":"image\/png"}],"twitter_card":"summary_large_image","schema":{"@context":"https:\/\/schema.org","@graph":[[],{"@type":"ImageObject","inLanguage":"de-DE","@id":"https:\/\/wd40.be\/de\/produkt\/wd-40-specialist-spruehfett\/#primaryimage","url":"https:\/\/media.wd40.be\/app\/uploads\/2021\/09\/30120003\/WD-40-Spuitvet-2.png","contentUrl":"https:\/\/media.wd40.be\/app\/uploads\/2021\/09\/30120003\/WD-40-Spuitvet-2.png","width":1000,"height":1000,"caption":"wd 40 spuitvet"},{"@type":"BreadcrumbList","@id":"https:\/\/wd40.be\/de\/produkt\/wd-40-specialist-spruehfett\/#breadcrumb","itemListElement":[{"@type":"ListItem","position":1,"name":"Home","item":"https:\/\/wd40.be\/de\/"},{"@type":"ListItem","position":2,"name":"Produkte","item":"https:\/\/wd40.be\/de\/produkt\/"},{"@type":"ListItem","position":3,"name":"WD-40 Specialist","item":"https:\/\/wd40.be\/de\/produkte\/wd-40-specialist-de\/"},{"@type":"ListItem","position":4,"name":"WD-40 Specialist&reg; Spr\u00fchfett"}]},{"@type":"WebSite","@id":"https:\/\/wd40.be\/de\/#website","url":"https:\/\/wd40.be\/de\/","name":"WD-40 Belgi\u00eb","description":"WD-40 BE","publisher":{"@id":"https:\/\/wd40.be\/de\/#organization"},"potentialAction":[{"@type":"SearchAction","target":{"@type":"EntryPoint","urlTemplate":"https:\/\/wd40.be\/de\/?s={search_term_string}"},"query-input":{"@type":"PropertyValueSpecification","valueRequired":true,"valueName":"search_term_string"}}],"inLanguage":"de-DE"},{"@type":"Organization","@id":"https:\/\/wd40.be\/de\/#organization","name":"WD-40 Belgi\u00eb","url":"https:\/\/wd40.be\/de\/","logo":{"@type":"ImageObject","inLanguage":"de-DE","@id":"https:\/\/wd40.be\/de\/#\/schema\/logo\/image\/","url":"https:\/\/media.wd40.be\/app\/uploads\/2021\/03\/27082226\/WD40_social_media_1024x1024-1.png","contentUrl":"https:\/\/media.wd40.be\/app\/uploads\/2021\/03\/27082226\/WD40_social_media_1024x1024-1.png","width":1024,"height":1024,"caption":"WD-40 Belgi\u00eb"},"image":{"@id":"https:\/\/wd40.be\/de\/#\/schema\/logo\/image\/"}}]}},"yoast-key-phrase":"WD-40 Specialist Spr\u00fchfett","yoast-key-phrase-score":"66","yoast-readability":"90","_links":{"self":[{"href":"https:\/\/wd40.be\/de\/wp-json\/wp\/v2\/product\/10228","targetHints":{"allow":["GET"]}}],"collection":[{"href":"https:\/\/wd40.be\/de\/wp-json\/wp\/v2\/product"}],"about":[{"href":"https:\/\/wd40.be\/de\/wp-json\/wp\/v2\/types\/product"}],"replies":[{"embeddable":true,"href":"https:\/\/wd40.be\/de\/wp-json\/wp\/v2\/comments?post=10228"}],"version-history":[{"count":1,"href":"https:\/\/wd40.be\/de\/wp-json\/wp\/v2\/product\/10228\/revisions"}],"predecessor-version":[{"id":18902,"href":"https:\/\/wd40.be\/de\/wp-json\/wp\/v2\/product\/10228\/revisions\/18902"}],"wp:featuredmedia":[{"embeddable":true,"href":"https:\/\/wd40.be\/de\/wp-json\/wp\/v2\/media\/15155"}],"wp:attachment":[{"href":"https:\/\/wd40.be\/de\/wp-json\/wp\/v2\/media?parent=10228"}],"wp:term":[{"taxonomy":"product_category","embeddable":true,"href":"https:\/\/wd40.be\/de\/wp-json\/wp\/v2\/product_category?post=10228"},{"taxonomy":"product_tag","embeddable":true,"href":"https:\/\/wd40.be\/de\/wp-json\/wp\/v2\/product_tag?post=10228"}],"curies":[{"name":"wp","href":"https:\/\/api.w.org\/{rel}","templated":true}]}}